{"id":28065,"date":"2022-02-15T10:09:43","date_gmt":"2022-02-15T07:09:43","guid":{"rendered":"https:\/\/demo.mufasatoursandtravels.com\/uganda-safari\/"},"modified":"2025-12-16T13:26:57","modified_gmt":"2025-12-16T10:26:57","slug":"uganda-safari","status":"publish","type":"page","link":"https:\/\/demo.mufasatoursandtravels.com\/de\/uganda-safari\/","title":{"rendered":"Uganda Safari"},"content":{"rendered":"[vc_row full_width=&#8220;stretch_row_content&#8220; parallax=&#8220;content-moving&#8220; parallax_image=&#8220;30201&#8243; el_class=&#8220;custom-banner-image&#8220; css=&#8220;.vc_custom_1765802085430{padding-top: 20vh !important;}&#8220;][vc_column css=&#8220;.vc_custom_1765874216975{padding: 100px !important;}&#8220;][vc_custom_heading text=&#8220;Private Safaris In Uganda.&#8220; font_container=&#8220;tag:h1|font_size:50px|text_align:left|color:%23ffffff&#8220; google_fonts=&#8220;font_family:Roboto%3A100%2C100italic%2C300%2C300italic%2Cregular%2Citalic%2C500%2C500italic%2C700%2C700italic%2C900%2C900italic|font_style:300%20light%20regular%3A300%3Anormal&#8220; el_class=&#8220;banner-txt&#8220;][vc_separator color=&#8220;custom&#8220; align=&#8220;align_left&#8220; el_width=&#8220;20&#8243; accent_color=&#8220;#f8f8f8&#8243; el_class=&#8220;banner-txt&#8220;][vc_custom_heading text=&#8220;Safari mit der Stra\u00dfe&#8220; font_container=&#8220;tag:h2|text_align:left|color:%23ffffff&#8220; google_fonts=&#8220;font_family:Roboto%3A100%2C100italic%2C300%2C300italic%2Cregular%2Citalic%2C500%2C500italic%2C700%2C700italic%2C900%2C900italic|font_style:300%20light%20italic%3A300%3Aitalic&#8220; el_class=&#8220;banner-txt&#8220;][\/vc_column][\/vc_row][vc_row css=&#8220;.vc_custom_1683905236614{border-top-width: 10px !important;border-right-width: 10px !important;border-left-width: 10px !important;}&#8220;][vc_column][vc_headings style=&#8220;theme3&#8243; linewidth=&#8220;100&#8243; borderwidth=&#8220;3&#8243; borderclr=&#8220;#890000&#8243; title=&#8220;Uganda Safari Packages&#8220; google_fonts=&#8220;font_family:Roboto%3A100%2C100italic%2C300%2C300italic%2Cregular%2Citalic%2C500%2C500italic%2C700%2C700italic%2C900%2C900italic|font_style:400%20regular%3A400%3Anormal&#8220; titleclr=&#8220;#890000&#8243; caption_url=&#8220;&#8220; caption_urls=&#8220;&#8220; caption_urlss=&#8220;&#8220; caption_urldesc=&#8220;&#8220;][\/vc_headings][vc_empty_space][vc_column_text]Uganda-Safaris bieten eine einzigartige Gelegenheit, die vielf\u00e4ltige Tierwelt, die atemberaubenden Landschaften und die lebendige Kultur zu erleben, die dieses Land zu einem Top-Reiseziel f\u00fcr Naturliebhaber machen. Egal, ob Sie den bezaubernden <a href=\"https:\/\/demo.mufasatoursandtravels.com\/de\/flugziele\/bwindi-impenetrable-nationalpark\/\">Bwindi Impenetrable Forest<\/a> auf der Suche nach Berggorillas erkunden oder entlang des m\u00e4chtigen Nils fahren, um Flusspferde und Krokodile zu beobachten, Uganda bietet verschiedene Safari-Erlebnisse, die Sie in Erstaunen versetzen werden. <\/p>\n<p>Von aufregenden Gorilla-Safaris in den dichten W\u00e4ldern des <a href=\"https:\/\/ugandawildlife.org\/national-parks\/bwindi-impenetrable-national-park\/\" target=\"_blank\" rel=\"noopener nofollow\">Bwindi Impenetrable Nationalparks<\/a> bis hin zur Erkundung der gro\u00dfartigen Landschaften der <a href=\"https:\/\/demo.mufasatoursandtravels.com\/de\/?page_id=35557\">Murchison Falls<\/a> und <a href=\"https:\/\/demo.mufasatoursandtravels.com\/de\/?page_id=35552\">der Queen Elizabeth Nationalparks<\/a> \u2013 Uganda-Safaris bieten unvergessliche Spannung. Mit erfahrenen Reiseunternehmen in Uganda k\u00f6nnen Sie aus verschiedenen Safari-Paketen und Reiserouten w\u00e4hlen, die auf Ihre Vorlieben zugeschnitten sind, was eine unvergessliche Reise mit spannendem Gorilla-Trekking, fesselnden Begegnungen mit Wildtieren und der Chance bietet, die reiche Vielfalt dieses atemberaubenden Landes zu erleben.[\/vc_column_text][\/vc_column][\/vc_row][vc_row css=&#8220;.vc_custom_1765867353566{padding: 10px !important;}&#8220;][vc_column][vc_row_inner][vc_column_inner width=&#8220;1\/2&#8243;]<div class=\"cq-hovercard cq-rotateY  cq-hovercard-hideicon\" data-contentcolor=\"\" data-iconcolor=\"#ffffff\" data-bgheight=\"240\" data-captionoffset=\"\" data-videowidth=\"640\" data-linktype=\"customlink\" data-bgtype=\"image\" data-lightboxmargin=\"\"><a href=\"https:\/\/demo.mufasatoursandtravels.com\/uganda-safari\/3-day-gorilla-trekking\/\" title=\"3 Day Gorilla Trekking\" target=\"\" class=\"cq-hovercard-customlink\"><img decoding=\"async\" src=\"https:\/\/demo.mufasatoursandtravels.com\/wp-content\/uploads\/2025\/03\/LHoests-monkey.jpg\" class=\"cq-hovercard-background\" alt=\"\" \/><div class=\"cq-hovercard-textcontainer\"><div class=\"cq-hovercard-title\">Gorilla Trekking<\/div><div class=\"cq-hovercard-content\">Bwindi Impenetrable National Park<\/div><i class=\"cq-hovercard-icon fas fa-paw\"><\/i><\/div><\/a><\/div>[\/vc_column_inner][vc_column_inner width=&#8220;1\/2&#8243; offset=&#8220;vc_hidden-sm vc_hidden-xs&#8220; css=&#8220;.vc_custom_1765867811365{padding: 20px !important;}&#8220;][vc_custom_heading text=&#8220;Gorilla Trekking&#8220; font_container=&#8220;tag:h3|text_align:left|color:%23890000&#8243; use_theme_fonts=&#8220;yes&#8220; link=&#8220;url:https%3A%2F%2Fdemo.mufasatoursandtravels.com%2Fde%2Fuganda-safari%2F3-tage-gorilla-trekking%2F|&#8220;][vc_column_text]\n<div>\n<div>Bereiten Sie sich auf ein beeindruckendes Erlebnis vor, w\u00e4hrend Sie sich auf ein Gorilla-Trekking in den dichten W\u00e4ldern des Bwindi Impenetrable National Park begeben. Wandern Sie durch die \u00fcppige Vegetation, gef\u00fchrt von erfahrenen Reiseleitern, und erleben Sie die bemerkenswerten Berggorillas in ihrem nat\u00fcrlichen Lebensraum. Diese Begegnung mit diesen sanften Riesen ist eine einmalige Gelegenheit, die Ihnen eine tiefe Wertsch\u00e4tzung f\u00fcr ihren Schutz vermitteln wird.  <\/div>\n<\/div>\n[\/vc_column_text][vc_btn title=&#8220;Paket anzeigen&#8220; style=&#8220;custom&#8220; custom_background=&#8220;#890000&#8243; custom_text=&#8220;#ffffff&#8220; i_align=&#8220;right&#8220; i_icon_fontawesome=&#8220;fas fa-angle-double-right&#8220; add_icon=&#8220;true&#8220; link=&#8220;url:https%3A%2F%2Fdemo.mufasatoursandtravels.com%2Fde%2Fuganda-safari%2F3-tage-gorilla-trekking%2F|&#8220; css=&#8220;.vc_custom_1765871752130{background-color: #890000 !important;}&#8220;][\/vc_column_inner][\/vc_row_inner][vc_separator][vc_row_inner rtl_reverse=&#8220;yes&#8220;][vc_column_inner width=&#8220;1\/2&#8243;]<div class=\"cq-hovercard cq-rotateY  cq-hovercard-hideicon\" data-contentcolor=\"#ffffff\" data-iconcolor=\"\" data-bgheight=\"240\" data-captionoffset=\"\" data-videowidth=\"640\" data-linktype=\"customlink\" data-bgtype=\"image\" data-lightboxmargin=\"\"><a href=\"https:\/\/demo.mufasatoursandtravels.com\/uganda-safari\/4-days-primate-tracking-safari\/\" title=\"4 Days Primate Tracking Safari\" target=\"\" class=\"cq-hovercard-customlink\"><img decoding=\"async\" src=\"https:\/\/demo.mufasatoursandtravels.com\/wp-content\/uploads\/2025\/12\/gorilla-scaled.jpg\" class=\"cq-hovercard-background\" alt=\"\" \/><div class=\"cq-hovercard-textcontainer\"><div class=\"cq-hovercard-title\">Verfolgung von Primaten<\/div><div class=\"cq-hovercard-content\">  Lake Mburo \u2192 Bwindi Impenetrable<\/div><i class=\"cq-hovercard-icon fas fa-paw\"><\/i><\/div><\/a><\/div>[\/vc_column_inner][vc_column_inner width=&#8220;1\/2&#8243; css=&#8220;.vc_custom_1765874491471{padding-top: 20px !important;padding-right: 20px !important;padding-bottom: 20px !important;padding-left: 20px !important;}&#8220; offset=&#8220;vc_hidden-sm vc_hidden-xs&#8220;][vc_custom_heading text=&#8220;Primaten-F\u00e4hrtensuche Safari&#8220; font_container=&#8220;tag:h3|text_align:left|color:%23890000&#8243; use_theme_fonts=&#8220;yes&#8220;][vc_column_text]\n<div>\n<div>\n<div>\n<div>\n<div>\n<div>Wagen Sie sich auf einer Primaten-F\u00e4hrtensafari in die \u00fcppigen W\u00e4lder Ugandas. Verfolgen Sie Schimpansen im Kibale Forest National Park oder wandern Sie durch den nebligen Dschungel des Budongo Forest Reserve auf der Suche nach den scheuen und gef\u00e4hrdeten Schimpansen. Unterwegs k\u00f6nnen Sie anderen Primaten wie Stummelaffen, Rotschwanzaffen und Pavianen begegnen, die einen faszinierenden Einblick in ihre nat\u00fcrlichen Verhaltensweisen und Lebensr\u00e4ume geben.  <\/div>\n<\/div>\n<\/div>\n<\/div>\n<\/div>\n<\/div>\n[\/vc_column_text][vc_btn title=&#8220;Paket anzeigen&#8220; style=&#8220;custom&#8220; custom_background=&#8220;#890000&#8243; custom_text=&#8220;#ffffff&#8220; i_align=&#8220;right&#8220; i_icon_fontawesome=&#8220;fas fa-angle-double-right&#8220; add_icon=&#8220;true&#8220; link=&#8220;url:https%3A%2F%2Fdemo.mufasatoursandtravels.com%2Fde%2Fuganda-safari%2F4-tage-primaten-faehrtensuche-safari%2F|&#8220; css=&#8220;.vc_custom_1765871774044{background-color: #890000 !important;}&#8220;][\/vc_column_inner][\/vc_row_inner][vc_separator][vc_row_inner rtl_reverse=&#8220;yes&#8220;][vc_column_inner width=&#8220;1\/2&#8243;]<div class=\"cq-hovercard cq-rotateY  cq-hovercard-hideicon\" data-contentcolor=\"#ffffff\" data-iconcolor=\"\" data-bgheight=\"240\" data-captionoffset=\"\" data-videowidth=\"640\" data-linktype=\"customlink\" data-bgtype=\"image\" data-lightboxmargin=\"\"><a href=\"https:\/\/demo.mufasatoursandtravels.com\/uganda-safari\/6-days-whispers-of-the-wind\/\" title=\"6 Days Whispers Of The Wind\" target=\"\" class=\"cq-hovercard-customlink\"><img decoding=\"async\" src=\"https:\/\/demo.mufasatoursandtravels.com\/wp-content\/uploads\/2025\/07\/Giswati-Mukura.jpg\" class=\"cq-hovercard-background\" alt=\"\" \/><div class=\"cq-hovercard-textcontainer\"><div class=\"cq-hovercard-title\">Fl\u00fcstern des Windes<\/div><div class=\"cq-hovercard-content\">Kampala \u2192 Kibale Forest \u2192 Queen Elizabeth Park \u2192 Bwindi Impenetrable \u2192 Entebbe<\/div><i class=\"cq-hovercard-icon fas fa-paw\"><\/i><\/div><\/a><\/div>[\/vc_column_inner][vc_column_inner width=&#8220;1\/2&#8243; offset=&#8220;vc_hidden-sm vc_hidden-xs&#8220; css=&#8220;.vc_custom_1765869140789{padding: 20px !important;}&#8220;][vc_custom_heading text=&#8220;Fl\u00fcstern des Windes&#8220; font_container=&#8220;tag:h3|text_align:left|color:%23890000&#8243; use_theme_fonts=&#8220;yes&#8220; link=&#8220;url:https%3A%2F%2Fdemo.mufasatoursandtravels.com%2Fde%2Fuganda-safari%2F6-tage-fluestern-des-windes%2F|&#8220;][vc_column_text]\n<div>\n<div>\n<div>\n<div>\n<div>\n<div>\n<div>\n<div>\n<div>\n<div>\n<div>\n<div>Begeben Sie sich auf eine unvergessliche Uganda-Safari. Diese sechst\u00e4gige Reiseroute nimmt Sie mit auf ein Abenteuer in Uganda und Ruanda. Von Kampala aus genie\u00dfen Sie die landschaftliche Sch\u00f6nheit des Viktoriasees, bevor Sie zum Lake Mburo National Park fahren, der f\u00fcr seine vielf\u00e4ltigen Vogelarten und Wildtiere bekannt ist. Pirschfahrten und eine Bootsfahrt bieten die M\u00f6glichkeit, Zebras, Giraffen, Elefanten und verschiedene Vogelarten zu beobachten. Die Reise geht weiter zum Bwindi Impenetrable National Park, wo Sie sich auf ein aufregendes Gorilla-Trekking-Erlebnis begeben. Die Reise endet in Kigali, Ruanda, mit einer Stadtrundfahrt und einem Besuch der Gedenkst\u00e4tte f\u00fcr den V\u00f6lkermord, bevor es nach Hause geht.     <\/div>\n<\/div>\n<\/div>\n<\/div>\n<\/div>\n<\/div>\n<\/div>\n<\/div>\n<\/div>\n<\/div>\n<\/div>\n<\/div>\n[\/vc_column_text][vc_btn title=&#8220;Paket anzeigen&#8220; style=&#8220;custom&#8220; custom_background=&#8220;#890000&#8243; custom_text=&#8220;#ffffff&#8220; i_align=&#8220;right&#8220; i_icon_fontawesome=&#8220;fas fa-angle-double-right&#8220; add_icon=&#8220;true&#8220; link=&#8220;url:https%3A%2F%2Fdemo.mufasatoursandtravels.com%2Fde%2Fuganda-safari%2F6-tage-fluestern-des-windes%2F|&#8220; css=&#8220;.vc_custom_1765871791217{background-color: #890000 !important;}&#8220;][\/vc_column_inner][\/vc_row_inner][vc_separator][vc_row_inner rtl_reverse=&#8220;yes&#8220;][vc_column_inner width=&#8220;1\/2&#8243;]<div class=\"cq-hovercard cq-rotateY  cq-hovercard-hideicon\" data-contentcolor=\"#ffffff\" data-iconcolor=\"\" data-bgheight=\"240\" data-captionoffset=\"\" data-videowidth=\"640\" data-linktype=\"customlink\" data-bgtype=\"image\" data-lightboxmargin=\"\"><a href=\"https:\/\/demo.mufasatoursandtravels.com\/uganda-safari\/7-days-natures-wonder-safari-2\/\" title=\"Nature\u2019s Wonder Safari\" target=\"\" class=\"cq-hovercard-customlink\"><img decoding=\"async\" src=\"https:\/\/demo.mufasatoursandtravels.com\/wp-content\/uploads\/2025\/03\/QENP-Chimpanzee.jpg\" class=\"cq-hovercard-background\" alt=\"\" \/><div class=\"cq-hovercard-textcontainer\"><div class=\"cq-hovercard-title\">Naturwunder-Safari<\/div><div class=\"cq-hovercard-content\">Entebbe \u2192 Lk.Mburo \u2192 Bwindi Impenetrable \u2192 Queen ELizabeth National Park \u2192 Kibale Forest \u2192 Entebbe<\/div><i class=\"cq-hovercard-icon fas fa-paw\"><\/i><\/div><\/a><\/div>[\/vc_column_inner][vc_column_inner width=&#8220;1\/2&#8243; css=&#8220;.vc_custom_1765874531798{padding-top: 20px !important;padding-right: 20px !important;padding-bottom: 20px !important;padding-left: 20px !important;}&#8220; offset=&#8220;vc_hidden-sm vc_hidden-xs&#8220;][vc_custom_heading text=&#8220;Naturwunder-Safari&#8220; font_container=&#8220;tag:h3|text_align:left|color:%23890000&#8243; use_theme_fonts=&#8220;yes&#8220; link=&#8220;url:https%3A%2F%2Fdemo.mufasatoursandtravels.com%2Fuganda-safari%2F7-days-natures-wonder-safari%2F|title:7%20Tage%20Naturwunder%20Safari|&#8220;][vc_column_text]\n<div>\n<div>\n<div>\n<div>\n<div>\n<div>\n<div>\n<div>\n<div>\n<div>\n<div>\n<div>\n<div>\n<div>\n<div>\n<div>Erleben Sie die Wunder Ugandas \u2013 beginnend in Kampala werden Sie am Flughafen empfangen und zu Ihrem Hotel in der N\u00e4he des Victoriasees gebracht. Reisen Sie zum Queen Elizabeth Nationalpark, wo spannende Safaris und atemberaubende Bootsfahrten auf Sie warten und Begegnungen mit vielf\u00e4ltiger Tierwelt und atemberaubenden Landschaften bieten. Fahren Sie weiter zum Bwindi Impenetrable Nationalpark f\u00fcr ein einmaliges Gorilla-Trekking-Abenteuer, umgeben von der Sch\u00f6nheit des Waldes. Beenden Sie Ihre Uganda-Safari mit einer Stadtreise in Kigali, bei der Sie die bewegende Geschichte des Genozid-Gedenkst\u00e4ttes erkunden. Buchen Sie Ihre Safari und Touren nach Uganda jetzt f\u00fcr ein immersives und fesselndes afrikanisches Erlebnis.    <\/div>\n<\/div>\n<\/div>\n<\/div>\n<\/div>\n<\/div>\n<\/div>\n<\/div>\n<\/div>\n<\/div>\n<\/div>\n<\/div>\n<\/div>\n<\/div>\n<\/div>\n<\/div>\n[\/vc_column_text][vc_btn title=&#8220;Paket anzeigen&#8220; style=&#8220;custom&#8220; custom_background=&#8220;#890000&#8243; custom_text=&#8220;#ffffff&#8220; i_align=&#8220;right&#8220; i_icon_fontawesome=&#8220;fas fa-angle-double-right&#8220; add_icon=&#8220;true&#8220; link=&#8220;url:https%3A%2F%2Fdemo.mufasatoursandtravels.com%2Fde%2Fuganda-safari%2F7-tage-naturwunder-safari%2F|title:7%20Tage%20Naturwunder%20Safari|&#8220; css=&#8220;.vc_custom_1765871806624{background-color: #890000 !important;}&#8220;][\/vc_column_inner][\/vc_row_inner][vc_separator][vc_row_inner rtl_reverse=&#8220;yes&#8220;][vc_column_inner width=&#8220;1\/2&#8243;]<div class=\"cq-hovercard cq-rotateY  cq-hovercard-hideicon\" data-contentcolor=\"#ffffff\" data-iconcolor=\"\" data-bgheight=\"240\" data-captionoffset=\"\" data-videowidth=\"640\" data-linktype=\"customlink\" data-bgtype=\"image\" data-lightboxmargin=\"\"><img decoding=\"async\" src=\"https:\/\/demo.mufasatoursandtravels.com\/wp-content\/uploads\/2025\/12\/elizabeth-QENP-scaled.jpg\" class=\"cq-hovercard-background\" alt=\"\" \/><div class=\"cq-hovercard-textcontainer\"><div class=\"cq-hovercard-title\">Geheimnisse des Dschungels<\/div><div class=\"cq-hovercard-content\">Murchison Falls \u2192 Kibale Forest \u2192 Queen Elizabeth National Park \u2192 Bwindi Impenetrable \u2192 Entebbe<\/div><i class=\"cq-hovercard-icon fas fa-paw\"><\/i><\/div><\/a><\/div>[\/vc_column_inner][vc_column_inner width=&#8220;1\/2&#8243; offset=&#8220;vc_hidden-sm vc_hidden-xs&#8220; css=&#8220;.vc_custom_1765871597999{padding: 20px !important;}&#8220;][vc_custom_heading text=&#8220;Geheimnisse des Dschungels&#8220; font_container=&#8220;tag:h3|text_align:left|color:%23890000&#8243; use_theme_fonts=&#8220;yes&#8220; link=&#8220;url:https%3A%2F%2Fdemo.mufasatoursandtravels.com%2Fde%2Fuganda-safari%2F8-tage-geheimnisse-des-dschungels%2F|title:8%20Tage%20Geheimnisse%20des%20Dschungels|&#8220;][vc_column_text]\n<div>\n<div>\n<div>\n<div>\n<div>\n<div>\n<div>\n<div>\n<div>\n<div>\n<div>\n<div>\n<div>\n<div>\n<div>\n<div>Erleben Sie die Wunder Ugandas auf unvergesslichen Uganda-Safari-Touren. Von Kampala aus werden Sie am Flughafen begr\u00fc\u00dft und zu Ihrem Hotel in der N\u00e4he des Viktoriasees gebracht. Reisen Sie zum Queen Elizabeth Nationalpark, wo aufregende Pirschfahrten und atemberaubende Bootsfahrten auf Sie warten, die Begegnungen mit einer vielf\u00e4ltigen Tierwelt und atemberaubenden Landschaften bieten. Weiter geht es zum Bwindi Impenetrable National Park, wo Sie ein einmaliges Gorilla-Trekking-Abenteuer erleben, das von der Sch\u00f6nheit des Waldes umgeben ist. Beenden Sie Ihre Uganda-Safari mit einer Stadtrundfahrt in Kigali und erkunden Sie die ergreifende Geschichte der Gedenkst\u00e4tte f\u00fcr den V\u00f6lkermord. Buchen Sie jetzt Ihre Uganda-Safari und -Touren f\u00fcr ein fesselndes und fesselndes afrikanisches Erlebnis.     <\/div>\n<\/div>\n<\/div>\n<\/div>\n<\/div>\n<\/div>\n<\/div>\n<\/div>\n<\/div>\n<\/div>\n<\/div>\n<\/div>\n<\/div>\n<\/div>\n<\/div>\n<\/div>\n[\/vc_column_text][vc_btn title=&#8220;Paket anzeigen&#8220; style=&#8220;custom&#8220; custom_background=&#8220;#890000&#8243; custom_text=&#8220;#ffffff&#8220; i_align=&#8220;right&#8220; i_icon_fontawesome=&#8220;fas fa-angle-double-right&#8220; add_icon=&#8220;true&#8220; link=&#8220;url:https%3A%2F%2Fdemo.mufasatoursandtravels.com%2Fde%2Fuganda-safari%2F8-tage-geheimnisse-des-dschungels%2F|title:8%20Tage%20Geheimnisse%20des%20Dschungels|&#8220; css=&#8220;.vc_custom_1765871823373{background-color: #890000 !important;}&#8220;][\/vc_column_inner][\/vc_row_inner][\/vc_column][\/vc_row][vc_row][vc_column][vc_custom_heading text=&#8220;Uganda &amp; Ruanda Safaris H\u00e4ufig gestellte Fragen&#8220; font_container=&#8220;tag:h2|font_size:26|text_align:center|color:%23890000&#8243; use_theme_fonts=&#8220;yes&#8220; css=&#8220;.vc_custom_1741356739004{padding-top: 10px !important;padding-bottom: 10px !important;}&#8220;][vc_toggle title=&#8220;Was ist die beste Zeit, um auf eine Uganda-Safari zu gehen?&#8220; style=&#8220;square&#8220;]\n<div>\n<div>Die beste Zeit f\u00fcr eine Uganda-Safari ist w\u00e4hrend der Trockenzeit, in der Regel von Dezember bis Februar und von Juni bis September. Diese Monate bieten angenehme Wetterbedingungen und einen leichteren Zugang zu Nationalparks f\u00fcr Wildtierbeobachtungen und Aktivit\u00e4ten wie Gorilla-Trekking. <\/div>\n<\/div>\n[\/vc_toggle][vc_toggle title=&#8220;Muss ich meine Uganda-Safari im Voraus buchen?&#8220; style=&#8220;square&#8220;]\n<div>\n<div>\n<div>\n<div>Es wird dringend empfohlen, Ihre Uganda-Safari im Voraus zu buchen, insbesondere f\u00fcr Aktivit\u00e4ten wie Gorilla-Trekking, f\u00fcr die Genehmigungen mit begrenzter Verf\u00fcgbarkeit erforderlich sind. Wenn Sie im Voraus planen, k\u00f6nnen Sie sich die erforderlichen Genehmigungen, Unterk\u00fcnfte und bevorzugten Reiseveranstalter sichern, um ein nahtloses und angenehmes Safari-Erlebnis zu gew\u00e4hrleisten. <\/div>\n<\/div>\n<\/div>\n<\/div>\n[\/vc_toggle][vc_toggle title=&#8220;Welche Tierwelt kann ich auf einer Uganda-Safari erwarten?&#8220; style=&#8220;square&#8220;]\n<div>\n<div>\n<div>\n<div>Uganda ist bekannt f\u00fcr seine vielf\u00e4ltige Tierwelt. Auf einer Uganda-Safari k\u00f6nnen Sie Berggorillas, Schimpansen, Elefanten, L\u00f6wen, B\u00fcffel, Giraffen, Zebras, verschiedene Antilopenarten und eine Vielzahl von Vogelarten erwarten. Die spezifischen Sichtungen von Wildtieren k\u00f6nnen je nach Nationalpark oder Reservat, das Sie besuchen, variieren.  <\/div>\n<\/div>\n<\/div>\n<\/div>\n[\/vc_toggle][vc_toggle title=&#8220;Gibt es Altersbeschr\u00e4nkungen f\u00fcr Gorilla-Trekking in Uganda?&#8220; style=&#8220;square&#8220;]\n<div>\n<div>\n<div>\n<div>Gibt es Altersbeschr\u00e4nkungen f\u00fcr Gorilla-Trekking in Uganda?<\/div>\n<div>Ja, es gibt Altersbeschr\u00e4nkungen f\u00fcr Gorilla-Trekking in Uganda. Das Mindestalter betr\u00e4gt 15 Jahre, um an der Aktivit\u00e4t teilnehmen zu k\u00f6nnen. Dies dient der Sicherheit und dem Wohlbefinden der Besucher und der Gorillas.  <\/div>\n<\/div>\n<\/div>\n<\/div>\n[\/vc_toggle][vc_toggle title=&#8220;Wie anstrengend ist Gorilla-Trekking in Uganda?&#8220; style=&#8220;square&#8220;]\n<div>\n<div>Gorilla-Trekking in Uganda kann k\u00f6rperlich anstrengend sein, da es eine Wanderung durch dichte W\u00e4lder und steiles Gel\u00e4nde beinhaltet. Die Dauer und der Schwierigkeitsgrad der Wanderung k\u00f6nnen variieren und reichen von 1 bis 6 Stunden. Es ist wichtig, einigerma\u00dfen fit zu sein und auf moderate k\u00f6rperliche Anstrengung vorbereitet zu sein, obwohl die Erfahrung f\u00fcr die meisten Personen mit einem grundlegenden Fitnessniveau zug\u00e4nglich ist.  <\/div>\n<\/div>\n[\/vc_toggle][vc_toggle title=&#8220;Kann ich eine Uganda Safari Tour mit anderen ostafrikanischen L\u00e4ndern kombinieren?&#8220; style=&#8220;square&#8220;]\n<div>\n<div>\n<div>\n<div>\n<div>Ja, es ist m\u00f6glich, eine Uganda-Safari mit Besuchen in anderen ostafrikanischen L\u00e4ndern wie<a href=\"https:\/\/demo.mufasatoursandtravels.com\/kenya-flying-safaris-2\/kenya-flying-safaris-short-stay\/\"> Kenia<\/a>, Tansania und <a href=\"https:\/\/demo.mufasatoursandtravels.com\/de\/ruanda-safari\/\">Ruanda<\/a> zu kombinieren oder sogar Ihre Reise zu verl\u00e4ngern, um die atemberaubenden Landschaften der <a href=\"https:\/\/demo.mufasatoursandtravels.com\/de\/flugziele\/serengeti-nationalpark\/\">Serengeti<\/a>, der <a href=\"https:\/\/demo.mufasatoursandtravels.com\/de\/flugziele\/masai-mara-nationalreservat\/\">Masai Mara<\/a> oder des ikonischen <a href=\"https:\/\/demo.mufasatoursandtravels.com\/de\/flugziele\/ngorongoro-krater\/\">Ngorongoro-Kraters<\/a> zu erkunden.<\/div>\n<\/div>\n<\/div>\n<\/div>\n<\/div>\n[\/vc_toggle][\/vc_column][\/vc_row]\n","protected":false},"excerpt":{"rendered":"<p>[vc_row full_width=&#8220;stretch_row_content&#8220; parallax=&#8220;content-moving&#8220; parallax_image=&#8220;30201&#8243; el_class=&#8220;custom-banner-image&#8220; css=&#8220;.vc_custom_1765802085430{padding-top: 20vh !important;}&#8220;][vc_column css=&#8220;.vc_custom_1765874216975{padding: 100px !important;}&#8220;][vc_custom_heading text=&#8220;Private Safaris In Uganda.&#8220; font_container=&#8220;tag:h1|font_size:50px|text_align:left|color:%23ffffff&#8220; google_fonts=&#8220;font_family:Roboto%3A100%2C100italic%2C300%2C300italic%2Cregular%2Citalic%2C500%2C500italic%2C700%2C700italic%2C900%2C900italic|font_style:300%20light%20regular%3A300%3Anormal&#8220; el_class=&#8220;banner-txt&#8220;][vc_separator color=&#8220;custom&#8220; align=&#8220;align_left&#8220; el_width=&#8220;20&#8243; accent_color=&#8220;#f8f8f8&#8243; el_class=&#8220;banner-txt&#8220;][vc_custom_heading text=&#8220;Safari mit der Stra\u00dfe&#8220; font_container=&#8220;tag:h2|text_align:left|color:%23ffffff&#8220; google_fonts=&#8220;font_family:Roboto%3A100%2C100italic%2C300%2C300italic%2Cregular%2Citalic%2C500%2C500italic%2C700%2C700italic%2C900%2C900italic|font_style:300%20light%20italic%3A300%3Aitalic&#8220; el_class=&#8220;banner-txt&#8220;][\/vc_column][\/vc_row][vc_row css=&#8220;.vc_custom_1683905236614{border-top-width: 10px !important;border-right-width: 10px !important;border-left-width: 10px !important;}&#8220;][vc_column][vc_headings style=&#8220;theme3&#8243; linewidth=&#8220;100&#8243; borderwidth=&#8220;3&#8243; borderclr=&#8220;#890000&#8243; title=&#8220;Uganda Safari Packages&#8220; google_fonts=&#8220;font_family:Roboto%3A100%2C100italic%2C300%2C300italic%2Cregular%2Citalic%2C500%2C500italic%2C700%2C700italic%2C900%2C900italic|font_style:400%20regular%3A400%3Anormal&#8220; titleclr=&#8220;#890000&#8243; caption_url=&#8220;&#8220; caption_urls=&#8220;&#8220; caption_urlss=&#8220;&#8220; caption_urldesc=&#8220;&#8220;][\/vc_headings][vc_empty_space][vc_column_text]Uganda-Safaris bieten eine einzigartige Gelegenheit, die [&hellip;]<\/p>\n","protected":false},"author":2,"featured_media":0,"parent":0,"menu_order":51,"comment_status":"closed","ping_status":"closed","template":"page-blank.php","meta":{"_themeisle_gutenberg_block_has_review":false,"footnotes":""},"class_list":["post-28065","page","type-page","status-publish","hentry"],"_links":{"self":[{"href":"https:\/\/demo.mufasatoursandtravels.com\/de\/wp-json\/wp\/v2\/pages\/28065","targetHints":{"allow":["GET"]}}],"collection":[{"href":"https:\/\/demo.mufasatoursandtravels.com\/de\/wp-json\/wp\/v2\/pages"}],"about":[{"href":"https:\/\/demo.mufasatoursandtravels.com\/de\/wp-json\/wp\/v2\/types\/page"}],"author":[{"embeddable":true,"href":"https:\/\/demo.mufasatoursandtravels.com\/de\/wp-json\/wp\/v2\/users\/2"}],"replies":[{"embeddable":true,"href":"https:\/\/demo.mufasatoursandtravels.com\/de\/wp-json\/wp\/v2\/comments?post=28065"}],"version-history":[{"count":10,"href":"https:\/\/demo.mufasatoursandtravels.com\/de\/wp-json\/wp\/v2\/pages\/28065\/revisions"}],"predecessor-version":[{"id":41307,"href":"https:\/\/demo.mufasatoursandtravels.com\/de\/wp-json\/wp\/v2\/pages\/28065\/revisions\/41307"}],"wp:attachment":[{"href":"https:\/\/demo.mufasatoursandtravels.com\/de\/wp-json\/wp\/v2\/media?parent=28065"}],"curies":[{"name":"wp","href":"https:\/\/api.w.org\/{rel}","templated":true}]}}