{"id":42624,"date":"2026-01-07T10:55:08","date_gmt":"2026-01-07T07:55:08","guid":{"rendered":"https:\/\/demo.mufasatoursandtravels.com\/flugziele\/tsavo-west-nationalpark-2\/"},"modified":"2026-01-08T09:02:18","modified_gmt":"2026-01-08T06:02:18","slug":"tsavo-west-nationalpark-2","status":"publish","type":"page","link":"https:\/\/demo.mufasatoursandtravels.com\/de\/flugziele\/tsavo-west-nationalpark-2\/","title":{"rendered":"Tsavo West Nationalpark"},"content":{"rendered":"[vc_row full_width=&#8220;stretch_row&#8220; gap=&#8220;1&#8243;][vc_column parallax=&#8220;content-moving&#8220; parallax_image=&#8220;8699&#8243; parallax_speed_bg=&#8220;1.8&#8243; css=&#8220;.vc_custom_1767772928462{padding-top: 80px !important;padding-right: 80px !important;padding-bottom: 80px !important;padding-left: 80px !important;}&#8220;][vc_custom_heading text=&#8220;Tsavo West Nationalpark&#8220; font_container=&#8220;tag:h1|font_size:32|text_align:left|color:%23ffffff&#8220; google_fonts=&#8220;font_family:Quicksand%3A300%2Cregular%2C700|font_style:400%20regular%3A400%3Anormal&#8220; el_class=&#8220;banner-txt&#8220;][vc_separator color=&#8220;custom&#8220; align=&#8220;align_left&#8220; border_width=&#8220;2&#8243; el_width=&#8220;20&#8243; accent_color=&#8220;#f8f8f8&#8243;][vc_custom_heading text=&#8220;Kenia&#8220; font_container=&#8220;tag:h2|font_size:18|text_align:left|color:%23ffffff&#8220; google_fonts=&#8220;font_family:Roboto%3A100%2C100italic%2C300%2C300italic%2Cregular%2Citalic%2C500%2C500italic%2C700%2C700italic%2C900%2C900italic|font_style:400%20regular%3A400%3Anormal&#8220; el_class=&#8220;banner-txt&#8220;][\/vc_column][\/vc_row][vc_row][vc_column css=&#8220;.vc_custom_1673438873315{border-top-width: 10px !important;border-right-width: 10px !important;border-bottom-width: 10px !important;border-left-width: 10px !important;}&#8220;][vc_tta_tabs shape=&#8220;square&#8220; color=&#8220;juicy-pink&#8220; alignment=&#8220;center&#8220; active_section=&#8220;1&#8243; no_fill_content_area=&#8220;true&#8220;][vc_tta_section title=&#8220;\u00dcberblick&#8220; tab_id=&#8220;1633454673222-3d94f956-010c&#8220;][info_list_father listclr=&#8220;#f8f8f8&#8243;][info_list_son style=&#8220;icon&#8220; size=&#8220;20&#8243; width=&#8220;30&#8243; height=&#8220;20&#8243; titleclr=&#8220;#890000&#8243; icon=&#8220;fas fa-map-marked&#8220; iconclr=&#8220;#890000&#8243; iconbg=&#8220;#f8f8f8&#8243; borderclr=&#8220;#f8f8f8&#8243; title=&#8220;Lava, Springs, and Giants&#8220;]\n<p data-path-to-node=\"5\">A rugged wilderness that offers some of the most diverse landscapes in Kenya. Spanning 9,065 square kilometers, the park is a tapestry of ancient volcanic cones, jagged black lava flows, and lush oases fed by underground springs. It is more mountainous and greener than its eastern counterpart, providing a dramatic backdrop for safari enthusiasts and photographers alike.<\/p>\n[\/info_list_son][info_list_son style=&#8220;icon&#8220; size=&#8220;20&#8243; width=&#8220;30&#8243; height=&#8220;20&#8243; titleclr=&#8220;#890000&#8243; icon=&#8220;fas fa-route&#8220; iconclr=&#8220;#890000&#8243; iconbg=&#8220;#f8f8f8&#8243; borderclr=&#8220;#f8f8f8&#8243; title=&#8220;What to expect&#8220;]\n<ol>\n<li>\n<p data-path-to-node=\"6,0,0\"><strong>A Geological Marvel<\/strong><b data-path-to-node=\"6,0,0\" data-index-in-node=\"0\">:<\/b> Explore the &#8222;Shetani Lava Flows,&#8220; a massive expanse of folded black lava that remains as a reminder of the region&#8217;s fiery volcanic past.<\/p>\n<\/li>\n<li>\n<p data-path-to-node=\"6,1,0\"><strong>The Oasis of Mzima<\/strong><b data-path-to-node=\"6,1,0\" data-index-in-node=\"0\">:<\/b> Discover a crystal-clear paradise where millions of gallons of water gush from beneath the lava rocks, creating a sanctuary for hippos and crocodiles.<\/p>\n<\/li>\n<li>\n<p data-path-to-node=\"6,2,0\"><strong>Rhino Sanctuary<\/strong><b data-path-to-node=\"6,2,0\" data-index-in-node=\"0\">:<\/b> Tsavo West is home to the Ngulia Rhino Sanctuary, a critical stronghold for the endangered Black Rhino, nestled at the base of the Ngulia Hills.<\/p>\n<\/li>\n<\/ol>\n[\/info_list_son][info_list_son style=&#8220;icon&#8220; size=&#8220;20&#8243; width=&#8220;30&#8243; height=&#8220;20&#8243; titleclr=&#8220;#890000&#8243; icon=&#8220;far fa-check-circle&#8220; iconclr=&#8220;#890000&#8243; iconbg=&#8220;#f8f8f8&#8243; borderclr=&#8220;#f8f8f8&#8243; title=&#8220;Seasonal Overview&#8220;]\n<p data-path-to-node=\"6,2,0\">Perfect for birdwatching and enjoying the park\u2019s dramatic, verdant scenery when Mount Kilimanjaro is often most visible on the horizon.<\/p>\n[\/info_list_son][\/info_list_father][vc_btn title=&#8220;Holen Sie sich ein Angebot an&#8220; style=&#8220;outline-custom&#8220; outline_custom_color=&#8220;#890000&#8243; outline_custom_hover_background=&#8220;#890000&#8243; outline_custom_hover_text=&#8220;#ffffff&#8220; shape=&#8220;square&#8220; size=&#8220;sm&#8220; align=&#8220;center&#8220; i_align=&#8220;right&#8220; i_icon_fontawesome=&#8220;fas fa-angle-right&#8220; add_icon=&#8220;true&#8220; link=&#8220;url:https%3A%2F%2Fdemo.mufasatoursandtravels.com%2Fde%2Fangebot-anfordern%2F|title:Angebot%20anfordern|&#8220;][\/vc_tta_section][vc_tta_section title=&#8220;Unterkunft&#8220; tab_id=&#8220;1633455601016-f93699bc-5d92&#8243;][vc_row_inner css=&#8220;.vc_custom_1767773528001{padding: 10px !important;}&#8220;][vc_column_inner el_class=&#8220;custom-height&#8220; offset=&#8220;vc_hidden-md vc_hidden-sm vc_hidden-xs&#8220;][ucaddon_uc_side_carousel_content image=&#8220;42636&#8243; title=&#8220;Kilanguni Serena Safari Lodge&#8220; btn_text=&#8220;View Accomodation&#8220; link=&#8220;https:\/\/www.serenahotels.com\/kilaguni?srsltid=AfmBOor6CuhtlLkiS0hxezJjwzoJfPMLsvrGbiR0SimkyGbagMAE9iko&#8220; uc_fonts_data=&#8220;JTdCJTdE&#8220;]VGhlJTIwZmlyc3QlMjBsb2RnZSUyMGV2ZXIlMjBidWlsdCUyMGluc2lkZSUyMGElMjBLZW55YW4lMjBOYXRpb25hbCUyMFBhcmsuJTIwSXQlMjBzaXRzJTIwZGlyZWN0bHklMjBpbiUyMGZyb250JTIwb2YlMjBhJTIwd2F0ZXJob2xlJTIwZnJlcXVlbnRlZCUyMGJ5JTIwZWxlcGhhbnRzJTIwYW5kJTIwYnVmZmFsbyUyQyUyMHdpdGglMjBzdHVubmluZyUyMHZpZXdzJTIwb2YlMjB0aGUlMjBDaHl1bHUlMjBIaWxscy4=[\/ucaddon_uc_side_carousel_content][\/vc_column_inner][\/vc_row_inner][vc_row_inner css=&#8220;.vc_custom_1767773528001{padding: 10px !important;}&#8220;][vc_column_inner el_class=&#8220;custom-height&#8220; offset=&#8220;vc_hidden-md vc_hidden-sm vc_hidden-xs&#8220;][ucaddon_uc_side_carousel_content image=&#8220;42642&#8243; title=&#8220;Severin Safari Camp&#8220; btn_text=&#8220;View Accomodation&#8220; link=&#8220;https:\/\/www.severinsafaricamp.com\/&#8220; uc_fonts_data=&#8220;JTdCJTdE&#8220;]QW4lMjBlbGVnYW50JTJDJTIwZWNvLWZyaWVuZGx5JTIwY2FtcCUyMG9mZmVyaW5nJTIwYSUyMCUyMmJhY2slMjB0byUyMG5hdHVyZSUyMiUyMGV4cGVyaWVuY2UlMjB3aXRoJTIwaGlnaC1lbmQlMjB0ZW50cyUyMGFuZCUyMGElMjB1bmlxdWUlMjBzcGElMjBoaWRkZW4lMjBpbiUyMHRoZSUyMHdpbGQu[\/ucaddon_uc_side_carousel_content][\/vc_column_inner][\/vc_row_inner][vc_row_inner css=&#8220;.vc_custom_1767773528001{padding: 10px !important;}&#8220;][vc_column_inner el_class=&#8220;custom-height&#8220; offset=&#8220;vc_hidden-md vc_hidden-sm vc_hidden-xs&#8220;][ucaddon_uc_side_carousel_content image=&#8220;42660&#8243; title=&#8220;Ngulia Safari Lodge&#8220; btn_text=&#8220;View Accomodation&#8220; link=&#8220;http:\/\/nguliasafarilodge.com\/&#8220; uc_fonts_data=&#8220;JTdCJTdE&#8220;]UGVyY2hlZCUyMG9uJTIwdGhlJTIwTmRhd2UlMjBFc2NhcnBtZW50JTJDJTIwdGhpcyUyMGxvZGdlJTIwaXMlMjBmYW1vdXMlMjBmb3IlMjBpdHMlMjAlMjJMZW9wYXJkJTIwQmFpdHMlMkMlMjIlMjB3aGVyZSUyMGxlb3BhcmRzJTIwYXJlJTIwZnJlcXVlbnRseSUyMHNlZW4lMjB2aXNpdGluZyUyMHRoZSUyMGxvZGdlJUUyJTgwJTk5cyUyMGZsb29kbGl0JTIwdHJlZXMlMjBhdCUyMG5pZ2h0Lg==[\/ucaddon_uc_side_carousel_content][\/vc_column_inner][\/vc_row_inner][vc_row_inner css=&#8220;.vc_custom_1767773528001{padding: 10px !important;}&#8220;][vc_column_inner el_class=&#8220;custom-height&#8220; offset=&#8220;vc_hidden-md vc_hidden-sm vc_hidden-xs&#8220;][ucaddon_uc_side_carousel_content image=&#8220;42666&#8243; title=&#8220;Finch Hattons Luxuscamp&#8220; btn_text=&#8220;View Accomodation&#8220; link=&#8220;https:\/\/www.virginlimitededition.com\/finch-hattons\/?utm_source=google&amp;utm_medium=organic&amp;utm_campaign=hotel-finch-hattons&#8220; uc_fonts_data=&#8220;JTdCJTdE&#8220;]QW4lMjBhd2FyZC13aW5uaW5nJTIwZWNvLWx1eHVyeSUyMGNhbXAlMjB0aGF0JTIwcmVjcmVhdGVzJTIwdGhlJTIwZ29sZGVuJTIwYWdlJTIwb2YlMjBzYWZhcmkuJTIwSXQlMjBpcyUyMGZhbW91cyUyMGZvciUyMGl0cyUyMGZpbmUlMjBkaW5pbmclMjBhbmQlMjB2aWV3cyUyMG9mJTIwdGhlJTIwaGlwcG8tZmlsbGVkJTIwcG9vbHMu[\/ucaddon_uc_side_carousel_content][\/vc_column_inner][\/vc_row_inner][vc_row_inner css=&#8220;.vc_custom_1767773528001{padding: 10px !important;}&#8220;][vc_column_inner el_class=&#8220;custom-height&#8220; offset=&#8220;vc_hidden-lg&#8220;][vc_headings style=&#8220;theme2&#8243; borderclr=&#8220;#890000&#8243; title=&#8220;Kilanguni Serena Safari Lodge&#8220; align=&#8220;left&#8220; google_fonts=&#8220;font_family:Quicksand%3A300%2Cregular%2C700|font_style:400%20regular%3A400%3Anormal&#8220; titleclr=&#8220;#000000&#8243;]The first lodge ever built inside a Kenyan National Park. It sits directly in front of a waterhole frequented by elephants and buffalo, with stunning views of the Chyulu Hills.[\/vc_headings][vc_btn title=&#8220;Unterk\u00fcnfte ansehen&#8220; style=&#8220;outline-custom&#8220; outline_custom_color=&#8220;#890000&#8243; outline_custom_hover_background=&#8220;#890000&#8243; outline_custom_hover_text=&#8220;#ffffff&#8220; shape=&#8220;square&#8220; size=&#8220;sm&#8220; i_align=&#8220;right&#8220; i_icon_fontawesome=&#8220;fas fa-angle-right&#8220; add_icon=&#8220;true&#8220; css=&#8220;.vc_custom_1767777134830{padding-top: 10px !important;padding-right: 10px !important;padding-bottom: 10px !important;}&#8220; link=&#8220;url:https%3A%2F%2Fwww.serenahotels.com%2Fkilaguni%3Fsrsltid%3DAfmBOor6CuhtlLkiS0hxezJjwzoJfPMLsvrGbiR0SimkyGbagMAE9iko|&#8220;][\/vc_column_inner][\/vc_row_inner][vc_row_inner css=&#8220;.vc_custom_1767773528001{padding: 10px !important;}&#8220;][vc_column_inner el_class=&#8220;custom-height&#8220; offset=&#8220;vc_hidden-lg&#8220;][vc_headings style=&#8220;theme2&#8243; borderclr=&#8220;#890000&#8243; title=&#8220;Severin Safari Camp&#8220; align=&#8220;left&#8220; google_fonts=&#8220;font_family:Quicksand%3A300%2Cregular%2C700|font_style:400%20regular%3A400%3Anormal&#8220; titleclr=&#8220;#000000&#8243;]An elegant, eco-friendly camp offering a &#8222;back to nature&#8220; experience with high-end tents and a unique spa hidden in the wild.[\/vc_headings][vc_btn title=&#8220;Unterk\u00fcnfte ansehen&#8220; style=&#8220;outline-custom&#8220; outline_custom_color=&#8220;#890000&#8243; outline_custom_hover_background=&#8220;#890000&#8243; outline_custom_hover_text=&#8220;#ffffff&#8220; shape=&#8220;square&#8220; size=&#8220;sm&#8220; i_align=&#8220;right&#8220; i_icon_fontawesome=&#8220;fas fa-angle-right&#8220; add_icon=&#8220;true&#8220; css=&#8220;.vc_custom_1767777203000{padding-top: 10px !important;padding-right: 10px !important;padding-bottom: 10px !important;}&#8220; link=&#8220;url:https%3A%2F%2Fwww.severinsafaricamp.com%2F|&#8220;][\/vc_column_inner][\/vc_row_inner][vc_row_inner css=&#8220;.vc_custom_1767773528001{padding: 10px !important;}&#8220;][vc_column_inner el_class=&#8220;custom-height&#8220; offset=&#8220;vc_hidden-lg&#8220;][vc_headings style=&#8220;theme2&#8243; borderclr=&#8220;#890000&#8243; title=&#8220;Ngulia Safari Lodge&#8220; align=&#8220;left&#8220; google_fonts=&#8220;font_family:Quicksand%3A300%2Cregular%2C700|font_style:400%20regular%3A400%3Anormal&#8220; titleclr=&#8220;#000000&#8243;]Perched on the Ndawe Escarpment, this lodge is famous for its &#8222;Leopard Baits,&#8220; where leopards are frequently seen visiting the lodge\u2019s floodlit trees at night.[\/vc_headings][vc_btn title=&#8220;Unterk\u00fcnfte ansehen&#8220; style=&#8220;outline-custom&#8220; outline_custom_color=&#8220;#890000&#8243; outline_custom_hover_background=&#8220;#890000&#8243; outline_custom_hover_text=&#8220;#ffffff&#8220; shape=&#8220;square&#8220; size=&#8220;sm&#8220; i_align=&#8220;right&#8220; i_icon_fontawesome=&#8220;fas fa-angle-right&#8220; add_icon=&#8220;true&#8220; css=&#8220;.vc_custom_1767777271649{padding-top: 10px !important;padding-right: 10px !important;padding-bottom: 10px !important;}&#8220; link=&#8220;url:http%3A%2F%2Fnguliasafarilodge.com%2F|&#8220;][\/vc_column_inner][\/vc_row_inner][vc_row_inner css=&#8220;.vc_custom_1767773528001{padding: 10px !important;}&#8220;][vc_column_inner el_class=&#8220;custom-height&#8220; offset=&#8220;vc_hidden-lg&#8220;][vc_headings style=&#8220;theme2&#8243; borderclr=&#8220;#890000&#8243; title=&#8220;Finch Hatton&#8217;s Luxury Camp&#8220; align=&#8220;left&#8220; google_fonts=&#8220;font_family:Quicksand%3A300%2Cregular%2C700|font_style:400%20regular%3A400%3Anormal&#8220; titleclr=&#8220;#000000&#8243;]An award-winning eco-luxury camp that recreates the golden age of safari. It is famous for its fine dining and views of the hippo-filled pools.[\/vc_headings][vc_btn title=&#8220;Unterk\u00fcnfte ansehen&#8220; style=&#8220;outline-custom&#8220; outline_custom_color=&#8220;#890000&#8243; outline_custom_hover_background=&#8220;#890000&#8243; outline_custom_hover_text=&#8220;#ffffff&#8220; shape=&#8220;square&#8220; size=&#8220;sm&#8220; i_align=&#8220;right&#8220; i_icon_fontawesome=&#8220;fas fa-angle-right&#8220; add_icon=&#8220;true&#8220; css=&#8220;.vc_custom_1767777344524{padding-top: 10px !important;padding-right: 10px !important;padding-bottom: 10px !important;}&#8220; link=&#8220;url:https%3A%2F%2Fwww.virginlimitededition.com%2Ffinch-hattons%2F%3Futm_source%3Dgoogle%26utm_medium%3Dorganic%26utm_campaign%3Dhotel-finch-hattons|&#8220;][\/vc_column_inner][\/vc_row_inner][\/vc_tta_section][vc_tta_section title=&#8220;Aktivit\u00e4ten&#8220; tab_id=&#8220;1767601538075-7b6924d3-776e&#8220;][info_list_father listclr=&#8220;#f8f8f8&#8243;][info_list_son style=&#8220;icon&#8220; size=&#8220;0&#8243; width=&#8220;0&#8243; height=&#8220;0&#8243; titleclr=&#8220;#f8f8f8&#8243; iconclr=&#8220;#f8f8f8&#8243; borderclr=&#8220;#f8f8f8&#8243;]\n<ol>\n<li>\n<p data-path-to-node=\"16,0,0\"><strong>Unterwasser-Flusspferdbeobachtung bei Mzima Springs<\/strong><b data-path-to-node=\"16,0,0\" data-index-in-node=\"0\">:<\/b> Spazieren Sie durch den \u00fcppigen Wald zu einer Unterwasserbeobachtungskammer. Hier kann man zusehen, wie Nilpferde und Krokodile durch das kristallklare Wasser &#8222;tanzen&#8220; \u2013 ein Anblick, wie er in Afrika einzigartig ist. <\/p>\n<\/li>\n<li>\n<p data-path-to-node=\"16,1,0\"><strong>Verfolgung des Schwarzen Nashorns<\/strong><b data-path-to-node=\"16,1,0\" data-index-in-node=\"0\">:<\/b> Besuchen Sie das <b data-path-to-node=\"16,1,0\" data-index-in-node=\"36\">Ngulia-Nashornschutzgebiet<\/b> am sp\u00e4ten Nachmittag. Dieses 90 Quadratkilometer gro\u00dfe, eingez\u00e4unte Gebiet bietet Ihre beste Chance, das schwer fassbare und majest\u00e4tische Schwarze Nashorn zu entdecken. <\/p>\n<\/li>\n<li>\n<p data-path-to-node=\"16,2,0\"><strong>Erkundung der Shetani-Lavastr\u00f6me<\/strong><b data-path-to-node=\"16,2,0\" data-index-in-node=\"0\">:<\/b> Gehen Sie \u00fcber die Lavastr\u00f6me des &#8222;Teufels&#8220;. Diese zerkl\u00fcftete Landschaft ist von lokaler Folklore durchdrungen, und man kann sogar die nahegelegenen Shetani-H\u00f6hlen erkunden (bring eine Taschenlampe mit!). <\/p>\n<\/li>\n<li>\n<p data-path-to-node=\"16,3,0\"><strong>Vogelbeobachtung in den Ngulia Hills<\/strong><b data-path-to-node=\"16,3,0\" data-index-in-node=\"0\">: <\/b>Erleben Sie einen der gr\u00f6\u00dften Vogelzugen der Welt. Tausende V\u00f6gel aus Europa und Asien halten hier an, was es zu einem globalen Hotspot f\u00fcr Ornithologen macht. <\/p>\n<\/li>\n<li>\n<p data-path-to-node=\"16,4,0\"><strong>Wilderer-Aussichtspunkt:<\/strong><b data-path-to-node=\"16,4,0\" data-index-in-node=\"0\"> Fahren Sie zu diesem Hochaltitude-Aussichtspunkt f\u00fcr ein 360-Grad-Panorama des Parks. An klarem Tag sieht man in der Ferne den schneebedeckten Gipfel des <b data-path-to-node=\"16,4,0\" data-index-in-node=\"148\">Kilimandscharo<\/b>.<\/b> <\/p>\n<\/li>\n<li>\n<p data-path-to-node=\"16,5,0\"><strong>Klettern und Wandern<\/strong><b data-path-to-node=\"16,5,0\" data-index-in-node=\"0\">:<\/b> F\u00fcr Abenteuerlustige bieten die Felsw\u00e4nde der Roaring Rocks und der Ngulia Hills herausfordernde Aufstiege und Wanderungen mit lohnenden Ausblicken auf die afrikanischen Ebenen darunter.<\/p>\n<\/li>\n<\/ol>\n[\/info_list_son][\/info_list_father][\/vc_tta_section][\/vc_tta_tabs][\/vc_column][\/vc_row]\n","protected":false},"excerpt":{"rendered":"<p>[vc_row full_width=&#8220;stretch_row&#8220; gap=&#8220;1&#8243;][vc_column parallax=&#8220;content-moving&#8220; parallax_image=&#8220;8699&#8243; parallax_speed_bg=&#8220;1.8&#8243; css=&#8220;.vc_custom_1767772928462{padding-top: 80px !important;padding-right: 80px !important;padding-bottom: 80px !important;padding-left: 80px !important;}&#8220;][vc_custom_heading text=&#8220;Tsavo West Nationalpark&#8220; font_container=&#8220;tag:h1|font_size:32|text_align:left|color:%23ffffff&#8220; google_fonts=&#8220;font_family:Quicksand%3A300%2Cregular%2C700|font_style:400%20regular%3A400%3Anormal&#8220; el_class=&#8220;banner-txt&#8220;][vc_separator color=&#8220;custom&#8220; align=&#8220;align_left&#8220; border_width=&#8220;2&#8243; el_width=&#8220;20&#8243; accent_color=&#8220;#f8f8f8&#8243;][vc_custom_heading text=&#8220;Kenia&#8220; font_container=&#8220;tag:h2|font_size:18|text_align:left|color:%23ffffff&#8220; google_fonts=&#8220;font_family:Roboto%3A100%2C100italic%2C300%2C300italic%2Cregular%2Citalic%2C500%2C500italic%2C700%2C700italic%2C900%2C900italic|font_style:400%20regular%3A400%3Anormal&#8220; el_class=&#8220;banner-txt&#8220;][\/vc_column][\/vc_row][vc_row][vc_column css=&#8220;.vc_custom_1673438873315{border-top-width: 10px !important;border-right-width: 10px !important;border-bottom-width: 10px !important;border-left-width: 10px !important;}&#8220;][vc_tta_tabs shape=&#8220;square&#8220; color=&#8220;juicy-pink&#8220; alignment=&#8220;center&#8220; active_section=&#8220;1&#8243; no_fill_content_area=&#8220;true&#8220;][vc_tta_section title=&#8220;\u00dcberblick&#8220; tab_id=&#8220;1633454673222-3d94f956-010c&#8220;][info_list_father listclr=&#8220;#f8f8f8&#8243;][info_list_son style=&#8220;icon&#8220; size=&#8220;20&#8243; width=&#8220;30&#8243; height=&#8220;20&#8243; titleclr=&#8220;#890000&#8243; icon=&#8220;fas fa-map-marked&#8220; iconclr=&#8220;#890000&#8243; [&hellip;]<\/p>\n","protected":false},"author":2,"featured_media":0,"parent":27929,"menu_order":6,"comment_status":"closed","ping_status":"closed","template":"","meta":{"_themeisle_gutenberg_block_has_review":false,"footnotes":""},"class_list":["post-42624","page","type-page","status-publish","hentry"],"_links":{"self":[{"href":"https:\/\/demo.mufasatoursandtravels.com\/de\/wp-json\/wp\/v2\/pages\/42624","targetHints":{"allow":["GET"]}}],"collection":[{"href":"https:\/\/demo.mufasatoursandtravels.com\/de\/wp-json\/wp\/v2\/pages"}],"about":[{"href":"https:\/\/demo.mufasatoursandtravels.com\/de\/wp-json\/wp\/v2\/types\/page"}],"author":[{"embeddable":true,"href":"https:\/\/demo.mufasatoursandtravels.com\/de\/wp-json\/wp\/v2\/users\/2"}],"replies":[{"embeddable":true,"href":"https:\/\/demo.mufasatoursandtravels.com\/de\/wp-json\/wp\/v2\/comments?post=42624"}],"version-history":[{"count":9,"href":"https:\/\/demo.mufasatoursandtravels.com\/de\/wp-json\/wp\/v2\/pages\/42624\/revisions"}],"predecessor-version":[{"id":42777,"href":"https:\/\/demo.mufasatoursandtravels.com\/de\/wp-json\/wp\/v2\/pages\/42624\/revisions\/42777"}],"up":[{"embeddable":true,"href":"https:\/\/demo.mufasatoursandtravels.com\/de\/wp-json\/wp\/v2\/pages\/27929"}],"wp:attachment":[{"href":"https:\/\/demo.mufasatoursandtravels.com\/de\/wp-json\/wp\/v2\/media?parent=42624"}],"curies":[{"name":"wp","href":"https:\/\/api.w.org\/{rel}","templated":true}]}}