{"id":44570,"date":"2026-02-16T11:17:08","date_gmt":"2026-02-16T08:17:08","guid":{"rendered":"https:\/\/demo.mufasatoursandtravels.com\/flugziele\/ngorongoro-schutzgebiet\/"},"modified":"2026-02-16T15:11:51","modified_gmt":"2026-02-16T12:11:51","slug":"ngorongoro-schutzgebiet","status":"publish","type":"page","link":"https:\/\/demo.mufasatoursandtravels.com\/de\/flugziele\/ngorongoro-schutzgebiet\/","title":{"rendered":"Ngorongoro-Schutzgebiet"},"content":{"rendered":"[vc_row full_width=&#8220;stretch_row&#8220; gap=&#8220;1&#8243;][vc_column parallax=&#8220;content-moving&#8220; parallax_image=&#8220;14647&#8243; css=&#8220;.vc_custom_1771227154929{padding-top: 80px !important;padding-right: 80px !important;padding-bottom: 80px !important;padding-left: 80px !important;}&#8220;][vc_custom_heading text=&#8220;Ngorongoro-Schutzgebiet&#8220; font_container=&#8220;tag:h1|font_size:32|text_align:left|color:%23ffffff&#8220; google_fonts=&#8220;font_family:Quicksand%3A300%2Cregular%2C700|font_style:400%20regular%3A400%3Anormal&#8220; el_class=&#8220;banner-txt&#8220;][vc_separator color=&#8220;custom&#8220; align=&#8220;align_left&#8220; border_width=&#8220;2&#8243; el_width=&#8220;20&#8243; accent_color=&#8220;#f8f8f8&#8243;][vc_custom_heading text=&#8220;Tansania&#8220; font_container=&#8220;tag:h2|font_size:18|text_align:left|color:%23ffffff&#8220; google_fonts=&#8220;font_family:Quicksand%3A300%2Cregular%2C700|font_style:400%20regular%3A400%3Anormal&#8220; el_class=&#8220;banner-txt&#8220;][\/vc_column][\/vc_row][vc_row][vc_column css=&#8220;.vc_custom_1673438873315{border-top-width: 10px !important;border-right-width: 10px !important;border-bottom-width: 10px !important;border-left-width: 10px !important;}&#8220;][vc_tta_tabs shape=&#8220;square&#8220; color=&#8220;juicy-pink&#8220; alignment=&#8220;center&#8220; active_section=&#8220;1&#8243; no_fill_content_area=&#8220;true&#8220;][vc_tta_section title=&#8220;\u00dcberblick&#8220; tab_id=&#8220;1633454673222-3d94f956-010c&#8220;][info_list_father listclr=&#8220;#f8f8f8&#8243;][info_list_son style=&#8220;icon&#8220; size=&#8220;20&#8243; width=&#8220;30&#8243; height=&#8220;20&#8243; titleclr=&#8220;#890000&#8243; icon=&#8220;fas fa-map-marked&#8220; iconclr=&#8220;#890000&#8243; iconbg=&#8220;#f8f8f8&#8243; borderclr=&#8220;#f8f8f8&#8243; title=&#8220;Ein K\u00f6nigreich im Krater&#8220;]\n<p data-path-to-node=\"5\">Stellen Sie sich einen Berg vor, der einst so hoch wie der Kilimandscharo war und in sich selbst einst\u00fcrzte und ein 600 Meter tiefes nat\u00fcrliches Amphitheater hinterlie\u00df, das sich \u00fcber 260 Quadratkilometer erstreckte.  <span class=\"citation-51 citation-end-51\">Diese UNESCO-Welterbest\u00e4tte ist ein in sich geschlossenes \u00d6kosystem, in dem \u00fcber 25.000 gro\u00dfe S\u00e4ugetiere in einem hochriskanten \u00dcberlebenstheater leben.<\/span> <span class=\"citation-50 citation-end-50\">Doch der Ngorongoro ist mehr als ein Krater; es handelt sich um eine &#8222;multifunktionale&#8220; Landschaft, der einzige Ort auf der Erde, an dem man einen Massai-Krieger sieht, der zusammen mit einer L\u00f6wengruppe Vieh h\u00fctet.<\/span><\/p>\n[\/info_list_son][info_list_son style=&#8220;icon&#8220; size=&#8220;20&#8243; width=&#8220;30&#8243; height=&#8220;20&#8243; titleclr=&#8220;#890000&#8243; icon=&#8220;fas fa-route&#8220; iconclr=&#8220;#890000&#8243; iconbg=&#8220;#f8f8f8&#8243; borderclr=&#8220;#f8f8f8&#8243; title=&#8220;Was dich erwartet&#8220;]\n<ul>\n<li>\n<p data-path-to-node=\"5,0,0\"><strong>Der Abstieg<\/strong><b data-path-to-node=\"5,0,0\" data-index-in-node=\"0\">:<\/b> Ihre Reise beginnt mit einem nebelverh\u00fcllten Abstieg an den steilen Kraterw\u00e4nden. Als sich die Wolken l\u00f6sen, offenbart sich der goldene Boden der Caldera, \u00fcbers\u00e4t mit schimmernden Limonadeseen und Gelbfieber-Akazienw\u00e4ldern.<\/p>\n<\/li>\n<li>\n<p data-path-to-node=\"5,1,0\"><strong><span class=\"citation-49\">Das Hochdichte-Drama<\/span><\/strong><b data-path-to-node=\"5,1,0\" data-index-in-node=\"0\"><span class=\"citation-49\">:<\/span><\/b><span class=\"citation-49 citation-end-49\"> Da die Tiere den Krater selten verlassen, ist die Tierdichte enorm.<\/span> Erwarten Sie, die &#8222;Big Five&#8220; an einem einzigen Nachmittag zu sehen. <span class=\"citation-48\">Man kann fast garantiert das vom Aussterben bedrohte <\/span><b data-path-to-node=\"5,1,0\" data-index-in-node=\"211\"><span class=\"citation-48\">Schwarze Nashorn<\/span><\/b><span class=\"citation-48 citation-end-48\">, riesige &#8222;Tuskers&#8220; (Elefanten) und die weltweit dichteste L\u00f6wenpopulation sehen.<\/span><\/p>\n<\/li>\n<li>\n<p id=\"p-rc_aeb8302fbac598b5-27\" data-path-to-node=\"5,2,0\"><strong>Eine pal\u00e4olithische Pilgerreise<\/strong><b data-path-to-node=\"5,2,0\" data-index-in-node=\"0\">:<\/b> Jenseits der Tierwelt stehst du in der &#8222;Wiege der Menschheit&#8220;. <span class=\"citation-47 citation-end-47\">In der N\u00e4he liegt die Olduvai-Schlucht, wo die Fu\u00dfspuren unserer Vorfahren noch in vulkanischer Asche von vor 3,6 Millionen Jahren eingraviert sind<\/span><\/p>\n<\/li>\n<\/ul>\n[\/info_list_son][info_list_son style=&#8220;icon&#8220; size=&#8220;20&#8243; width=&#8220;30&#8243; height=&#8220;20&#8243; titleclr=&#8220;#890000&#8243; icon=&#8220;far fa-check-circle&#8220; iconclr=&#8220;#890000&#8243; iconbg=&#8220;#f8f8f8&#8243; borderclr=&#8220;#f8f8f8&#8243; title=&#8220;Beste Zeit zum Besuch&#8220;]\n<ul>\n<li>\n<p data-path-to-node=\"7,0,0\"><strong><span class=\"citation-46\">Das Goldene Trockene<\/span><\/strong><b data-path-to-node=\"7,0,0\" data-index-in-node=\"0\"><span class=\"citation-46\"> :<\/span><\/b><span class=\"citation-46 citation-end-46\"> Das Gras ist kurz, die Luft ist frisch, und die Tiere versammeln sich um die st\u00e4ndigen Wasserquellen.<\/span> Dies ist der H\u00f6hepunkt der &#8222;National Geographic&#8220;-Momente.<\/p>\n<\/li>\n<li>\n<p id=\"p-rc_aeb8302fbac598b5-29\" data-path-to-node=\"7,1,0\"><strong><span class=\"citation-45\">The Emerald Wet:<\/span><\/strong><b data-path-to-node=\"7,1,0\" data-index-in-node=\"0\"><span class=\"citation-45\"> <\/span><\/b><span class=\"citation-45 citation-end-45\"> Der Kraterboden verwandelt sich in einen \u00fcppigen, lebendigen gr\u00fcnen Teppich, der mit Wildblumen<\/span> \u00fcbers\u00e4t ist. <span class=\"citation-44\">Dies ist die Saison der <\/span><b data-path-to-node=\"7,1,0\" data-index-in-node=\"145\"><span class=\"citation-44\">Kalbung<\/span><\/b><span class=\"citation-44 citation-end-44\"> in den nahegelegenen Ndutu-Ebenen, die Raubtiere in einer hektischen Szene von Leben und Tod anlockt.<\/span> Es ist auch ein Paradies f\u00fcr Vogelbeobachter, da Tausende rosa Flamingos die Soda-Seen bemalen<\/p>\n<\/li>\n<\/ul>\n[\/info_list_son][\/info_list_father][\/vc_tta_section][vc_tta_section title=&#8220;Unterkunft&#8220; tab_id=&#8220;1633455601016-f93699bc-5d92&#8243;][vc_row_inner css=&#8220;.vc_custom_1767874197540{padding: 10px !important;}&#8220;][vc_column_inner el_class=&#8220;custom-height&#8220; offset=&#8220;vc_hidden-md vc_hidden-sm vc_hidden-xs&#8220;][ucaddon_uc_side_carousel_content image=&#8220;44560&#8243; title=&#8220;Ngorongoro Serena Safari Lodge&#8220; btn_text=&#8220;View Accomodation&#8220; link=&#8220;https:\/\/www.serenahotels.com\/ngorongoro&#8220; uc_fonts_data=&#8220;JTdCJTdE&#8220;]bWFzdGVyY2xhc3MlMjBpbiUyMG9yZ2FuaWMlMjBhcmNoaXRlY3R1cmUlMkMlMjBjb25zdHJ1Y3RlZCUyMGZyb20lMjBsb2NhbCUyMHJpdmVyJTIwc3RvbmUlMjBhbmQlMjBjb3ZlcmVkJTIwaW4lMjBzcHJhd2xpbmclMjB2aW5lcyUyMHRvJTIwYmxlbmQlMjBzZWFtbGVzc2x5JTIwaW50byUyMHRoZSUyMHByZWhpc3RvcmljJTIwbGFuZHNjYXBlLiUyMEl0JTIwb2ZmZXJzJTIwYW4lMjBpbW1lcnNpdmUlMjBleHBlcmllbmNlJTIwd2hlcmUlMjB0aGUlMjBoaXN0b3J5JTIwb2YlMjB0aGUlMjAlMjJDcmFkbGUlMjBvZiUyME1hbmtpbmQlMjIlMjBpcyUyMHJlZmxlY3RlZCUyMGluJTIwZXZlcnklMjBoYW5kLWNhcnZlZCUyMGRldGFpbCUyMGFuZCUyMGNhdmUtcGFpbnRpbmctaW5zcGlyZWQlMjBtdXJhbC4=[\/ucaddon_uc_side_carousel_content][\/vc_column_inner][\/vc_row_inner][vc_row_inner css=&#8220;.vc_custom_1767874197540{padding: 10px !important;}&#8220;][vc_column_inner el_class=&#8220;custom-height&#8220; offset=&#8220;vc_hidden-md vc_hidden-sm vc_hidden-xs&#8220;][ucaddon_uc_side_carousel_content image=&#8220;44554&#8243; title=&#8220;Ngorongoro Tortilis Lager&#8220; btn_text=&#8220;View Accomodation&#8220; link=&#8220;https:\/\/www.tortiliscamps.com\/ngorongoro-tortilis-camp\/&#8220; uc_fonts_data=&#8220;JTdCJTdE&#8220;]QSUyMGJvdXRpcXVlJTJDJTIwZWNvLWZyaWVuZGx5JTIwdGVudGVkJTIwY2FtcCUyMGxvY2F0ZWQlMjB3aXRoaW4lMjB0aGUlMjBOZ29yb25nb3JvJTIwQ29uc2VydmF0aW9uJTIwQXJlYSUyMGluJTIwVGFuemFuaWEuJTIwSXQlMjBpcyUyMGRlc2lnbmVkJTIwdG8lMjBvZmZlciUyMGElMjAlMjJnbGFtcGluZyUyMiUyMGV4cGVyaWVuY2UlMjB0aGF0JTIwYmFsYW5jZXMlMjByYXclMjB3aWxkZXJuZXNzJTIwd2l0aCUyMG1vZGVybiUyMGNvbWZvcnRzLg==[\/ucaddon_uc_side_carousel_content][\/vc_column_inner][\/vc_row_inner][vc_row_inner css=&#8220;.vc_custom_1767874197540{padding: 10px !important;}&#8220;][vc_column_inner el_class=&#8220;custom-height&#8220; offset=&#8220;vc_hidden-md vc_hidden-sm vc_hidden-xs&#8220;][ucaddon_uc_side_carousel_content image=&#8220;44548&#8243; title=&#8220;Ngorongoro L\u00f6wenpfote&#8220; btn_text=&#8220;View Accomodation&#8220; link=&#8220;https:\/\/karibucamps.com\/lions-paw\/&#8220; uc_fonts_data=&#8220;JTdCJTdE&#8220;]QW4lMjBleHBsaWNpdCUyMHZpZXclMjBvZiUyMHRoZSUyMGNyYWRsZWQlMjBMYWtlJTIwTWFnYWRpJTIwYXdhaXRzJTIweW91JTIwYXQlMjB0aGUlMjBMaW9uJUUyJTgwJTk5cyUyMFBhdyUyMGVhc3QlMjBvZiUyME5nb3Jvbmdvcm8lRTIlODAlOTlzJTIwY2FsZGVyYS4lMjBDcmVhdGUlMjB1bmZvcmdldHRhYmxlJTIwbWVtb3JpZXMlMjB3aXRoJTIwdmlld3MlMjBvZiUyMGxhcmdlJTIwdHVza2VkJTIwZWxlcGhhbnRzJTIwYW5kJTIwdGhlJTIwZW5kYW5nZXJlZCUyMGJsYWNrJTIwcmhpbm9zJTIwdXNpbmclMjB5b3VyJTIwYmlub2N1bGFycyUyMGZyb20lMjB0aGUlMjBiYXIlMjBhbmQlMjBsb3VuZ2UlMjBhcmVhLiUyMC4=[\/ucaddon_uc_side_carousel_content][\/vc_column_inner][\/vc_row_inner][vc_row_inner css=&#8220;.vc_custom_1767874197540{padding: 10px !important;}&#8220;][vc_column_inner el_class=&#8220;custom-height&#8220; offset=&#8220;vc_hidden-md vc_hidden-sm vc_hidden-xs&#8220;][ucaddon_uc_side_carousel_content image=&#8220;44782&#8243; title=&#8220;Ngorongoro Rim Lodge&#8220; btn_text=&#8220;View Accomodation&#8220; link=&#8220;https:\/\/tnshospitality.co.tz\/ngorongoro-rim-lodge\/&#8220; uc_init_settings=&#8220;&#8220; uc_fonts_data=&#8220;JTdCJTdE&#8220;]QSUyMGNvbnRlbXBvcmFyeSUyMHNhZmFyaSUyMHN0YXklMjB0aGF0JTIwZW1waGFzaXplcyUyMGJvdGglMjBjb21mb3J0JTIwYW5kJTIwYSUyMGRpcmVjdCUyMGNvbm5lY3Rpb24lMjB0byUyMHRoZSUyMHN1cnJvdW5kaW5nJTIwd2lsZGVybmVzcy4lMjBJdHMlMjBwb3NpdGlvbiUyMG5lYXIlMjB0aGUlMjBMZW1hbGElMjBHYXRlJTIwYWxsb3dzJTIwZm9yJTIwcXVpY2slMjBhY2Nlc3MlMjB0byUyMHRoZSUyMGNyYXRlciUyMGZsb29yJTJDJTIwbWFraW5nJTIwaXQlMjBhJTIwc3RyYXRlZ2ljJTIwY2hvaWNlJTIwZm9yJTIwZWFybHktbW9ybmluZyUyMGdhbWUlMjBkcml2ZXMu[\/ucaddon_uc_side_carousel_content][\/vc_column_inner][\/vc_row_inner][vc_row_inner css=&#8220;.vc_custom_1767874197540{padding: 10px !important;}&#8220;][vc_column_inner el_class=&#8220;custom-height&#8220; offset=&#8220;vc_hidden-lg&#8220;][vc_headings style=&#8220;theme2&#8243; borderclr=&#8220;#890000&#8243; title=&#8220;Ngorongoro Serena Safari Lodge&#8220; align=&#8220;left&#8220; google_fonts=&#8220;font_family:Quicksand%3A300%2Cregular%2C700|font_style:400%20regular%3A400%3Anormal&#8220; titleclr=&#8220;#000000&#8243;]masterclass in organic architecture, constructed from local river stone and covered in sprawling vines to blend seamlessly into the prehistoric landscape. It offers an immersive experience where the history of the &#8222;Cradle of Mankind&#8220; is reflected in every hand-carved detail and cave-painting-inspired mural.[\/vc_headings][vc_btn title=&#8220;Unterk\u00fcnfte ansehen&#8220; style=&#8220;outline-custom&#8220; outline_custom_color=&#8220;#890000&#8243; outline_custom_hover_background=&#8220;#890000&#8243; outline_custom_hover_text=&#8220;#ffffff&#8220; shape=&#8220;square&#8220; size=&#8220;sm&#8220; i_align=&#8220;right&#8220; i_icon_fontawesome=&#8220;fas fa-angle-right&#8220; add_icon=&#8220;true&#8220; css=&#8220;.vc_custom_1771229720362{padding-top: 10px !important;padding-right: 10px !important;padding-bottom: 10px !important;}&#8220; link=&#8220;url:https%3A%2F%2Fwww.serenahotels.com%2Fngorongoro|&#8220;][\/vc_column_inner][\/vc_row_inner][vc_row_inner css=&#8220;.vc_custom_1767874197540{padding: 10px !important;}&#8220;][vc_column_inner el_class=&#8220;custom-height&#8220; offset=&#8220;vc_hidden-lg&#8220;][vc_headings style=&#8220;theme2&#8243; borderclr=&#8220;#890000&#8243; title=&#8220;Ngorongoro Tortilis Camp&#8220; align=&#8220;left&#8220; google_fonts=&#8220;font_family:Quicksand%3A300%2Cregular%2C700|font_style:400%20regular%3A400%3Anormal&#8220; titleclr=&#8220;#000000&#8243;]A <span class=\"citation-53 citation-end-53\"> boutique, eco-friendly tented camp located within the Ngorongoro Conservation Area in Tanzania.<\/span> <span class=\"citation-52 citation-end-52\">It is designed to offer a &#8222;glamping&#8220; experience that balances raw wilderness with modern comforts.<\/span>[\/vc_headings][vc_btn title=&#8220;Unterk\u00fcnfte ansehen&#8220; style=&#8220;outline-custom&#8220; outline_custom_color=&#8220;#890000&#8243; outline_custom_hover_background=&#8220;#890000&#8243; outline_custom_hover_text=&#8220;#ffffff&#8220; shape=&#8220;square&#8220; size=&#8220;sm&#8220; i_align=&#8220;right&#8220; i_icon_fontawesome=&#8220;fas fa-angle-right&#8220; add_icon=&#8220;true&#8220; css=&#8220;.vc_custom_1771229798680{padding-top: 10px !important;padding-right: 10px !important;padding-bottom: 10px !important;}&#8220; link=&#8220;url:https%3A%2F%2Fwww.tortiliscamps.com%2Fngorongoro-tortilis-camp%2F|&#8220;][\/vc_column_inner][\/vc_row_inner][vc_row_inner css=&#8220;.vc_custom_1767874197540{padding: 10px !important;}&#8220;][vc_column_inner el_class=&#8220;custom-height&#8220; offset=&#8220;vc_hidden-lg&#8220;][vc_headings style=&#8220;theme2&#8243; borderclr=&#8220;#890000&#8243; title=&#8220;Ngorongoro Lion&#8217;s Paw&#8220; align=&#8220;left&#8220; google_fonts=&#8220;font_family:Quicksand%3A300%2Cregular%2C700|font_style:400%20regular%3A400%3Anormal&#8220; titleclr=&#8220;#000000&#8243;]\n<p data-path-to-node=\"13,2,1,0,0\">An explicit view of the cradled Lake Magadi awaits you at the Lion\u2019s Paw east of Ngorongoro\u2019s caldera. Create unforgettable memories with views of large tusked elephants and the endangered black rhinos using your binoculars from the bar and lounge area. .<\/p>\n[\/vc_headings][vc_btn title=&#8220;Unterk\u00fcnfte ansehen&#8220; style=&#8220;outline-custom&#8220; outline_custom_color=&#8220;#890000&#8243; outline_custom_hover_background=&#8220;#890000&#8243; outline_custom_hover_text=&#8220;#ffffff&#8220; shape=&#8220;square&#8220; size=&#8220;sm&#8220; i_align=&#8220;right&#8220; i_icon_fontawesome=&#8220;fas fa-angle-right&#8220; add_icon=&#8220;true&#8220; css=&#8220;.vc_custom_1771230002737{padding-top: 10px !important;padding-right: 10px !important;padding-bottom: 10px !important;}&#8220; link=&#8220;url:https%3A%2F%2Fkaribucamps.com%2Flions-paw%2F|&#8220;][\/vc_column_inner][\/vc_row_inner][vc_row_inner css=&#8220;.vc_custom_1767874197540{padding: 10px !important;}&#8220;][vc_column_inner el_class=&#8220;custom-height&#8220; offset=&#8220;vc_hidden-lg&#8220;][vc_headings style=&#8220;theme2&#8243; borderclr=&#8220;#890000&#8243; title=&#8220;Ngorongoro Rim Lodge&#8220; align=&#8220;left&#8220; google_fonts=&#8220;font_family:Quicksand%3A300%2Cregular%2C700|font_style:400%20regular%3A400%3Anormal&#8220; titleclr=&#8220;#000000&#8243; caption_url=&#8220;&#8220; caption_urls=&#8220;&#8220; caption_urlss=&#8220;&#8220; caption_urldesc=&#8220;&#8220;]\n<p data-path-to-node=\"13,2,1,0,0\">A contemporary safari stay that emphasizes both comfort and a direct connection to the surrounding wilderness. Its position near the Lemala Gate allows for quick access to the crater floor, making it a strategic choice for early-morning game drives.<\/p>\n[\/vc_headings][vc_btn title=&#8220;Unterk\u00fcnfte ansehen&#8220; style=&#8220;outline-custom&#8220; outline_custom_color=&#8220;#890000&#8243; outline_custom_hover_background=&#8220;#890000&#8243; outline_custom_hover_text=&#8220;#ffffff&#8220; shape=&#8220;square&#8220; size=&#8220;sm&#8220; i_align=&#8220;right&#8220; i_icon_fontawesome=&#8220;fas fa-angle-right&#8220; add_icon=&#8220;true&#8220; css=&#8220;.vc_custom_1771243987724{padding-top: 10px !important;padding-right: 10px !important;padding-bottom: 10px !important;}&#8220; link=&#8220;url:https%3A%2F%2Ftnshospitality.co.tz%2Fngorongoro-rim-lodge%2F|&#8220;][\/vc_column_inner][\/vc_row_inner][\/vc_tta_section][vc_tta_section title=&#8220;Aktivit\u00e4ten&#8220; tab_id=&#8220;1767601538075-7b6924d3-776e&#8220;][info_list_father listclr=&#8220;#f8f8f8&#8243;][info_list_son style=&#8220;icon&#8220; size=&#8220;0&#8243; width=&#8220;0&#8243; height=&#8220;0&#8243; titleclr=&#8220;#f8f8f8&#8243; iconclr=&#8220;#f8f8f8&#8243; borderclr=&#8220;#f8f8f8&#8243;]\n<p data-path-to-node=\"12,0,0\"><strong>Der Crater Rim Walk: Steige<\/strong><b data-path-to-node=\"12,0,0\" data-index-in-node=\"0\"> aus dem 4&#215;4 und sp\u00fcre die Erde unter deinen Stiefeln.<\/b> Angef\u00fchrt von einem bewaffneten Ranger verfolgst du die &#8222;Mikro-Wildtiere&#8220; und Heilpflanzen, die von den Maasai verwendet werden, und beh\u00e4ltst dabei einen wachsamen Blick auf den Horizont.<\/p>\n<p data-path-to-node=\"12,1,0\"><strong>Die Empakaai-Wanderung<\/strong><b data-path-to-node=\"12,1,0\" data-index-in-node=\"0\">:<\/b> Ein verstecktes Juwel. <span class=\"citation-40 citation-end-40\">Wandern Sie hinab in den Empakaai-Krater, um einen tiefblauen, alkalischen See zu finden, in dem sich Tausende von Flamingos in einem abgelegenen, von Wald umgebenen Schutzgebiet versammeln.<\/span><\/p>\n<p data-path-to-node=\"12,2,0\"><strong><span class=\"citation-39\">Kulturelle Symbiose<\/span><\/strong><b data-path-to-node=\"12,2,0\" data-index-in-node=\"0\"><span class=\"citation-39\">:<\/span><\/b><span class=\"citation-39\"> Besuchen Sie einen <\/span><b data-path-to-node=\"12,2,0\" data-index-in-node=\"28\"><span class=\"citation-39\">Maasai-Boma<\/span><\/b><span class=\"citation-39 citation-end-39\">.<\/span> Das ist kein Museum; Es ist ein lebendiges Dorf. Lerne die Kunst der Perlenarbeit, die Bedeutung des &#8222;Adumu&#8220; (Sprungtanz) und wie dieser uralte Stamm dieses Land seit Jahrhunderten besch\u00fctzt.<\/p>\n<p data-path-to-node=\"12,3,0\"><strong>Tour durch die Olduvai-Schlucht<\/strong><b data-path-to-node=\"12,3,0\" data-index-in-node=\"0\">:<\/b> Stehen Sie an der Stelle der wichtigsten arch\u00e4ologischen Funde der Welt und besuchen Sie das Museum, um den &#8222;Zinj&#8220;-Sch\u00e4del zu sehen \u2013 das Gesicht unseres 1,8 Millionen Jahre alten Verwandten.<\/p>\n[\/info_list_son][\/info_list_father][\/vc_tta_section][\/vc_tta_tabs][\/vc_column][\/vc_row]\n","protected":false},"excerpt":{"rendered":"<p>[vc_row full_width=&#8220;stretch_row&#8220; gap=&#8220;1&#8243;][vc_column parallax=&#8220;content-moving&#8220; parallax_image=&#8220;14647&#8243; css=&#8220;.vc_custom_1771227154929{padding-top: 80px !important;padding-right: 80px !important;padding-bottom: 80px !important;padding-left: 80px !important;}&#8220;][vc_custom_heading text=&#8220;Ngorongoro-Schutzgebiet&#8220; font_container=&#8220;tag:h1|font_size:32|text_align:left|color:%23ffffff&#8220; google_fonts=&#8220;font_family:Quicksand%3A300%2Cregular%2C700|font_style:400%20regular%3A400%3Anormal&#8220; el_class=&#8220;banner-txt&#8220;][vc_separator color=&#8220;custom&#8220; align=&#8220;align_left&#8220; border_width=&#8220;2&#8243; el_width=&#8220;20&#8243; accent_color=&#8220;#f8f8f8&#8243;][vc_custom_heading text=&#8220;Tansania&#8220; font_container=&#8220;tag:h2|font_size:18|text_align:left|color:%23ffffff&#8220; google_fonts=&#8220;font_family:Quicksand%3A300%2Cregular%2C700|font_style:400%20regular%3A400%3Anormal&#8220; el_class=&#8220;banner-txt&#8220;][\/vc_column][\/vc_row][vc_row][vc_column css=&#8220;.vc_custom_1673438873315{border-top-width: 10px !important;border-right-width: 10px !important;border-bottom-width: 10px !important;border-left-width: 10px !important;}&#8220;][vc_tta_tabs shape=&#8220;square&#8220; color=&#8220;juicy-pink&#8220; alignment=&#8220;center&#8220; active_section=&#8220;1&#8243; no_fill_content_area=&#8220;true&#8220;][vc_tta_section title=&#8220;\u00dcberblick&#8220; tab_id=&#8220;1633454673222-3d94f956-010c&#8220;][info_list_father listclr=&#8220;#f8f8f8&#8243;][info_list_son style=&#8220;icon&#8220; size=&#8220;20&#8243; width=&#8220;30&#8243; height=&#8220;20&#8243; titleclr=&#8220;#890000&#8243; icon=&#8220;fas fa-map-marked&#8220; iconclr=&#8220;#890000&#8243; iconbg=&#8220;#f8f8f8&#8243; borderclr=&#8220;#f8f8f8&#8243; title=&#8220;Ein [&hellip;]<\/p>\n","protected":false},"author":2,"featured_media":0,"parent":27929,"menu_order":16,"comment_status":"closed","ping_status":"closed","template":"","meta":{"_themeisle_gutenberg_block_has_review":false,"footnotes":""},"class_list":["post-44570","page","type-page","status-publish","hentry"],"_links":{"self":[{"href":"https:\/\/demo.mufasatoursandtravels.com\/de\/wp-json\/wp\/v2\/pages\/44570","targetHints":{"allow":["GET"]}}],"collection":[{"href":"https:\/\/demo.mufasatoursandtravels.com\/de\/wp-json\/wp\/v2\/pages"}],"about":[{"href":"https:\/\/demo.mufasatoursandtravels.com\/de\/wp-json\/wp\/v2\/types\/page"}],"author":[{"embeddable":true,"href":"https:\/\/demo.mufasatoursandtravels.com\/de\/wp-json\/wp\/v2\/users\/2"}],"replies":[{"embeddable":true,"href":"https:\/\/demo.mufasatoursandtravels.com\/de\/wp-json\/wp\/v2\/comments?post=44570"}],"version-history":[{"count":6,"href":"https:\/\/demo.mufasatoursandtravels.com\/de\/wp-json\/wp\/v2\/pages\/44570\/revisions"}],"predecessor-version":[{"id":44790,"href":"https:\/\/demo.mufasatoursandtravels.com\/de\/wp-json\/wp\/v2\/pages\/44570\/revisions\/44790"}],"up":[{"embeddable":true,"href":"https:\/\/demo.mufasatoursandtravels.com\/de\/wp-json\/wp\/v2\/pages\/27929"}],"wp:attachment":[{"href":"https:\/\/demo.mufasatoursandtravels.com\/de\/wp-json\/wp\/v2\/media?parent=44570"}],"curies":[{"name":"wp","href":"https:\/\/api.w.org\/{rel}","templated":true}]}}