{"id":44633,"date":"2026-02-16T11:55:25","date_gmt":"2026-02-16T08:55:25","guid":{"rendered":"https:\/\/demo.mufasatoursandtravels.com\/flugziele\/tarangire-nationalpark-2\/"},"modified":"2026-02-16T12:01:23","modified_gmt":"2026-02-16T09:01:23","slug":"tarangire-nationalpark-2","status":"publish","type":"page","link":"https:\/\/demo.mufasatoursandtravels.com\/de\/flugziele\/tarangire-nationalpark-2\/","title":{"rendered":"Tarangire Nationalpark"},"content":{"rendered":"[vc_row full_width=&#8220;stretch_row&#8220; gap=&#8220;1&#8243;][vc_column parallax=&#8220;content-moving&#8220; parallax_image=&#8220;44652&#8243; parallax_speed_bg=&#8220;1.9&#8243; css=&#8220;.vc_custom_1771232635089{padding-top: 80px !important;padding-right: 80px !important;padding-bottom: 80px !important;padding-left: 80px !important;}&#8220;][vc_custom_heading text=&#8220;Tarangire Nationalpark&#8220; font_container=&#8220;tag:h1|font_size:32|text_align:left|color:%23ffffff&#8220; google_fonts=&#8220;font_family:Quicksand%3A300%2Cregular%2C700|font_style:400%20regular%3A400%3Anormal&#8220; el_class=&#8220;banner-txt&#8220;][vc_separator color=&#8220;custom&#8220; align=&#8220;align_left&#8220; border_width=&#8220;2&#8243; el_width=&#8220;20&#8243; accent_color=&#8220;#f8f8f8&#8243;][vc_custom_heading text=&#8220;Tansania&#8220; font_container=&#8220;tag:h2|font_size:18|text_align:left|color:%23ffffff&#8220; google_fonts=&#8220;font_family:Quicksand%3A300%2Cregular%2C700|font_style:400%20regular%3A400%3Anormal&#8220; el_class=&#8220;banner-txt&#8220;][\/vc_column][\/vc_row][vc_row][vc_column css=&#8220;.vc_custom_1673438873315{border-top-width: 10px !important;border-right-width: 10px !important;border-bottom-width: 10px !important;border-left-width: 10px !important;}&#8220;][vc_tta_tabs shape=&#8220;square&#8220; color=&#8220;juicy-pink&#8220; alignment=&#8220;center&#8220; active_section=&#8220;1&#8243; no_fill_content_area=&#8220;true&#8220;][vc_tta_section title=&#8220;\u00dcberblick&#8220; tab_id=&#8220;1633454673222-3d94f956-010c&#8220;][info_list_father listclr=&#8220;#f8f8f8&#8243;][info_list_son style=&#8220;icon&#8220; size=&#8220;20&#8243; width=&#8220;30&#8243; height=&#8220;20&#8243; titleclr=&#8220;#890000&#8243; icon=&#8220;fas fa-map-marked&#8220; iconclr=&#8220;#890000&#8243; iconbg=&#8220;#f8f8f8&#8243; borderclr=&#8220;#f8f8f8&#8243; title=&#8220;Das Land der Riesen&#8220; caption_url=&#8220;&#8220;]\n<p data-path-to-node=\"5\"><span class=\"citation-111 citation-end-111\">Mit einer Fl\u00e4che von 2.850 Quadratkilometern ist er der sechstgr\u00f6\u00dfte Park Tansanias, bleibt aber einer der am meisten untersch\u00e4tzten.<\/span> <span class=\"citation-110\">Er ist nach dem <\/span><em><b data-path-to-node=\"4\" data-index-in-node=\"183\"><span class=\"citation-110\">Tarangire-Fluss<\/span><\/b><\/em> benannt<span class=\"citation-110 citation-end-110\">, der lebensspendenden Ader, die durch das Herz des Parks f\u00fchrt.<\/span> <span class=\"citation-109 citation-end-109\">W\u00e4hrend andere Regionen zu Staub austrocknen, bleibt dieser Fluss ein dauerhaftes Schutzgebiet, das Tausende von Tieren aus der gesamten Maasai-Steppe anzieht.<\/span> <span class=\"citation-108 citation-end-108\">Es ist ein zerkl\u00fcftetes, &#8222;Au\u00dferhalb Afrikas&#8220;-Gel\u00e4nde mit sanften H\u00fcgeln, roten Termitenh\u00fcgeln und den ikonischen, aufgebl\u00e4hten St\u00e4mmen des &#8222;Baums des Lebens&#8220; \u2013 dem Baobab.<\/span><\/p>\n[\/info_list_son][info_list_son style=&#8220;icon&#8220; size=&#8220;20&#8243; width=&#8220;30&#8243; height=&#8220;20&#8243; titleclr=&#8220;#890000&#8243; icon=&#8220;fas fa-route&#8220; iconclr=&#8220;#890000&#8243; iconbg=&#8220;#f8f8f8&#8243; borderclr=&#8220;#f8f8f8&#8243; title=&#8220;Was dich erwartet&#8220; caption_url=&#8220;&#8220;]\n<ul>\n<li>\n<p data-path-to-node=\"6,0,0\"><strong><span class=\"citation-107\">Das Elefantenk\u00f6nigreich<\/span><\/strong><b data-path-to-node=\"6,0,0\" data-index-in-node=\"0\"><span class=\"citation-107\">:<\/span><\/b><span class=\"citation-107 citation-end-107\"> Dies ist die Elefantenhauptstadt der Welt.<\/span> <span class=\"citation-106\">Es ist nicht ungew\u00f6hnlich, Herden von \u00fcber <\/span><span class=\"citation-106\">300 Individuen<\/span> zu sehen, <span class=\"citation-106 citation-end-106\"> die wie eine langsame, graue Flut durch das goldene Gras ziehen.<\/span><\/p>\n<\/li>\n<li>\n<p data-path-to-node=\"6,1,0\"><strong><span class=\"citation-105\">Der Raubtier-Barsch:<\/span><\/strong><b data-path-to-node=\"6,1,0\" data-index-in-node=\"0\"><span class=\"citation-105\"><\/span><span class=\"citation-105 citation-end-105\"> W\u00e4hrend der Lake Manyara ber\u00fchmt f\u00fcr kletternde L\u00f6wen ist, sind die L\u00f6wen und Leoparden von Tarangire oft \u00fcber den \u00c4sten von Wurstb\u00e4umen h\u00e4ngend oder versteckt in dichten Flussdickichten zu finden, wartend darauf, dass die Herden trinken.<\/span><\/b><\/p>\n<\/li>\n<li>\n<p data-path-to-node=\"6,2,0\"><strong><span class=\"citation-104\">Der Silale-Sumpf<\/span><\/strong><b data-path-to-node=\"6,2,0\" data-index-in-node=\"0\"><span class=\"citation-104\">:<\/span><\/b><span class=\"citation-104 citation-end-104\"> Ein lebendiger, smaragdgr\u00fcner Kontrast zu den trockenen Ebenen.<\/span> <span class=\"citation-103 citation-end-103\">Dieses riesige Feuchtgebiet wirkt wie ein riesiger Schwamm und zieht B\u00fcffel, Pythons und den seltenen Afrikanischen Wildhund an.<\/span><\/p>\n<\/li>\n<li>\n<p id=\"p-rc_68218c9b4363352b-51\" data-path-to-node=\"6,3,0\"><strong><span class=\"citation-102\">Rote Erde &amp; Blauer Himmel<\/span><\/strong><b data-path-to-node=\"6,3,0\" data-index-in-node=\"0\"><span class=\"citation-102\">:<\/span><\/b><span class=\"citation-102 citation-end-102\"> Der Boden hier ist ein sattes, oxidiertes Rot.<\/span> Vor dem Hintergrund eines strahlend blauen Himmels und der pr\u00e4historischen Silhouetten der Baobabs sieht jedes Foto aus wie ein National Geographic-Cover.<\/p>\n<\/li>\n<\/ul>\n[\/info_list_son][info_list_son style=&#8220;icon&#8220; size=&#8220;20&#8243; width=&#8220;30&#8243; height=&#8220;20&#8243; titleclr=&#8220;#890000&#8243; icon=&#8220;far fa-check-circle&#8220; iconclr=&#8220;#890000&#8243; iconbg=&#8220;#f8f8f8&#8243; borderclr=&#8220;#f8f8f8&#8243; title=&#8220;Beste Zeit zum Besuch&#8220; caption_url=&#8220;&#8220;]\n<ul>\n<li>\n<p data-path-to-node=\"8,0,0\"><strong><span class=\"citation-101\">Die Gro\u00dfe Zusammenkunft<\/span><\/strong><b data-path-to-node=\"8,0,0\" data-index-in-node=\"0\"><span class=\"citation-101\"> :<\/span><\/b><span class=\"citation-101 citation-end-101\"> Dies ist der Gipfel von Tarangire.<\/span> <span class=\"citation-100 citation-end-100\">W\u00e4hrend die umliegenden Gebiete austrocknen, wird die Tierwelt zum Tarangire-Fluss &#8222;gedr\u00e4ngt&#8220;.<\/span> <span class=\"citation-99 citation-end-99\">Die schiere Tierdichte in diesen Monaten kann mit der Serengeti konkurrieren, allerdings ohne Menschenmengen.<\/span><\/p>\n<\/li>\n<li>\n<p data-path-to-node=\"8,1,0\"><strong><span class=\"citation-98 interactive-span-hovered\">The Emerald<\/span><\/strong><b data-path-to-node=\"8,1,0\" data-index-in-node=\"0\"><span class=\"citation-98 interactive-span-hovered\"> Song:<\/span><\/b><span class=\"citation-98 citation-end-98 interactive-span-hovered\"> Die &#8222;Gr\u00fcne Jahreszeit&#8220; verwandelt den Park in ein \u00fcppiges Paradies.<\/span> <span class=\"citation-97\">W\u00e4hrend sich einige Herden zerstreuten, wird er zur <\/span><em><span class=\"citation-97\">Vogelbeobachtungshauptstadt Tansanias<\/span><\/em> <span class=\"citation-97 citation-end-97\">mit \u00fcber 550 Arten.<\/span> Dies ist die Zeit f\u00fcr Fotografen, die lebendige Farben, neugeborene K\u00e4lber und einen Park wollen, der sich ganz eigenst\u00e4ndig anf\u00fchlt.<\/p>\n<div class=\"source-inline-chip-container ng-star-inserted\"><\/div>\n<\/li>\n<\/ul>\n[\/info_list_son][\/info_list_father][\/vc_tta_section][vc_tta_section title=&#8220;Unterkunft&#8220; tab_id=&#8220;1633455601016-f93699bc-5d92&#8243;][vc_row_inner css=&#8220;.vc_custom_1767874197540{padding: 10px !important;}&#8220;][vc_column_inner el_class=&#8220;custom-height&#8220; offset=&#8220;vc_hidden-md vc_hidden-sm vc_hidden-xs&#8220;][ucaddon_uc_side_carousel_content image=&#8220;44605&#8243; title=&#8220;Tarangire-Baumkronen&#8220; btn_text=&#8220;View Accomodation&#8220; link=&#8220;https:\/\/www.elewanacollection.com\/tarangire-treetops\/at-a-glance&#8220; uc_init_settings=&#8220;&#8220; uc_fonts_data=&#8220;JTdCJTdE&#8220;]Rm9yJTIwdGhlJTIwdWx0aW1hdGUlMjAlMjJjaGlsZGhvb2QlMjBkcmVhbSUyMiUyMGV4cGVyaWVuY2UuJTIwU3RheSUyMGluJTIwbHV4dXJ5JTIwcm9vbXMlMjBidWlsdCUyMGhpZ2glMjBpbnRvJTIwdGhlJTIwYnJhbmNoZXMlMjBvZiUyMGFuY2llbnQlMjBCYW9iYWIlMjBhbmQlMjBNYXJ1bGElMjB0cmVlcyUyQyUyMG9mZmVyaW5nJTIwYSUyMHZpZXclMjBvZiUyMHRoZSUyMGNhbm9weSUyMGFuZCUyMHRoZSUyMHN0YXJzLg==[\/ucaddon_uc_side_carousel_content][\/vc_column_inner][\/vc_row_inner][vc_row_inner css=&#8220;.vc_custom_1767874197540{padding: 10px !important;}&#8220;][vc_column_inner el_class=&#8220;custom-height&#8220; offset=&#8220;vc_hidden-md vc_hidden-sm vc_hidden-xs&#8220;][ucaddon_uc_side_carousel_content image=&#8220;44611&#8243; title=&#8220;Ang&#8217;ata Tarangire Lager&#8220; btn_text=&#8220;View Accomodation&#8220; link=&#8220;https:\/\/www.angatacamps.com\/tarangire&#8220; uc_init_settings=&#8220;&#8220; uc_fonts_data=&#8220;JTdCJTdE&#8220;]QW4lMjBpbnRpbWF0ZSUyQyUyMGx1eHVyeSUyMHRlbnRlZCUyMGNhbXAlMjBsb2NhdGVkJTIwaW4lMjB0aGUlMjBoZWFydCUyMG9mJTIwdGhlJTIwcGFyay4lMjBJdCVFMiU4MCU5OXMlMjBwZXJmZWN0JTIwZm9yJTIwdGhvc2UlMjB3aG8lMjB3YW50JTIwdG8lMjBoZWFyJTIwdGhlJTIwbmlnaHRseSUyMCUyMmNvbnZlcnNhdGlvbiUyMiUyMG9mJTIwdGhlJTIwYnVzaCUyMGZyb20lMjB0aGUlMjBjb21mb3J0JTIwb2YlMjBhJTIwcGx1c2glMjBiZWQu[\/ucaddon_uc_side_carousel_content][\/vc_column_inner][\/vc_row_inner][vc_row_inner css=&#8220;.vc_custom_1767874197540{padding: 10px !important;}&#8220;][vc_column_inner el_class=&#8220;custom-height&#8220; offset=&#8220;vc_hidden-md vc_hidden-sm vc_hidden-xs&#8220;][ucaddon_uc_side_carousel_content image=&#8220;44623&#8243; title=&#8220;Tarangire Sopa Lodge&#8220; btn_text=&#8220;View Accomodation&#8220; link=&#8220;https:\/\/www.sopalodges.com\/tarangire-sopa-lodge\/the-lodge&#8220; uc_init_settings=&#8220;&#8220; uc_fonts_data=&#8220;JTdCJTdE&#8220;]SGlkZGVuJTIwYW1vbmclMjBtYXJibGUtdG9wcGVkJTIwa29wamVzJTJDJTIwdGhpcyUyMGxvZGdlJTIwaXMlMjBkZXNpZ25lZCUyMHRvJTIwYmxlbmQlMjBpbnRvJTIwdGhlJTIwbGFuZHNjYXBlJTJDJTIwb2ZmZXJpbmclMjBhJTIwY29vbCUyQyUyMGNpcmN1bGFyJTIwb2FzaXMlMjB3aXRoJTIwYSUyMHdvcmxkLWNsYXNzJTIwaW5maW5pdHklMjBwb29sLg==[\/ucaddon_uc_side_carousel_content][\/vc_column_inner][\/vc_row_inner][vc_row_inner css=&#8220;.vc_custom_1767874197540{padding: 10px !important;}&#8220;][vc_column_inner el_class=&#8220;custom-height&#8220; offset=&#8220;vc_hidden-lg&#8220;][vc_headings style=&#8220;theme2&#8243; borderclr=&#8220;#890000&#8243; title=&#8220;Tarangire Treetops&#8220; align=&#8220;left&#8220; google_fonts=&#8220;font_family:Quicksand%3A300%2Cregular%2C700|font_style:400%20regular%3A400%3Anormal&#8220; titleclr=&#8220;#000000&#8243; caption_url=&#8220;&#8220; caption_urls=&#8220;&#8220; caption_urlss=&#8220;&#8220; caption_urldesc=&#8220;&#8220;]For the ultimate &#8222;childhood dream&#8220; experience. <span class=\"citation-96 citation-end-96\">Stay in luxury rooms built high into the branches of ancient Baobab and Marula trees, offering a view of the canopy and the stars.<\/span>[\/vc_headings][vc_btn title=&#8220;Unterk\u00fcnfte ansehen&#8220; style=&#8220;outline-custom&#8220; outline_custom_color=&#8220;#890000&#8243; outline_custom_hover_background=&#8220;#890000&#8243; outline_custom_hover_text=&#8220;#ffffff&#8220; shape=&#8220;square&#8220; size=&#8220;sm&#8220; i_align=&#8220;right&#8220; i_icon_fontawesome=&#8220;fas fa-angle-right&#8220; add_icon=&#8220;true&#8220; css=&#8220;.vc_custom_1771232006141{padding-top: 10px !important;padding-right: 10px !important;padding-bottom: 10px !important;}&#8220; link=&#8220;url:https%3A%2F%2Fwww.elewanacollection.com%2Ftarangire-treetops%2Fat-a-glance|&#8220;][\/vc_column_inner][\/vc_row_inner][vc_row_inner css=&#8220;.vc_custom_1767874197540{padding: 10px !important;}&#8220;][vc_column_inner el_class=&#8220;custom-height&#8220; offset=&#8220;vc_hidden-lg&#8220;][vc_headings style=&#8220;theme2&#8243; borderclr=&#8220;#890000&#8243; title=&#8220;Ang&#8217;ata Tarangire Camp&#8220; align=&#8220;left&#8220; google_fonts=&#8220;font_family:Quicksand%3A300%2Cregular%2C700|font_style:400%20regular%3A400%3Anormal&#8220; titleclr=&#8220;#000000&#8243; caption_url=&#8220;&#8220; caption_urls=&#8220;&#8220; caption_urlss=&#8220;&#8220; caption_urldesc=&#8220;&#8220;]<span class=\"citation-95 citation-end-95 interactive-span-hovered\">An intimate, luxury tented camp located in the heart of the park.<\/span> It\u2019s perfect for those who want to hear the nightly &#8222;conversation&#8220; of the bush from the comfort of a plush bed.[\/vc_headings][vc_btn title=&#8220;Unterk\u00fcnfte ansehen&#8220; style=&#8220;outline-custom&#8220; outline_custom_color=&#8220;#890000&#8243; outline_custom_hover_background=&#8220;#890000&#8243; outline_custom_hover_text=&#8220;#ffffff&#8220; shape=&#8220;square&#8220; size=&#8220;sm&#8220; i_align=&#8220;right&#8220; i_icon_fontawesome=&#8220;fas fa-angle-right&#8220; add_icon=&#8220;true&#8220; css=&#8220;.vc_custom_1771232070225{padding-top: 10px !important;padding-right: 10px !important;padding-bottom: 10px !important;}&#8220; link=&#8220;url:https%3A%2F%2Fwww.angatacamps.com%2Ftarangire|&#8220;][\/vc_column_inner][\/vc_row_inner][vc_row_inner css=&#8220;.vc_custom_1767874197540{padding: 10px !important;}&#8220;][vc_column_inner el_class=&#8220;custom-height&#8220; offset=&#8220;vc_hidden-lg&#8220;][vc_headings style=&#8220;theme2&#8243; borderclr=&#8220;#890000&#8243; title=&#8220;Tarangire Sopa Lodge&#8220; align=&#8220;left&#8220; google_fonts=&#8220;font_family:Quicksand%3A300%2Cregular%2C700|font_style:400%20regular%3A400%3Anormal&#8220; titleclr=&#8220;#000000&#8243; caption_url=&#8220;&#8220; caption_urls=&#8220;&#8220; caption_urlss=&#8220;&#8220; caption_urldesc=&#8220;&#8220;]\n<p data-path-to-node=\"13,2,1,0,0\">Hidden among marble-topped kopjes, this lodge is designed to blend into the landscape, offering a cool, circular oasis with a world-class infinity pool.<\/p>\n[\/vc_headings][vc_btn title=&#8220;Unterk\u00fcnfte ansehen&#8220; style=&#8220;outline-custom&#8220; outline_custom_color=&#8220;#890000&#8243; outline_custom_hover_background=&#8220;#890000&#8243; outline_custom_hover_text=&#8220;#ffffff&#8220; shape=&#8220;square&#8220; size=&#8220;sm&#8220; i_align=&#8220;right&#8220; i_icon_fontawesome=&#8220;fas fa-angle-right&#8220; add_icon=&#8220;true&#8220; css=&#8220;.vc_custom_1771232151123{padding-top: 10px !important;padding-right: 10px !important;padding-bottom: 10px !important;}&#8220; link=&#8220;url:https%3A%2F%2Fwww.sopalodges.com%2Ftarangire-sopa-lodge%2Fthe-lodge|&#8220;][\/vc_column_inner][\/vc_row_inner][\/vc_tta_section][vc_tta_section title=&#8220;Aktivit\u00e4ten&#8220; tab_id=&#8220;1767601538075-7b6924d3-776e&#8220;][info_list_father listclr=&#8220;#f8f8f8&#8243;][info_list_son style=&#8220;icon&#8220; size=&#8220;0&#8243; width=&#8220;0&#8243; height=&#8220;0&#8243; titleclr=&#8220;#f8f8f8&#8243; iconclr=&#8220;#f8f8f8&#8243; borderclr=&#8220;#f8f8f8&#8243; caption_url=&#8220;&#8220;]\n<ul>\n<li>\n<p data-path-to-node=\"13,0,0\"><strong>4\u00d74 Private Game Drives<\/strong><b data-path-to-node=\"13,0,0\" data-index-in-node=\"0\">:<\/b> Unsere ma\u00dfgeschneiderten Land Cruiser sind Ihre mobilen Fotostudios. Mit aufklappbaren D\u00e4chern und Expertenf\u00fchrern folgen wir den alten Elefantenpfaden, die andere \u00fcbersehen.<\/p>\n<\/li>\n<li>\n<p data-path-to-node=\"13,1,0\"><strong>Wander-Safaris<\/strong><b data-path-to-node=\"13,1,0\" data-index-in-node=\"0\">:<\/b> Steigen Sie aus dem Fahrzeug und treten Sie in den Rhythmus des Busches ein. Begleitet von einem bewaffneten Ranger lernen Sie die &#8222;Mikrogeschichten&#8220; des Parks kennen \u2013 L\u00f6wen an ihren Spuren verfolgen und die medizinischen Geheimnisse der Flora kennenlernen.<\/p>\n<\/li>\n<li>\n<p data-path-to-node=\"13,2,0\"><strong><span class=\"citation-93\">N\u00e4chtliche Wildtier-Drives<\/span><\/strong><b data-path-to-node=\"13,2,0\" data-index-in-node=\"0\"><span class=\"citation-93\">:<\/span><\/b><span class=\"citation-93 citation-end-93\"> (<em>Erh\u00e4ltlich in bestimmten Verpflegungen<\/em>).<\/span> <span class=\"citation-92 citation-end-92\">Erleben Sie die Verwandlung des Parks, als die nachtaktiven J\u00e4ger \u2013 Zibetkatzen, Genette und das schwer fassbare Erdferkel \u2013 im Rampenlicht auftauchen.<\/span><\/p>\n<\/li>\n<li>\n<p id=\"p-rc_68218c9b4363352b-58\" data-path-to-node=\"13,3,0\"><strong><span class=\"citation-91\">Kulturelle Interaktion der Maasai<\/span><\/strong><b data-path-to-node=\"13,3,0\" data-index-in-node=\"0\"><span class=\"citation-91\">:<\/span><\/b><span class=\"citation-91 citation-end-91\"> Besuchen Sie die benachbarten Bomas, um zu verstehen, wie die Maasai seit Jahrhunderten mit diesen Riesen koexistieren \u2013 eine Meisterklasse im Leben im Einklang mit der Natur<\/span><\/p>\n<\/li>\n<\/ul>\n[\/info_list_son][\/info_list_father][\/vc_tta_section][\/vc_tta_tabs][\/vc_column][\/vc_row]\n","protected":false},"excerpt":{"rendered":"<p>[vc_row full_width=&#8220;stretch_row&#8220; gap=&#8220;1&#8243;][vc_column parallax=&#8220;content-moving&#8220; parallax_image=&#8220;44652&#8243; parallax_speed_bg=&#8220;1.9&#8243; css=&#8220;.vc_custom_1771232635089{padding-top: 80px !important;padding-right: 80px !important;padding-bottom: 80px !important;padding-left: 80px !important;}&#8220;][vc_custom_heading text=&#8220;Tarangire Nationalpark&#8220; font_container=&#8220;tag:h1|font_size:32|text_align:left|color:%23ffffff&#8220; google_fonts=&#8220;font_family:Quicksand%3A300%2Cregular%2C700|font_style:400%20regular%3A400%3Anormal&#8220; el_class=&#8220;banner-txt&#8220;][vc_separator color=&#8220;custom&#8220; align=&#8220;align_left&#8220; border_width=&#8220;2&#8243; el_width=&#8220;20&#8243; accent_color=&#8220;#f8f8f8&#8243;][vc_custom_heading text=&#8220;Tansania&#8220; font_container=&#8220;tag:h2|font_size:18|text_align:left|color:%23ffffff&#8220; google_fonts=&#8220;font_family:Quicksand%3A300%2Cregular%2C700|font_style:400%20regular%3A400%3Anormal&#8220; el_class=&#8220;banner-txt&#8220;][\/vc_column][\/vc_row][vc_row][vc_column css=&#8220;.vc_custom_1673438873315{border-top-width: 10px !important;border-right-width: 10px !important;border-bottom-width: 10px !important;border-left-width: 10px !important;}&#8220;][vc_tta_tabs shape=&#8220;square&#8220; color=&#8220;juicy-pink&#8220; alignment=&#8220;center&#8220; active_section=&#8220;1&#8243; no_fill_content_area=&#8220;true&#8220;][vc_tta_section title=&#8220;\u00dcberblick&#8220; tab_id=&#8220;1633454673222-3d94f956-010c&#8220;][info_list_father listclr=&#8220;#f8f8f8&#8243;][info_list_son style=&#8220;icon&#8220; size=&#8220;20&#8243; width=&#8220;30&#8243; height=&#8220;20&#8243; titleclr=&#8220;#890000&#8243; icon=&#8220;fas fa-map-marked&#8220; iconclr=&#8220;#890000&#8243; iconbg=&#8220;#f8f8f8&#8243; [&hellip;]<\/p>\n","protected":false},"author":2,"featured_media":0,"parent":27929,"menu_order":17,"comment_status":"closed","ping_status":"closed","template":"","meta":{"_themeisle_gutenberg_block_has_review":false,"footnotes":""},"class_list":["post-44633","page","type-page","status-publish","hentry"],"_links":{"self":[{"href":"https:\/\/demo.mufasatoursandtravels.com\/de\/wp-json\/wp\/v2\/pages\/44633","targetHints":{"allow":["GET"]}}],"collection":[{"href":"https:\/\/demo.mufasatoursandtravels.com\/de\/wp-json\/wp\/v2\/pages"}],"about":[{"href":"https:\/\/demo.mufasatoursandtravels.com\/de\/wp-json\/wp\/v2\/types\/page"}],"author":[{"embeddable":true,"href":"https:\/\/demo.mufasatoursandtravels.com\/de\/wp-json\/wp\/v2\/users\/2"}],"replies":[{"embeddable":true,"href":"https:\/\/demo.mufasatoursandtravels.com\/de\/wp-json\/wp\/v2\/comments?post=44633"}],"version-history":[{"count":4,"href":"https:\/\/demo.mufasatoursandtravels.com\/de\/wp-json\/wp\/v2\/pages\/44633\/revisions"}],"predecessor-version":[{"id":44660,"href":"https:\/\/demo.mufasatoursandtravels.com\/de\/wp-json\/wp\/v2\/pages\/44633\/revisions\/44660"}],"up":[{"embeddable":true,"href":"https:\/\/demo.mufasatoursandtravels.com\/de\/wp-json\/wp\/v2\/pages\/27929"}],"wp:attachment":[{"href":"https:\/\/demo.mufasatoursandtravels.com\/de\/wp-json\/wp\/v2\/media?parent=44633"}],"curies":[{"name":"wp","href":"https:\/\/api.w.org\/{rel}","templated":true}]}}