{"id":44691,"date":"2026-02-16T12:23:35","date_gmt":"2026-02-16T09:23:35","guid":{"rendered":"https:\/\/demo.mufasatoursandtravels.com\/flugziele\/lake-manyara-nationalpark-2\/"},"modified":"2026-02-16T12:26:25","modified_gmt":"2026-02-16T09:26:25","slug":"lake-manyara-nationalpark-2","status":"publish","type":"page","link":"https:\/\/demo.mufasatoursandtravels.com\/de\/flugziele\/lake-manyara-nationalpark-2\/","title":{"rendered":"Lake Manyara Nationalpark"},"content":{"rendered":"[vc_row full_width=&#8220;stretch_row&#8220; gap=&#8220;1&#8243;][vc_column parallax=&#8220;content-moving&#8220; parallax_image=&#8220;30235&#8243; css=&#8220;.vc_custom_1771232894870{padding-top: 80px !important;padding-right: 80px !important;padding-bottom: 80px !important;padding-left: 80px !important;}&#8220;][vc_custom_heading text=&#8220;Lake Manyara Nationalpark&#8220; font_container=&#8220;tag:h1|font_size:32|text_align:left|color:%23ffffff&#8220; google_fonts=&#8220;font_family:Quicksand%3A300%2Cregular%2C700|font_style:400%20regular%3A400%3Anormal&#8220; el_class=&#8220;banner-txt&#8220;][vc_separator color=&#8220;custom&#8220; align=&#8220;align_left&#8220; border_width=&#8220;2&#8243; el_width=&#8220;20&#8243; accent_color=&#8220;#f8f8f8&#8243;][vc_custom_heading text=&#8220;Tansania&#8220; font_container=&#8220;tag:h2|font_size:18|text_align:left|color:%23ffffff&#8220; google_fonts=&#8220;font_family:Quicksand%3A300%2Cregular%2C700|font_style:400%20regular%3A400%3Anormal&#8220; el_class=&#8220;banner-txt&#8220;][\/vc_column][\/vc_row][vc_row][vc_column css=&#8220;.vc_custom_1673438873315{border-top-width: 10px !important;border-right-width: 10px !important;border-bottom-width: 10px !important;border-left-width: 10px !important;}&#8220;][vc_tta_tabs shape=&#8220;square&#8220; color=&#8220;juicy-pink&#8220; alignment=&#8220;center&#8220; active_section=&#8220;1&#8243; no_fill_content_area=&#8220;true&#8220;][vc_tta_section title=&#8220;\u00dcberblick&#8220; tab_id=&#8220;1633454673222-3d94f956-010c&#8220;][info_list_father listclr=&#8220;#f8f8f8&#8243;][info_list_son style=&#8220;icon&#8220; size=&#8220;20&#8243; width=&#8220;30&#8243; height=&#8220;20&#8243; titleclr=&#8220;#890000&#8243; icon=&#8220;fas fa-map-marked&#8220; iconclr=&#8220;#890000&#8243; iconbg=&#8220;#f8f8f8&#8243; borderclr=&#8220;#f8f8f8&#8243; title=&#8220;Ein Mikrokosmos afrikanischer Wunder&#8220; caption_url=&#8220;&#8220;]\n<p data-path-to-node=\"5\">Ein &#8222;<em>Biosph\u00e4renreservat<\/em>&#8222;, das f\u00fcnf verschiedene \u00d6kosysteme in einem relativ kleinen Gebiet vereint. <span class=\"citation-174 citation-end-174\">Es ist eine fl\u00fcssige Landschaft \u2013 fast zwei Drittel des Parks sind vom See selbst bedeckt.<\/span> <span class=\"citation-173 citation-end-173\">Ab dem Moment, in dem man eintritt, verl\u00e4sst man die trockene Savanne hinter sich und tritt in eine tropische D\u00e4mmerung aus uralten Mahagoni- und Wurstb\u00e4umen ein, die von unterirdischen Quellen gespeist werden, die den Park das ganze Jahr \u00fcber smaragdgr\u00fcn halten.<\/span><\/p>\n[\/info_list_son][info_list_son style=&#8220;icon&#8220; size=&#8220;20&#8243; width=&#8220;30&#8243; height=&#8220;20&#8243; titleclr=&#8220;#890000&#8243; icon=&#8220;fas fa-route&#8220; iconclr=&#8220;#890000&#8243; iconbg=&#8220;#f8f8f8&#8243; borderclr=&#8220;#f8f8f8&#8243; title=&#8220;Was dich erwartet&#8220; caption_url=&#8220;&#8220;]\n<ul>\n<li>\n<p data-path-to-node=\"6,0,0\"><span class=\"citation-172\"><strong>Die baumbewohnenden Akrobatik:<\/strong><\/span><span class=\"citation-172\"> Dies ist das Welthauptquartier f\u00fcr <\/span><span class=\"citation-172\">kletternde L\u00f6wen<\/span><span class=\"citation-172 citation-end-172\">.<\/span> <span class=\"citation-171 citation-end-171\">Im Gegensatz zu ihren Verwandten anderswo haben die L\u00f6wen hier die eigent\u00fcmliche Angewohnheit, ihre Nachmittage \u00fcber den stabilen \u00c4sten von Akazienb\u00e4umen zu<\/span> h\u00e4ngen. Egal, ob sie der Hitze oder den bei\u00dfenden Fliegen entkommen \u2013 ein 180 Kilogramm schweres Spitzenpr\u00e4dator, das zehn Meter \u00fcber dem Boden schl\u00e4ft, ist ein Anblick, den Sie nicht vergessen werden.<\/p>\n<\/li>\n<li>\n<p data-path-to-node=\"6,1,0\"><strong>Der Pink Fringe<\/strong>: Aus der Ferne sieht die K\u00fcste so aus, als w\u00fcrde sie leuchten. <span class=\"citation-170\">Je n\u00e4her man kommt, desto mehr l\u00f6st sich das &#8222;Leuchten&#8220; in Hunderttausende von <\/span><span class=\"citation-170\">Kleinen Flamingos<\/span> <span class=\"citation-170 citation-end-170\">auf und bildet ein vibrierendes rosa Band \u00fcber das alkalische Wasser.<\/span><\/p>\n<\/li>\n<li>\n<p data-path-to-node=\"6,2,0\"><span class=\"citation-169\"><strong>Das Pavianparlament<\/strong>:<\/span><span class=\"citation-169 citation-end-169\"> Manyara ist die Heimat einiger der gr\u00f6\u00dften Pavian-Truppen Afrikas.<\/span> Erwarten Sie, von &#8222;Stra\u00dfensperren&#8220; aus verspielten Primaten begr\u00fc\u00dft zu werden, w\u00e4hrend blaue Affen und Sykes-Affen vom Bl\u00e4tterdach herabsp\u00e4hen.<\/p>\n<\/li>\n<li>\n<p id=\"p-rc_52dcf320ab1c8269-78\" data-path-to-node=\"6,3,0\"><span class=\"citation-168\"><strong>Die sanften Riesen<\/strong>:<\/span><span class=\"citation-168 citation-end-168\"> Der Park beherbergt eine hohe Elefantendichte.<\/span> Aufgrund des dichten Waldes sind Ihre Begegnungen hier oft pl\u00f6tzlich und intim \u2013 Sie biegen um eine Ecke und finden eine Matriarchin, die nur wenige Schritte von Ihrem Fahrzeug entfernt grast<\/p>\n<\/li>\n<\/ul>\n[\/info_list_son][\/info_list_father][\/vc_tta_section][vc_tta_section title=&#8220;Unterkunft&#8220; tab_id=&#8220;1633455601016-f93699bc-5d92&#8243;][vc_row_inner css=&#8220;.vc_custom_1767874197540{padding: 10px !important;}&#8220;][vc_column_inner el_class=&#8220;custom-height&#8220; offset=&#8220;vc_hidden-md vc_hidden-sm vc_hidden-xs&#8220;][ucaddon_uc_side_carousel_content image=&#8220;44670&#8243; title=&#8220;&amp;Jenseits der Lake Manyara Tree Lodge&#8220; btn_text=&#8220;View Accomodation&#8220; link=&#8220;https:\/\/www.andbeyond.com\/our-lodges\/africa\/tanzania\/lake-manyara-national-park\/andbeyond-lake-manyara-tree-lodge\/?utm_source=google&amp;utm_medium=organic&amp;utm_campaign=organic-global-bofu-gmb-listing-lake-manyara-tree-lodge&#8220; uc_init_settings=&#8220;&#8220; uc_fonts_data=&#8220;JTdCJTdE&#8220;]VGhlJTIwcGlubmFjbGUlMjBvZiUyMGx1eHVyeS4lMjBUaGVzZSUyMGFyZSUyMHNvcGhpc3RpY2F0ZWQlMjB0cmVlaG91c2UlMjBzdWl0ZXMlMjBjcmFkbGVkJTIwaW4lMjB0aGUlMjBib3VnaHMlMjBvZiUyMGFuJTIwYW5jaWVudCUyMG1haG9nYW55JTIwZm9yZXN0LiUyMEl0JTIwaXMlMjB0aGUlMjBvbmx5JTIwbG9kZ2UlMjBsb2NhdGVkJTIwaW5zaWRlJTIwdGhlJTIwcGFyayVFMiU4MCU5OXMlMjBzb3V0aGVybiUyMHdpbGRlcm5lc3Mu[\/ucaddon_uc_side_carousel_content][\/vc_column_inner][\/vc_row_inner][vc_row_inner css=&#8220;.vc_custom_1767874197540{padding: 10px !important;}&#8220;][vc_column_inner el_class=&#8220;custom-height&#8220; offset=&#8220;vc_hidden-md vc_hidden-sm vc_hidden-xs&#8220;][ucaddon_uc_side_carousel_content image=&#8220;44682&#8243; title=&#8220;Lake Manyara Serena Safari Lodge&#8220; btn_text=&#8220;View Accomodation&#8220; link=&#8220;https:\/\/www.serenahotels.com\/lake-manyara&#8220; uc_init_settings=&#8220;&#8220; uc_fonts_data=&#8220;JTdCJTdE&#8220;]UGVyY2hlZCUyMG9uJTIwdGhlJTIwdmVyeSUyMGVkZ2UlMjBvZiUyMHRoZSUyME10byUyMHdhJTIwTWJ1JTIwZXNjYXJwbWVudC4lMjBUaGUlMjBpbmZpbml0eSUyMHBvb2wlMjBoZXJlJTIwb2ZmZXJzJTIwYSUyMCUyMmJpcmQlRTIlODAlOTlzLWV5ZSUyMiUyMHZpZXclMjBvZiUyMHRoZSUyMGVudGlyZSUyMGxha2UlMjBhbmQlMjB0aGUlMjBmbG9vciUyMG9mJTIwdGhlJTIwUmlmdCUyMFZhbGxleS4=[\/ucaddon_uc_side_carousel_content][\/vc_column_inner][\/vc_row_inner][vc_row_inner css=&#8220;.vc_custom_1767874197540{padding: 10px !important;}&#8220;][vc_column_inner el_class=&#8220;custom-height&#8220; offset=&#8220;vc_hidden-md vc_hidden-sm vc_hidden-xs&#8220;][ucaddon_uc_side_carousel_content image=&#8220;44676&#8243; title=&#8220;Lake Manyara Tortilis Camp&#8220; btn_text=&#8220;View Accomodation&#8220; link=&#8220;https:\/\/www.tortiliscamps.com\/lake-manyara-tortilis-camp\/&#8220; uc_init_settings=&#8220;&#8220; uc_fonts_data=&#8220;JTdCJTdE&#8220;]QSUyMGJvdXRpcXVlJTIwZ2xhbXBpbmclMjBleHBlcmllbmNlJTIwdGhhdCUyMHBsYWNlcyUyMHlvdSUyMHJpZ2h0JTIwYXQlMjB0aGUlMjBiYXNlJTIwb2YlMjB0aGUlMjBlc2NhcnBtZW50JTJDJTIwd2hlcmUlMjB0aGUlMjBzb3VuZHMlMjBvZiUyMHRoZSUyMEFmcmljYW4lMjBuaWdodCUyMGFyZSUyMHlvdXIlMjBvbmx5JTIwcGxheWxpc3Qu[\/ucaddon_uc_side_carousel_content][\/vc_column_inner][\/vc_row_inner][vc_row_inner css=&#8220;.vc_custom_1767874197540{padding: 10px !important;}&#8220;][vc_column_inner el_class=&#8220;custom-height&#8220; offset=&#8220;vc_hidden-lg&#8220;][vc_headings style=&#8220;theme2&#8243; borderclr=&#8220;#890000&#8243; title=&#8220;&#038;Beyond Lake Manyara Tree Lodge&#8220; align=&#8220;left&#8220; google_fonts=&#8220;font_family:Quicksand%3A300%2Cregular%2C700|font_style:400%20regular%3A400%3Anormal&#8220; titleclr=&#8220;#000000&#8243; caption_url=&#8220;&#8220; caption_urls=&#8220;&#8220; caption_urlss=&#8220;&#8220; caption_urldesc=&#8220;&#8220;]The pinnacle of luxury. <span class=\"citation-164 citation-end-164\">These are sophisticated treehouse suites cradled in the boughs of an ancient mahogany forest.<\/span> It is the only lodge located <i data-path-to-node=\"13,0,0\" data-index-in-node=\"180\">inside<\/i> the park\u2019s southern wilderness.[\/vc_headings][vc_btn title=&#8220;Unterk\u00fcnfte ansehen&#8220; style=&#8220;outline-custom&#8220; outline_custom_color=&#8220;#890000&#8243; outline_custom_hover_background=&#8220;#890000&#8243; outline_custom_hover_text=&#8220;#ffffff&#8220; shape=&#8220;square&#8220; size=&#8220;sm&#8220; i_align=&#8220;right&#8220; i_icon_fontawesome=&#8220;fas fa-angle-right&#8220; add_icon=&#8220;true&#8220; css=&#8220;.vc_custom_1771233807392{padding-top: 10px !important;padding-right: 10px !important;padding-bottom: 10px !important;}&#8220; link=&#8220;url:https%3A%2F%2Fwww.andbeyond.com%2Four-lodges%2Fafrica%2Ftanzania%2Flake-manyara-national-park%2Fandbeyond-lake-manyara-tree-lodge%2F%3Futm_source%3Dgoogle%26utm_medium%3Dorganic%26utm_campaign%3Dorganic-global-bofu-gmb-listing-lake-manyara-tree-lodge|&#8220;][\/vc_column_inner][\/vc_row_inner][vc_row_inner css=&#8220;.vc_custom_1767874197540{padding: 10px !important;}&#8220;][vc_column_inner el_class=&#8220;custom-height&#8220; offset=&#8220;vc_hidden-lg&#8220;][vc_headings style=&#8220;theme2&#8243; borderclr=&#8220;#890000&#8243; title=&#8220;Lake Manyara Serena Safari Lodge&#8220; align=&#8220;left&#8220; google_fonts=&#8220;font_family:Quicksand%3A300%2Cregular%2C700|font_style:400%20regular%3A400%3Anormal&#8220; titleclr=&#8220;#000000&#8243; caption_url=&#8220;&#8220; caption_urls=&#8220;&#8220; caption_urlss=&#8220;&#8220; caption_urldesc=&#8220;&#8220;]<span class=\"citation-163 citation-end-163\"> Perched on the very edge of the Mto wa Mbu escarpment.<\/span> The infinity pool here offers a &#8222;bird\u2019s-eye&#8220; view of the entire lake and the floor of the Rift Valley[\/vc_headings][vc_btn title=&#8220;Unterk\u00fcnfte ansehen&#8220; style=&#8220;outline-custom&#8220; outline_custom_color=&#8220;#890000&#8243; outline_custom_hover_background=&#8220;#890000&#8243; outline_custom_hover_text=&#8220;#ffffff&#8220; shape=&#8220;square&#8220; size=&#8220;sm&#8220; i_align=&#8220;right&#8220; i_icon_fontawesome=&#8220;fas fa-angle-right&#8220; add_icon=&#8220;true&#8220; css=&#8220;.vc_custom_1771233871570{padding-top: 10px !important;padding-right: 10px !important;padding-bottom: 10px !important;}&#8220; link=&#8220;url:https%3A%2F%2Fwww.serenahotels.com%2Flake-manyara|&#8220;][\/vc_column_inner][\/vc_row_inner][vc_row_inner css=&#8220;.vc_custom_1767874197540{padding: 10px !important;}&#8220;][vc_column_inner el_class=&#8220;custom-height&#8220; offset=&#8220;vc_hidden-lg&#8220;][vc_headings style=&#8220;theme2&#8243; borderclr=&#8220;#890000&#8243; title=&#8220;Lake Manyara Tortilis Camp&#8220; align=&#8220;left&#8220; google_fonts=&#8220;font_family:Quicksand%3A300%2Cregular%2C700|font_style:400%20regular%3A400%3Anormal&#8220; titleclr=&#8220;#000000&#8243; caption_url=&#8220;&#8220; caption_urls=&#8220;&#8220; caption_urlss=&#8220;&#8220; caption_urldesc=&#8220;&#8220;]\n<p data-path-to-node=\"13,2,1,0,0\">A boutique glamping experience that places you right at the base of the escarpment, where the sounds of the African night are your only playlist.<\/p>\n[\/vc_headings][vc_btn title=&#8220;Unterk\u00fcnfte ansehen&#8220; style=&#8220;outline-custom&#8220; outline_custom_color=&#8220;#890000&#8243; outline_custom_hover_background=&#8220;#890000&#8243; outline_custom_hover_text=&#8220;#ffffff&#8220; shape=&#8220;square&#8220; size=&#8220;sm&#8220; i_align=&#8220;right&#8220; i_icon_fontawesome=&#8220;fas fa-angle-right&#8220; add_icon=&#8220;true&#8220; css=&#8220;.vc_custom_1771233913919{padding-top: 10px !important;padding-right: 10px !important;padding-bottom: 10px !important;}&#8220; link=&#8220;url:https%3A%2F%2Fwww.tortiliscamps.com%2Flake-manyara-tortilis-camp%2F|&#8220;][\/vc_column_inner][\/vc_row_inner][\/vc_tta_section][vc_tta_section title=&#8220;Aktivit\u00e4ten&#8220; tab_id=&#8220;1767601538075-7b6924d3-776e&#8220;][info_list_father listclr=&#8220;#f8f8f8&#8243;][info_list_son style=&#8220;icon&#8220; size=&#8220;0&#8243; width=&#8220;0&#8243; height=&#8220;0&#8243; titleclr=&#8220;#f8f8f8&#8243; iconclr=&#8220;#f8f8f8&#8243; borderclr=&#8220;#f8f8f8&#8243; caption_url=&#8220;&#8220;]\n<ul>\n<li>\n<p data-path-to-node=\"16,0,0\"><strong>Der Treetop Walkway<\/strong>:<span class=\"citation-161 citation-end-161\"> Betreten Sie Tansanias ersten Bl\u00e4tterdach-Walk.<\/span> <span class=\"citation-160\">Diese 370 Meter lange H\u00e4ngebr\u00fccke f\u00fchrt Sie <\/span><span class=\"citation-160\">18 Meter in die Luft<\/span> <span class=\"citation-160 citation-end-160\">und erm\u00f6glicht es Ihnen, zwischen V\u00f6geln und Affen zu spazieren \u2013 eine Perspektive, die nur wenige Safari-Besucher je bekommen.<\/span><\/p>\n<\/li>\n<li>\n<p data-path-to-node=\"16,1,0\"><span class=\"citation-159\"><strong>The Night Safari<\/strong>:<\/span><span class=\"citation-159 citation-end-159\"> Manyara ist einer der wenigen Orte in Tansania, an denen Sie nach Einbruch der Dunkelheit erkunden k\u00f6nnen.<\/span> Im Scheinwerfer verwandelt sich der Wald. Du wirst nach den leuchtenden Augen von Stachelschweinen, Genetten, Zibetkatzen und dem schwer fassbaren Erdferkel suchen. <\/p>\n<\/li>\n<li>\n<p data-path-to-node=\"16,2,0\"><span class=\"citation-158\"><strong>Kanufahren auf dem Soda Lake<\/strong>:<\/span><span class=\"citation-158 citation-end-158\"> (Wenn der Wasserstand es zul\u00e4sst).<\/span> <span class=\"citation-157 citation-end-157\">Paddeln Sie leise an Nilpferden und Flamingos vorbei und erleben Sie den Park von der Wasserlinie aus statt vom staubigen Pfad.<\/span><\/p>\n<\/li>\n<li>\n<p id=\"p-rc_52dcf320ab1c8269-87\" data-path-to-node=\"16,3,0\"><strong>Die Mto wa Mbu Kulturtour<\/strong>: Machen Sie eine Pause von der Wildnis, um das nahegelegene Dorf zu besuchen. <span class=\"citation-156\">Bekannt f\u00fcr seine 120 verschiedenen St\u00e4mme, k\u00f6nnen Sie die farbenfrohen M\u00e4rkte erkunden, eine <\/span><span class=\"citation-156\">Bananen-Bier-Brautour<\/span> machen <span class=\"citation-156 citation-end-156\">oder durch die lokalen Reisfelder mit dem Fahrrad fahren.<\/span><\/p>\n<\/li>\n<\/ul>\n[\/info_list_son][\/info_list_father][\/vc_tta_section][\/vc_tta_tabs][\/vc_column][\/vc_row]\n","protected":false},"excerpt":{"rendered":"<p>[vc_row full_width=&#8220;stretch_row&#8220; gap=&#8220;1&#8243;][vc_column parallax=&#8220;content-moving&#8220; parallax_image=&#8220;30235&#8243; css=&#8220;.vc_custom_1771232894870{padding-top: 80px !important;padding-right: 80px !important;padding-bottom: 80px !important;padding-left: 80px !important;}&#8220;][vc_custom_heading text=&#8220;Lake Manyara Nationalpark&#8220; font_container=&#8220;tag:h1|font_size:32|text_align:left|color:%23ffffff&#8220; google_fonts=&#8220;font_family:Quicksand%3A300%2Cregular%2C700|font_style:400%20regular%3A400%3Anormal&#8220; el_class=&#8220;banner-txt&#8220;][vc_separator color=&#8220;custom&#8220; align=&#8220;align_left&#8220; border_width=&#8220;2&#8243; el_width=&#8220;20&#8243; accent_color=&#8220;#f8f8f8&#8243;][vc_custom_heading text=&#8220;Tansania&#8220; font_container=&#8220;tag:h2|font_size:18|text_align:left|color:%23ffffff&#8220; google_fonts=&#8220;font_family:Quicksand%3A300%2Cregular%2C700|font_style:400%20regular%3A400%3Anormal&#8220; el_class=&#8220;banner-txt&#8220;][\/vc_column][\/vc_row][vc_row][vc_column css=&#8220;.vc_custom_1673438873315{border-top-width: 10px !important;border-right-width: 10px !important;border-bottom-width: 10px !important;border-left-width: 10px !important;}&#8220;][vc_tta_tabs shape=&#8220;square&#8220; color=&#8220;juicy-pink&#8220; alignment=&#8220;center&#8220; active_section=&#8220;1&#8243; no_fill_content_area=&#8220;true&#8220;][vc_tta_section title=&#8220;\u00dcberblick&#8220; tab_id=&#8220;1633454673222-3d94f956-010c&#8220;][info_list_father listclr=&#8220;#f8f8f8&#8243;][info_list_son style=&#8220;icon&#8220; size=&#8220;20&#8243; width=&#8220;30&#8243; height=&#8220;20&#8243; titleclr=&#8220;#890000&#8243; icon=&#8220;fas fa-map-marked&#8220; iconclr=&#8220;#890000&#8243; iconbg=&#8220;#f8f8f8&#8243; [&hellip;]<\/p>\n","protected":false},"author":2,"featured_media":0,"parent":27929,"menu_order":18,"comment_status":"closed","ping_status":"closed","template":"","meta":{"_themeisle_gutenberg_block_has_review":false,"footnotes":""},"class_list":["post-44691","page","type-page","status-publish","hentry"],"_links":{"self":[{"href":"https:\/\/demo.mufasatoursandtravels.com\/de\/wp-json\/wp\/v2\/pages\/44691","targetHints":{"allow":["GET"]}}],"collection":[{"href":"https:\/\/demo.mufasatoursandtravels.com\/de\/wp-json\/wp\/v2\/pages"}],"about":[{"href":"https:\/\/demo.mufasatoursandtravels.com\/de\/wp-json\/wp\/v2\/types\/page"}],"author":[{"embeddable":true,"href":"https:\/\/demo.mufasatoursandtravels.com\/de\/wp-json\/wp\/v2\/users\/2"}],"replies":[{"embeddable":true,"href":"https:\/\/demo.mufasatoursandtravels.com\/de\/wp-json\/wp\/v2\/comments?post=44691"}],"version-history":[{"count":3,"href":"https:\/\/demo.mufasatoursandtravels.com\/de\/wp-json\/wp\/v2\/pages\/44691\/revisions"}],"predecessor-version":[{"id":44698,"href":"https:\/\/demo.mufasatoursandtravels.com\/de\/wp-json\/wp\/v2\/pages\/44691\/revisions\/44698"}],"up":[{"embeddable":true,"href":"https:\/\/demo.mufasatoursandtravels.com\/de\/wp-json\/wp\/v2\/pages\/27929"}],"wp:attachment":[{"href":"https:\/\/demo.mufasatoursandtravels.com\/de\/wp-json\/wp\/v2\/media?parent=44691"}],"curies":[{"name":"wp","href":"https:\/\/api.w.org\/{rel}","templated":true}]}}