{"id":44828,"date":"2026-02-16T16:10:52","date_gmt":"2026-02-16T13:10:52","guid":{"rendered":"https:\/\/demo.mufasatoursandtravels.com\/flugziele\/queen-elizabeth-nationalpark\/"},"modified":"2026-02-17T14:35:43","modified_gmt":"2026-02-17T11:35:43","slug":"queen-elizabeth-nationalpark","status":"publish","type":"page","link":"https:\/\/demo.mufasatoursandtravels.com\/de\/flugziele\/queen-elizabeth-nationalpark\/","title":{"rendered":"Queen Elizabeth Nationalpark"},"content":{"rendered":"[vc_row full_width=&#8220;stretch_row&#8220; gap=&#8220;1&#8243;][vc_column parallax=&#8220;content-moving&#8220; parallax_image=&#8220;30229&#8243; css=&#8220;.vc_custom_1771245479236{padding-top: 80px !important;padding-right: 80px !important;padding-bottom: 80px !important;padding-left: 80px !important;}&#8220;][vc_custom_heading text=&#8220;Queen Elizabeth Nationalpark&#8220; font_container=&#8220;tag:h1|font_size:32|text_align:left|color:%23ffffff&#8220; google_fonts=&#8220;font_family:Quicksand%3A300%2Cregular%2C700|font_style:400%20regular%3A400%3Anormal&#8220; el_class=&#8220;banner-txt&#8220;][vc_separator color=&#8220;custom&#8220; align=&#8220;align_left&#8220; border_width=&#8220;2&#8243; el_width=&#8220;20&#8243; accent_color=&#8220;#f8f8f8&#8243;][vc_custom_heading text=&#8220;Uganda&#8220; font_container=&#8220;tag:h2|font_size:18|text_align:left|color:%23ffffff&#8220; google_fonts=&#8220;font_family:Quicksand%3A300%2Cregular%2C700|font_style:400%20regular%3A400%3Anormal&#8220; el_class=&#8220;banner-txt&#8220;][\/vc_column][\/vc_row][vc_row][vc_column css=&#8220;.vc_custom_1673438873315{border-top-width: 10px !important;border-right-width: 10px !important;border-bottom-width: 10px !important;border-left-width: 10px !important;}&#8220;][vc_tta_tabs shape=&#8220;square&#8220; color=&#8220;juicy-pink&#8220; alignment=&#8220;center&#8220; active_section=&#8220;1&#8243; no_fill_content_area=&#8220;true&#8220;][vc_tta_section title=&#8220;\u00dcberblick&#8220; tab_id=&#8220;1633454673222-3d94f956-010c&#8220;][info_list_father listclr=&#8220;#f8f8f8&#8243;][info_list_son style=&#8220;icon&#8220; size=&#8220;20&#8243; width=&#8220;30&#8243; height=&#8220;20&#8243; titleclr=&#8220;#890000&#8243; icon=&#8220;fas fa-map-marked&#8220; iconclr=&#8220;#890000&#8243; iconbg=&#8220;#f8f8f8&#8243; borderclr=&#8220;#f8f8f8&#8243; title=&#8220;Ein Zusammenspiel voller Wunder&#8220;]\n<p data-path-to-node=\"5\">Eingebettet im westlichen Herzen Ugandas, vor der dramatischen Kulisse der zerkl\u00fcfteten <em><strong>Rwenzori-Berge<\/strong><\/em> (die &#8222;<em>Berge des Mondes<\/em>&#8222;), ist der Queen Elizabeth Nationalpark (QENP) mehr als nur ein Naturschutzgebiet \u2013 er ist ein Meisterwerk der Natur. Mit fast 2.000 Quadratkilometern Fl\u00e4che ist dieses UNESCO-Biosph\u00e4renreservat ein atemberaubendes Geflecht aus Kraterseen, weitl\u00e4ufigen Savannen, \u00fcppigen Feuchtgebieten und schattigen tropischen W\u00e4ldern. Es ist ein Ort, an dem der \u00c4quator die Erde durchquert und der wilde Puls Afrikas am st\u00e4rksten schl\u00e4gt. Ob Sie nun auf die schimmernden Gew\u00e4sser des <em><strong>Kazinga-Kanals<\/strong><\/em> blicken oder die antiken vulkanischen Krater erkunden \u2013 der Park bietet eine landschaftliche Vielfalt, die in Ostafrika unerreicht ist.   <\/p>\n[\/info_list_son][info_list_son style=&#8220;icon&#8220; size=&#8220;20&#8243; width=&#8220;30&#8243; height=&#8220;20&#8243; titleclr=&#8220;#890000&#8243; icon=&#8220;fas fa-route&#8220; iconclr=&#8220;#890000&#8243; iconbg=&#8220;#f8f8f8&#8243; borderclr=&#8220;#f8f8f8&#8243; title=&#8220;Was dich erwartet&#8220;]\n<p data-path-to-node=\"6\">Wenn Sie den Queen Elizabeth Nationalpark betreten, erwarten Sie das Unerwartete.<br \/>Dies ist ein Land der Legenden, vor allem ber\u00fchmt f\u00fcr seine <strong>kletternden L\u00f6wen<\/strong> im Ishasha-Sektor \u2013 ein seltener Anblick, der nur an zwei Orten auf der Erde zu finden ist. Ihre Reise wird eine Symphonie von Begegnungen mit Wildtieren sein: riesige Elefantenherden, die die Ebenen durchqueren, Kap-B\u00fcffel, die im Schlamm liegen, und der schwer fassbare Leopard, der durch das Dickicht streift. <\/p>\n<p data-path-to-node=\"7\">Jenseits des gro\u00dfen Spiels erwartet eine sensorische Explosion. Die Luft ist erf\u00fcllt von den Rufen von \u00fcber <strong><em>600 Vogelarten<\/em><\/strong>, was es zu einem Wallfahrtsort f\u00fcr Vogelbeobachter macht.<br \/>Erwarten Sie intime Momente mit der Natur, die Sie lange nach Ihrem Verlassen der Pearl of Africa begleiten werden! [\/info_list_son][info_list_son style=&#8220;icon&#8220; size=&#8220;20&#8243; width=&#8220;30&#8243; height=&#8220;20&#8243; titleclr=&#8220;#890000&#8243; icon=&#8220;far fa-check-circle&#8220; iconclr=&#8220;#890000&#8243; iconbg=&#8220;#f8f8f8&#8243; borderclr=&#8220;#f8f8f8&#8243; title=&#8220;Saison\u00fcberblick&#8220;]Als ganzj\u00e4hriges Ziel tauchen die Jahreszeiten die Landschaft in verschiedene Farbt\u00f6ne:<\/p>\n<ul>\n<li>\n<p data-path-to-node=\"10,0,0\"><strong>Die Trockenzeit: <\/strong><b data-path-to-node=\"10,0,0\" data-index-in-node=\"0\"> Dies ist die beste Zeit, um Wildtiere zu beobachten.<\/b> W\u00e4hrend die Wasserquellen austrocknen, sammeln sich Tiere in gro\u00dfer Zahl rund um den <strong>Kazinga-Kanal<\/strong> und Wasserl\u00f6cher. Die Vegetation ist d\u00fcnner, was es leichter macht, L\u00f6wen und Leoparden zu erkennen. Der Himmel ist klar, perfekt f\u00fcr Fotografie und sonnenverw\u00f6hnte Safaris.<\/p>\n<\/li>\n<li>\n<p data-path-to-node=\"10,1,0\"><strong>Die Nasszeiten<\/strong><b data-path-to-node=\"10,1,0\" data-index-in-node=\"0\"> :<\/b> Bekannt als die &#8222;Gr\u00fcne Jahreszeit&#8220;, verwandelt sich der Park in ein \u00fcppiges smaragdgr\u00fcnes Paradies. Eine Zeit, in der Zugv\u00f6gel in Scharen ankommen. W\u00e4hrend der Regen die Strecken rutschig machen kann, ist die Landschaft am dramatischsten, und der Park ist weniger \u00fcberf\u00fcllt, was ein privates, gef\u00fchlvolleres Erlebnis bietet.<\/p>\n<\/li>\n<\/ul>\n[\/info_list_son][\/info_list_father][\/vc_tta_section][vc_tta_section title=&#8220;Unterkunft&#8220; tab_id=&#8220;1633455601016-f93699bc-5d92&#8243;][vc_row_inner css=&#8220;.vc_custom_1767878786489{padding: 10px !important;}&#8220;][vc_column_inner el_class=&#8220;custom-height&#8220; offset=&#8220;vc_hidden-md vc_hidden-sm vc_hidden-xs&#8220;][ucaddon_uc_side_carousel_content image=&#8220;45052&#8243; title=&#8220;Mweya Safari Lodge&#8220; btn_text=&#8220;View Accommodation&#8220; link=&#8220;https:\/\/mweyalodge.com\/&#8220; uc_fonts_data=&#8220;JTdCJTdE&#8220;]U3Vycm91bmRlZCUyMGJ5JTIwdGhlJTIwbWFnaWNhbCUyMFJ3ZW56b3JpJTIwTW91bnRhaW5zJTIwYXB0bHklMjBkZXNjcmliZWQlMjBhcyUyMHRoZSUyMCUyN01vdW50YWlucyUyMG9mJTIwdGhlJTIwTW9vbiUyNy4lMjBUbyUyMHRoZSUyMGVhc3QlMkMlMjBsaWUlMjB0aGUlMjBndWFyZGlhbnMlMjBvZiUyMHRoZSUyMGJpcnRocGxhY2UlMjBvZiUyMG1hbmtpbmQlMkMlMjB0aGUlMjBHcmVhdCUyMFJpZnQlMjBWYWxsZXklMjBoaWxscyUyQyUyMHNlcGFyYXRlZCUyMGZyb20lMjB0aGUlMjBNb3VudGFpbnMlMjBvZiUyMHRoZSUyME1vb24lMjBieSUyMHRoZSUyMG1lYW5kZXJpbmclMjBLYXppbmdhJTIwQ2hhbm5lbC4lMjBIZXJlJTIwdGhlJTIwd2F0ZXIlMjBmbG93cyUyMGVuZGxlc3NseSUyMGludG8lMjB0d28lMjBnaWFudCUyMGxha2VzJTIwJUUyJTgwJTkzJTIwTGFrZSUyMEdlb3JnZSUyMGFuZCUyMExha2UlMjBFZHdhcmQu[\/ucaddon_uc_side_carousel_content][\/vc_column_inner][\/vc_row_inner][vc_row_inner css=&#8220;.vc_custom_1767878786489{padding: 10px !important;}&#8220;][vc_column_inner el_class=&#8220;custom-height&#8220; offset=&#8220;vc_hidden-md vc_hidden-sm vc_hidden-xs&#8220;][ucaddon_uc_side_carousel_content image=&#8220;45059&#8243; title=&#8220;Ishasha Wilderness Camp&#8220; btn_text=&#8220;View Accommodation&#8220; link=&#8220;https:\/\/ishasha.ugandaexclusivecamps.com\/&#8220; uc_fonts_data=&#8220;JTdCJTdE&#8220;]QW4lMjBpZHlsbGljJTIwcmV0cmVhdCUyMGZvciUyMHBlb3BsZSUyMHdobyUyMHRydWx5JTIwZW5qb3klMjB0aGUlMjB3aWxkLiUyMFRoaXMlMjBleGNsdXNpdmUlMjBjYW1wJTIwYmxlbmRzJTIwdGhlJTIwbWFnaWMlMjBvZiUyMGElMjB3aWxkZXJuZXNzJTIwdGVudGVkJTIwY2FtcCUyMHdpdGglMjBzdXBlcmIlMjBzZXJ2aWNlJTIwaW4lMjB0aGlzJTIwdW5zcG9pbHQlMjBhbmQlMjByZW1vdGUlMjByZWdpb24lMjBvZiUyMHRoZSUyME5hdGlvbmFsJTIwUGFyay4lMjBUaGUlMjBJc2hhc2hhJTIwc2F2YW5uYWhzJTIwYXJlJTIwZmFtb3VzJTIwZm9yJTIwaXRzJTIwcG9wdWxhdGlvbiUyMG9mJTIwdHJlZSUyMGNsaW1iaW5nJTIwbGlvbnMlMjB0aGF0JTIwY2FuJTIwc29tZXRpbWVzJTIwYmUlMjBzcG90dGVkJTIwcmVzdGluZyUyMGluJTIwdGhlJTIwYnJhbmNoZXMlMjBvZiUyMHRoZSUyMGxhcmdlJTIwZmlnJTIwdHJlZXMu[\/ucaddon_uc_side_carousel_content][\/vc_column_inner][\/vc_row_inner][vc_row_inner css=&#8220;.vc_custom_1767878786489{padding: 10px !important;}&#8220;][vc_column_inner el_class=&#8220;custom-height&#8220; offset=&#8220;vc_hidden-md vc_hidden-sm vc_hidden-xs&#8220;][ucaddon_uc_side_carousel_content image=&#8220;45065&#8243; title=&#8220;Enganzi Spielh\u00fctte&#8220; btn_text=&#8220;View Accommodation&#8220; link=&#8220;https:\/\/enganzilodge.com\/&#8220; uc_fonts_data=&#8220;JTdCJTdE&#8220;]QSUyMGZhbnRhc3RpYyUyMG1pZC1yYW5nZSUyMG9wdGlvbiUyMG5lc3RsZWQlMjBvbiUyMHRoZSUyMEtpY2h3YW1iYSUyMEVzY2FycG1lbnQlMjB3aXRoJTIwc3dlZXBpbmclMjB2aWV3cyUyMG9mJTIwdGhlJTIwc2F2YW5uYS4=[\/ucaddon_uc_side_carousel_content][\/vc_column_inner][\/vc_row_inner][vc_row_inner css=&#8220;.vc_custom_1767878786489{padding: 10px !important;}&#8220;][vc_column_inner el_class=&#8220;custom-height&#8220; offset=&#8220;vc_hidden-lg&#8220;][vc_headings style=&#8220;theme2&#8243; borderclr=&#8220;#890000&#8243; title=&#8220;Mweya Safari Lodge&#8220; align=&#8220;left&#8220; google_fonts=&#8220;font_family:Quicksand%3A300%2Cregular%2C700|font_style:400%20regular%3A400%3Anormal&#8220; titleclr=&#8220;#000000&#8243;]Surrounded by the magical Rwenzori Mountains aptly described as the &#8218;Mountains of the Moon&#8216;. To the east, lie the guardians of the birthplace of mankind, the Great Rift Valley hills, separated from the Mountains of the Moon by the meandering Kazinga Channel. Here the water flows endlessly into two giant lakes \u2013 Lake George and Lake Edward.[\/vc_headings][vc_btn title=&#8220;Unterk\u00fcnfte ansehen&#8220; style=&#8220;outline-custom&#8220; outline_custom_color=&#8220;#890000&#8243; outline_custom_hover_background=&#8220;#890000&#8243; outline_custom_hover_text=&#8220;#ffffff&#8220; shape=&#8220;square&#8220; size=&#8220;sm&#8220; i_align=&#8220;right&#8220; i_icon_fontawesome=&#8220;fas fa-chevron-right&#8220; add_icon=&#8220;true&#8220; css=&#8220;.vc_custom_1771320588772{padding-top: 10px !important;padding-right: 10px !important;padding-bottom: 10px !important;}&#8220; link=&#8220;url:https%3A%2F%2Fmweyalodge.com%2F|&#8220;][\/vc_column_inner][\/vc_row_inner][vc_row_inner css=&#8220;.vc_custom_1767878786489{padding: 10px !important;}&#8220;][vc_column_inner el_class=&#8220;custom-height&#8220; offset=&#8220;vc_hidden-lg&#8220;][vc_headings style=&#8220;theme2&#8243; borderclr=&#8220;#890000&#8243; title=&#8220;Ishasha Wilderness Camp&#8220; align=&#8220;left&#8220; google_fonts=&#8220;font_family:Quicksand%3A300%2Cregular%2C700|font_style:400%20regular%3A400%3Anormal&#8220; titleclr=&#8220;#000000&#8243;]An idyllic retreat for people who truly enjoy the wild. This exclusive camp blends the magic of a wilderness tented camp with superb service in this unspoilt and remote region of the National Park. The Ishasha savannahs are famous for its population of tree climbing lions that can sometimes be spotted resting in the branches of the large fig trees.[\/vc_headings][vc_btn title=&#8220;Unterk\u00fcnfte ansehen&#8220; style=&#8220;outline-custom&#8220; outline_custom_color=&#8220;#890000&#8243; outline_custom_hover_background=&#8220;#890000&#8243; outline_custom_hover_text=&#8220;#ffffff&#8220; shape=&#8220;square&#8220; size=&#8220;sm&#8220; i_align=&#8220;right&#8220; i_icon_fontawesome=&#8220;fas fa-chevron-right&#8220; add_icon=&#8220;true&#8220; css=&#8220;.vc_custom_1771320694501{padding-top: 10px !important;padding-right: 10px !important;padding-bottom: 10px !important;}&#8220; link=&#8220;url:https%3A%2F%2Fishasha.ugandaexclusivecamps.com%2F|&#8220;][\/vc_column_inner][\/vc_row_inner][vc_row_inner css=&#8220;.vc_custom_1767878786489{padding: 10px !important;}&#8220;][vc_column_inner el_class=&#8220;custom-height&#8220; offset=&#8220;vc_hidden-lg&#8220;][vc_headings style=&#8220;theme2&#8243; borderclr=&#8220;#890000&#8243; title=&#8220;Enganzi Game Lodge&#8220; align=&#8220;left&#8220; google_fonts=&#8220;font_family:Quicksand%3A300%2Cregular%2C700|font_style:400%20regular%3A400%3Anormal&#8220; titleclr=&#8220;#000000&#8243;]A fantastic mid-range option nestled on the Kichwamba Escarpment with sweeping views of the savanna.[\/vc_headings][vc_btn title=&#8220;Unterk\u00fcnfte ansehen&#8220; style=&#8220;outline-custom&#8220; outline_custom_color=&#8220;#890000&#8243; outline_custom_hover_background=&#8220;#890000&#8243; outline_custom_hover_text=&#8220;#ffffff&#8220; shape=&#8220;square&#8220; size=&#8220;sm&#8220; i_align=&#8220;right&#8220; i_icon_fontawesome=&#8220;fas fa-chevron-right&#8220; add_icon=&#8220;true&#8220; css=&#8220;.vc_custom_1771320724773{padding-top: 10px !important;padding-right: 10px !important;padding-bottom: 10px !important;}&#8220; link=&#8220;url:https%3A%2F%2Fenganzilodge.com%2F|&#8220;][\/vc_column_inner][\/vc_row_inner][\/vc_tta_section][vc_tta_section title=&#8220;Aktivit\u00e4ten&#8220; tab_id=&#8220;1767601538075-7b6924d3-776e&#8220;][info_list_father listclr=&#8220;#f8f8f8&#8243;][info_list_son style=&#8220;icon&#8220; size=&#8220;0&#8243; width=&#8220;0&#8243; height=&#8220;0&#8243; titleclr=&#8220;#f8f8f8&#8243; iconclr=&#8220;#f8f8f8&#8243; borderclr=&#8220;#f8f8f8&#8243;]\n<p data-path-to-node=\"15\">Tauchen Sie mit diesen kuratierten Aktivit\u00e4ten in die Wildnis ein:<\/p>\n<ol data-path-to-node=\"16\">\n<li>\n<p data-path-to-node=\"16,0,0\"><strong>Die Kazinga Channel Boat Cruise<\/strong><b data-path-to-node=\"16,0,0\" data-index-in-node=\"0\">:<\/b> Eine weltber\u00fchmte Bootssafari, bei der Sie an Flusspferdgruppen, sonnenden Krokodilen und Elefanten vorbeigleiten, die am Wasser trinken.<\/p>\n<\/li>\n<li>\n<p data-path-to-node=\"16,1,0\"><strong>Schimpansen-Trekking in der Kyambura-Schlucht<\/strong><b data-path-to-node=\"16,1,0\" data-index-in-node=\"0\">:<\/b> Steigen Sie in einen 100 Meter tiefen &#8222;versunkenen Wald&#8220; hinab und finden Sie unsere n\u00e4chsten Verwandten, die durch das Bl\u00e4tterdach schwingen.<\/p>\n<\/li>\n<li>\n<p data-path-to-node=\"16,2,0\"><strong>Safari-Fahrten \u00fcber die Kasenyi-Ebenen<\/strong><b data-path-to-node=\"16,2,0\" data-index-in-node=\"0\">:<\/b> Machen Sie sich bei Tagesanbruch auf den Weg, um L\u00f6wen und den ugandischen Kob \u00fcber die goldene Savanne zu verfolgen.<\/p>\n<\/li>\n<li>\n<p data-path-to-node=\"16,3,0\"><strong>Baumkletternde L\u00f6wenverfolgung<\/strong><b data-path-to-node=\"16,3,0\" data-index-in-node=\"0\">:<\/b> Eine Reise in den Ishasha-Sektor, um das schwerkrafttrotzende Verhalten dieser majest\u00e4tischen Fressfeinde zu beobachten.<\/p>\n<\/li>\n<li>\n<p data-path-to-node=\"16,4,0\"><strong>Crater Lake Drives<\/strong><b data-path-to-node=\"16,4,0\" data-index-in-node=\"0\">:<\/b> Machen Sie eine malerische Fahrt durch die Explosionskrater f\u00fcr einige der spektakul\u00e4rsten Landschaftsfotografien Afrikas.<\/p>\n<\/li>\n<\/ol>\n[\/info_list_son][\/info_list_father][\/vc_tta_section][\/vc_tta_tabs][\/vc_column][\/vc_row]\n","protected":false},"excerpt":{"rendered":"<p>[vc_row full_width=&#8220;stretch_row&#8220; gap=&#8220;1&#8243;][vc_column parallax=&#8220;content-moving&#8220; parallax_image=&#8220;30229&#8243; css=&#8220;.vc_custom_1771245479236{padding-top: 80px !important;padding-right: 80px !important;padding-bottom: 80px !important;padding-left: 80px !important;}&#8220;][vc_custom_heading text=&#8220;Queen Elizabeth Nationalpark&#8220; font_container=&#8220;tag:h1|font_size:32|text_align:left|color:%23ffffff&#8220; google_fonts=&#8220;font_family:Quicksand%3A300%2Cregular%2C700|font_style:400%20regular%3A400%3Anormal&#8220; el_class=&#8220;banner-txt&#8220;][vc_separator color=&#8220;custom&#8220; align=&#8220;align_left&#8220; border_width=&#8220;2&#8243; el_width=&#8220;20&#8243; accent_color=&#8220;#f8f8f8&#8243;][vc_custom_heading text=&#8220;Uganda&#8220; font_container=&#8220;tag:h2|font_size:18|text_align:left|color:%23ffffff&#8220; google_fonts=&#8220;font_family:Quicksand%3A300%2Cregular%2C700|font_style:400%20regular%3A400%3Anormal&#8220; el_class=&#8220;banner-txt&#8220;][\/vc_column][\/vc_row][vc_row][vc_column css=&#8220;.vc_custom_1673438873315{border-top-width: 10px !important;border-right-width: 10px !important;border-bottom-width: 10px !important;border-left-width: 10px !important;}&#8220;][vc_tta_tabs shape=&#8220;square&#8220; color=&#8220;juicy-pink&#8220; alignment=&#8220;center&#8220; active_section=&#8220;1&#8243; no_fill_content_area=&#8220;true&#8220;][vc_tta_section title=&#8220;\u00dcberblick&#8220; tab_id=&#8220;1633454673222-3d94f956-010c&#8220;][info_list_father listclr=&#8220;#f8f8f8&#8243;][info_list_son style=&#8220;icon&#8220; size=&#8220;20&#8243; width=&#8220;30&#8243; height=&#8220;20&#8243; titleclr=&#8220;#890000&#8243; icon=&#8220;fas fa-map-marked&#8220; iconclr=&#8220;#890000&#8243; iconbg=&#8220;#f8f8f8&#8243; [&hellip;]<\/p>\n","protected":false},"author":2,"featured_media":0,"parent":27929,"menu_order":23,"comment_status":"closed","ping_status":"closed","template":"","meta":{"_themeisle_gutenberg_block_has_review":false,"footnotes":""},"class_list":["post-44828","page","type-page","status-publish","hentry"],"_links":{"self":[{"href":"https:\/\/demo.mufasatoursandtravels.com\/de\/wp-json\/wp\/v2\/pages\/44828","targetHints":{"allow":["GET"]}}],"collection":[{"href":"https:\/\/demo.mufasatoursandtravels.com\/de\/wp-json\/wp\/v2\/pages"}],"about":[{"href":"https:\/\/demo.mufasatoursandtravels.com\/de\/wp-json\/wp\/v2\/types\/page"}],"author":[{"embeddable":true,"href":"https:\/\/demo.mufasatoursandtravels.com\/de\/wp-json\/wp\/v2\/users\/2"}],"replies":[{"embeddable":true,"href":"https:\/\/demo.mufasatoursandtravels.com\/de\/wp-json\/wp\/v2\/comments?post=44828"}],"version-history":[{"count":13,"href":"https:\/\/demo.mufasatoursandtravels.com\/de\/wp-json\/wp\/v2\/pages\/44828\/revisions"}],"predecessor-version":[{"id":45167,"href":"https:\/\/demo.mufasatoursandtravels.com\/de\/wp-json\/wp\/v2\/pages\/44828\/revisions\/45167"}],"up":[{"embeddable":true,"href":"https:\/\/demo.mufasatoursandtravels.com\/de\/wp-json\/wp\/v2\/pages\/27929"}],"wp:attachment":[{"href":"https:\/\/demo.mufasatoursandtravels.com\/de\/wp-json\/wp\/v2\/media?parent=44828"}],"curies":[{"name":"wp","href":"https:\/\/api.w.org\/{rel}","templated":true}]}}