{"id":44930,"date":"2026-02-17T10:29:24","date_gmt":"2026-02-17T07:29:24","guid":{"rendered":"https:\/\/demo.mufasatoursandtravels.com\/flugziele\/bwindi-impenetrable-forest-nationalpark\/"},"modified":"2026-02-17T12:40:00","modified_gmt":"2026-02-17T09:40:00","slug":"bwindi-impenetrable-forest-nationalpark","status":"publish","type":"page","link":"https:\/\/demo.mufasatoursandtravels.com\/de\/flugziele\/bwindi-impenetrable-forest-nationalpark\/","title":{"rendered":"Bwindi Impenetrable Forest Nationalpark"},"content":{"rendered":"[vc_row full_width=&#8220;stretch_row&#8220; gap=&#8220;1&#8243;][vc_column parallax=&#8220;content-moving&#8220; parallax_image=&#8220;7662&#8243; css=&#8220;.vc_custom_1771310849092{padding-top: 80px !important;padding-right: 80px !important;padding-bottom: 80px !important;padding-left: 80px !important;}&#8220;][vc_custom_heading text=&#8220;Bwindi Impenetrable Forest Nationalpark&#8220; font_container=&#8220;tag:h1|font_size:32|text_align:left|color:%23ffffff&#8220; google_fonts=&#8220;font_family:Quicksand%3A300%2Cregular%2C700|font_style:400%20regular%3A400%3Anormal&#8220; el_class=&#8220;banner-txt&#8220;][vc_separator color=&#8220;custom&#8220; align=&#8220;align_left&#8220; border_width=&#8220;2&#8243; el_width=&#8220;20&#8243; accent_color=&#8220;#f8f8f8&#8243;][vc_custom_heading text=&#8220;Uganda&#8220; font_container=&#8220;tag:h2|font_size:18|text_align:left|color:%23ffffff&#8220; google_fonts=&#8220;font_family:Quicksand%3A300%2Cregular%2C700|font_style:400%20regular%3A400%3Anormal&#8220; el_class=&#8220;banner-txt&#8220;][\/vc_column][\/vc_row][vc_row][vc_column css=&#8220;.vc_custom_1673438873315{border-top-width: 10px !important;border-right-width: 10px !important;border-bottom-width: 10px !important;border-left-width: 10px !important;}&#8220;][vc_tta_tabs shape=&#8220;square&#8220; color=&#8220;juicy-pink&#8220; alignment=&#8220;center&#8220; active_section=&#8220;1&#8243; no_fill_content_area=&#8220;true&#8220;][vc_tta_section title=&#8220;\u00dcberblick&#8220; tab_id=&#8220;1633454673222-3d94f956-010c&#8220;][info_list_father listclr=&#8220;#f8f8f8&#8243;][info_list_son style=&#8220;icon&#8220; size=&#8220;20&#8243; width=&#8220;30&#8243; height=&#8220;20&#8243; titleclr=&#8220;#890000&#8243; icon=&#8220;fas fa-map-marked&#8220; iconclr=&#8220;#890000&#8243; iconbg=&#8220;#f8f8f8&#8243; borderclr=&#8220;#f8f8f8&#8243; title=&#8220;Ein uraltes Reich der Riesen und des Nebels&#8220;]\n<p data-path-to-node=\"5\">Tief in der s\u00fcdwestlichen Ecke Ugandas liegt ein Ort, an dem die Zeit \u00fcber 25.000 Jahre lang stillsteht. <b>Ein<\/b> UNESCO-Welterbe, ein weitl\u00e4ufiger, pr\u00e4historischer Regenwald, der sich \u00fcber die zerkl\u00fcfteten H\u00f6henz\u00fcge des Albertinischen Grabenbruchs legt. Dem Namen entsprechend ist der Wald ein dichtes, smaragdgr\u00fcnes Labyrinth aus riesigen Farnen, uralten Mahagonib\u00e4umen und verworrenen Lianen, oft in einen mystischen Morgennebel geh\u00fcllt. <\/p>\n<p data-path-to-node=\"5\">Das ist nicht nur ein Park; es ist eines der biologisch vielf\u00e4ltigsten \u00d6kosysteme der Erde \u2013 eine gr\u00fcne Insel, die als letzte Festung der pr\u00e4chtigsten Primaten der Welt dient.<\/p>\n[\/info_list_son][info_list_son style=&#8220;icon&#8220; size=&#8220;20&#8243; width=&#8220;30&#8243; height=&#8220;20&#8243; titleclr=&#8220;#890000&#8243; icon=&#8220;fas fa-route&#8220; iconclr=&#8220;#890000&#8243; iconbg=&#8220;#f8f8f8&#8243; borderclr=&#8220;#f8f8f8&#8243; title=&#8220;Was dich erwartet&#8220;]Tauchen Sie ein, w\u00e4hrend Sie steile, mit Reben bewachsene H\u00e4nge entlangfahren, die von erfahrenen Rangern gef\u00fchrt werden; Die Luft ist k\u00fchl und duftet von feuchter Erde und wilden Orchideen, erf\u00fcllt von melodischen Rufen exotischer V\u00f6gel.<br \/>Erwarten Sie das Unerwartete, wenn Sie sich durch die letzten Dickichte k\u00e4mpfen und einer der vielen Berggorillafamilien gegen\u00fcberstehen; eine seelenbewegende Verbindung, w\u00e4hrend du beobachtest, wie diese sanften Riesen dich pflegen, spielen und dich anstarren. Es ist eine intime, rohe und lebensver\u00e4ndernde Erfahrung. [\/info_list_son][info_list_son style=&#8220;icon&#8220; size=&#8220;20&#8243; width=&#8220;30&#8243; height=&#8220;20&#8243; titleclr=&#8220;#890000&#8243; icon=&#8220;far fa-check-circle&#8220; iconclr=&#8220;#890000&#8243; iconbg=&#8220;#f8f8f8&#8243; borderclr=&#8220;#f8f8f8&#8243; title=&#8220;Saison\u00fcberblick&#8220;]\n<p data-path-to-node=\"8\">Bwindi ist ein Regenwald, was bedeutet, dass seine Sch\u00f6nheit vom Wasser gen\u00e4hrt wird, aber das Erlebnis ver\u00e4ndert sich mit dem wechselnden Himmel:<\/p>\n<ul data-path-to-node=\"9\">\n<li>\n<p data-path-to-node=\"9,0,0\"><strong>Die Smaragdsaison<\/strong><b data-path-to-node=\"9,0,0\" data-index-in-node=\"0\">:<\/b> W\u00e4hrend der Perioden mit hohem Niederschlag ist der Wald am lebendigsten. Die Vegetation ist \u00fcppig, die Luft ist frisch, und die Berggipfel sind dramatisch klar. Obwohl die Wanderwege rutschig und herausfordernd sein k\u00f6nnen, wirkt der Wald unglaublich lebendig, und die Vogelwelt ist auf dem H\u00f6hepunkt.  <\/p>\n<\/li>\n<li>\n<p data-path-to-node=\"9,1,0\"><strong>Die sonnengetr\u00e4nkte Saison<\/strong><b data-path-to-node=\"9,1,0\" data-index-in-node=\"0\">:<\/b> Dies ist die bevorzugte Zeit f\u00fcr viele Wanderer. W\u00e4hrend der trockeneren Zyklen ist der Waldboden fester, und das Bl\u00e4tterdach dar\u00fcber l\u00e4sst geflecktes Sonnenlicht die Wege erhellen. Diese Jahreszeiten machen den steilen Anstieg leichter zu bew\u00e4ltigen und bieten die besten Bedingungen f\u00fcr Fotografie unter der goldenen afrikanischen Sonne.  <\/p>\n<\/li>\n<\/ul>\n[\/info_list_son][\/info_list_father][\/vc_tta_section][vc_tta_section title=&#8220;Unterkunft&#8220; tab_id=&#8220;1633455601016-f93699bc-5d92&#8243;][vc_row_inner css=&#8220;.vc_custom_1767878786489{padding: 10px !important;}&#8220;][vc_column_inner el_class=&#8220;custom-height&#8220; offset=&#8220;vc_hidden-md vc_hidden-sm vc_hidden-xs&#8220;][ucaddon_uc_side_carousel_content image=&#8220;44905&#8243; title=&#8220;Buhoma Lodge&#8220; btn_text=&#8220;View Accomodation&#8220; link=&#8220;https:\/\/buhoma.ugandaexclusivecamps.com\/&#8220; uc_fonts_data=&#8220;JTdCJTdE&#8220;]QW4lMjBpbnRpbWF0ZSUyMGFuZCUyMGNoYXJtaW5nJTIwcHJvcGVydHklMjB0aGF0JTIwY29tbWFuZHMlMjBzcGVjdGFjdWxhciUyMGFuZCUyMHVuaW50ZXJydXB0ZWQlMjB2aWV3cyUyMG9mJTIwdGhlJTIwQndpbmRpJTIwSW1wZW5ldHJhYmxlJTIwRm9yZXN0JTIwTmF0aW9uYWwlMjBQYXJrJTJDJTIwaG9tZSUyMHRvJTIwdGhlJTIwcmFyZSUyMGFuZCUyMGVsdXNpdmUlMjBNb3VudGFpbiUyMEdvcmlsbGEuJTIwT25lJTIwb2YlMjBvbmx5JTIwdHdvJTIwbG9kZ2VzJTIwc2l0dWF0ZWQlMjB3aXRoaW4lMjB0aGUlMjBOYXRpb25hbCUyMFBhcmslMkMlMjB3aXRoaW4lMjBhJTIwc2hvcnQlMjB3YWxraW5nJTIwZGlzdGFuY2UlMjBmcm9tJTIwdGhlJTIwbWVldGluZyUyMHBvaW50JTIwZm9yJTIwZ29yaWxsYSUyMHRyYWNraW5nJTIwYW5kJTIwb3RoZXIlMjBhY3Rpdml0aWVzJTIwaW4lMjB0aGUlMjBCdWhvbWElMjBhcmVhLg==[\/ucaddon_uc_side_carousel_content][\/vc_column_inner][\/vc_row_inner][vc_row_inner css=&#8220;.vc_custom_1767878786489{padding: 10px !important;}&#8220;][vc_column_inner el_class=&#8220;custom-height&#8220; offset=&#8220;vc_hidden-md vc_hidden-sm vc_hidden-xs&#8220;][ucaddon_uc_side_carousel_content image=&#8220;44911&#8243; title=&#8220;Ruhija Gorilla Lodge&#8220; btn_text=&#8220;View Accomodation&#8220; link=&#8220;https:\/\/ruhijagorillalodge.com\/&#8220; uc_fonts_data=&#8220;JTdCJTdE&#8220;]TmVzdGxlZCUyMGluJTIwdGhlJTIwaGVhcnQlMjBvZiUyMHRoZSUyMFJ1aGlqYSUyMHNlY3RvciUyMG9mJTIwQndpbmRpJTIwSW1wZW5ldHJhYmxlJTIwTmF0aW9uYWwlMjBQYXJrJTJDJTIwVWdhbmRhLiUyMFRoZSUyMGxvZGdlJTIwZmVhdHVyZXMlMjBlaWdodCUyMGJlYXV0aWZ1bGx5JTIwZGVzaWduZWQlMjBlbi1zdWl0ZSUyMGNvdHRhZ2VzJTJDJTIwZWFjaCUyMHN0cmF0ZWdpY2FsbHklMjBwb3NpdGlvbmVkJTIwdG8lMjBvZmZlciUyMGJyZWF0aHRha2luZyUyMHZpZXdzJTIwb2YlMjB0aGUlMjBsdXNoJTIwZm9yZXN0JTIwY2Fub3B5JTIwYW5kJTIwdGhlJTIwbWFqZXN0aWMlMjBWaXJ1bmdhJTIwTW91bnRhaW4lMjByYW5nZXMuJTIwRWFjaCUyMHJvb20lMjBpcyUyMHRob3VnaHRmdWxseSUyMGZ1cm5pc2hlZCUyMHdpdGglMjBjb21mb3J0YWJsZSUyMHR3aW4lMjBiZWRzJTJDJTIwYW4lMjBlbi1zdWl0ZSUyMGJhdGhyb29tJTIwY29tcGxldGUlMjB3aXRoJTIwYSUyMGZsdXNoJTIwdG9pbGV0JTIwYW5kJTIwYW4lMjBvdmVyaGVhZCUyMHNob3dlciUyMHByb3ZpZGluZyUyMGJvdGglMjBob3QlMjBhbmQlMjBjb2xkJTIwd2F0ZXIu[\/ucaddon_uc_side_carousel_content][\/vc_column_inner][\/vc_row_inner][vc_row_inner css=&#8220;.vc_custom_1767878786489{padding: 10px !important;}&#8220;][vc_column_inner el_class=&#8220;custom-height&#8220; offset=&#8220;vc_hidden-md vc_hidden-sm vc_hidden-xs&#8220;][ucaddon_uc_side_carousel_content image=&#8220;44917&#8243; title=&#8220;Gorilla Leisure Lodge&#8220; btn_text=&#8220;View Accomodation&#8220; link=&#8220;https:\/\/gorillaleisurelodge.com\/&#8220; uc_fonts_data=&#8220;JTdCJTdE&#8220;]U3RyaWtpbmclMjBhJTIwYmFsYW5jZSUyMGJldHdlZW4lMjAlMjJzYWZhcmklMjBhZHZlbnR1cmUlMjIlMjBhbmQlMjAlMjJib3V0aXF1ZSUyMHJldHJlYXQuJTIyJTIwSXQlRTIlODAlOTlzJTIwYnVpbHQlMjBpbnRvJTIwdGhlJTIwaGlsbHNpZGUlMkMlMjBvZmZlcmluZyUyMHN3ZWVwaW5nJTJDJTIwbWlzdHklMjB2aWV3cyUyMG9mJTIwdGhlJTIwYW5jaWVudCUyMGZvcmVzdCUyMGNhbm9weS4lMjBZb3UlMjBhcmVuJTI3dCUyMGp1c3QlMjBuZWFyJTIwdGhlJTIwanVuZ2xlJTNCJTIweW91JTIwYXJlJTIwZXNzZW50aWFsbHklMjBwYXJ0JTIwb2YlMjBpdC4=[\/ucaddon_uc_side_carousel_content][\/vc_column_inner][\/vc_row_inner][vc_row_inner css=&#8220;.vc_custom_1767878786489{padding: 10px !important;}&#8220;][vc_column_inner el_class=&#8220;custom-height&#8220; offset=&#8220;vc_hidden-lg&#8220;][vc_headings style=&#8220;theme2&#8243; borderclr=&#8220;#890000&#8243; title=&#8220;Buhoma Lodge&#8220; align=&#8220;left&#8220; google_fonts=&#8220;font_family:Quicksand%3A300%2Cregular%2C700|font_style:400%20regular%3A400%3Anormal&#8220; titleclr=&#8220;#000000&#8243;]An intimate and charming property that commands spectacular and uninterrupted views of the Bwindi Impenetrable Forest National Park, home to the rare and elusive Mountain Gorilla. One of only two lodges situated within the National Park, within a short walking distance from the meeting point for gorilla tracking and other activities in the Buhoma area.[\/vc_headings][vc_btn title=&#8220;Unterk\u00fcnfte ansehen&#8220; style=&#8220;outline-custom&#8220; outline_custom_color=&#8220;#890000&#8243; outline_custom_hover_background=&#8220;#890000&#8243; outline_custom_hover_text=&#8220;#ffffff&#8220; shape=&#8220;square&#8220; size=&#8220;sm&#8220; i_align=&#8220;right&#8220; i_icon_fontawesome=&#8220;fas fa-chevron-right&#8220; add_icon=&#8220;true&#8220; link=&#8220;url:https%3A%2F%2Fbuhoma.ugandaexclusivecamps.com%2F|&#8220; css=&#8220;.vc_custom_1771313459020{padding-top: 10px !important;padding-right: 10px !important;padding-bottom: 10px !important;}&#8220;][\/vc_column_inner][\/vc_row_inner][vc_row_inner css=&#8220;.vc_custom_1767878786489{padding: 10px !important;}&#8220;][vc_column_inner el_class=&#8220;custom-height&#8220; offset=&#8220;vc_hidden-lg&#8220;][vc_headings style=&#8220;theme2&#8243; borderclr=&#8220;#890000&#8243; title=&#8220;Ruhija Gorilla Lodge&#8220; align=&#8220;left&#8220; google_fonts=&#8220;font_family:Quicksand%3A300%2Cregular%2C700|font_style:400%20regular%3A400%3Anormal&#8220; titleclr=&#8220;#000000&#8243;]Nestled in the heart of the Ruhija sector of Bwindi Impenetrable National Park, Uganda. The lodge features eight beautifully designed en-suite cottages, each strategically positioned to offer breathtaking views of the lush forest canopy and the majestic Virunga Mountain ranges. Each room is thoughtfully furnished with comfortable twin beds, an en-suite bathroom complete with a flush toilet and an overhead shower providing both hot and cold water.[\/vc_headings][vc_btn title=&#8220;Unterk\u00fcnfte ansehen&#8220; style=&#8220;outline-custom&#8220; outline_custom_color=&#8220;#890000&#8243; outline_custom_hover_background=&#8220;#890000&#8243; outline_custom_hover_text=&#8220;#ffffff&#8220; shape=&#8220;square&#8220; size=&#8220;sm&#8220; i_align=&#8220;right&#8220; i_icon_fontawesome=&#8220;fas fa-chevron-right&#8220; add_icon=&#8220;true&#8220; link=&#8220;url:https%3A%2F%2Fruhijagorillalodge.com%2F|&#8220; css=&#8220;.vc_custom_1771313418004{padding-top: 10px !important;padding-right: 10px !important;padding-bottom: 10px !important;}&#8220;][\/vc_column_inner][\/vc_row_inner][vc_row_inner css=&#8220;.vc_custom_1767878786489{padding: 10px !important;}&#8220;][vc_column_inner el_class=&#8220;custom-height&#8220; offset=&#8220;vc_hidden-lg&#8220;][vc_headings style=&#8220;theme2&#8243; borderclr=&#8220;#890000&#8243; title=&#8220;Gorilla Leisure Lodge&#8220; align=&#8220;left&#8220; google_fonts=&#8220;font_family:Quicksand%3A300%2Cregular%2C700|font_style:400%20regular%3A400%3Anormal&#8220; titleclr=&#8220;#000000&#8243;]Striking a balance between &#8222;safari adventure&#8220; and &#8222;boutique retreat.&#8220; It\u2019s built into the hillside, offering sweeping, misty views of the ancient forest canopy. You aren&#8217;t just near the jungle; you are essentially part of it.[\/vc_headings][vc_btn title=&#8220;Unterk\u00fcnfte ansehen&#8220; style=&#8220;outline-custom&#8220; outline_custom_color=&#8220;#890000&#8243; outline_custom_hover_background=&#8220;#890000&#8243; outline_custom_hover_text=&#8220;#ffffff&#8220; shape=&#8220;square&#8220; size=&#8220;sm&#8220; i_align=&#8220;right&#8220; i_icon_fontawesome=&#8220;fas fa-chevron-right&#8220; add_icon=&#8220;true&#8220; link=&#8220;url:https%3A%2F%2Fgorillaleisurelodge.com%2F|&#8220; css=&#8220;.vc_custom_1771313373863{padding-top: 10px !important;padding-right: 10px !important;padding-bottom: 10px !important;}&#8220;][\/vc_column_inner][\/vc_row_inner][vc_row_inner css=&#8220;.vc_custom_1767878786489{padding: 10px !important;}&#8220;][vc_column_inner el_class=&#8220;custom-height&#8220; offset=&#8220;vc_hidden-lg&#8220;][vc_headings style=&#8220;theme2&#8243; borderclr=&#8220;#890000&#8243; title=&#8220;Clouds Mountain Gorilla Lodge&#8220; align=&#8220;left&#8220; google_fonts=&#8220;font_family:Quicksand%3A300%2Cregular%2C700|font_style:400%20regular%3A400%3Anormal&#8220; titleclr=&#8220;#000000&#8243;]Perched high on a ridge, this lodge offers a heavenly experience with private stone cottages and views stretching to the Virunga Volcanoes.[\/vc_headings][vc_btn title=&#8220;Unterk\u00fcnfte ansehen&#8220; style=&#8220;outline-custom&#8220; outline_custom_color=&#8220;#890000&#8243; outline_custom_hover_background=&#8220;#890000&#8243; outline_custom_hover_text=&#8220;#ffffff&#8220; shape=&#8220;square&#8220; size=&#8220;sm&#8220; i_align=&#8220;right&#8220; i_icon_fontawesome=&#8220;fas fa-chevron-right&#8220; add_icon=&#8220;true&#8220; link=&#8220;url:https%3A%2F%2Fwildplacesafrica.com%2Fclouds-mountain-gorilla-lodge%2F|&#8220; css=&#8220;.vc_custom_1771313338354{padding-top: 10px !important;padding-right: 10px !important;padding-bottom: 10px !important;}&#8220;][\/vc_column_inner][\/vc_row_inner][vc_row_inner css=&#8220;.vc_custom_1767878786489{padding: 10px !important;}&#8220;][vc_column_inner el_class=&#8220;custom-height&#8220; offset=&#8220;vc_hidden-lg&#8220;][vc_headings style=&#8220;theme2&#8243; borderclr=&#8220;#890000&#8243; title=&#8220;Sanctuary Gorilla forest Camp&#8220; align=&#8220;left&#8220; google_fonts=&#8220;font_family:Quicksand%3A300%2Cregular%2C700|font_style:400%20regular%3A400%3Anormal&#8220; titleclr=&#8220;#000000&#8243;]An intimate camp located inside the park boundaries, offering luxury tents and frequent visits from the gorillas themselves.[\/vc_headings][vc_btn title=&#8220;Unterk\u00fcnfte ansehen&#8220; style=&#8220;outline-custom&#8220; outline_custom_color=&#8220;#890000&#8243; outline_custom_hover_background=&#8220;#890000&#8243; outline_custom_hover_text=&#8220;#ffffff&#8220; shape=&#8220;square&#8220; size=&#8220;sm&#8220; i_align=&#8220;right&#8220; i_icon_fontawesome=&#8220;fas fa-chevron-right&#8220; add_icon=&#8220;true&#8220; link=&#8220;url:https%3A%2F%2Fwww.abercrombiekent.com%2Fstays%2Fsafari-lodges%2Fgorilla-forest-lodge|&#8220; css=&#8220;.vc_custom_1771313271418{padding-top: 10px !important;padding-right: 10px !important;padding-bottom: 10px !important;}&#8220;][\/vc_column_inner][\/vc_row_inner][\/vc_tta_section][vc_tta_section title=&#8220;Aktivit\u00e4ten&#8220; tab_id=&#8220;1767601538075-7b6924d3-776e&#8220;][info_list_father listclr=&#8220;#f8f8f8&#8243;][info_list_son style=&#8220;icon&#8220; size=&#8220;0&#8243; width=&#8220;0&#8243; height=&#8220;0&#8243; titleclr=&#8220;#f8f8f8&#8243; iconclr=&#8220;#f8f8f8&#8243; borderclr=&#8220;#f8f8f8&#8243;]\n<p data-path-to-node=\"14\">W\u00e4hrend die Gorillas die Kronjuwelen sind, bietet Bwindi eine F\u00fclle an Aktivit\u00e4ten f\u00fcr neugierige Reisende:<\/p>\n<ul data-path-to-node=\"15\">\n<li>\n<p data-path-to-node=\"15,0,0\"><strong>Gorilla-Habituation-Erfahrung<\/strong><b data-path-to-node=\"15,0,0\" data-index-in-node=\"0\">:<\/b> Verbringe vier Stunden \u2013 statt der \u00fcblichen \u2013 mit einer Gorillafamilie und nimm an dem faszinierenden Prozess ihrer Integration mit Menschen teil.<\/p>\n<\/li>\n<li>\n<p data-path-to-node=\"15,1,0\"><strong>Vogelbeobachtung<\/strong><b data-path-to-node=\"15,1,0\" data-index-in-node=\"0\">:<\/b> Suchen Sie nach \u00fcber 350 Arten, darunter 23 Albertine-Rift-Endemien wie der Afrikanische Gr\u00fcne Breitschnabel.<\/p>\n<\/li>\n<li>\n<p data-path-to-node=\"15,2,0\"><strong>Der Batwa-Kulturpfad<\/strong><b data-path-to-node=\"15,2,0\" data-index-in-node=\"0\">:<\/b> Schlie\u00dfen Sie sich den &#8222;H\u00fctern des Waldes&#8220;, den Batwa-Pygm\u00e4en, an, um mehr \u00fcber ihren alten J\u00e4ger- und Sammlerlebensstil, traditionelle Medizin und eindringliche Volkslieder zu erfahren.<\/p>\n<\/li>\n<li>\n<p data-path-to-node=\"15,3,0\"><strong>Wasserfallspazierg\u00e4nge<\/strong><b data-path-to-node=\"15,3,0\" data-index-in-node=\"0\">:<\/b> Begeben Sie sich auf den Munyaga River Trail, um drei atemberaubende, versteckte Wasserf\u00e4lle tief im Dschungel zu entdecken.<\/p>\n<\/li>\n<li>\n<p data-path-to-node=\"15,4,0\"><strong>Gemeinschafts-Dorfspazierg\u00e4nge<\/strong><b data-path-to-node=\"15,4,0\" data-index-in-node=\"0\">:<\/b> Besuchen Sie lokale Teeplantagen, traditionelle Heiler und Kunsthandwerkszentren, um zu sehen, wie die Menschen von Bwindi in Harmonie mit dem Wald leben.<\/p>\n<\/li>\n<\/ul>\n[\/info_list_son][\/info_list_father][\/vc_tta_section][\/vc_tta_tabs][\/vc_column][\/vc_row]\n","protected":false},"excerpt":{"rendered":"<p>[vc_row full_width=&#8220;stretch_row&#8220; gap=&#8220;1&#8243;][vc_column parallax=&#8220;content-moving&#8220; parallax_image=&#8220;7662&#8243; css=&#8220;.vc_custom_1771310849092{padding-top: 80px !important;padding-right: 80px !important;padding-bottom: 80px !important;padding-left: 80px !important;}&#8220;][vc_custom_heading text=&#8220;Bwindi Impenetrable Forest Nationalpark&#8220; font_container=&#8220;tag:h1|font_size:32|text_align:left|color:%23ffffff&#8220; google_fonts=&#8220;font_family:Quicksand%3A300%2Cregular%2C700|font_style:400%20regular%3A400%3Anormal&#8220; el_class=&#8220;banner-txt&#8220;][vc_separator color=&#8220;custom&#8220; align=&#8220;align_left&#8220; border_width=&#8220;2&#8243; el_width=&#8220;20&#8243; accent_color=&#8220;#f8f8f8&#8243;][vc_custom_heading text=&#8220;Uganda&#8220; font_container=&#8220;tag:h2|font_size:18|text_align:left|color:%23ffffff&#8220; google_fonts=&#8220;font_family:Quicksand%3A300%2Cregular%2C700|font_style:400%20regular%3A400%3Anormal&#8220; el_class=&#8220;banner-txt&#8220;][\/vc_column][\/vc_row][vc_row][vc_column css=&#8220;.vc_custom_1673438873315{border-top-width: 10px !important;border-right-width: 10px !important;border-bottom-width: 10px !important;border-left-width: 10px !important;}&#8220;][vc_tta_tabs shape=&#8220;square&#8220; color=&#8220;juicy-pink&#8220; alignment=&#8220;center&#8220; active_section=&#8220;1&#8243; no_fill_content_area=&#8220;true&#8220;][vc_tta_section title=&#8220;\u00dcberblick&#8220; tab_id=&#8220;1633454673222-3d94f956-010c&#8220;][info_list_father listclr=&#8220;#f8f8f8&#8243;][info_list_son style=&#8220;icon&#8220; size=&#8220;20&#8243; width=&#8220;30&#8243; height=&#8220;20&#8243; titleclr=&#8220;#890000&#8243; icon=&#8220;fas fa-map-marked&#8220; iconclr=&#8220;#890000&#8243; [&hellip;]<\/p>\n","protected":false},"author":2,"featured_media":0,"parent":27929,"menu_order":25,"comment_status":"closed","ping_status":"closed","template":"","meta":{"_themeisle_gutenberg_block_has_review":false,"footnotes":""},"class_list":["post-44930","page","type-page","status-publish","hentry"],"_links":{"self":[{"href":"https:\/\/demo.mufasatoursandtravels.com\/de\/wp-json\/wp\/v2\/pages\/44930","targetHints":{"allow":["GET"]}}],"collection":[{"href":"https:\/\/demo.mufasatoursandtravels.com\/de\/wp-json\/wp\/v2\/pages"}],"about":[{"href":"https:\/\/demo.mufasatoursandtravels.com\/de\/wp-json\/wp\/v2\/types\/page"}],"author":[{"embeddable":true,"href":"https:\/\/demo.mufasatoursandtravels.com\/de\/wp-json\/wp\/v2\/users\/2"}],"replies":[{"embeddable":true,"href":"https:\/\/demo.mufasatoursandtravels.com\/de\/wp-json\/wp\/v2\/comments?post=44930"}],"version-history":[{"count":10,"href":"https:\/\/demo.mufasatoursandtravels.com\/de\/wp-json\/wp\/v2\/pages\/44930\/revisions"}],"predecessor-version":[{"id":45117,"href":"https:\/\/demo.mufasatoursandtravels.com\/de\/wp-json\/wp\/v2\/pages\/44930\/revisions\/45117"}],"up":[{"embeddable":true,"href":"https:\/\/demo.mufasatoursandtravels.com\/de\/wp-json\/wp\/v2\/pages\/27929"}],"wp:attachment":[{"href":"https:\/\/demo.mufasatoursandtravels.com\/de\/wp-json\/wp\/v2\/media?parent=44930"}],"curies":[{"name":"wp","href":"https:\/\/api.w.org\/{rel}","templated":true}]}}