{"id":44972,"date":"2026-02-17T11:03:40","date_gmt":"2026-02-17T08:03:40","guid":{"rendered":"https:\/\/demo.mufasatoursandtravels.com\/flugziele\/lake-mburo-nationalpark\/"},"modified":"2026-02-17T12:39:54","modified_gmt":"2026-02-17T09:39:54","slug":"lake-mburo-nationalpark","status":"publish","type":"page","link":"https:\/\/demo.mufasatoursandtravels.com\/de\/flugziele\/lake-mburo-nationalpark\/","title":{"rendered":"Lake Mburo Nationalpark"},"content":{"rendered":"[vc_row full_width=&#8220;stretch_row&#8220; gap=&#8220;1&#8243;][vc_column parallax=&#8220;content-moving&#8220; parallax_image=&#8220;17304&#8243; css=&#8220;.vc_custom_1771315576691{padding-top: 80px !important;padding-right: 80px !important;padding-bottom: 80px !important;padding-left: 80px !important;}&#8220;][vc_custom_heading text=&#8220;Lake Mburo Nationalpark&#8220; font_container=&#8220;tag:h1|font_size:32|text_align:left|color:%23ffffff&#8220; google_fonts=&#8220;font_family:Quicksand%3A300%2Cregular%2C700|font_style:400%20regular%3A400%3Anormal&#8220; el_class=&#8220;banner-txt&#8220;][vc_separator color=&#8220;custom&#8220; align=&#8220;align_left&#8220; border_width=&#8220;2&#8243; el_width=&#8220;20&#8243; accent_color=&#8220;#f8f8f8&#8243;][vc_custom_heading text=&#8220;Uganda&#8220; font_container=&#8220;tag:h2|font_size:18|text_align:left|color:%23ffffff&#8220; google_fonts=&#8220;font_family:Quicksand%3A300%2Cregular%2C700|font_style:400%20regular%3A400%3Anormal&#8220; el_class=&#8220;banner-txt&#8220;][\/vc_column][\/vc_row][vc_row][vc_column css=&#8220;.vc_custom_1673438873315{border-top-width: 10px !important;border-right-width: 10px !important;border-bottom-width: 10px !important;border-left-width: 10px !important;}&#8220;][vc_tta_tabs shape=&#8220;square&#8220; color=&#8220;juicy-pink&#8220; alignment=&#8220;center&#8220; active_section=&#8220;1&#8243; no_fill_content_area=&#8220;true&#8220;][vc_tta_section title=&#8220;\u00dcberblick&#8220; tab_id=&#8220;1633454673222-3d94f956-010c&#8220;][info_list_father listclr=&#8220;#f8f8f8&#8243;][info_list_son style=&#8220;icon&#8220; size=&#8220;20&#8243; width=&#8220;30&#8243; height=&#8220;20&#8243; titleclr=&#8220;#890000&#8243; icon=&#8220;fas fa-map-marked&#8220; iconclr=&#8220;#890000&#8243; iconbg=&#8220;#f8f8f8&#8243; borderclr=&#8220;#f8f8f8&#8243; title=&#8220;Ein Mosaik aus Wasser und Wald&#8220;]\n<p data-path-to-node=\"5\">G\u00fcnstig zwischen Kampala und den Gorilla-Hochl\u00e4ndern gelegen, ist dieser Park ein beeindruckendes Mosaik aus 13 schimmernden Seen, weiten Papyruss\u00fcmpfen und sanften Akazienw\u00e4ldern. Es ist der einzige Ort im S\u00fcden Ugandas, an dem die Savanne mit den alten, pr\u00e4kambrischen Felsen durchsetzt ist, die der Landschaft ein raues, zeitloses Flair verleihen. Hier wird die Stille nur vom Rinden eines Zebras oder dem Platschen eines Nilpferds unterbrochen, was ein ruhiges, intimes Safari-Erlebnis bietet, das gr\u00f6\u00dfere Parks einfach nicht erreichen k\u00f6nnen.  <\/p>\n[\/info_list_son][info_list_son style=&#8220;icon&#8220; size=&#8220;20&#8243; width=&#8220;30&#8243; height=&#8220;20&#8243; titleclr=&#8220;#890000&#8243; icon=&#8220;fas fa-route&#8220; iconclr=&#8220;#890000&#8243; iconbg=&#8220;#f8f8f8&#8243; borderclr=&#8220;#f8f8f8&#8243; title=&#8220;Was dich erwartet&#8220;]Der Park besitzt keine gro\u00dfen Raubtiere wie L\u00f6wen oder Elefanten, die Tierwelt ist bemerkenswert entspannt, was Begegnungen erm\u00f6glicht, die unglaublich pers\u00f6nlich wirken.<\/p>\n<ul data-path-to-node=\"7\">\n<li>\n<p data-path-to-node=\"7,0,0\"><strong>Die Zebra-Hauptstadt<\/strong><b data-path-to-node=\"7,0,0\" data-index-in-node=\"0\">:<\/b> Erwarten Sie, von Ugandas gr\u00f6\u00dfter Population von <b data-path-to-node=\"7,0,0\" data-index-in-node=\"77\">Burchells Zebras<\/b> und den eleganten, springenden <b data-path-to-node=\"7,0,0\" data-index-in-node=\"120\">Impalas<\/b> (die Kampala seinen Namen gaben) umgeben zu sein.<\/p>\n<\/li>\n<li>\n<p data-path-to-node=\"7,1,0\"><strong>Die Riesen der Ebenen<\/strong><b data-path-to-node=\"7,1,0\" data-index-in-node=\"0\">:<\/b> Achten Sie auf das riesige <b data-path-to-node=\"7,1,0\" data-index-in-node=\"51\">Eland<\/b> \u2013 die gr\u00f6\u00dfte Antilope der Welt \u2013 und die majest\u00e4tischen <b data-path-to-node=\"7,1,0\" data-index-in-node=\"103\">Rothschild-Giraffen<\/b> , die durch die Akazienb\u00e4ume gleiten.<\/p>\n<\/li>\n<li>\n<p data-path-to-node=\"7,2,0\"><strong>Wasserwunder:<\/strong><b data-path-to-node=\"7,2,0\" data-index-in-node=\"0\"> Erwarten Sie einen Chor von Nilpferden und einen Platz in der ersten Reihe der antiken Nilkrokodile, w\u00e4hrend Sie durch das ruhige Wasser des Sees fahren.<\/b><\/p>\n<\/li>\n<\/ul>\n[\/info_list_son][info_list_son style=&#8220;icon&#8220; size=&#8220;20&#8243; width=&#8220;30&#8243; height=&#8220;20&#8243; titleclr=&#8220;#890000&#8243; icon=&#8220;far fa-check-circle&#8220; iconclr=&#8220;#890000&#8243; iconbg=&#8220;#f8f8f8&#8243; borderclr=&#8220;#f8f8f8&#8243; title=&#8220;Saison\u00fcberblick&#8220;]\n<p data-path-to-node=\"9\">Der Mburo-See ist ein Meisterwerk, das sich mit Licht und Wolken ver\u00e4ndert. Obwohl es das ganze Jahr \u00fcber sch\u00f6n ist, wird das Erlebnis durch zwei unterschiedliche Jahreszeiten definiert: <\/p>\n<ul data-path-to-node=\"10\">\n<li>\n<p data-path-to-node=\"10,0,0\"><strong>Die goldene Trockenzeit:<\/strong><b data-path-to-node=\"10,0,0\" data-index-in-node=\"0\"> Wenn die Sonne die Savanne brennt, wird der Park zum Theater des Lebens. W\u00e4hrend die kleineren Wasserl\u00f6cher verschwinden, wird die Tierwelt von den st\u00e4ndigen Gew\u00e4ssern des Lake Mburo angezogen. Die Vegetation wird d\u00fcnner und nimmt einen wundersch\u00f6nen goldenen Farbton an, was es zur <b data-path-to-node=\"10,0,0\" data-index-in-node=\"264\">ultimativen Zeit f\u00fcr Wildbeobachtung und Fotografie<\/b> macht. Der feste Boden macht dies zudem zur perfekten Saison, um den Park zu Fu\u00df oder mit dem Fahrrad zu erkunden.<\/b>   <\/p>\n<\/li>\n<li>\n<p data-path-to-node=\"10,1,0\"><strong>Die smaragdgr\u00fcne Regenzeit<\/strong><b data-path-to-node=\"10,1,0\" data-index-in-node=\"0\">:<\/b> Wenn der Regen kommt, wird der Park in einem lebendigen, tiefen Gr\u00fcn wiedergeboren. Die Luft ist kristallklar, und der Duft von wildem Jasmin erf\u00fcllt die Brise. Dies ist das <b data-path-to-node=\"10,1,0\" data-index-in-node=\"178\">Paradies der Vogelbeobachter<\/b>, denn Zugv\u00f6gel kommen zu Tausenden, um sich den ans\u00e4ssigen Afrikanischen Finfoot- und Schuhschnabeln anzuschlie\u00dfen. W\u00e4hrend die Tiere weiter in den Busch wandern, machen die \u00fcppige Landschaft und der Anblick neugeborener Rehk\u00e4se die Zeit f\u00fcr alle, die Einsamkeit und lebendige Landschaften lieben, zu einer magischen Zeit.   <\/p>\n<\/li>\n<\/ul>\n[\/info_list_son][\/info_list_father][\/vc_tta_section][vc_tta_section title=&#8220;Unterkunft&#8220; tab_id=&#8220;1633455601016-f93699bc-5d92&#8243;][vc_row_inner css=&#8220;.vc_custom_1767878786489{padding: 10px !important;}&#8220;][vc_column_inner el_class=&#8220;custom-height&#8220; offset=&#8220;vc_hidden-md vc_hidden-sm vc_hidden-xs&#8220;][ucaddon_uc_side_carousel_content image=&#8220;44949&#8243; title=&#8220;Mihingo Lodge&#8220; btn_text=&#8220;View Accomodation&#8220; link=&#8220;https:\/\/mihingolodge.com\/&#8220; uc_fonts_data=&#8220;JTdCJTdE&#8220;]QW4lMjBleHF1aXNpdGUlMjBsdXh1cnklMjBsb2RnZSUyMHBlcmNoZWQlMjBvbiUyMGElMjByb2NreSUyMGtvcGplJTJDJTIwZmFtb3VzJTIwZm9yJTIwaXRzJTIwaW5maW5pdHklMjBwb29sJTIwYW5kJTIwd29ybGQtY2xhc3MlMjBob3JzZWJhY2slMjBzYWZhcmlzLg==[\/ucaddon_uc_side_carousel_content][\/vc_column_inner][\/vc_row_inner][vc_row_inner css=&#8220;.vc_custom_1767878786489{padding: 10px !important;}&#8220;][vc_column_inner el_class=&#8220;custom-height&#8220; offset=&#8220;vc_hidden-md vc_hidden-sm vc_hidden-xs&#8220;][ucaddon_uc_side_carousel_content image=&#8220;44955&#8243; title=&#8220;Kigambira Safari Lodge&#8220; btn_text=&#8220;View Accomodation&#8220; link=&#8220;https:\/\/kigambirasafarilodge.com\/&#8220; uc_fonts_data=&#8220;JTdCJTdE&#8220;]QSUyMGx1eHVyeSUyMGJvdXRpcXVlJTIwbG9kZ2UlMjBsb2NhdGVkJTIwaW4lMjB0aGUlMjBoZWFydCUyMG9mJTIwdGhlJTIwcGFyayUyMG5lYXIlMjB0aGUlMjBSdWJhbmdhJTIwRm9yZXN0JTJDJTIwcGVyZmVjdCUyMGZvciUyMHRob3NlJTIwc2Vla2luZyUyMHByaXZhY3klMjBhbmQlMjBlbGVnYW5jZS4=[\/ucaddon_uc_side_carousel_content][\/vc_column_inner][\/vc_row_inner][vc_row_inner css=&#8220;.vc_custom_1767878786489{padding: 10px !important;}&#8220;][vc_column_inner el_class=&#8220;custom-height&#8220; offset=&#8220;vc_hidden-md vc_hidden-sm vc_hidden-xs&#8220;][ucaddon_uc_side_carousel_content image=&#8220;44961&#8243; title=&#8220;Kigarama Wilderness Lodge&#8220; btn_text=&#8220;View Accomodation&#8220; link=&#8220;https:\/\/www.kigarama.ugandaculturallodges.com\/&#8220; uc_fonts_data=&#8220;JTdCJTdE&#8220;]QSUyMGxvZGdlJTIwZm9jdXNlZCUyMG9uJTIwc3VzdGFpbmFiaWxpdHklMjBhbGxvd2luZyUyMGNsaWVudHMlMjB0byUyMGdldCUyMGNsb3NlJTIwYW5kJTIwY29ubmVjdCUyMHdpdGglMjB0aGUlMjBsb2NhbCUyMGNvbW11bml0aWVzJTIwdGhyb3VnaCUyMG9wdGlvbmFsJTIwYWN0aXZpdGllcyUyMHN1Y2glMjBhcyUyMGNvdyUyMG1pbGtpbmclMkMlMjBjb29raW5nJTIwbGVzc29ucyUyQyUyMHRodXMlMjBhbGxvd2luZyUyMHRoZW0lMjB0byUyMGV4cGVyaWVuY2UlMjB0aGUlMjBkaXZlcnNpdHklMjBhbmQlMjBjdXN0b21zJTIwb2YlMjB0aGUlMjBsb2NhbCUyMGN1bHR1cmUlMjBhcyUyMGElMjByZXN1bHQlMjBjb250cmlidXRpbmclMjB0byUyMHByZXNlcnZpbmclMjBvZiUyMGN1bHR1cmUlMjBmb3IlMjBmdXR1cmUu[\/ucaddon_uc_side_carousel_content][\/vc_column_inner][\/vc_row_inner][vc_row_inner css=&#8220;.vc_custom_1767878786489{padding: 10px !important;}&#8220;][vc_column_inner el_class=&#8220;custom-height&#8220; offset=&#8220;vc_hidden-lg&#8220;][vc_headings style=&#8220;theme2&#8243; borderclr=&#8220;#890000&#8243; title=&#8220;Mihingo Lodge&#8220; align=&#8220;left&#8220; google_fonts=&#8220;font_family:Quicksand%3A300%2Cregular%2C700|font_style:400%20regular%3A400%3Anormal&#8220; titleclr=&#8220;#000000&#8243;]An exquisite luxury lodge perched on a rocky kopje, famous for its infinity pool and world-class horseback safaris.[\/vc_headings][vc_btn title=&#8220;Unterk\u00fcnfte ansehen&#8220; style=&#8220;outline-custom&#8220; outline_custom_color=&#8220;#890000&#8243; outline_custom_hover_background=&#8220;#890000&#8243; outline_custom_hover_text=&#8220;#ffffff&#8220; shape=&#8220;square&#8220; size=&#8220;sm&#8220; i_align=&#8220;right&#8220; i_icon_fontawesome=&#8220;fas fa-chevron-right&#8220; add_icon=&#8220;true&#8220; link=&#8220;url:https%3A%2F%2Fmihingolodge.com%2F|&#8220; css=&#8220;.vc_custom_1771315169192{padding-top: 10px !important;padding-right: 10px !important;padding-bottom: 10px !important;}&#8220;][\/vc_column_inner][\/vc_row_inner][vc_row_inner css=&#8220;.vc_custom_1767878786489{padding: 10px !important;}&#8220;][vc_column_inner el_class=&#8220;custom-height&#8220; offset=&#8220;vc_hidden-lg&#8220;][vc_headings style=&#8220;theme2&#8243; borderclr=&#8220;#890000&#8243; title=&#8220;Kigambira Safari Lodge&#8220; align=&#8220;left&#8220; google_fonts=&#8220;font_family:Quicksand%3A300%2Cregular%2C700|font_style:400%20regular%3A400%3Anormal&#8220; titleclr=&#8220;#000000&#8243;]A luxury boutique lodge located in the heart of the park near the Rubanga Forest, perfect for those seeking privacy and elegance.[\/vc_headings][vc_btn title=&#8220;Unterk\u00fcnfte ansehen&#8220; style=&#8220;outline-custom&#8220; outline_custom_color=&#8220;#890000&#8243; outline_custom_hover_background=&#8220;#890000&#8243; outline_custom_hover_text=&#8220;#ffffff&#8220; shape=&#8220;square&#8220; size=&#8220;sm&#8220; i_align=&#8220;right&#8220; i_icon_fontawesome=&#8220;fas fa-chevron-right&#8220; add_icon=&#8220;true&#8220; link=&#8220;url:https%3A%2F%2Fkigambirasafarilodge.com%2F|&#8220; css=&#8220;.vc_custom_1771315238176{padding-top: 10px !important;padding-right: 10px !important;padding-bottom: 10px !important;}&#8220;][\/vc_column_inner][\/vc_row_inner][vc_row_inner css=&#8220;.vc_custom_1767878786489{padding: 10px !important;}&#8220;][vc_column_inner el_class=&#8220;custom-height&#8220; offset=&#8220;vc_hidden-lg&#8220;][vc_headings style=&#8220;theme2&#8243; borderclr=&#8220;#890000&#8243; title=&#8220;Kigarama Wilderness Lodge&#8220; align=&#8220;left&#8220; google_fonts=&#8220;font_family:Quicksand%3A300%2Cregular%2C700|font_style:400%20regular%3A400%3Anormal&#8220; titleclr=&#8220;#000000&#8243;]A lodge focused on sustainability allowing clients to get close and connect with the local communities through optional activities such as cow milking, cooking lessons, thus allowing them to experience the diversity and customs of the local culture as a result contributing to preserving of culture for future.[\/vc_headings][vc_btn title=&#8220;Unterk\u00fcnfte ansehen&#8220; style=&#8220;outline-custom&#8220; outline_custom_color=&#8220;#890000&#8243; outline_custom_hover_background=&#8220;#890000&#8243; outline_custom_hover_text=&#8220;#ffffff&#8220; shape=&#8220;square&#8220; size=&#8220;sm&#8220; i_align=&#8220;right&#8220; i_icon_fontawesome=&#8220;fas fa-chevron-right&#8220; add_icon=&#8220;true&#8220; link=&#8220;url:https%3A%2F%2Fwww.kigarama.ugandaculturallodges.com%2F|&#8220; css=&#8220;.vc_custom_1771315286721{padding-top: 10px !important;padding-right: 10px !important;padding-bottom: 10px !important;}&#8220;][\/vc_column_inner][\/vc_row_inner][\/vc_tta_section][vc_tta_section title=&#8220;Aktivit\u00e4ten&#8220; tab_id=&#8220;1767601538075-7b6924d3-776e&#8220;][info_list_father listclr=&#8220;#f8f8f8&#8243;][info_list_son style=&#8220;icon&#8220; size=&#8220;0&#8243; width=&#8220;0&#8243; height=&#8220;0&#8243; titleclr=&#8220;#f8f8f8&#8243; iconclr=&#8220;#f8f8f8&#8243; borderclr=&#8220;#f8f8f8&#8243;]\n<ul>\n<li>\n<p data-path-to-node=\"16,0,0\"><strong>Pferdesafaris<\/strong><b data-path-to-node=\"16,0,0\" data-index-in-node=\"0\">:<\/b> Einer der wenigen Orte in Ostafrika, an denen man neben Zebras und B\u00fcffeln auf einem Pferd reiten kann \u2013 eine stille, aufregende Art, sich in die Herde einzuf\u00fcgen.<\/p>\n<\/li>\n<li>\n<p data-path-to-node=\"16,1,0\"><strong>Wander-Safaris<\/strong><b data-path-to-node=\"16,1,0\" data-index-in-node=\"0\">:<\/b> Begleitet von einem bewaffneten Ranger kannst du buchst\u00e4blich zwischen der Tierwelt spazieren und die Geheimnisse der Tierpfade und die medizinischen Anwendungen von Savannenpflanzen kennenlernen.<\/p>\n<\/li>\n<li>\n<p data-path-to-node=\"16,2,0\"><strong>Mountainbiken<\/strong><b data-path-to-node=\"16,2,0\" data-index-in-node=\"0\">:<\/b> F\u00fcr Adrenalinjunkies \u2013 radeln Sie durch die akazieges\u00e4umten Strecken f\u00fcr eine mitrei\u00dfende Begegnung mit der Wildnis.<\/p>\n<\/li>\n<li>\n<p data-path-to-node=\"16,3,0\"><strong>N\u00e4chtliche Gamedrives<\/strong><b data-path-to-node=\"16,3,0\" data-index-in-node=\"0\">:<\/b> Gehen Sie nach Einbruch der Dunkelheit mit Scheinwerfern hinaus, um die schwer fassbaren nachtaktiven Bewohner des Parks zu finden, darunter <b data-path-to-node=\"16,3,0\" data-index-in-node=\"116\">Leoparden<\/b>, Hy\u00e4nen und winzige Buschbabys.<\/p>\n<\/li>\n<li>\n<p data-path-to-node=\"16,4,0\"><strong>Bootsfahrten auf dem Lake Mburo<\/strong><b data-path-to-node=\"16,4,0\" data-index-in-node=\"0\">:<\/b> Eine ruhige zweist\u00fcndige Reise, um Nilpferde, Krokodile und seltene V\u00f6gel wie den Afrikanischen Finfoot am Wasserrand zu sehen.<\/p>\n<\/li>\n<\/ul>\n[\/info_list_son][\/info_list_father][\/vc_tta_section][\/vc_tta_tabs][\/vc_column][\/vc_row]\n","protected":false},"excerpt":{"rendered":"<p>[vc_row full_width=&#8220;stretch_row&#8220; gap=&#8220;1&#8243;][vc_column parallax=&#8220;content-moving&#8220; parallax_image=&#8220;17304&#8243; css=&#8220;.vc_custom_1771315576691{padding-top: 80px !important;padding-right: 80px !important;padding-bottom: 80px !important;padding-left: 80px !important;}&#8220;][vc_custom_heading text=&#8220;Lake Mburo Nationalpark&#8220; font_container=&#8220;tag:h1|font_size:32|text_align:left|color:%23ffffff&#8220; google_fonts=&#8220;font_family:Quicksand%3A300%2Cregular%2C700|font_style:400%20regular%3A400%3Anormal&#8220; el_class=&#8220;banner-txt&#8220;][vc_separator color=&#8220;custom&#8220; align=&#8220;align_left&#8220; border_width=&#8220;2&#8243; el_width=&#8220;20&#8243; accent_color=&#8220;#f8f8f8&#8243;][vc_custom_heading text=&#8220;Uganda&#8220; font_container=&#8220;tag:h2|font_size:18|text_align:left|color:%23ffffff&#8220; google_fonts=&#8220;font_family:Quicksand%3A300%2Cregular%2C700|font_style:400%20regular%3A400%3Anormal&#8220; el_class=&#8220;banner-txt&#8220;][\/vc_column][\/vc_row][vc_row][vc_column css=&#8220;.vc_custom_1673438873315{border-top-width: 10px !important;border-right-width: 10px !important;border-bottom-width: 10px !important;border-left-width: 10px !important;}&#8220;][vc_tta_tabs shape=&#8220;square&#8220; color=&#8220;juicy-pink&#8220; alignment=&#8220;center&#8220; active_section=&#8220;1&#8243; no_fill_content_area=&#8220;true&#8220;][vc_tta_section title=&#8220;\u00dcberblick&#8220; tab_id=&#8220;1633454673222-3d94f956-010c&#8220;][info_list_father listclr=&#8220;#f8f8f8&#8243;][info_list_son style=&#8220;icon&#8220; size=&#8220;20&#8243; width=&#8220;30&#8243; height=&#8220;20&#8243; titleclr=&#8220;#890000&#8243; icon=&#8220;fas fa-map-marked&#8220; iconclr=&#8220;#890000&#8243; iconbg=&#8220;#f8f8f8&#8243; [&hellip;]<\/p>\n","protected":false},"author":2,"featured_media":0,"parent":27929,"menu_order":27,"comment_status":"closed","ping_status":"closed","template":"","meta":{"_themeisle_gutenberg_block_has_review":false,"footnotes":""},"class_list":["post-44972","page","type-page","status-publish","hentry"],"_links":{"self":[{"href":"https:\/\/demo.mufasatoursandtravels.com\/de\/wp-json\/wp\/v2\/pages\/44972","targetHints":{"allow":["GET"]}}],"collection":[{"href":"https:\/\/demo.mufasatoursandtravels.com\/de\/wp-json\/wp\/v2\/pages"}],"about":[{"href":"https:\/\/demo.mufasatoursandtravels.com\/de\/wp-json\/wp\/v2\/types\/page"}],"author":[{"embeddable":true,"href":"https:\/\/demo.mufasatoursandtravels.com\/de\/wp-json\/wp\/v2\/users\/2"}],"replies":[{"embeddable":true,"href":"https:\/\/demo.mufasatoursandtravels.com\/de\/wp-json\/wp\/v2\/comments?post=44972"}],"version-history":[{"count":4,"href":"https:\/\/demo.mufasatoursandtravels.com\/de\/wp-json\/wp\/v2\/pages\/44972\/revisions"}],"predecessor-version":[{"id":45114,"href":"https:\/\/demo.mufasatoursandtravels.com\/de\/wp-json\/wp\/v2\/pages\/44972\/revisions\/45114"}],"up":[{"embeddable":true,"href":"https:\/\/demo.mufasatoursandtravels.com\/de\/wp-json\/wp\/v2\/pages\/27929"}],"wp:attachment":[{"href":"https:\/\/demo.mufasatoursandtravels.com\/de\/wp-json\/wp\/v2\/media?parent=44972"}],"curies":[{"name":"wp","href":"https:\/\/api.w.org\/{rel}","templated":true}]}}