{"id":45278,"date":"2026-02-19T10:39:09","date_gmt":"2026-02-19T07:39:09","guid":{"rendered":"https:\/\/demo.mufasatoursandtravels.com\/flugziele\/nationalpark-vulkane\/"},"modified":"2026-02-19T11:35:50","modified_gmt":"2026-02-19T08:35:50","slug":"nationalpark-vulkane","status":"publish","type":"page","link":"https:\/\/demo.mufasatoursandtravels.com\/de\/flugziele\/nationalpark-vulkane\/","title":{"rendered":"Nationalpark Vulkane"},"content":{"rendered":"[vc_row full_width=&#8220;stretch_row&#8220; gap=&#8220;1&#8243;][vc_column parallax=&#8220;content-moving&#8220; parallax_image=&#8220;45249&#8243; parallax_speed_bg=&#8220;1.4&#8243; css=&#8220;.vc_custom_1771485581394{padding-top: 80px !important;padding-right: 80px !important;padding-bottom: 80px !important;padding-left: 80px !important;}&#8220;][vc_custom_heading text=&#8220;Nationalpark Vulkane&#8220; font_container=&#8220;tag:h1|font_size:32|text_align:left|color:%23ffffff&#8220; google_fonts=&#8220;font_family:Quicksand%3A300%2Cregular%2C700|font_style:400%20regular%3A400%3Anormal&#8220; el_class=&#8220;banner-txt&#8220;][vc_separator color=&#8220;custom&#8220; align=&#8220;align_left&#8220; border_width=&#8220;2&#8243; el_width=&#8220;20&#8243; accent_color=&#8220;#f8f8f8&#8243;][vc_custom_heading text=&#8220;Ruanda&#8220; font_container=&#8220;tag:h2|font_size:18|text_align:left|color:%23ffffff&#8220; google_fonts=&#8220;font_family:Quicksand%3A300%2Cregular%2C700|font_style:400%20regular%3A400%3Anormal&#8220; el_class=&#8220;banner-txt&#8220;][\/vc_column][\/vc_row][vc_row][vc_column css=&#8220;.vc_custom_1673438873315{border-top-width: 10px !important;border-right-width: 10px !important;border-bottom-width: 10px !important;border-left-width: 10px !important;}&#8220;][vc_tta_tabs shape=&#8220;square&#8220; color=&#8220;juicy-pink&#8220; alignment=&#8220;center&#8220; active_section=&#8220;1&#8243; no_fill_content_area=&#8220;true&#8220;][vc_tta_section title=&#8220;\u00dcberblick&#8220; tab_id=&#8220;1633454673222-3d94f956-010c&#8220;][info_list_father listclr=&#8220;#f8f8f8&#8243;][info_list_son style=&#8220;icon&#8220; size=&#8220;20&#8243; width=&#8220;30&#8243; height=&#8220;20&#8243; titleclr=&#8220;#890000&#8243; icon=&#8220;fas fa-map-marked&#8220; iconclr=&#8220;#890000&#8243; iconbg=&#8220;#f8f8f8&#8243; borderclr=&#8220;#f8f8f8&#8243; title=&#8220;Ein Heiligtum uralter Riesen&#8220; caption_url=&#8220;&#8220;]Ein Ort \u00e4therischer Sch\u00f6nheit und tiefgreifender historischer Bedeutung. Dieses 160 Quadratkilometer gro\u00dfe Reservat sch\u00fctzt die steilen H\u00e4nge des pr\u00e4chtigen Virunga-Gebirges \u2013 eine Kette von f\u00fcnf ruhenden Vulkanen, die von dichten Bambus- und immergr\u00fcnen W\u00e4ldern umgeben sind. Hier verbrachte der legend\u00e4re Dian Fossey zwanzig Jahre damit, die Berggorillas zu studieren, und heute bleibt es das ikonischste Ziel der Erde f\u00fcr den Primatenschutz. Von seinen gezackten vulkanischen Gipfeln bis zu den lebendigen afromontanen Wiesen ist der Park ein lebendiges Meisterwerk der Biodiversit\u00e4t.   [\/info_list_son][info_list_son style=&#8220;icon&#8220; size=&#8220;20&#8243; width=&#8220;30&#8243; height=&#8220;20&#8243; titleclr=&#8220;#890000&#8243; icon=&#8220;fas fa-route&#8220; iconclr=&#8220;#890000&#8243; iconbg=&#8220;#f8f8f8&#8243; borderclr=&#8220;#f8f8f8&#8243; title=&#8220;Was dich erwartet&#8220; caption_url=&#8220;&#8220;]\n<p data-path-to-node=\"6\">Im Gegensatz zu allen anderen Wildtiererlebnissen ist dies ein pers\u00f6nliches Treffen mit unseren engsten Cousins in ihrem eigenen Zuhause.<\/p>\n<ul data-path-to-node=\"7\">\n<li>\n<p data-path-to-node=\"7,0,0\"><strong>Das Silberr\u00fccken-Reich:<\/strong><b data-path-to-node=\"7,0,0\" data-index-in-node=\"0\"> Erwarten Sie den herzklopfernden Moment, wenn Sie sich durch das dichte Laub k\u00e4mpfen und eine <b data-path-to-node=\"7,0,0\" data-index-in-node=\"107\">Berggorillafamilie<\/b> finden. Die sanften Riesen zu beobachten \u2013 Babys, die Purzelb\u00e4ume machen, und Silberr\u00fccken, die \u00fcber die Truppe wachen \u2013 ist eine lebensver\u00e4ndernde Erfahrung.<\/b> <\/p>\n<\/li>\n<li>\n<p data-path-to-node=\"7,1,0\"><strong>Lebendiges Primatenleben<\/strong><b data-path-to-node=\"7,1,0\" data-index-in-node=\"0\">:<\/b> Erwarten Sie, von den seltenen und verspielten <b data-path-to-node=\"7,1,0\" data-index-in-node=\"67\">Goldenen Affen<\/b> bezaubert zu werden, deren leuchtend orangefarbenes Fell wundersch\u00f6n vom smaragdgr\u00fcnen Bambus abhebt.<\/p>\n<\/li>\n<li>\n<p data-path-to-node=\"7,2,0\"><strong>Hochgelegene Erhabenheit<\/strong><b data-path-to-node=\"7,2,0\" data-index-in-node=\"0\">:<\/b> Erwarten Sie dramatische Ausblicke auf die Gipfel von Karisimbi und Bisoke, die die Wolken durchdringen, und schaffen eine Landschaft, die wie eine Szene aus einer pr\u00e4historischen Welt wirkt.<\/p>\n<\/li>\n<\/ul>\n[\/info_list_son][info_list_son style=&#8220;icon&#8220; size=&#8220;20&#8243; width=&#8220;30&#8243; height=&#8220;20&#8243; titleclr=&#8220;#890000&#8243; icon=&#8220;far fa-check-circle&#8220; iconclr=&#8220;#890000&#8243; iconbg=&#8220;#f8f8f8&#8243; borderclr=&#8220;#f8f8f8&#8243; title=&#8220;Saison\u00fcberblick&#8220; caption_url=&#8220;&#8220;]\n<p data-path-to-node=\"9\">Der Volcanoes-Nationalpark ist ein ganzj\u00e4hriges Ziel, aber die Atmosph\u00e4re des Waldes ver\u00e4ndert sich mit dem wechselnden Wetter:<\/p>\n<ul data-path-to-node=\"10\">\n<li>\n<p data-path-to-node=\"10,0,0\"><strong>Die trockenen, goldenen Jahreszeiten<\/strong><b data-path-to-node=\"10,0,0\" data-index-in-node=\"0\">:<\/b> In den sonnigeren Monaten sind die Waldwege am zug\u00e4nglichsten. Dies ist die <b data-path-to-node=\"10,0,0\" data-index-in-node=\"112\">optimale Zeit f\u00fcr Trekking und Wandern<\/b>, da der Boden fester ist und der Himmel oft klar ist, was atemberaubende Panoramen der vulkanischen Kette bietet. Die Luft ist frisch, und das Ausbleiben von Regen sorgt f\u00fcr perfekte Fotobedingungen, da die Sonne durch das hohe Bl\u00e4tterdach f\u00e4llt.  <\/p>\n<\/li>\n<li>\n<p data-path-to-node=\"10,1,0\"><strong>Die \u00fcppigen, smaragdgr\u00fcnen Jahreszeiten<\/strong><b data-path-to-node=\"10,1,0\" data-index-in-node=\"0\">:<\/b> Wenn der Regen kommt, verwandelt sich der Park in ein gr\u00fcnes, nebliges Wunderland. Dies ist die <b data-path-to-node=\"10,1,0\" data-index-in-node=\"116\">bevorzugte Zeit f\u00fcr Vogelbeobachter<\/b> und diejenigen, die ein intimeres Erlebnis suchen. Interessanterweise wandern die Gorillas w\u00e4hrend der Regenzeit oft in die unteren H\u00e4nge, um sich an frischen Bambussprossen zu laben, was zu k\u00fcrzeren, wenn auch schlammigeren Wanderungen f\u00fchren kann. Der Wald ist in dieser Zeit am duftendsten und mystischsten, obwohl die h\u00f6heren Vulkangipfel von dramatischen, schweren Wolken umh\u00fcllt sein k\u00f6nnen.   <\/p>\n<\/li>\n<\/ul>\n[\/info_list_son][\/info_list_father][\/vc_tta_section][vc_tta_section title=&#8220;Unterkunft&#8220; tab_id=&#8220;1633455601016-f93699bc-5d92&#8243;][vc_row_inner css=&#8220;.vc_custom_1767878786489{padding: 10px !important;}&#8220;][vc_column_inner el_class=&#8220;custom-height&#8220; offset=&#8220;vc_hidden-md vc_hidden-sm vc_hidden-xs&#8220;][ucaddon_uc_side_carousel_content image=&#8220;45255&#8243; title=&#8220;Das einzige Gorilla-Nest&#8220; btn_text=&#8220;View Accomodation&#8220; link=&#8220;https:\/\/www.oneandonlyresorts.com\/gorillas-nest?utm_medium=organic-search&amp;utm_source=gbp&amp;utm_campaign=gbp_ao_y_oogn_row_wt__ao__kz&amp;utm_content=__&amp;utm_term=one-and-only-gorillas-nest&amp;utm_id=u10f6k&#8220; uc_init_settings=&#8220;&#8220; uc_fonts_data=&#8220;JTdCJTdE&#8220;]QSUyMHNlY2x1ZGVkJTIwc2FuY3R1YXJ5JTIwbmVzdGxlZCUyMGFtb25nJTIwZXVjYWx5cHR1cyUyMHRyZWVzJTJDJTIwb2ZmZXJpbmclMjBpbmRpdmlkdWFsJTIwdHJlZWhvdXNlcyUyMGFuZCUyMHN1aXRlcyUyMHRoYXQlMjBwbGFjZSUyMHlvdSUyMGF0JTIwZXllLWxldmVsJTIwd2l0aCUyMHRoZSUyMGZvcmVzdC4=[\/ucaddon_uc_side_carousel_content][\/vc_column_inner][\/vc_row_inner][vc_row_inner css=&#8220;.vc_custom_1767878786489{padding: 10px !important;}&#8220;][vc_column_inner el_class=&#8220;custom-height&#8220; offset=&#8220;vc_hidden-md vc_hidden-sm vc_hidden-xs&#8220;][ucaddon_uc_side_carousel_content image=&#8220;45261&#8243; title=&#8220;Five Volcanoes Boutique Hotel&#8220; btn_text=&#8220;View Accomodation&#8220; link=&#8220;https:\/\/fivevolcanoesrwanda.com\/&#8220; uc_init_settings=&#8220;&#8220; uc_fonts_data=&#8220;JTdCJTdE&#8220;]QSUyMGhpZ2hseSUyMHJlY29tbWVuZGVkJTIwbWlkLXJhbmdlJTIwb3B0aW9uJTIwcHJvdmlkaW5nJTIwYSUyMHBlcmZlY3QlMjBibGVuZCUyMG9mJTIwY29tZm9ydCUyQyUyMGVsZWdhbmNlJTJDJTIwYW5kJTIwZWFzeSUyMGFjY2VzcyUyMHRvJTIwdGhlJTIwcGFyayUyMGhlYWRxdWFydGVycy4=[\/ucaddon_uc_side_carousel_content][\/vc_column_inner][\/vc_row_inner][vc_row_inner css=&#8220;.vc_custom_1767878786489{padding: 10px !important;}&#8220;][vc_column_inner el_class=&#8220;custom-height&#8220; offset=&#8220;vc_hidden-md vc_hidden-sm vc_hidden-xs&#8220;][ucaddon_uc_side_carousel_content image=&#8220;45267&#8243; title=&#8220;Singita Kwitonda Lodge&#8220; btn_text=&#8220;View Accomodation&#8220; link=&#8220;https:\/\/singita.com\/lodge\/singita-kwitonda-lodge\/?utm_source=gmb&amp;utm_medium=organic&amp;utm_campaign=singita-kwitonda-lodge-gmb&#8220; uc_init_settings=&#8220;&#8220; uc_fonts_data=&#8220;JTdCJTdE&#8220;]QSUyMG1hc3RlcnBpZWNlJTIwb2YlMjBzdXN0YWluYWJsZSUyMGx1eHVyeSUyMGxvY2F0ZWQlMjByaWdodCUyMG9uJTIwdGhlJTIwcGFyayUyMGJvdW5kYXJ5JTJDJTIwZGVzaWduZWQlMjB0byUyMHJlZmxlY3QlMjB0aGUlMjByYXclMjBiZWF1dHklMjBvZiUyMHRoZSUyMGxhbmRzY2FwZS4=[\/ucaddon_uc_side_carousel_content][\/vc_column_inner][\/vc_row_inner][vc_row_inner css=&#8220;.vc_custom_1767878786489{padding: 10px !important;}&#8220;][vc_column_inner el_class=&#8220;custom-height&#8220; offset=&#8220;vc_hidden-lg&#8220;][vc_headings style=&#8220;theme2&#8243; borderclr=&#8220;#890000&#8243; title=&#8220;One &#038; Only Gorilla&#8217;s Nest&#8220; align=&#8220;left&#8220; google_fonts=&#8220;font_family:Quicksand%3A300%2Cregular%2C700|font_style:400%20regular%3A400%3Anormal&#8220; titleclr=&#8220;#000000&#8243; caption_url=&#8220;&#8220; caption_urls=&#8220;&#8220; caption_urlss=&#8220;&#8220; caption_urldesc=&#8220;&#8220;]A secluded sanctuary nestled among eucalyptus trees, offering individual treehouses and suites that place you at eye-level with the forest.[\/vc_headings][vc_btn title=&#8220;Unterk\u00fcnfte ansehen&#8220; style=&#8220;outline-custom&#8220; outline_custom_color=&#8220;#890000&#8243; outline_custom_hover_background=&#8220;#890000&#8243; outline_custom_hover_text=&#8220;#ffffff&#8220; shape=&#8220;square&#8220; size=&#8220;sm&#8220; i_align=&#8220;right&#8220; i_icon_fontawesome=&#8220;fas fa-chevron-right&#8220; add_icon=&#8220;true&#8220; link=&#8220;url:https%3A%2F%2Fwww.oneandonlyresorts.com%2Fgorillas-nest%3Futm_medium%3Dorganic-search%26utm_source%3Dgbp%26utm_campaign%3Dgbp_ao_y_oogn_row_wt__ao__kz%26utm_content%3D__%26utm_term%3Done-and-only-gorillas-nest%26utm_id%3Du10f6k|&#8220; css=&#8220;.vc_custom_1771486809761{padding-top: 10px !important;padding-right: 10px !important;padding-bottom: 10px !important;}&#8220;][\/vc_column_inner][\/vc_row_inner][vc_row_inner css=&#8220;.vc_custom_1767878786489{padding: 10px !important;}&#8220;][vc_column_inner el_class=&#8220;custom-height&#8220; offset=&#8220;vc_hidden-lg&#8220;][vc_headings style=&#8220;theme2&#8243; borderclr=&#8220;#890000&#8243; title=&#8220;Five Volcanoes Boutique Hotel&#8220; align=&#8220;left&#8220; google_fonts=&#8220;font_family:Quicksand%3A300%2Cregular%2C700|font_style:400%20regular%3A400%3Anormal&#8220; titleclr=&#8220;#000000&#8243; caption_url=&#8220;&#8220; caption_urls=&#8220;&#8220; caption_urlss=&#8220;&#8220; caption_urldesc=&#8220;&#8220;]A highly recommended mid-range option providing a perfect blend of comfort, elegance, and easy access to the park headquarters.[\/vc_headings][vc_btn title=&#8220;Unterk\u00fcnfte ansehen&#8220; style=&#8220;outline-custom&#8220; outline_custom_color=&#8220;#890000&#8243; outline_custom_hover_background=&#8220;#890000&#8243; outline_custom_hover_text=&#8220;#ffffff&#8220; shape=&#8220;square&#8220; size=&#8220;sm&#8220; i_align=&#8220;right&#8220; i_icon_fontawesome=&#8220;fas fa-chevron-right&#8220; add_icon=&#8220;true&#8220; link=&#8220;url:https%3A%2F%2Ffivevolcanoesrwanda.com%2F|&#8220; css=&#8220;.vc_custom_1771486848906{padding-top: 10px !important;padding-right: 10px !important;padding-bottom: 10px !important;}&#8220;][\/vc_column_inner][\/vc_row_inner][vc_row_inner css=&#8220;.vc_custom_1767878786489{padding: 10px !important;}&#8220;][vc_column_inner el_class=&#8220;custom-height&#8220; offset=&#8220;vc_hidden-lg&#8220;][vc_headings style=&#8220;theme2&#8243; borderclr=&#8220;#890000&#8243; title=&#8220;Sangita Kwitonda Lodge&#8220; align=&#8220;left&#8220; google_fonts=&#8220;font_family:Quicksand%3A300%2Cregular%2C700|font_style:400%20regular%3A400%3Anormal&#8220; titleclr=&#8220;#000000&#8243; caption_url=&#8220;&#8220; caption_urls=&#8220;&#8220; caption_urlss=&#8220;&#8220; caption_urldesc=&#8220;&#8220;]A masterpiece of sustainable luxury located right on the park boundary, designed to reflect the raw beauty of the landscape.[\/vc_headings][vc_btn title=&#8220;Unterk\u00fcnfte ansehen&#8220; style=&#8220;outline-custom&#8220; outline_custom_color=&#8220;#890000&#8243; outline_custom_hover_background=&#8220;#890000&#8243; outline_custom_hover_text=&#8220;#ffffff&#8220; shape=&#8220;square&#8220; size=&#8220;sm&#8220; i_align=&#8220;right&#8220; i_icon_fontawesome=&#8220;fas fa-chevron-right&#8220; add_icon=&#8220;true&#8220; link=&#8220;url:https%3A%2F%2Fsingita.com%2Flodge%2Fsingita-kwitonda-lodge%2F%3Futm_source%3Dgmb%26utm_medium%3Dorganic%26utm_campaign%3Dsingita-kwitonda-lodge-gmbhttps%3A%2F%2Fsingita.com%2Flodge%2Fsingita-kwitonda-lodge%2F%3Futm_source%3Dgmb%26utm_medium%3Dorganic%26utm_campaign%3Dsingita-kwitonda-lodge-gmb|&#8220; css=&#8220;.vc_custom_1771486867955{padding-top: 10px !important;padding-right: 10px !important;padding-bottom: 10px !important;}&#8220;][\/vc_column_inner][\/vc_row_inner][\/vc_tta_section][vc_tta_section title=&#8220;Aktivit\u00e4ten&#8220; tab_id=&#8220;1767601538075-7b6924d3-776e&#8220;][info_list_father listclr=&#8220;#f8f8f8&#8243;][info_list_son style=&#8220;icon&#8220; size=&#8220;0&#8243; width=&#8220;0&#8243; height=&#8220;0&#8243; titleclr=&#8220;#f8f8f8&#8243; iconclr=&#8220;#f8f8f8&#8243; borderclr=&#8220;#f8f8f8&#8243; title=&#8220;Abenteuer in der Primatenhauptstadt&#8220; caption_url=&#8220;&#8220;]\n<p data-path-to-node=\"15\">W\u00e4hrend die Gorillas die Hauptattraktion sind, bietet der Park eine F\u00fclle an ber\u00fchrenden Aktivit\u00e4ten:<\/p>\n<ul data-path-to-node=\"16\">\n<li>\n<p data-path-to-node=\"16,0,0\"><strong>Berg-Gorilla-Trekking<\/strong><b data-path-to-node=\"16,0,0\" data-index-in-node=\"0\">:<\/b> Das ultimative Abenteuer auf der Bucket-List, bei dem man eine der 12 gewohnten Gorillafamilien durch den Dschungel verfolgt.<\/p>\n<\/li>\n<li>\n<p data-path-to-node=\"16,1,0\"><strong>Golden Monkey Tracking<\/strong><b data-path-to-node=\"16,1,0\" data-index-in-node=\"0\">:<\/b> Eine energiegeladene und farbenfrohe Reise in die Bambusw\u00e4lder, um diese endemischen, verspielten Primaten zu sehen.<\/p>\n<\/li>\n<li>\n<p data-path-to-node=\"16,2,0\"><strong>Vulkanwandern<\/strong><b data-path-to-node=\"16,2,0\" data-index-in-node=\"0\">:<\/b> Fordern Sie sich mit einer Tageswanderung zum Kratersee auf <b data-path-to-node=\"16,2,0\" data-index-in-node=\"75\">dem Mount Bisoke<\/b> oder einer zweit\u00e4gigen Expedition zum schneebedeckten <b data-path-to-node=\"16,2,0\" data-index-in-node=\"141\">Gipfel des Mount Karisimbi<\/b> heraus.<\/p>\n<\/li>\n<li>\n<p data-path-to-node=\"16,3,0\"><strong>Dian Fossey Grabwanderung<\/strong><b data-path-to-node=\"16,3,0\" data-index-in-node=\"0\">:<\/b> Erweisen Sie Ihre Ehre an den Ruinen des Karisoke Research Center und am Grab des ber\u00fchmtesten Primatologen der Welt.<\/p>\n<\/li>\n<li>\n<p data-path-to-node=\"16,4,0\"><strong>Musanze-H\u00f6hlen-Erkundung<\/strong><b data-path-to-node=\"16,4,0\" data-index-in-node=\"0\">:<\/b> Begeben Sie sich in die 2 km langen vulkanischen Tunnel, die von uralten Lavastr\u00f6men gebildet wurden und einst als Kr\u00f6nungsst\u00e4tten f\u00fcr ruandische K\u00f6nige dienten.<\/p>\n<\/li>\n<li>\n<p data-path-to-node=\"16,5,0\"><strong>Gorilla Guardians Cultural Village: Tauchen<\/strong><b data-path-to-node=\"16,5,0\" data-index-in-node=\"0\"> Sie ein in das ruandische Erbe mit traditionellen T\u00e4nzen, Bogenschie\u00dfen und einem Einblick in die lokale Lebensweise.<\/b><\/p>\n<\/li>\n<\/ul>\n[\/info_list_son][\/info_list_father][\/vc_tta_section][\/vc_tta_tabs][\/vc_column][\/vc_row]\n","protected":false},"excerpt":{"rendered":"<p>[vc_row full_width=&#8220;stretch_row&#8220; gap=&#8220;1&#8243;][vc_column parallax=&#8220;content-moving&#8220; parallax_image=&#8220;45249&#8243; parallax_speed_bg=&#8220;1.4&#8243; css=&#8220;.vc_custom_1771485581394{padding-top: 80px !important;padding-right: 80px !important;padding-bottom: 80px !important;padding-left: 80px !important;}&#8220;][vc_custom_heading text=&#8220;Nationalpark Vulkane&#8220; font_container=&#8220;tag:h1|font_size:32|text_align:left|color:%23ffffff&#8220; google_fonts=&#8220;font_family:Quicksand%3A300%2Cregular%2C700|font_style:400%20regular%3A400%3Anormal&#8220; el_class=&#8220;banner-txt&#8220;][vc_separator color=&#8220;custom&#8220; align=&#8220;align_left&#8220; border_width=&#8220;2&#8243; el_width=&#8220;20&#8243; accent_color=&#8220;#f8f8f8&#8243;][vc_custom_heading text=&#8220;Ruanda&#8220; font_container=&#8220;tag:h2|font_size:18|text_align:left|color:%23ffffff&#8220; google_fonts=&#8220;font_family:Quicksand%3A300%2Cregular%2C700|font_style:400%20regular%3A400%3Anormal&#8220; el_class=&#8220;banner-txt&#8220;][\/vc_column][\/vc_row][vc_row][vc_column css=&#8220;.vc_custom_1673438873315{border-top-width: 10px !important;border-right-width: 10px !important;border-bottom-width: 10px !important;border-left-width: 10px !important;}&#8220;][vc_tta_tabs shape=&#8220;square&#8220; color=&#8220;juicy-pink&#8220; alignment=&#8220;center&#8220; active_section=&#8220;1&#8243; no_fill_content_area=&#8220;true&#8220;][vc_tta_section title=&#8220;\u00dcberblick&#8220; tab_id=&#8220;1633454673222-3d94f956-010c&#8220;][info_list_father listclr=&#8220;#f8f8f8&#8243;][info_list_son style=&#8220;icon&#8220; size=&#8220;20&#8243; width=&#8220;30&#8243; height=&#8220;20&#8243; titleclr=&#8220;#890000&#8243; icon=&#8220;fas fa-map-marked&#8220; iconclr=&#8220;#890000&#8243; iconbg=&#8220;#f8f8f8&#8243; [&hellip;]<\/p>\n","protected":false},"author":2,"featured_media":0,"parent":27929,"menu_order":30,"comment_status":"closed","ping_status":"closed","template":"","meta":{"_themeisle_gutenberg_block_has_review":false,"footnotes":""},"class_list":["post-45278","page","type-page","status-publish","hentry"],"_links":{"self":[{"href":"https:\/\/demo.mufasatoursandtravels.com\/de\/wp-json\/wp\/v2\/pages\/45278","targetHints":{"allow":["GET"]}}],"collection":[{"href":"https:\/\/demo.mufasatoursandtravels.com\/de\/wp-json\/wp\/v2\/pages"}],"about":[{"href":"https:\/\/demo.mufasatoursandtravels.com\/de\/wp-json\/wp\/v2\/types\/page"}],"author":[{"embeddable":true,"href":"https:\/\/demo.mufasatoursandtravels.com\/de\/wp-json\/wp\/v2\/users\/2"}],"replies":[{"embeddable":true,"href":"https:\/\/demo.mufasatoursandtravels.com\/de\/wp-json\/wp\/v2\/comments?post=45278"}],"version-history":[{"count":3,"href":"https:\/\/demo.mufasatoursandtravels.com\/de\/wp-json\/wp\/v2\/pages\/45278\/revisions"}],"predecessor-version":[{"id":45283,"href":"https:\/\/demo.mufasatoursandtravels.com\/de\/wp-json\/wp\/v2\/pages\/45278\/revisions\/45283"}],"up":[{"embeddable":true,"href":"https:\/\/demo.mufasatoursandtravels.com\/de\/wp-json\/wp\/v2\/pages\/27929"}],"wp:attachment":[{"href":"https:\/\/demo.mufasatoursandtravels.com\/de\/wp-json\/wp\/v2\/media?parent=45278"}],"curies":[{"name":"wp","href":"https:\/\/api.w.org\/{rel}","templated":true}]}}