{"id":31928,"date":"2024-04-17T12:28:42","date_gmt":"2024-04-17T09:28:42","guid":{"rendered":"https:\/\/demo.mufasatoursandtravels.com\/tanzania-safaris\/safaris-de-larga-estancia-en-tanzania\/tanzania-tranquil-trail-safari\/"},"modified":"2025-04-10T15:42:47","modified_gmt":"2025-04-10T12:42:47","slug":"tanzania-tranquil-trail-safari","status":"publish","type":"page","link":"https:\/\/demo.mufasatoursandtravels.com\/es\/tanzania-safaris\/safaris-de-larga-estancia-en-tanzania\/tanzania-tranquil-trail-safari\/","title":{"rendered":"Tanzania Tranquil Trail Safari"},"content":{"rendered":"[vc_row full_width=\u00bbstretch_row\u00bb gap=\u00bb1&#8243; css=\u00bb.vc_custom_1678881709947{border: 5px initial !important;}\u00bb][vc_column parallax=\u00bbcontent-moving\u00bb parallax_image=\u00bb14777&#8243; parallax_speed_bg=\u00bb1.8&#8243; css=\u00bb.vc_custom_1713345805986{padding-top: 80px !important;padding-right: 80px !important;padding-bottom: 80px !important;padding-left: 80px !important;}\u00bb][vc_headings style=\u00bbtheme2&#8243; linewidth=\u00bb150&#8243; borderclr=\u00bb#ffffff\u00bb title=\u00bbTanzania Tranquil Trail Safari\u00bb use_theme_fonts=\u00bbyes\u00bb titlesize=\u00bb32&#8243; titleclr=\u00bb#ffffff\u00bb classname=\u00bbline-heading\u00bb]\n<p style=\"text-align: center; font-size: 14pt; color: #fff;\">8 D\u00edas<\/p>\n<p style=\"text-align: center; font-size: 12pt; color: #fff;\">Tanzania<\/p>\n[\/vc_headings][\/vc_column][\/vc_row][vc_row][vc_column css=\u00bb.vc_custom_1673873878049{border-top-width: 10px !important;border-right-width: 10px !important;border-bottom-width: 10px !important;border-left-width: 10px !important;}\u00bb][vc_tta_tabs shape=\u00bbsquare\u00bb color=\u00bbjuicy-pink\u00bb alignment=\u00bbcenter\u00bb active_section=\u00bb1&#8243; no_fill_content_area=\u00bbtrue\u00bb][vc_tta_section title=\u00bbPrograma\u00bb tab_id=\u00bb1633454673222-3d94f956-010c\u00bb][info_list_father listclr=\u00bb#f4f4f4&#8243; css=\u00bb.vc_custom_1699449026929{padding-top: 10px !important;}\u00bb][info_list_son style=\u00bbicon\u00bb size=\u00bb15&#8243; width=\u00bb20&#8243; height=\u00bb20&#8243; titleclr=\u00bb#890000&#8243; icon=\u00bbfas fa-calendar-check\u00bb iconclr=\u00bb#890000&#8243; iconbg=\u00bb#f4f4f4&#8243; borderclr=\u00bb#f4f4f4&#8243; title=\u00bbD\u00cdA 1: DE ARUSHA AL PARQUE NACIONAL DE TARANGIRE\u00bb]Salida hacia el Parque Nacional de Tarangire y llegada a su respectivo albergue\/hotel para registrarse y almorzar. Disfrute de safaris por la tarde y luego regrese a su albergue \/ hotel para cenar y pasar la noche [\/info_list_son][info_list_son style=\u00bbicon\u00bb size=\u00bb15&#8243; width=\u00bb20&#8243; height=\u00bb20&#8243; titleclr=\u00bb#890000&#8243; icon=\u00bbfas fa-calendar-check\u00bb iconclr=\u00bb#890000&#8243; iconbg=\u00bb#f4f4f4&#8243; borderclr=\u00bb#f4f4f4&#8243; title=\u00bbD\u00cdA 2: SAFARI POR EL PARQUE NACIONAL TARANGIRE\u00bb]Disfrute de safaris de d\u00eda completo con almuerzo de picnic para llevar y luego regrese al albergue \/ hotel para cenar y pasar la noche[\/info_list_son][info_list_son style=\u00bbicon\u00bb size=\u00bb15&#8243; width=\u00bb20&#8243; height=\u00bb20&#8243; titleclr=\u00bb#890000&#8243; icon=\u00bbfas fa-calendar-check\u00bb iconclr=\u00bb#890000&#8243; iconbg=\u00bb#f4f4f4&#8243; borderclr=\u00bb#f4f4f4&#8243; title=\u00bbD\u00cdA 3: TARANGIRE AL LAGO MAYARA\u00bb]Salida hacia el Parque Nacional del Lago Manyara, llegada a su respectivo albergue\/hotel para almorzar y registrarse. Disfrute de safaris por la tarde y luego regrese a su hotel \/ caba\u00f1a para cenar y pasar la noche [\/info_list_son][info_list_son style=\u00bbicon\u00bb size=\u00bb15&#8243; width=\u00bb20&#8243; height=\u00bb20&#8243; titleclr=\u00bb#890000&#8243; icon=\u00bbfas fa-calendar-check\u00bb iconclr=\u00bb#890000&#8243; iconbg=\u00bb#f4f4f4&#8243; borderclr=\u00bb#f4f4f4&#8243; title=\u00bbD\u00cdA 4: DEL LAGO MANYARA AL PARQUE NACIONAL DEL NGORONGORO\u00bb]Salida hacia Ngorongoro llegada para el check-in y el almuerzo. M\u00e1s tarde, descienda (600 m) al fondo del cr\u00e1ter de Ngorongoro y disfrute de safaris y vistas impresionantes de los manantiales de Ngoitoktok. M\u00e1s tarde, ascienda y regrese a su respectivo albergue para cenar y pasar la noche.  [\/info_list_son][info_list_son style=\u00bbicon\u00bb size=\u00bb15&#8243; width=\u00bb20&#8243; height=\u00bb20&#8243; titleclr=\u00bb#890000&#8243; icon=\u00bbfas fa-calendar-check\u00bb iconclr=\u00bb#890000&#8243; iconbg=\u00bb#f4f4f4&#8243; borderclr=\u00bb#f4f4f4&#8243; title=\u00bbD\u00cdA 5: DEL NGORONGORO AL PARQUE NACIONAL DEL SERENGETI\u00bb]Salida hacia el Parque Nacional Serengeti llegando a su respectivo albergue para almorzar y registrarse. Disfrute de los safaris por la tarde y luego regrese al hotel \/ albergue para cenar y pasar la noche. [\/info_list_son][info_list_son style=\u00bbicon\u00bb size=\u00bb15&#8243; width=\u00bb20&#8243; height=\u00bb20&#8243; titleclr=\u00bb#890000&#8243; icon=\u00bbfas fa-calendar-check\u00bb iconclr=\u00bb#890000&#8243; iconbg=\u00bb#f4f4f4&#8243; borderclr=\u00bb#f4f4f4&#8243; title=\u00bbD\u00cdA 6: SAFARI POR EL PARQUE NACIONAL DEL SERENGETI\u00bb]Disfrute de safaris de d\u00eda completo con almuerzo de picnic para llevar y luego regrese al albergue \/ hotel para cenar y pasar la noche[\/info_list_son][info_list_son style=\u00bbicon\u00bb size=\u00bb15&#8243; width=\u00bb20&#8243; height=\u00bb20&#8243; titleclr=\u00bb#890000&#8243; icon=\u00bbfas fa-calendar-check\u00bb iconclr=\u00bb#890000&#8243; iconbg=\u00bb#f4f4f4&#8243; borderclr=\u00bb#f4f4f4&#8243; title=\u00bbD\u00cdA 7: DEL SERENGETI AL LAGO NATRON\u00bb]Salida hacia el lago Natron, llegada para almorzar y registrarse. M\u00e1s tarde, disfrute de una amplia gama de actividades como nataci\u00f3n, observaci\u00f3n de aves y un safari a pie junto al lago para ver los famosos flamencos. M\u00e1s tarde, regrese a su hotel \/ caba\u00f1a para cenar y pasar la noche.  [\/info_list_son][info_list_son style=\u00bbicon\u00bb size=\u00bb15&#8243; width=\u00bb20&#8243; height=\u00bb20&#8243; titleclr=\u00bb#890000&#8243; icon=\u00bbfas fa-calendar-check\u00bb iconclr=\u00bb#890000&#8243; iconbg=\u00bb#f4f4f4&#8243; borderclr=\u00bb#f4f4f4&#8243; title=\u00bbD\u00cdA 8: DEL LAGO NATRON A ARUSHA\u00bb]Desayuno temprano y check out. Disfrute de los hermosos sitios de Natron mientras regresa a Arusha [\/info_list_son][\/info_list_father][\/vc_tta_section][vc_tta_section title=\u00bbInclusivo\/Exclusivo\u00bb tab_id=\u00bb1633455601016-f93699bc-5d92&#8243;][vc_row_inner][vc_column_inner width=\u00bb1\/2&#8243;][info_list_father listclr=\u00bb#f4f4f4&#8243;][info_list_son style=\u00bbicon\u00bb size=\u00bb15&#8243; width=\u00bb20&#8243; height=\u00bb20&#8243; titleclr=\u00bb#890000&#8243; icon=\u00bbfas fa-user-plus\u00bb iconclr=\u00bb#890000&#8243; iconbg=\u00bb#f4f4f4&#8243; borderclr=\u00bb#f4f4f4&#8243; title=\u00bbINCLUSIVO\u00bb caption_url=\u00bb\u00bb]\n<ul>\n<li>Tarifas del parque para el parque declaradas.<\/li>\n<li>Transporte privado en un Land Cruiser de techo abierto.<\/li>\n<li>Servicio de un gu\u00eda conductor profesional.<\/li>\n<li>Comidas en pensi\u00f3n completa en el lodge\/campamento.<\/li>\n<li>7 noches de alojamiento en el respectivo hotel indicado.<\/li>\n<li>Agua ilimitada en el veh\u00edculo.<\/li>\n<\/ul>\n<p>&nbsp;[\/info_list_son][\/info_list_father][\/vc_column_inner][vc_column_inner width=\u00bb1\/2&#8243;][info_list_father listclr=\u00bb#f4f4f4&#8243;][info_list_son style=\u00bbicon\u00bb size=\u00bb15&#8243; width=\u00bb20&#8243; height=\u00bb20&#8243; titleclr=\u00bb#890000&#8243; icon=\u00bbfas fa-user-minus\u00bb iconclr=\u00bb#890000&#8243; iconbg=\u00bb#f4f4f4&#8243; borderclr=\u00bb#f4f4f4&#8243; title=\u00bbEXCLUSIVO\u00bb caption_url=\u00bb\u00bb]\n<ul>\n<li>Visita cultural a la aldea Masai @ $ 20 por persona.<\/li>\n<li>Propinas para gu\u00eda del conductor (<strong>Muy recomendable<\/strong>).<\/li>\n<li>Art\u00edculos personales (Souvenirs, seguro de viaje, tasas de visado, etc.)<\/li>\n<li>El gobierno impuso un aumento en los impuestos y\/o tarifas de los parques.<\/li>\n<li>Paseos en globo aerost\u00e1tico @ $ 505 por adulto \/ $ 380 por ni\u00f1o (<strong>menores de 12 a\u00f1os<\/strong>).<\/li>\n<li>Vuelos internacionales y E-visa.<\/li>\n<\/ul>\n<p>&nbsp;[\/info_list_son][\/info_list_father][\/vc_column_inner][\/vc_row_inner][\/vc_tta_section][vc_tta_section title=\u00bbLista de verificaci\u00f3n de viaje\u00bb tab_id=\u00bb1700212164211-ae5831b4-7968&#8243;][vc_row_inner css=\u00bb.vc_custom_1700227496101{padding-top: 10px !important;}\u00bb][vc_column_inner width=\u00bb1\/2&#8243;][vc_headings style=\u00bbtheme2&#8243; linewidth=\u00bb150&#8243; borderclr=\u00bb#890000&#8243; title=\u00bbBefore Traveling\u00bb align=\u00bbleft\u00bb use_theme_fonts=\u00bbyes\u00bb titleclr=\u00bb#890000&#8243;]Before you set off on your journey, make sure to go through our comprehensive travel tips for a seamless experience.[\/vc_headings][vc_empty_space height=\u00bb77px\u00bb][vc_btn title=\u00bbAprende m\u00e1s\u00bb style=\u00bboutline-custom\u00bb outline_custom_color=\u00bb#890000&#8243; outline_custom_hover_background=\u00bb#890000&#8243; outline_custom_hover_text=\u00bb#ffffff\u00bb size=\u00bbsm\u00bb i_align=\u00bbright\u00bb i_icon_fontawesome=\u00bbfas fa-chevron-right\u00bb add_icon=\u00bbtrue\u00bb link=\u00bburl:https%3A%2F%2Fdemo.mufasatoursandtravels.com%2Fpreparing-to-travel%2F|title:Prepar%C3%A1ndose%20para%20viajar|\u00bb][\/vc_column_inner][vc_column_inner width=\u00bb1\/2&#8243;][vc_headings style=\u00bbtheme2&#8243; linewidth=\u00bb150&#8243; borderclr=\u00bb#890000&#8243; title=\u00bbOn Booking\u00bb align=\u00bbleft\u00bb use_theme_fonts=\u00bbyes\u00bb titleclr=\u00bb#890000&#8243;]Enhance your travel planning by downloading valuable destination information, such as passport and visa requirements, recommended vaccinations, baggage restrictions, packing list, and tipping guidelines.[\/vc_headings][vc_empty_space][vc_btn title=\u00bbAprende m\u00e1s\u00bb style=\u00bboutline-custom\u00bb outline_custom_color=\u00bb#890000&#8243; outline_custom_hover_background=\u00bb#890000&#8243; outline_custom_hover_text=\u00bb#ffffff\u00bb size=\u00bbsm\u00bb i_align=\u00bbright\u00bb i_icon_fontawesome=\u00bbfas fa-chevron-right\u00bb add_icon=\u00bbtrue\u00bb link=\u00bburl:https%3A%2F%2Fdemo.mufasatoursandtravels.com%2Fwhat-to-know-before-arrival-in-east-africa%2F|title:LO%20QUE%20HAY%20QUE%20SABER%20ANTES%20DE%20LLEGAR%20A%20%C3%81FRICA%20ORIENTAL|\u00bb][\/vc_column_inner][\/vc_row_inner][vc_row_inner][vc_column_inner width=\u00bb1\/2&#8243;][vc_headings style=\u00bbtheme2&#8243; linewidth=\u00bb150&#8243; borderclr=\u00bb#890000&#8243; title=\u00bbDuring Tour\u00bb align=\u00bbleft\u00bb use_theme_fonts=\u00bbyes\u00bb titleclr=\u00bb#890000&#8243;]Maximize your trip&#8217;s success by downloading essential information about your destination(s), including passport and visa requirements, vaccination guidelines, baggage restrictions, packing list, and tipping advice.[\/vc_headings][vc_empty_space][vc_btn title=\u00bbAprende m\u00e1s\u00bb style=\u00bboutline-custom\u00bb outline_custom_color=\u00bb#890000&#8243; outline_custom_hover_background=\u00bb#890000&#8243; outline_custom_hover_text=\u00bb#ffffff\u00bb size=\u00bbsm\u00bb i_align=\u00bbright\u00bb i_icon_fontawesome=\u00bbfas fa-chevron-right\u00bb add_icon=\u00bbtrue\u00bb link=\u00bburl:https%3A%2F%2Fdemo.mufasatoursandtravels.com%2Fpassports-and-visas%2F|title:Pasaportes%20y%20Visados|\u00bb][\/vc_column_inner][vc_column_inner width=\u00bb1\/2&#8243;][vc_headings style=\u00bbtheme2&#8243; linewidth=\u00bb150&#8243; borderclr=\u00bb#890000&#8243; title=\u00bbDespu\u00e9s del Tour\u00bb align=\u00bbleft\u00bb use_theme_fonts=\u00bbyes\u00bb titleclr=\u00bb#890000&#8243;]Mientras disfruta del resplandor de su aventura, estamos aqu\u00ed para ayudarlo con consejos esenciales despu\u00e9s del viaje, asegur\u00e1ndonos de que su regreso a casa sea tan fluido y c\u00f3modo como su viaje en s\u00ed.[\/vc_headings][\/vc_column_inner][\/vc_row_inner][\/vc_tta_section][\/vc_tta_tabs][wdo_ult_icon_seperator wdo_seperator_icon=\u00bbfas fa-paw\u00bb wdo_seperator_color=\u00bb#890000&#8243; wdo_seperator_opacity=\u00bb.2&#8243;][vc_btn title=\u00bbObtener una cotizaci\u00f3n\u00bb style=\u00bboutline-custom\u00bb outline_custom_color=\u00bb#890000&#8243; outline_custom_hover_background=\u00bb#890000&#8243; outline_custom_hover_text=\u00bb#ffffff\u00bb size=\u00bbsm\u00bb align=\u00bbcenter\u00bb i_align=\u00bbright\u00bb i_icon_fontawesome=\u00bbfas fa-angle-right\u00bb add_icon=\u00bbtrue\u00bb link=\u00bburl:https%3A%2F%2Fdemo.mufasatoursandtravels.com%2Fes%2Fsolicite-un-presupuesto%2F|title:Solicite%20un%20presupuesto|\u00bb][\/vc_column][\/vc_row]\n","protected":false},"excerpt":{"rendered":"<p>[vc_row full_width=\u00bbstretch_row\u00bb gap=\u00bb1&#8243; css=\u00bb.vc_custom_1678881709947{border: 5px initial !important;}\u00bb][vc_column parallax=\u00bbcontent-moving\u00bb parallax_image=\u00bb14777&#8243; parallax_speed_bg=\u00bb1.8&#8243; css=\u00bb.vc_custom_1713345805986{padding-top: 80px !important;padding-right: 80px !important;padding-bottom: 80px !important;padding-left: 80px !important;}\u00bb][vc_headings style=\u00bbtheme2&#8243; linewidth=\u00bb150&#8243; borderclr=\u00bb#ffffff\u00bb title=\u00bbTanzania Tranquil Trail Safari\u00bb use_theme_fonts=\u00bbyes\u00bb titlesize=\u00bb32&#8243; titleclr=\u00bb#ffffff\u00bb classname=\u00bbline-heading\u00bb] 8 D\u00edas Tanzania [\/vc_headings][\/vc_column][\/vc_row][vc_row][vc_column css=\u00bb.vc_custom_1673873878049{border-top-width: 10px !important;border-right-width: 10px !important;border-bottom-width: 10px !important;border-left-width: 10px !important;}\u00bb][vc_tta_tabs shape=\u00bbsquare\u00bb color=\u00bbjuicy-pink\u00bb alignment=\u00bbcenter\u00bb active_section=\u00bb1&#8243; no_fill_content_area=\u00bbtrue\u00bb][vc_tta_section title=\u00bbPrograma\u00bb tab_id=\u00bb1633454673222-3d94f956-010c\u00bb][info_list_father listclr=\u00bb#f4f4f4&#8243; css=\u00bb.vc_custom_1699449026929{padding-top: 10px !important;}\u00bb][info_list_son style=\u00bbicon\u00bb [&hellip;]<\/p>\n","protected":false},"author":1,"featured_media":0,"parent":28017,"menu_order":1,"comment_status":"closed","ping_status":"closed","template":"","meta":{"_themeisle_gutenberg_block_has_review":false,"footnotes":""},"class_list":["post-31928","page","type-page","status-publish","hentry"],"_links":{"self":[{"href":"https:\/\/demo.mufasatoursandtravels.com\/es\/wp-json\/wp\/v2\/pages\/31928","targetHints":{"allow":["GET"]}}],"collection":[{"href":"https:\/\/demo.mufasatoursandtravels.com\/es\/wp-json\/wp\/v2\/pages"}],"about":[{"href":"https:\/\/demo.mufasatoursandtravels.com\/es\/wp-json\/wp\/v2\/types\/page"}],"author":[{"embeddable":true,"href":"https:\/\/demo.mufasatoursandtravels.com\/es\/wp-json\/wp\/v2\/users\/1"}],"replies":[{"embeddable":true,"href":"https:\/\/demo.mufasatoursandtravels.com\/es\/wp-json\/wp\/v2\/comments?post=31928"}],"version-history":[{"count":1,"href":"https:\/\/demo.mufasatoursandtravels.com\/es\/wp-json\/wp\/v2\/pages\/31928\/revisions"}],"predecessor-version":[{"id":31930,"href":"https:\/\/demo.mufasatoursandtravels.com\/es\/wp-json\/wp\/v2\/pages\/31928\/revisions\/31930"}],"up":[{"embeddable":true,"href":"https:\/\/demo.mufasatoursandtravels.com\/es\/wp-json\/wp\/v2\/pages\/28017"}],"wp:attachment":[{"href":"https:\/\/demo.mufasatoursandtravels.com\/es\/wp-json\/wp\/v2\/media?parent=31928"}],"curies":[{"name":"wp","href":"https:\/\/api.w.org\/{rel}","templated":true}]}}