{"id":33048,"date":"2022-05-31T13:08:51","date_gmt":"2022-05-31T10:08:51","guid":{"rendered":"https:\/\/demo.mufasatoursandtravels.com\/uganda-safari\/6-dias-susurros-del-viento\/"},"modified":"2026-01-29T11:33:55","modified_gmt":"2026-01-29T08:33:55","slug":"6-dias-susurros-del-viento","status":"publish","type":"page","link":"https:\/\/demo.mufasatoursandtravels.com\/es\/uganda-safari\/6-dias-susurros-del-viento\/","title":{"rendered":"6 D\u00edas Susurros Del Viento"},"content":{"rendered":"[vc_row full_width=\u00bbstretch_row\u00bb gap=\u00bb1&#8243;][vc_column parallax=\u00bbcontent-moving\u00bb parallax_image=\u00bb41273&#8243; css=\u00bb.vc_custom_1768548947271{padding-top: 80px !important;padding-right: 80px !important;padding-bottom: 80px !important;padding-left: 80px !important;}\u00bb][vc_custom_heading text=\u00bbSusurros del viento\u00bb font_container=\u00bbtag:h2|font_size:32|text_align:left|color:%23ffffff\u00bb google_fonts=\u00bbfont_family:Quicksand%3A300%2Cregular%2C700|font_style:400%20regular%3A400%3Anormal\u00bb el_class=\u00bbbanner-txt\u00bb][vc_custom_heading text=\u00bb6 D\u00edas\u00bb font_container=\u00bbtag:h2|font_size:22|text_align:left|color:%23ffffff\u00bb google_fonts=\u00bbfont_family:Quicksand%3A300%2Cregular%2C700|font_style:400%20regular%3A400%3Anormal\u00bb el_class=\u00bbbanner-txt\u00bb][vc_separator color=\u00bbcustom\u00bb align=\u00bbalign_left\u00bb el_width=\u00bb20&#8243; accent_color=\u00bb#f8f8f8&#8243; el_class=\u00bbbanner-txt\u00bb][vc_custom_heading text=\u00bbKampala \u21fe Bosque de Kibale \u21fe Parque Nacional de la Reina Isabel \u21fe Bwindi Impenetrable \u21fe Entebbe\u00bb font_container=\u00bbtag:h2|font_size:18|text_align:left|color:%23ffffff\u00bb google_fonts=\u00bbfont_family:Quicksand%3A300%2Cregular%2C700|font_style:300%20light%20regular%3A300%3Anormal\u00bb el_class=\u00bbbanner-txt\u00bb][\/vc_column][\/vc_row][vc_row][vc_column css=\u00bb.vc_custom_1678438234909{border-top-width: 10px !important;border-right-width: 10px !important;border-bottom-width: 10px !important;border-left-width: 10px !important;}\u00bb][vc_tta_tabs shape=\u00bbsquare\u00bb color=\u00bbjuicy-pink\u00bb alignment=\u00bbcenter\u00bb active_section=\u00bb1&#8243; no_fill_content_area=\u00bbtrue\u00bb][vc_tta_section title=\u00bbVisi\u00f3n general\u00bb tab_id=\u00bb1633892890537-5637ec0b-4c69&#8243;][vc_column_text]Emb\u00e1rcate en un inolvidable safari por Uganda. Este itinerario de seis d\u00edas lo lleva a una aventura cultural y de vida silvestre en Uganda y Ruanda. Comenzando en Kampala, disfrutar\u00e1 de la belleza esc\u00e9nica del lago Victoria antes de dirigirse al Parque Nacional del Lago Mburo, conocido por sus diversas especies de aves y vida silvestre. Los safaris y un crucero en barco ofrecen la oportunidad de avistar cebras, jirafas, elefantes y varias especies de aves. El viaje contin\u00faa hasta el Parque Nacional Impenetrable de Bwindi, donde te embarcar\u00e1s en una emocionante experiencia de trekking con gorilas. El viaje concluye en Kigali, Ruanda, con un recorrido por la ciudad y una visita al Sitio Conmemorativo del Genocidio antes de partir hacia casa.     <\/p>\n<p>&nbsp;<\/p>\n<ul>\n<li>Rastreo de chimpanc\u00e9s en el bosque de Kibale.<\/li>\n<li>Safari de vida silvestre y barco en el Parque Nacional Queen Elizabeth.<\/li>\n<li>Gorilas haciendo senderismo en el Bosque Impenetrable de Bwindi.<\/li>\n<li>Safari panor\u00e1mico por carretera por el oeste de Uganda.<\/li>\n<li>Ahorrando tiempo en un vuelo dom\u00e9stico de vuelta a Entebbe.<\/li>\n<\/ul>\n[\/vc_column_text][\/vc_tta_section][vc_tta_section title=\u00bbPrograma\u00bb tab_id=\u00bb1633454673222-3d94f956-010c\u00bb][info_list_father listclr=\u00bb#f8f8f8&#8243;][info_list_son style=\u00bbicon\u00bb size=\u00bb15&#8243; width=\u00bb20&#8243; height=\u00bb20&#8243; titleclr=\u00bb#811a18&#8243; title=\u00bbD\u00cdA 1: Parque Nacional del Bosque de Entebbe a Kibale\u00bb icon=\u00bbfas fa-hiking\u00bb iconclr=\u00bb#811a18&#8243; lineheight=\u00bb2&#8243; iconbg=\u00bb#f8f8f8&#8243; borderclr=\u00bb#f8f8f8&#8243;]Sal de Entebbe por la ma\u00f1ana y conduce hacia el oeste atravesando paisajes paisaj\u00edsticos, plantaciones de t\u00e9 y colinas onduladas hacia <strong>el Parque Nacional del Bosque de Kibale<\/strong>, famoso por su diversidad de primates.<\/p>\n<p>Llega por la tarde y haz el check-in en tu lodge. Pasa el resto del d\u00eda con calma, disfrutando del ambiente del bosque y la rica avifauna. <\/p>\n<p><strong>Toda la noche:<\/strong> Kibale en un Lodge o Campamento<br \/><strong>Plan de comidas:<\/strong> Almuerzo y cena[\/info_list_son][info_list_son style=\u00bbicon\u00bb size=\u00bb15&#8243; width=\u00bb20&#8243; height=\u00bb20&#8243; titleclr=\u00bb#811a18&#8243; title=\u00bbD\u00cdA 2: Rastreo de chimpanc\u00e9s y Humedal Bigodi\u00bb icon=\u00bbfas fa-hiking\u00bb iconclr=\u00bb#811a18&#8243; lineheight=\u00bb2&#8243; iconbg=\u00bb#f8f8f8&#8243; borderclr=\u00bb#f8f8f8&#8243;]Despu\u00e9s de un desayuno temprano, transfiere a la sede del parque para una reuni\u00f3n informativa antes de comenzar tu <strong>experiencia rastreando chimpanc\u00e9s<\/strong> en el bosque de Kibale. Sigue gu\u00edas experimentados por el bosque en busca de familias de chimpanc\u00e9s habituadas. <\/p>\n<p>Vuelve al lodge para comer y luego disfruta de una visita vespertina al <strong>Santuario de Humedales de Bigodi<\/strong>, un proyecto comunitario que ofrece una excelente observaci\u00f3n de aves y oportunidades para ver otros primates.<\/p>\n<p><strong>Toda la noche:<\/strong> Kibale en un Lodge o Campamento<br \/><strong>Plan de comidas:<\/strong> Desayuno, Comida y Cena[\/info_list_son][info_list_son style=\u00bbicon\u00bb size=\u00bb15&#8243; width=\u00bb20&#8243; height=\u00bb20&#8243; titleclr=\u00bb#811a18&#8243; title=\u00bbD\u00cdA 3: Del bosque de Kibale al Parque Nacional de la Reina Isabel\u00bb icon=\u00bbfas fa-hiking\u00bb iconclr=\u00bb#811a18&#8243; lineheight=\u00bb2&#8243; iconbg=\u00bb#f8f8f8&#8243; borderclr=\u00bb#f8f8f8&#8243;]Despu\u00e9s del desayuno, conduce hacia el sur hasta <strong>el Parque Nacional Queen Elizabeth<\/strong>, pasando por lagos de cr\u00e1teres y paisajes espectaculares a lo largo de las estribaciones de Rwenzori.<\/p>\n<p>Llega a tiempo para comer, seguido de un <strong>safari en barco por la tarde en el canal Kazinga<\/strong>, famoso por su alta concentraci\u00f3n de hipop\u00f3tamos, cocodrilos y aves.<\/p>\n<p><strong>Toda la noche:<\/strong> La reina Isabel en un refugio o campamento<br \/><strong>Plan de comidas:<\/strong> Desayuno, Comida y Cena[\/info_list_son][info_list_son style=\u00bbicon\u00bb size=\u00bb15&#8243; width=\u00bb20&#8243; height=\u00bb20&#8243; titleclr=\u00bb#811a18&#8243; title=\u00bbD\u00cdA 4: Parque Nacional de la Reina Isabel al Parque Nacional Impenetrable de Bwindi\u00bb icon=\u00bbfas fa-hiking\u00bb iconclr=\u00bb#811a18&#8243; lineheight=\u00bb2&#8243; iconbg=\u00bb#f8f8f8&#8243; borderclr=\u00bb#f8f8f8&#8243;]Disfruta de un <strong>safari temprano por la<\/strong> ma\u00f1ana en el Parque Nacional Queen Elizabeth, con oportunidades para avistar elefantes, leones, b\u00fafalos, ant\u00edlopes y mucho m\u00e1s.<\/p>\n<p>Despu\u00e9s del desayuno, contin\u00faa hacia el sur en direcci\u00f3n al <strong>Bosque Impenetrable de Bwindi<\/strong>, atravesando el sector de Ishasha (hogar de leones trepadores de \u00e1rboles, si la temporada lo permite) y las pintorescas tierras altas.<\/p>\n<p>Llega a tu refugio en Bwindi por la tarde y rel\u00e1jate prepar\u00e1ndote para la ruta de los gorilas.<\/p>\n<p><strong>Toda la noche:<\/strong> Bwindi en un refugio o campamento<br \/><strong>Plan de comidas:<\/strong> Desayuno, Comida y Cena[\/info_list_son][info_list_son style=\u00bbicon\u00bb size=\u00bb15&#8243; width=\u00bb20&#8243; height=\u00bb20&#8243; titleclr=\u00bb#811a18&#8243; title=\u00bbD\u00cdA 5: Trekking de gorilas en Bwindi\u00bb icon=\u00bbfas fa-hiking\u00bb iconclr=\u00bb#811a18&#8243; lineheight=\u00bb2&#8243; iconbg=\u00bb#f8f8f8&#8243; borderclr=\u00bb#f8f8f8&#8243;]Despu\u00e9s de un desayuno temprano, asiste a una reuni\u00f3n informativa en la sede del parque antes de embarcarte en tu <strong>experiencia guiada de trekking con gorilas<\/strong>. El tiempo de senderismo var\u00eda seg\u00fan la ubicaci\u00f3n de la familia de gorilas. <\/p>\n<p>Una vez encontrados, dedica <strong>una hora m\u00e1gica<\/strong> a observar a los gorilas en su h\u00e1bitat natural \u2014 un encuentro inolvidable con la fauna.<\/p>\n<p>Vuelve al lodge por la tarde para relajarte o para una visita comunitaria opcional.<\/p>\n<p><strong>Toda la noche:<\/strong> Bwindi en un refugio o campamento<br \/><strong>Plan de comidas:<\/strong> Desayuno, Comida y Cena[\/info_list_son][info_list_son style=\u00bbicon\u00bb size=\u00bb15&#8243; width=\u00bb20&#8243; height=\u00bb20&#8243; titleclr=\u00bb#811a18&#8243; title=\u00bbD\u00cdA 6: Bwindi vola a Entebbe\u00bb icon=\u00bbfas fa-hiking\u00bb iconclr=\u00bb#811a18&#8243; lineheight=\u00bb2&#8243; iconbg=\u00bb#f8f8f8&#8243; borderclr=\u00bb#f8f8f8&#8243;]Despu\u00e9s del desayuno, haz transbordo a <strong>Kihihi o a la pista de aterrizaje de Kisoro<\/strong> para tu vuelo nacional programado de regreso a <strong>Entebbe<\/strong>.<\/p>\n<p>Llega a Entebbe a tiempo para tu vuelo internacional de continuaci\u00f3n o para una estancia opcional de una noche, marcando el final de tu safari por Uganda.<\/p>\n<p><strong>Plan de comidas:<\/strong> Desayuno[\/info_list_son][\/info_list_father][\/vc_tta_section][vc_tta_section title=\u00bbInclusivo\/Exclusivo\u00bb tab_id=\u00bb1633455601016-f93699bc-5d92&#8243;][vc_row_inner][vc_column_inner width=\u00bb1\/2&#8243;][info_list_father listclr=\u00bb#f8f8f8&#8243;][info_list_son style=\u00bbicon\u00bb size=\u00bb15&#8243; width=\u00bb20&#8243; height=\u00bb20&#8243; titleclr=\u00bb#890000&#8243; icon=\u00bbfas fa-user-plus\u00bb iconclr=\u00bb#890000&#8243; title=\u00bbINCLUIDO\u00bb lineheight=\u00bb2&#8243;]\n<ul>\n<li>Veh\u00edculo privado 4&#215;4 de safari y gu\u00eda profesional del conductor<\/li>\n<li>Tasas de entrada y actividades al parque seg\u00fan se indica<\/li>\n<li>Permiso de rastreo de chimpanc\u00e9s (Kibale)<\/li>\n<li>Permiso de trekking para gorilas (Bwindi)<\/li>\n<li>Vuelo dom\u00e9stico Bwindi\u2013Entebbe<\/li>\n<li>Alojamiento y comidas seg\u00fan se indique<\/li>\n<\/ul>\n[\/info_list_son][\/info_list_father][\/vc_column_inner][vc_column_inner width=\u00bb1\/2&#8243;][info_list_father listclr=\u00bb#f8f8f8&#8243;][info_list_son style=\u00bbicon\u00bb size=\u00bb15&#8243; width=\u00bb20&#8243; height=\u00bb20&#8243; titleclr=\u00bb#890000&#8243; icon=\u00bbfas fa-user-minus\u00bb iconclr=\u00bb#890000&#8243; title=\u00bbEXCLUIDO\u00bb lineheight=\u00bb2&#8243;]\n<ul>\n<li>Cualquier cosa que no est\u00e9 en el Incluido.<\/li>\n<\/ul>\n[\/info_list_son][\/info_list_father][\/vc_column_inner][\/vc_row_inner][\/vc_tta_section][\/vc_tta_tabs][\/vc_column][\/vc_row][vc_row][vc_column][\/vc_column][\/vc_row]\n","protected":false},"excerpt":{"rendered":"<p>[vc_row full_width=\u00bbstretch_row\u00bb gap=\u00bb1&#8243;][vc_column parallax=\u00bbcontent-moving\u00bb parallax_image=\u00bb41273&#8243; css=\u00bb.vc_custom_1768548947271{padding-top: 80px !important;padding-right: 80px !important;padding-bottom: 80px !important;padding-left: 80px !important;}\u00bb][vc_custom_heading text=\u00bbSusurros del viento\u00bb font_container=\u00bbtag:h2|font_size:32|text_align:left|color:%23ffffff\u00bb google_fonts=\u00bbfont_family:Quicksand%3A300%2Cregular%2C700|font_style:400%20regular%3A400%3Anormal\u00bb el_class=\u00bbbanner-txt\u00bb][vc_custom_heading text=\u00bb6 D\u00edas\u00bb font_container=\u00bbtag:h2|font_size:22|text_align:left|color:%23ffffff\u00bb google_fonts=\u00bbfont_family:Quicksand%3A300%2Cregular%2C700|font_style:400%20regular%3A400%3Anormal\u00bb el_class=\u00bbbanner-txt\u00bb][vc_separator color=\u00bbcustom\u00bb align=\u00bbalign_left\u00bb el_width=\u00bb20&#8243; accent_color=\u00bb#f8f8f8&#8243; el_class=\u00bbbanner-txt\u00bb][vc_custom_heading text=\u00bbKampala \u21fe Bosque de Kibale \u21fe Parque Nacional de la Reina Isabel \u21fe Bwindi Impenetrable \u21fe Entebbe\u00bb font_container=\u00bbtag:h2|font_size:18|text_align:left|color:%23ffffff\u00bb google_fonts=\u00bbfont_family:Quicksand%3A300%2Cregular%2C700|font_style:300%20light%20regular%3A300%3Anormal\u00bb el_class=\u00bbbanner-txt\u00bb][\/vc_column][\/vc_row][vc_row][vc_column css=\u00bb.vc_custom_1678438234909{border-top-width: 10px !important;border-right-width: 10px !important;border-bottom-width: [&hellip;]<\/p>\n","protected":false},"author":4,"featured_media":0,"parent":28054,"menu_order":9,"comment_status":"closed","ping_status":"closed","template":"","meta":{"_themeisle_gutenberg_block_has_review":false,"footnotes":""},"class_list":["post-33048","page","type-page","status-publish","hentry"],"_links":{"self":[{"href":"https:\/\/demo.mufasatoursandtravels.com\/es\/wp-json\/wp\/v2\/pages\/33048","targetHints":{"allow":["GET"]}}],"collection":[{"href":"https:\/\/demo.mufasatoursandtravels.com\/es\/wp-json\/wp\/v2\/pages"}],"about":[{"href":"https:\/\/demo.mufasatoursandtravels.com\/es\/wp-json\/wp\/v2\/types\/page"}],"author":[{"embeddable":true,"href":"https:\/\/demo.mufasatoursandtravels.com\/es\/wp-json\/wp\/v2\/users\/4"}],"replies":[{"embeddable":true,"href":"https:\/\/demo.mufasatoursandtravels.com\/es\/wp-json\/wp\/v2\/comments?post=33048"}],"version-history":[{"count":23,"href":"https:\/\/demo.mufasatoursandtravels.com\/es\/wp-json\/wp\/v2\/pages\/33048\/revisions"}],"predecessor-version":[{"id":43981,"href":"https:\/\/demo.mufasatoursandtravels.com\/es\/wp-json\/wp\/v2\/pages\/33048\/revisions\/43981"}],"up":[{"embeddable":true,"href":"https:\/\/demo.mufasatoursandtravels.com\/es\/wp-json\/wp\/v2\/pages\/28054"}],"wp:attachment":[{"href":"https:\/\/demo.mufasatoursandtravels.com\/es\/wp-json\/wp\/v2\/media?parent=33048"}],"curies":[{"name":"wp","href":"https:\/\/api.w.org\/{rel}","templated":true}]}}