{"id":44699,"date":"2026-02-16T12:23:35","date_gmt":"2026-02-16T09:23:35","guid":{"rendered":"https:\/\/demo.mufasatoursandtravels.com\/destinos\/parque-nacional-del-lago-manyara-2\/"},"modified":"2026-02-16T12:26:26","modified_gmt":"2026-02-16T09:26:26","slug":"parque-nacional-del-lago-manyara-2","status":"publish","type":"page","link":"https:\/\/demo.mufasatoursandtravels.com\/es\/destinos\/parque-nacional-del-lago-manyara-2\/","title":{"rendered":"Parque Nacional del Lago Manyara"},"content":{"rendered":"[vc_row full_width=\u00bbstretch_row\u00bb gap=\u00bb1&#8243;][vc_column parallax=\u00bbcontent-moving\u00bb parallax_image=\u00bb30235&#8243; css=\u00bb.vc_custom_1771232894870{padding-top: 80px !important;padding-right: 80px !important;padding-bottom: 80px !important;padding-left: 80px !important;}\u00bb][vc_custom_heading text=\u00bbParque Nacional del Lago Manyara\u00bb font_container=\u00bbtag:h1|font_size:32|text_align:left|color:%23ffffff\u00bb google_fonts=\u00bbfont_family:Quicksand%3A300%2Cregular%2C700|font_style:400%20regular%3A400%3Anormal\u00bb el_class=\u00bbbanner-txt\u00bb][vc_separator color=\u00bbcustom\u00bb align=\u00bbalign_left\u00bb border_width=\u00bb2&#8243; el_width=\u00bb20&#8243; accent_color=\u00bb#f8f8f8&#8243;][vc_custom_heading text=\u00bbTanzania\u00bb font_container=\u00bbtag:h2|font_size:18|text_align:left|color:%23ffffff\u00bb google_fonts=\u00bbfont_family:Quicksand%3A300%2Cregular%2C700|font_style:400%20regular%3A400%3Anormal\u00bb el_class=\u00bbbanner-txt\u00bb][\/vc_column][\/vc_row][vc_row][vc_column css=\u00bb.vc_custom_1673438873315{border-top-width: 10px !important;border-right-width: 10px !important;border-bottom-width: 10px !important;border-left-width: 10px !important;}\u00bb][vc_tta_tabs shape=\u00bbsquare\u00bb color=\u00bbjuicy-pink\u00bb alignment=\u00bbcenter\u00bb active_section=\u00bb1&#8243; no_fill_content_area=\u00bbtrue\u00bb][vc_tta_section title=\u00bbVisi\u00f3n general\u00bb tab_id=\u00bb1633454673222-3d94f956-010c\u00bb][info_list_father listclr=\u00bb#f8f8f8&#8243;][info_list_son style=\u00bbicon\u00bb size=\u00bb20&#8243; width=\u00bb30&#8243; height=\u00bb20&#8243; titleclr=\u00bb#890000&#8243; icon=\u00bbfas fa-map-marked\u00bb iconclr=\u00bb#890000&#8243; iconbg=\u00bb#f8f8f8&#8243; borderclr=\u00bb#f8f8f8&#8243; title=\u00bbUn microcosmos de maravilla africana\u00bb caption_url=\u00bb\u00bb]\n<p data-path-to-node=\"5\">Una \u00ab<em>reserva de la biosfera<\/em>\u00bb que agrupa cinco ecosistemas distintos en un \u00e1rea relativamente peque\u00f1a. <span class=\"citation-174 citation-end-174\">Es un paisaje l\u00edquido: casi dos tercios del parque est\u00e1n cubiertos por el propio lago.<\/span> <span class=\"citation-173 citation-end-173\">Desde el momento en que entras, dejas atr\u00e1s la sabana seca y entras en un crep\u00fasculo tropical de antiguos \u00e1rboles de caoba y salchicha, alimentados por manantiales subterr\u00e1neos que mantienen el parque verde esmeralda durante todo el a\u00f1o.<\/span><\/p>\n[\/info_list_son][info_list_son style=\u00bbicon\u00bb size=\u00bb20&#8243; width=\u00bb30&#8243; height=\u00bb20&#8243; titleclr=\u00bb#890000&#8243; icon=\u00bbfas fa-route\u00bb iconclr=\u00bb#890000&#8243; iconbg=\u00bb#f8f8f8&#8243; borderclr=\u00bb#f8f8f8&#8243; title=\u00bbQu\u00e9 esperar\u00bb caption_url=\u00bb\u00bb]\n<ul>\n<li>\n<p data-path-to-node=\"6,0,0\"><span class=\"citation-172\"><strong>La Acrobacia Arb\u00f3rea<\/strong>:<\/span><span class=\"citation-172\"> Esta es la sede mundial de <\/span><span class=\"citation-172\">los leones trepadores de \u00e1rboles<\/span><span class=\"citation-172 citation-end-172\">.<\/span> <span class=\"citation-171 citation-end-171\">A diferencia de sus primos en otros lugares, los leones aqu\u00ed tienen la peculiar costumbre de pasar las tardes recostados sobre las robustas ramas de las acacias.<\/span> Ya sea que huyan del calor o de las moscas que pican, ver a un depredador \u00e1pice de 400 libras durmiendo a 10 metros del suelo es un espect\u00e1culo que no olvidar\u00e1s.<\/p>\n<\/li>\n<li>\n<p data-path-to-node=\"6,1,0\"><strong>El flequillo rosa<\/strong>: Desde lejos, la orilla parece brillar. <span class=\"citation-170\">A medida que te acercas, el \u00abresplandor\u00bb se disuelve en cientos de miles de <\/span><span class=\"citation-170\">flamencos menores<\/span><span class=\"citation-170 citation-end-170\">, formando una cinta rosa vibrante sobre las aguas alcalinas.<\/span><\/p>\n<\/li>\n<li>\n<p data-path-to-node=\"6,2,0\"><span class=\"citation-169\"><strong>El Parlamento de los Babuinos<\/strong>:<\/span><span class=\"citation-169 citation-end-169\"> Manyara alberga algunas de las tropas de babuinos m\u00e1s grandes de \u00c1frica.<\/span> Prep\u00e1rate para ser recibido por \u00abbloqueos\u00bb de primates juguetones, mientras monos azules y monos de Sykes miran desde el dosel.<\/p>\n<\/li>\n<li>\n<p id=\"p-rc_52dcf320ab1c8269-78\" data-path-to-node=\"6,3,0\"><span class=\"citation-168\"><strong>Los Gigantes Gentiles<\/strong>:<\/span><span class=\"citation-168 citation-end-168\"> El parque alberga una alta densidad de elefantes.<\/span> Debido al denso bosque, tus encuentros aqu\u00ed suelen ser repentinos e \u00edntimos: al girar una esquina encontrar\u00e1s a una matriarca pastando a pocos metros de tu veh\u00edculo<\/p>\n<\/li>\n<\/ul>\n[\/info_list_son][\/info_list_father][\/vc_tta_section][vc_tta_section title=\u00bbAlojamiento\u00bb tab_id=\u00bb1633455601016-f93699bc-5d92&#8243;][vc_row_inner css=\u00bb.vc_custom_1767874197540{padding: 10px !important;}\u00bb][vc_column_inner el_class=\u00bbcustom-height\u00bb offset=\u00bbvc_hidden-md vc_hidden-sm vc_hidden-xs\u00bb][ucaddon_uc_side_carousel_content image=\u00bb44670&#8243; title=\u00bb&amp;M\u00e1s all\u00e1 del lago Manyara Tree Lodge\u00bb btn_text=\u00bbView Accomodation\u00bb link=\u00bbhttps:\/\/www.andbeyond.com\/our-lodges\/africa\/tanzania\/lake-manyara-national-park\/andbeyond-lake-manyara-tree-lodge\/?utm_source=google&amp;utm_medium=organic&amp;utm_campaign=organic-global-bofu-gmb-listing-lake-manyara-tree-lodge\u00bb uc_init_settings=\u00bb\u00bb uc_fonts_data=\u00bbJTdCJTdE\u00bb]VGhlJTIwcGlubmFjbGUlMjBvZiUyMGx1eHVyeS4lMjBUaGVzZSUyMGFyZSUyMHNvcGhpc3RpY2F0ZWQlMjB0cmVlaG91c2UlMjBzdWl0ZXMlMjBjcmFkbGVkJTIwaW4lMjB0aGUlMjBib3VnaHMlMjBvZiUyMGFuJTIwYW5jaWVudCUyMG1haG9nYW55JTIwZm9yZXN0LiUyMEl0JTIwaXMlMjB0aGUlMjBvbmx5JTIwbG9kZ2UlMjBsb2NhdGVkJTIwaW5zaWRlJTIwdGhlJTIwcGFyayVFMiU4MCU5OXMlMjBzb3V0aGVybiUyMHdpbGRlcm5lc3Mu[\/ucaddon_uc_side_carousel_content][\/vc_column_inner][\/vc_row_inner][vc_row_inner css=\u00bb.vc_custom_1767874197540{padding: 10px !important;}\u00bb][vc_column_inner el_class=\u00bbcustom-height\u00bb offset=\u00bbvc_hidden-md vc_hidden-sm vc_hidden-xs\u00bb][ucaddon_uc_side_carousel_content image=\u00bb44682&#8243; title=\u00bbLodge Safari Serena del Lago Manyara\u00bb btn_text=\u00bbView Accomodation\u00bb link=\u00bbhttps:\/\/www.serenahotels.com\/lake-manyara\u00bb uc_init_settings=\u00bb\u00bb uc_fonts_data=\u00bbJTdCJTdE\u00bb]UGVyY2hlZCUyMG9uJTIwdGhlJTIwdmVyeSUyMGVkZ2UlMjBvZiUyMHRoZSUyME10byUyMHdhJTIwTWJ1JTIwZXNjYXJwbWVudC4lMjBUaGUlMjBpbmZpbml0eSUyMHBvb2wlMjBoZXJlJTIwb2ZmZXJzJTIwYSUyMCUyMmJpcmQlRTIlODAlOTlzLWV5ZSUyMiUyMHZpZXclMjBvZiUyMHRoZSUyMGVudGlyZSUyMGxha2UlMjBhbmQlMjB0aGUlMjBmbG9vciUyMG9mJTIwdGhlJTIwUmlmdCUyMFZhbGxleS4=[\/ucaddon_uc_side_carousel_content][\/vc_column_inner][\/vc_row_inner][vc_row_inner css=\u00bb.vc_custom_1767874197540{padding: 10px !important;}\u00bb][vc_column_inner el_class=\u00bbcustom-height\u00bb offset=\u00bbvc_hidden-md vc_hidden-sm vc_hidden-xs\u00bb][ucaddon_uc_side_carousel_content image=\u00bb44676&#8243; title=\u00bbCampamento de Tortilis del Lago Manyara\u00bb btn_text=\u00bbView Accomodation\u00bb link=\u00bbhttps:\/\/www.tortiliscamps.com\/lake-manyara-tortilis-camp\/\u00bb uc_init_settings=\u00bb\u00bb uc_fonts_data=\u00bbJTdCJTdE\u00bb]QSUyMGJvdXRpcXVlJTIwZ2xhbXBpbmclMjBleHBlcmllbmNlJTIwdGhhdCUyMHBsYWNlcyUyMHlvdSUyMHJpZ2h0JTIwYXQlMjB0aGUlMjBiYXNlJTIwb2YlMjB0aGUlMjBlc2NhcnBtZW50JTJDJTIwd2hlcmUlMjB0aGUlMjBzb3VuZHMlMjBvZiUyMHRoZSUyMEFmcmljYW4lMjBuaWdodCUyMGFyZSUyMHlvdXIlMjBvbmx5JTIwcGxheWxpc3Qu[\/ucaddon_uc_side_carousel_content][\/vc_column_inner][\/vc_row_inner][vc_row_inner css=\u00bb.vc_custom_1767874197540{padding: 10px !important;}\u00bb][vc_column_inner el_class=\u00bbcustom-height\u00bb offset=\u00bbvc_hidden-lg\u00bb][vc_headings style=\u00bbtheme2&#8243; borderclr=\u00bb#890000&#8243; title=\u00bb&#038;Beyond Lake Manyara Tree Lodge\u00bb align=\u00bbleft\u00bb google_fonts=\u00bbfont_family:Quicksand%3A300%2Cregular%2C700|font_style:400%20regular%3A400%3Anormal\u00bb titleclr=\u00bb#000000&#8243; caption_url=\u00bb\u00bb caption_urls=\u00bb\u00bb caption_urlss=\u00bb\u00bb caption_urldesc=\u00bb\u00bb]The pinnacle of luxury. <span class=\"citation-164 citation-end-164\">These are sophisticated treehouse suites cradled in the boughs of an ancient mahogany forest.<\/span> It is the only lodge located <i data-path-to-node=\"13,0,0\" data-index-in-node=\"180\">inside<\/i> the park\u2019s southern wilderness.[\/vc_headings][vc_btn title=\u00bbVer alojamiento\u00bb style=\u00bboutline-custom\u00bb outline_custom_color=\u00bb#890000&#8243; outline_custom_hover_background=\u00bb#890000&#8243; outline_custom_hover_text=\u00bb#ffffff\u00bb shape=\u00bbsquare\u00bb size=\u00bbsm\u00bb i_align=\u00bbright\u00bb i_icon_fontawesome=\u00bbfas fa-angle-right\u00bb add_icon=\u00bbtrue\u00bb css=\u00bb.vc_custom_1771233807392{padding-top: 10px !important;padding-right: 10px !important;padding-bottom: 10px !important;}\u00bb link=\u00bburl:https%3A%2F%2Fwww.andbeyond.com%2Four-lodges%2Fafrica%2Ftanzania%2Flake-manyara-national-park%2Fandbeyond-lake-manyara-tree-lodge%2F%3Futm_source%3Dgoogle%26utm_medium%3Dorganic%26utm_campaign%3Dorganic-global-bofu-gmb-listing-lake-manyara-tree-lodge|\u00bb][\/vc_column_inner][\/vc_row_inner][vc_row_inner css=\u00bb.vc_custom_1767874197540{padding: 10px !important;}\u00bb][vc_column_inner el_class=\u00bbcustom-height\u00bb offset=\u00bbvc_hidden-lg\u00bb][vc_headings style=\u00bbtheme2&#8243; borderclr=\u00bb#890000&#8243; title=\u00bbLake Manyara Serena Safari Lodge\u00bb align=\u00bbleft\u00bb google_fonts=\u00bbfont_family:Quicksand%3A300%2Cregular%2C700|font_style:400%20regular%3A400%3Anormal\u00bb titleclr=\u00bb#000000&#8243; caption_url=\u00bb\u00bb caption_urls=\u00bb\u00bb caption_urlss=\u00bb\u00bb caption_urldesc=\u00bb\u00bb]<span class=\"citation-163 citation-end-163\"> Perched on the very edge of the Mto wa Mbu escarpment.<\/span> The infinity pool here offers a \u00abbird\u2019s-eye\u00bb view of the entire lake and the floor of the Rift Valley[\/vc_headings][vc_btn title=\u00bbVer alojamiento\u00bb style=\u00bboutline-custom\u00bb outline_custom_color=\u00bb#890000&#8243; outline_custom_hover_background=\u00bb#890000&#8243; outline_custom_hover_text=\u00bb#ffffff\u00bb shape=\u00bbsquare\u00bb size=\u00bbsm\u00bb i_align=\u00bbright\u00bb i_icon_fontawesome=\u00bbfas fa-angle-right\u00bb add_icon=\u00bbtrue\u00bb css=\u00bb.vc_custom_1771233871570{padding-top: 10px !important;padding-right: 10px !important;padding-bottom: 10px !important;}\u00bb link=\u00bburl:https%3A%2F%2Fwww.serenahotels.com%2Flake-manyara|\u00bb][\/vc_column_inner][\/vc_row_inner][vc_row_inner css=\u00bb.vc_custom_1767874197540{padding: 10px !important;}\u00bb][vc_column_inner el_class=\u00bbcustom-height\u00bb offset=\u00bbvc_hidden-lg\u00bb][vc_headings style=\u00bbtheme2&#8243; borderclr=\u00bb#890000&#8243; title=\u00bbLake Manyara Tortilis Camp\u00bb align=\u00bbleft\u00bb google_fonts=\u00bbfont_family:Quicksand%3A300%2Cregular%2C700|font_style:400%20regular%3A400%3Anormal\u00bb titleclr=\u00bb#000000&#8243; caption_url=\u00bb\u00bb caption_urls=\u00bb\u00bb caption_urlss=\u00bb\u00bb caption_urldesc=\u00bb\u00bb]\n<p data-path-to-node=\"13,2,1,0,0\">A boutique glamping experience that places you right at the base of the escarpment, where the sounds of the African night are your only playlist.<\/p>\n[\/vc_headings][vc_btn title=\u00bbVer alojamiento\u00bb style=\u00bboutline-custom\u00bb outline_custom_color=\u00bb#890000&#8243; outline_custom_hover_background=\u00bb#890000&#8243; outline_custom_hover_text=\u00bb#ffffff\u00bb shape=\u00bbsquare\u00bb size=\u00bbsm\u00bb i_align=\u00bbright\u00bb i_icon_fontawesome=\u00bbfas fa-angle-right\u00bb add_icon=\u00bbtrue\u00bb css=\u00bb.vc_custom_1771233913919{padding-top: 10px !important;padding-right: 10px !important;padding-bottom: 10px !important;}\u00bb link=\u00bburl:https%3A%2F%2Fwww.tortiliscamps.com%2Flake-manyara-tortilis-camp%2F|\u00bb][\/vc_column_inner][\/vc_row_inner][\/vc_tta_section][vc_tta_section title=\u00bbActividades\u00bb tab_id=\u00bb1767601538075-7b6924d3-776e\u00bb][info_list_father listclr=\u00bb#f8f8f8&#8243;][info_list_son style=\u00bbicon\u00bb size=\u00bb0&#8243; width=\u00bb0&#8243; height=\u00bb0&#8243; titleclr=\u00bb#f8f8f8&#8243; iconclr=\u00bb#f8f8f8&#8243; borderclr=\u00bb#f8f8f8&#8243; caption_url=\u00bb\u00bb]\n<ul>\n<li>\n<p data-path-to-node=\"16,0,0\"><strong>El Sendero de las Copas de los \u00c1rboles<\/strong>:<span class=\"citation-161 citation-end-161\"> Entra en el primer paseo por el dosel de Tanzania.<\/span> <span class=\"citation-160\">Este puente colgante de 370 metros te lleva <\/span><span class=\"citation-160\">18 metros en el aire<\/span><span class=\"citation-160 citation-end-160\">, permiti\u00e9ndote caminar entre p\u00e1jaros y monos para una perspectiva que pocos safaris tienen.<\/span><\/p>\n<\/li>\n<li>\n<p data-path-to-node=\"16,1,0\"><span class=\"citation-159\"><strong>El Safari Nocturno<\/strong>:<\/span><span class=\"citation-159 citation-end-159\"> Manyara es uno de los pocos lugares en Tanzania donde puedes explorar despu\u00e9s del anochecer.<\/span> Bajo el resplandor de un foco, el bosque se transforma. Buscar\u00e1s los ojos brillantes de puercoespines, genetas, civetas y el esquivo oso hormiguero. <\/p>\n<\/li>\n<li>\n<p data-path-to-node=\"16,2,0\"><span class=\"citation-158\"><strong>Pirag\u00fcismo por el lago Soda<\/strong>:<\/span><span class=\"citation-158 citation-end-158\"> (Cuando el nivel del agua lo permite).<\/span> <span class=\"citation-157 citation-end-157\">Rema silenciosamente junto a hipop\u00f3tamos y flamencos, disfrutando del parque desde la l\u00ednea del agua en lugar del sendero polvoriento.<\/span><\/p>\n<\/li>\n<li>\n<p id=\"p-rc_52dcf320ab1c8269-87\" data-path-to-node=\"16,3,0\"><strong>El Tour Cultural Mto wa Mbu: T\u00f3mate<\/strong> un descanso de la naturaleza para visitar el pueblo cercano. <span class=\"citation-156\">Conocida por sus 120 tribus diferentes, puedes explorar los coloridos mercados, hacer un <\/span><span class=\"citation-156\">tour por la elaboraci\u00f3n de cervezas de pl\u00e1tano<\/span> o recorrer <span class=\"citation-156 citation-end-156\">en bicicleta los arrozales locales.<\/span><\/p>\n<\/li>\n<\/ul>\n[\/info_list_son][\/info_list_father][\/vc_tta_section][\/vc_tta_tabs][\/vc_column][\/vc_row]\n","protected":false},"excerpt":{"rendered":"<p>[vc_row full_width=\u00bbstretch_row\u00bb gap=\u00bb1&#8243;][vc_column parallax=\u00bbcontent-moving\u00bb parallax_image=\u00bb30235&#8243; css=\u00bb.vc_custom_1771232894870{padding-top: 80px !important;padding-right: 80px !important;padding-bottom: 80px !important;padding-left: 80px !important;}\u00bb][vc_custom_heading text=\u00bbParque Nacional del Lago Manyara\u00bb font_container=\u00bbtag:h1|font_size:32|text_align:left|color:%23ffffff\u00bb google_fonts=\u00bbfont_family:Quicksand%3A300%2Cregular%2C700|font_style:400%20regular%3A400%3Anormal\u00bb el_class=\u00bbbanner-txt\u00bb][vc_separator color=\u00bbcustom\u00bb align=\u00bbalign_left\u00bb border_width=\u00bb2&#8243; el_width=\u00bb20&#8243; accent_color=\u00bb#f8f8f8&#8243;][vc_custom_heading text=\u00bbTanzania\u00bb font_container=\u00bbtag:h2|font_size:18|text_align:left|color:%23ffffff\u00bb google_fonts=\u00bbfont_family:Quicksand%3A300%2Cregular%2C700|font_style:400%20regular%3A400%3Anormal\u00bb el_class=\u00bbbanner-txt\u00bb][\/vc_column][\/vc_row][vc_row][vc_column css=\u00bb.vc_custom_1673438873315{border-top-width: 10px !important;border-right-width: 10px !important;border-bottom-width: 10px !important;border-left-width: 10px !important;}\u00bb][vc_tta_tabs shape=\u00bbsquare\u00bb color=\u00bbjuicy-pink\u00bb alignment=\u00bbcenter\u00bb active_section=\u00bb1&#8243; no_fill_content_area=\u00bbtrue\u00bb][vc_tta_section title=\u00bbVisi\u00f3n general\u00bb tab_id=\u00bb1633454673222-3d94f956-010c\u00bb][info_list_father listclr=\u00bb#f8f8f8&#8243;][info_list_son style=\u00bbicon\u00bb size=\u00bb20&#8243; width=\u00bb30&#8243; height=\u00bb20&#8243; titleclr=\u00bb#890000&#8243; icon=\u00bbfas [&hellip;]<\/p>\n","protected":false},"author":2,"featured_media":0,"parent":28078,"menu_order":18,"comment_status":"closed","ping_status":"closed","template":"","meta":{"_themeisle_gutenberg_block_has_review":false,"footnotes":""},"class_list":["post-44699","page","type-page","status-publish","hentry"],"_links":{"self":[{"href":"https:\/\/demo.mufasatoursandtravels.com\/es\/wp-json\/wp\/v2\/pages\/44699","targetHints":{"allow":["GET"]}}],"collection":[{"href":"https:\/\/demo.mufasatoursandtravels.com\/es\/wp-json\/wp\/v2\/pages"}],"about":[{"href":"https:\/\/demo.mufasatoursandtravels.com\/es\/wp-json\/wp\/v2\/types\/page"}],"author":[{"embeddable":true,"href":"https:\/\/demo.mufasatoursandtravels.com\/es\/wp-json\/wp\/v2\/users\/2"}],"replies":[{"embeddable":true,"href":"https:\/\/demo.mufasatoursandtravels.com\/es\/wp-json\/wp\/v2\/comments?post=44699"}],"version-history":[{"count":1,"href":"https:\/\/demo.mufasatoursandtravels.com\/es\/wp-json\/wp\/v2\/pages\/44699\/revisions"}],"predecessor-version":[{"id":44700,"href":"https:\/\/demo.mufasatoursandtravels.com\/es\/wp-json\/wp\/v2\/pages\/44699\/revisions\/44700"}],"up":[{"embeddable":true,"href":"https:\/\/demo.mufasatoursandtravels.com\/es\/wp-json\/wp\/v2\/pages\/28078"}],"wp:attachment":[{"href":"https:\/\/demo.mufasatoursandtravels.com\/es\/wp-json\/wp\/v2\/media?parent=44699"}],"curies":[{"name":"wp","href":"https:\/\/api.w.org\/{rel}","templated":true}]}}