{"id":44976,"date":"2026-02-17T11:03:40","date_gmt":"2026-02-17T08:03:40","guid":{"rendered":"https:\/\/demo.mufasatoursandtravels.com\/destinos\/parque-nacional-del-lago-mburo\/"},"modified":"2026-02-17T12:40:35","modified_gmt":"2026-02-17T09:40:35","slug":"parque-nacional-del-lago-mburo","status":"publish","type":"page","link":"https:\/\/demo.mufasatoursandtravels.com\/es\/destinos\/parque-nacional-del-lago-mburo\/","title":{"rendered":"Parque Nacional del Lago Mburo"},"content":{"rendered":"[vc_row full_width=\u00bbstretch_row\u00bb gap=\u00bb1&#8243;][vc_column parallax=\u00bbcontent-moving\u00bb parallax_image=\u00bb17304&#8243; css=\u00bb.vc_custom_1771315576691{padding-top: 80px !important;padding-right: 80px !important;padding-bottom: 80px !important;padding-left: 80px !important;}\u00bb][vc_custom_heading text=\u00bbParque Nacional del Lago Mburo\u00bb font_container=\u00bbtag:h1|font_size:32|text_align:left|color:%23ffffff\u00bb google_fonts=\u00bbfont_family:Quicksand%3A300%2Cregular%2C700|font_style:400%20regular%3A400%3Anormal\u00bb el_class=\u00bbbanner-txt\u00bb][vc_separator color=\u00bbcustom\u00bb align=\u00bbalign_left\u00bb border_width=\u00bb2&#8243; el_width=\u00bb20&#8243; accent_color=\u00bb#f8f8f8&#8243;][vc_custom_heading text=\u00bbUganda\u00bb font_container=\u00bbtag:h2|font_size:18|text_align:left|color:%23ffffff\u00bb google_fonts=\u00bbfont_family:Quicksand%3A300%2Cregular%2C700|font_style:400%20regular%3A400%3Anormal\u00bb el_class=\u00bbbanner-txt\u00bb][\/vc_column][\/vc_row][vc_row][vc_column css=\u00bb.vc_custom_1673438873315{border-top-width: 10px !important;border-right-width: 10px !important;border-bottom-width: 10px !important;border-left-width: 10px !important;}\u00bb][vc_tta_tabs shape=\u00bbsquare\u00bb color=\u00bbjuicy-pink\u00bb alignment=\u00bbcenter\u00bb active_section=\u00bb1&#8243; no_fill_content_area=\u00bbtrue\u00bb][vc_tta_section title=\u00bbVisi\u00f3n general\u00bb tab_id=\u00bb1633454673222-3d94f956-010c\u00bb][info_list_father listclr=\u00bb#f8f8f8&#8243;][info_list_son style=\u00bbicon\u00bb size=\u00bb20&#8243; width=\u00bb30&#8243; height=\u00bb20&#8243; titleclr=\u00bb#890000&#8243; icon=\u00bbfas fa-map-marked\u00bb iconclr=\u00bb#890000&#8243; iconbg=\u00bb#f8f8f8&#8243; borderclr=\u00bb#f8f8f8&#8243; title=\u00bbUn mosaico de agua y bosque\u00bb]\n<p data-path-to-node=\"5\">Situado convenientemente entre Kampala y las tierras altas de los gorilas, este parque es un impresionante mosaico de 13 lagos relucientes, vastos pantanos de papiro y ondulados bosques de acacia. Es el \u00fanico lugar en el sur de Uganda donde la sabana est\u00e1 salpicada de rocas antiguas del Prec\u00e1mbrico que dan al paisaje un aire agreste y atemporal. Aqu\u00ed, el silencio solo se rompe con el ladrido de una cebra o el salpico de un hipop\u00f3tamo, ofreciendo una experiencia de safari tranquila e \u00edntima que los parques m\u00e1s grandes simplemente no pueden igualar.  <\/p>\n[\/info_list_son][info_list_son style=\u00bbicon\u00bb size=\u00bb20&#8243; width=\u00bb30&#8243; height=\u00bb20&#8243; titleclr=\u00bb#890000&#8243; icon=\u00bbfas fa-route\u00bb iconclr=\u00bb#890000&#8243; iconbg=\u00bb#f8f8f8&#8243; borderclr=\u00bb#f8f8f8&#8243; title=\u00bbQu\u00e9 esperar\u00bb]El parque carece de grandes depredadores como leones o elefantes, la fauna es notablemente relajada, lo que permite encuentros que resultan incre\u00edblemente personales.<\/p>\n<ul data-path-to-node=\"7\">\n<li>\n<p data-path-to-node=\"7,0,0\"><strong>La capital de las cebras<\/strong><b data-path-to-node=\"7,0,0\" data-index-in-node=\"0\">:<\/b> Prep\u00e1rate estar rodeada por la mayor poblaci\u00f3n de <b data-path-to-node=\"7,0,0\" data-index-in-node=\"77\">cebras de Burchell<\/b> en Uganda y los elegantes y saltadores <b data-path-to-node=\"7,0,0\" data-index-in-node=\"120\">impalas<\/b> (que dieron nombre a Kampala).<\/p>\n<\/li>\n<li>\n<p data-path-to-node=\"7,1,0\"><strong>Los gigantes de las llanuras<\/strong><b data-path-to-node=\"7,1,0\" data-index-in-node=\"0\">:<\/b> Cuidado con el enorme <b data-path-to-node=\"7,1,0\" data-index-in-node=\"51\">Eland<\/b>\u2014el ant\u00edlope m\u00e1s grande del mundo\u2014y las majestuosas <b data-path-to-node=\"7,1,0\" data-index-in-node=\"103\">jirafas de Rothschild<\/b> desliz\u00e1ndose entre las acacias.<\/p>\n<\/li>\n<li>\n<p data-path-to-node=\"7,2,0\"><strong>Maravillas acu\u00e1ticas<\/strong><b data-path-to-node=\"7,2,0\" data-index-in-node=\"0\">:<\/b> Espera un coro de hipop\u00f3tamos y un asiento en primera fila para ver el antiguo mundo de los cocodrilos del Nilo mientras recorres las tranquilas aguas del lago.<\/p>\n<\/li>\n<\/ul>\n[\/info_list_son][info_list_son style=\u00bbicon\u00bb size=\u00bb20&#8243; width=\u00bb30&#8243; height=\u00bb20&#8243; titleclr=\u00bb#890000&#8243; icon=\u00bbfar fa-check-circle\u00bb iconclr=\u00bb#890000&#8243; iconbg=\u00bb#f8f8f8&#8243; borderclr=\u00bb#f8f8f8&#8243; title=\u00bbResumen de la temporada\u00bb]\n<p data-path-to-node=\"9\">El lago Mburo es una obra maestra que cambia con la luz y las nubes. Aunque es hermosa todo el a\u00f1o, la experiencia se define por dos estaciones distintas: <\/p>\n<ul data-path-to-node=\"10\">\n<li>\n<p data-path-to-node=\"10,0,0\"><strong>La estaci\u00f3n seca dorada<\/strong><b data-path-to-node=\"10,0,0\" data-index-in-node=\"0\">:<\/b> Cuando el sol ba\u00f1a la sabana, el parque se convierte en un teatro de la vida. A medida que los pozos de agua m\u00e1s peque\u00f1os desaparecen, la fauna se siente atra\u00edda por las aguas permanentes del lago Mburo. La vegetaci\u00f3n se aclara, adquiriendo un hermoso tono dorado, lo que convierte este lugar <b data-path-to-node=\"10,0,0\" data-index-in-node=\"264\">en el momento ideal para la observaci\u00f3n de la caza y la fotograf\u00eda<\/b>. El terreno firme tambi\u00e9n hace que esta sea la temporada perfecta para explorar el parque a pie o en bicicleta.   <\/p>\n<\/li>\n<li>\n<p data-path-to-node=\"10,1,0\"><strong>La temporada h\u00fameda esmeralda<\/strong><b data-path-to-node=\"10,1,0\" data-index-in-node=\"0\">:<\/b> Cuando llegan las lluvias, el parque renace con un verde vibrante y profundo. El aire es cristalino y el aroma del jazm\u00edn salvaje llena la brisa. Este es el <b data-path-to-node=\"10,1,0\" data-index-in-node=\"178\">para\u00edso de los observadores de aves<\/b>, ya que las aves migratorias llegan por miles para unirse al pata de aleta africano residente y al pico de zapato. Aunque los animales pueden adentrarse m\u00e1s en la maleza, el paisaje exuberante y la vista de los cervatillos reci\u00e9n nacidos hacen que sea un momento m\u00e1gico para quienes aman la soledad y los paisajes vibrantes.   <\/p>\n<\/li>\n<\/ul>\n[\/info_list_son][\/info_list_father][\/vc_tta_section][vc_tta_section title=\u00bbAlojamiento\u00bb tab_id=\u00bb1633455601016-f93699bc-5d92&#8243;][vc_row_inner css=\u00bb.vc_custom_1767878786489{padding: 10px !important;}\u00bb][vc_column_inner el_class=\u00bbcustom-height\u00bb offset=\u00bbvc_hidden-md vc_hidden-sm vc_hidden-xs\u00bb][ucaddon_uc_side_carousel_content image=\u00bb44949&#8243; title=\u00bbLogia Mihingo\u00bb btn_text=\u00bbView Accomodation\u00bb link=\u00bbhttps:\/\/mihingolodge.com\/\u00bb uc_fonts_data=\u00bbJTdCJTdE\u00bb]QW4lMjBleHF1aXNpdGUlMjBsdXh1cnklMjBsb2RnZSUyMHBlcmNoZWQlMjBvbiUyMGElMjByb2NreSUyMGtvcGplJTJDJTIwZmFtb3VzJTIwZm9yJTIwaXRzJTIwaW5maW5pdHklMjBwb29sJTIwYW5kJTIwd29ybGQtY2xhc3MlMjBob3JzZWJhY2slMjBzYWZhcmlzLg==[\/ucaddon_uc_side_carousel_content][\/vc_column_inner][\/vc_row_inner][vc_row_inner css=\u00bb.vc_custom_1767878786489{padding: 10px !important;}\u00bb][vc_column_inner el_class=\u00bbcustom-height\u00bb offset=\u00bbvc_hidden-md vc_hidden-sm vc_hidden-xs\u00bb][ucaddon_uc_side_carousel_content image=\u00bb44955&#8243; title=\u00bbKigambira Safari Lodge\u00bb btn_text=\u00bbView Accomodation\u00bb link=\u00bbhttps:\/\/kigambirasafarilodge.com\/\u00bb uc_fonts_data=\u00bbJTdCJTdE\u00bb]QSUyMGx1eHVyeSUyMGJvdXRpcXVlJTIwbG9kZ2UlMjBsb2NhdGVkJTIwaW4lMjB0aGUlMjBoZWFydCUyMG9mJTIwdGhlJTIwcGFyayUyMG5lYXIlMjB0aGUlMjBSdWJhbmdhJTIwRm9yZXN0JTJDJTIwcGVyZmVjdCUyMGZvciUyMHRob3NlJTIwc2Vla2luZyUyMHByaXZhY3klMjBhbmQlMjBlbGVnYW5jZS4=[\/ucaddon_uc_side_carousel_content][\/vc_column_inner][\/vc_row_inner][vc_row_inner css=\u00bb.vc_custom_1767878786489{padding: 10px !important;}\u00bb][vc_column_inner el_class=\u00bbcustom-height\u00bb offset=\u00bbvc_hidden-md vc_hidden-sm vc_hidden-xs\u00bb][ucaddon_uc_side_carousel_content image=\u00bb44961&#8243; title=\u00bbRefugio de la Naturaleza Kigarama\u00bb btn_text=\u00bbView Accomodation\u00bb link=\u00bbhttps:\/\/www.kigarama.ugandaculturallodges.com\/\u00bb uc_fonts_data=\u00bbJTdCJTdE\u00bb]QSUyMGxvZGdlJTIwZm9jdXNlZCUyMG9uJTIwc3VzdGFpbmFiaWxpdHklMjBhbGxvd2luZyUyMGNsaWVudHMlMjB0byUyMGdldCUyMGNsb3NlJTIwYW5kJTIwY29ubmVjdCUyMHdpdGglMjB0aGUlMjBsb2NhbCUyMGNvbW11bml0aWVzJTIwdGhyb3VnaCUyMG9wdGlvbmFsJTIwYWN0aXZpdGllcyUyMHN1Y2glMjBhcyUyMGNvdyUyMG1pbGtpbmclMkMlMjBjb29raW5nJTIwbGVzc29ucyUyQyUyMHRodXMlMjBhbGxvd2luZyUyMHRoZW0lMjB0byUyMGV4cGVyaWVuY2UlMjB0aGUlMjBkaXZlcnNpdHklMjBhbmQlMjBjdXN0b21zJTIwb2YlMjB0aGUlMjBsb2NhbCUyMGN1bHR1cmUlMjBhcyUyMGElMjByZXN1bHQlMjBjb250cmlidXRpbmclMjB0byUyMHByZXNlcnZpbmclMjBvZiUyMGN1bHR1cmUlMjBmb3IlMjBmdXR1cmUu[\/ucaddon_uc_side_carousel_content][\/vc_column_inner][\/vc_row_inner][vc_row_inner css=\u00bb.vc_custom_1767878786489{padding: 10px !important;}\u00bb][vc_column_inner el_class=\u00bbcustom-height\u00bb offset=\u00bbvc_hidden-lg\u00bb][vc_headings style=\u00bbtheme2&#8243; borderclr=\u00bb#890000&#8243; title=\u00bbMihingo Lodge\u00bb align=\u00bbleft\u00bb google_fonts=\u00bbfont_family:Quicksand%3A300%2Cregular%2C700|font_style:400%20regular%3A400%3Anormal\u00bb titleclr=\u00bb#000000&#8243;]An exquisite luxury lodge perched on a rocky kopje, famous for its infinity pool and world-class horseback safaris.[\/vc_headings][vc_btn title=\u00bbVer alojamiento\u00bb style=\u00bboutline-custom\u00bb outline_custom_color=\u00bb#890000&#8243; outline_custom_hover_background=\u00bb#890000&#8243; outline_custom_hover_text=\u00bb#ffffff\u00bb shape=\u00bbsquare\u00bb size=\u00bbsm\u00bb i_align=\u00bbright\u00bb i_icon_fontawesome=\u00bbfas fa-chevron-right\u00bb add_icon=\u00bbtrue\u00bb link=\u00bburl:https%3A%2F%2Fmihingolodge.com%2F|\u00bb css=\u00bb.vc_custom_1771315169192{padding-top: 10px !important;padding-right: 10px !important;padding-bottom: 10px !important;}\u00bb][\/vc_column_inner][\/vc_row_inner][vc_row_inner css=\u00bb.vc_custom_1767878786489{padding: 10px !important;}\u00bb][vc_column_inner el_class=\u00bbcustom-height\u00bb offset=\u00bbvc_hidden-lg\u00bb][vc_headings style=\u00bbtheme2&#8243; borderclr=\u00bb#890000&#8243; title=\u00bbKigambira Safari Lodge\u00bb align=\u00bbleft\u00bb google_fonts=\u00bbfont_family:Quicksand%3A300%2Cregular%2C700|font_style:400%20regular%3A400%3Anormal\u00bb titleclr=\u00bb#000000&#8243;]A luxury boutique lodge located in the heart of the park near the Rubanga Forest, perfect for those seeking privacy and elegance.[\/vc_headings][vc_btn title=\u00bbVer alojamiento\u00bb style=\u00bboutline-custom\u00bb outline_custom_color=\u00bb#890000&#8243; outline_custom_hover_background=\u00bb#890000&#8243; outline_custom_hover_text=\u00bb#ffffff\u00bb shape=\u00bbsquare\u00bb size=\u00bbsm\u00bb i_align=\u00bbright\u00bb i_icon_fontawesome=\u00bbfas fa-chevron-right\u00bb add_icon=\u00bbtrue\u00bb link=\u00bburl:https%3A%2F%2Fkigambirasafarilodge.com%2F|\u00bb css=\u00bb.vc_custom_1771315238176{padding-top: 10px !important;padding-right: 10px !important;padding-bottom: 10px !important;}\u00bb][\/vc_column_inner][\/vc_row_inner][vc_row_inner css=\u00bb.vc_custom_1767878786489{padding: 10px !important;}\u00bb][vc_column_inner el_class=\u00bbcustom-height\u00bb offset=\u00bbvc_hidden-lg\u00bb][vc_headings style=\u00bbtheme2&#8243; borderclr=\u00bb#890000&#8243; title=\u00bbKigarama Wilderness Lodge\u00bb align=\u00bbleft\u00bb google_fonts=\u00bbfont_family:Quicksand%3A300%2Cregular%2C700|font_style:400%20regular%3A400%3Anormal\u00bb titleclr=\u00bb#000000&#8243;]A lodge focused on sustainability allowing clients to get close and connect with the local communities through optional activities such as cow milking, cooking lessons, thus allowing them to experience the diversity and customs of the local culture as a result contributing to preserving of culture for future.[\/vc_headings][vc_btn title=\u00bbVer alojamiento\u00bb style=\u00bboutline-custom\u00bb outline_custom_color=\u00bb#890000&#8243; outline_custom_hover_background=\u00bb#890000&#8243; outline_custom_hover_text=\u00bb#ffffff\u00bb shape=\u00bbsquare\u00bb size=\u00bbsm\u00bb i_align=\u00bbright\u00bb i_icon_fontawesome=\u00bbfas fa-chevron-right\u00bb add_icon=\u00bbtrue\u00bb link=\u00bburl:https%3A%2F%2Fwww.kigarama.ugandaculturallodges.com%2F|\u00bb css=\u00bb.vc_custom_1771315286721{padding-top: 10px !important;padding-right: 10px !important;padding-bottom: 10px !important;}\u00bb][\/vc_column_inner][\/vc_row_inner][\/vc_tta_section][vc_tta_section title=\u00bbActividades\u00bb tab_id=\u00bb1767601538075-7b6924d3-776e\u00bb][info_list_father listclr=\u00bb#f8f8f8&#8243;][info_list_son style=\u00bbicon\u00bb size=\u00bb0&#8243; width=\u00bb0&#8243; height=\u00bb0&#8243; titleclr=\u00bb#f8f8f8&#8243; iconclr=\u00bb#f8f8f8&#8243; borderclr=\u00bb#f8f8f8&#8243;]\n<ul>\n<li>\n<p data-path-to-node=\"16,0,0\"><strong>Safaris a caballo<\/strong><b data-path-to-node=\"16,0,0\" data-index-in-node=\"0\">:<\/b> Uno de los pocos lugares en \u00c1frica Oriental donde puedes montar junto a cebras y b\u00fafalos a caballo, una forma silenciosa y emocionante de pasar desapercibido entre la manada.<\/p>\n<\/li>\n<li>\n<p data-path-to-node=\"16,1,0\"><strong>Safaris a pie<\/strong><b data-path-to-node=\"16,1,0\" data-index-in-node=\"0\">:<\/b> Acompa\u00f1ado por un guardabosques armado, puedes literalmente caminar entre la fauna, aprendiendo los secretos de los caminos de animales y los usos medicinales de las plantas de la sabana.<\/p>\n<\/li>\n<li>\n<p data-path-to-node=\"16,2,0\"><strong>Ciclismo de monta\u00f1a<\/strong><b data-path-to-node=\"16,2,0\" data-index-in-node=\"0\">:<\/b> Para los amantes de la adrenalina, pedalea por las pistas bordeadas de acacias para un encuentro emocionante con la naturaleza.<\/p>\n<\/li>\n<li>\n<p data-path-to-node=\"16,3,0\"><strong>Safarios<\/strong> <b data-path-to-node=\"16,3,0\" data-index-in-node=\"0\">nocturnos:<\/b> Sal despu\u00e9s del anochecer con focos para encontrar a los esquivos residentes nocturnos del parque, incluyendo <b data-path-to-node=\"16,3,0\" data-index-in-node=\"116\">leopardos<\/b>, hienas y peque\u00f1os cr\u00edas del monte.<\/p>\n<\/li>\n<li>\n<p data-path-to-node=\"16,4,0\"><strong>Cruceros en barco por el lago Mburo<\/strong><b data-path-to-node=\"16,4,0\" data-index-in-node=\"0\">:<\/b> Un viaje sereno de 2 horas para ver hipop\u00f3tamos, cocodrilos y aves raras como el Pie de Aleta africano a la orilla del agua.<\/p>\n<\/li>\n<\/ul>\n[\/info_list_son][\/info_list_father][\/vc_tta_section][\/vc_tta_tabs][\/vc_column][\/vc_row]\n","protected":false},"excerpt":{"rendered":"<p>[vc_row full_width=\u00bbstretch_row\u00bb gap=\u00bb1&#8243;][vc_column parallax=\u00bbcontent-moving\u00bb parallax_image=\u00bb17304&#8243; css=\u00bb.vc_custom_1771315576691{padding-top: 80px !important;padding-right: 80px !important;padding-bottom: 80px !important;padding-left: 80px !important;}\u00bb][vc_custom_heading text=\u00bbParque Nacional del Lago Mburo\u00bb font_container=\u00bbtag:h1|font_size:32|text_align:left|color:%23ffffff\u00bb google_fonts=\u00bbfont_family:Quicksand%3A300%2Cregular%2C700|font_style:400%20regular%3A400%3Anormal\u00bb el_class=\u00bbbanner-txt\u00bb][vc_separator color=\u00bbcustom\u00bb align=\u00bbalign_left\u00bb border_width=\u00bb2&#8243; el_width=\u00bb20&#8243; accent_color=\u00bb#f8f8f8&#8243;][vc_custom_heading text=\u00bbUganda\u00bb font_container=\u00bbtag:h2|font_size:18|text_align:left|color:%23ffffff\u00bb google_fonts=\u00bbfont_family:Quicksand%3A300%2Cregular%2C700|font_style:400%20regular%3A400%3Anormal\u00bb el_class=\u00bbbanner-txt\u00bb][\/vc_column][\/vc_row][vc_row][vc_column css=\u00bb.vc_custom_1673438873315{border-top-width: 10px !important;border-right-width: 10px !important;border-bottom-width: 10px !important;border-left-width: 10px !important;}\u00bb][vc_tta_tabs shape=\u00bbsquare\u00bb color=\u00bbjuicy-pink\u00bb alignment=\u00bbcenter\u00bb active_section=\u00bb1&#8243; no_fill_content_area=\u00bbtrue\u00bb][vc_tta_section title=\u00bbVisi\u00f3n general\u00bb tab_id=\u00bb1633454673222-3d94f956-010c\u00bb][info_list_father listclr=\u00bb#f8f8f8&#8243;][info_list_son style=\u00bbicon\u00bb size=\u00bb20&#8243; width=\u00bb30&#8243; height=\u00bb20&#8243; titleclr=\u00bb#890000&#8243; icon=\u00bbfas [&hellip;]<\/p>\n","protected":false},"author":2,"featured_media":0,"parent":28078,"menu_order":27,"comment_status":"closed","ping_status":"closed","template":"","meta":{"_themeisle_gutenberg_block_has_review":false,"footnotes":""},"class_list":["post-44976","page","type-page","status-publish","hentry"],"_links":{"self":[{"href":"https:\/\/demo.mufasatoursandtravels.com\/es\/wp-json\/wp\/v2\/pages\/44976","targetHints":{"allow":["GET"]}}],"collection":[{"href":"https:\/\/demo.mufasatoursandtravels.com\/es\/wp-json\/wp\/v2\/pages"}],"about":[{"href":"https:\/\/demo.mufasatoursandtravels.com\/es\/wp-json\/wp\/v2\/types\/page"}],"author":[{"embeddable":true,"href":"https:\/\/demo.mufasatoursandtravels.com\/es\/wp-json\/wp\/v2\/users\/2"}],"replies":[{"embeddable":true,"href":"https:\/\/demo.mufasatoursandtravels.com\/es\/wp-json\/wp\/v2\/comments?post=44976"}],"version-history":[{"count":4,"href":"https:\/\/demo.mufasatoursandtravels.com\/es\/wp-json\/wp\/v2\/pages\/44976\/revisions"}],"predecessor-version":[{"id":45132,"href":"https:\/\/demo.mufasatoursandtravels.com\/es\/wp-json\/wp\/v2\/pages\/44976\/revisions\/45132"}],"up":[{"embeddable":true,"href":"https:\/\/demo.mufasatoursandtravels.com\/es\/wp-json\/wp\/v2\/pages\/28078"}],"wp:attachment":[{"href":"https:\/\/demo.mufasatoursandtravels.com\/es\/wp-json\/wp\/v2\/media?parent=44976"}],"curies":[{"name":"wp","href":"https:\/\/api.w.org\/{rel}","templated":true}]}}