{"id":45355,"date":"2026-02-19T11:34:56","date_gmt":"2026-02-19T08:34:56","guid":{"rendered":"https:\/\/demo.mufasatoursandtravels.com\/destinos\/parque-nacional-gishwati-mukura\/"},"modified":"2026-02-19T11:35:25","modified_gmt":"2026-02-19T08:35:25","slug":"parque-nacional-gishwati-mukura","status":"publish","type":"page","link":"https:\/\/demo.mufasatoursandtravels.com\/es\/destinos\/parque-nacional-gishwati-mukura\/","title":{"rendered":"Parque Nacional Gishwati-Mukura"},"content":{"rendered":"[vc_row full_width=\u00bbstretch_row\u00bb gap=\u00bb1&#8243;][vc_column parallax=\u00bbcontent-moving\u00bb parallax_image=\u00bb37810&#8243; parallax_speed_bg=\u00bb1&#8243; css=\u00bb.vc_custom_1771488580651{padding-top: 80px !important;padding-right: 80px !important;padding-bottom: 80px !important;padding-left: 80px !important;}\u00bb][vc_custom_heading text=\u00bbParque Nacional Gishwati-Mukura\u00bb font_container=\u00bbtag:h1|font_size:32|text_align:left|color:%23ffffff\u00bb google_fonts=\u00bbfont_family:Quicksand%3A300%2Cregular%2C700|font_style:400%20regular%3A400%3Anormal\u00bb el_class=\u00bbbanner-txt\u00bb][vc_separator color=\u00bbcustom\u00bb align=\u00bbalign_left\u00bb border_width=\u00bb2&#8243; el_width=\u00bb20&#8243; accent_color=\u00bb#f8f8f8&#8243;][vc_custom_heading text=\u00bbRuanda\u00bb font_container=\u00bbtag:h2|font_size:18|text_align:left|color:%23ffffff\u00bb google_fonts=\u00bbfont_family:Quicksand%3A300%2Cregular%2C700|font_style:400%20regular%3A400%3Anormal\u00bb el_class=\u00bbbanner-txt\u00bb][\/vc_column][\/vc_row][vc_row][vc_column css=\u00bb.vc_custom_1673438873315{border-top-width: 10px !important;border-right-width: 10px !important;border-bottom-width: 10px !important;border-left-width: 10px !important;}\u00bb][vc_tta_tabs shape=\u00bbsquare\u00bb color=\u00bbjuicy-pink\u00bb alignment=\u00bbcenter\u00bb active_section=\u00bb1&#8243; no_fill_content_area=\u00bbtrue\u00bb][vc_tta_section title=\u00bbVisi\u00f3n general\u00bb tab_id=\u00bb1633454673222-3d94f956-010c\u00bb][info_list_father listclr=\u00bb#f8f8f8&#8243;][info_list_son style=\u00bbicon\u00bb size=\u00bb20&#8243; width=\u00bb30&#8243; height=\u00bb20&#8243; titleclr=\u00bb#890000&#8243; icon=\u00bbfas fa-map-marked\u00bb iconclr=\u00bb#890000&#8243; iconbg=\u00bb#f8f8f8&#8243; borderclr=\u00bb#f8f8f8&#8243; title=\u00bbUn triunfo de la resiliencia de la naturaleza\u00bb caption_url=\u00bb\u00bb]Una historia impresionante de restauraci\u00f3n, formada por la uni\u00f3n de dos bosques ancestrales: Gishwati y Mukura. Antes casi perdida en el tiempo, esta Reserva de la Biosfera de la UNESCO ha sido meticulosamente restaurada hasta convertirse en un exuberante refugio de 34 kil\u00f3metros cuadrados a lo largo de la Grieta Albertina. Situado en la cresta que divide las cuencas de agua del Congo y del Nilo, el parque ofrece un paisaje brumoso y de gran altitud con bosques primarios, matorrales de bamb\u00fa y vibrantes cascadas. Es un destino donde cada hoja y enredadera representa una victoria para la conservaci\u00f3n, convirti\u00e9ndolo en el refugio perfecto para los viajeros que quieren ver de primera mano el poder curativo de la naturaleza.   [\/info_list_son][info_list_son style=\u00bbicon\u00bb size=\u00bb20&#8243; width=\u00bb30&#8243; height=\u00bb20&#8243; titleclr=\u00bb#890000&#8243; icon=\u00bbfas fa-route\u00bb iconclr=\u00bb#890000&#8243; iconbg=\u00bb#f8f8f8&#8243; borderclr=\u00bb#f8f8f8&#8243; title=\u00bbQu\u00e9 esperar\u00bb caption_url=\u00bb\u00bb]\n<p data-path-to-node=\"6\">Gishwati-Mukura es el parque m\u00e1s joven de Ruanda, ofrece una exclusividad que los parques m\u00e1s grandes no pueden igualar. Prep\u00e1rate para una aventura tranquila y conmovedora en la que es m\u00e1s probable que escuches el canto de un p\u00e1jaro que el motor de otro veh\u00edculo. <\/p>\n<ul data-path-to-node=\"7\">\n<li>\n<p data-path-to-node=\"7,0,0\"><strong>Los grandes simios en recuperaci\u00f3n<\/strong><b data-path-to-node=\"7,0,0\" data-index-in-node=\"0\">:<\/b> Espera ver una pr\u00f3spera comunidad de <b data-path-to-node=\"7,0,0\" data-index-in-node=\"68\">chimpanc\u00e9s orientales<\/b>, cuya supervivencia es el mayor logro del parque.<\/p>\n<\/li>\n<li>\n<p data-path-to-node=\"7,1,0\"><strong>Un parque de juegos para monos<\/strong><b data-path-to-node=\"7,1,0\" data-index-in-node=\"0\">:<\/b> Prep\u00e1rate para avistamientos frecuentes de los <b data-path-to-node=\"7,1,0\" data-index-in-node=\"67\">monos dorados<\/b> en peligro de extinci\u00f3n, junto con monos de L&#8217;Hoest, monos colobos azul y blanco y negro saltando entre el dosel.<\/p>\n<\/li>\n<li>\n<p data-path-to-node=\"7,2,0\"><strong>Gemas Albertina raras<\/strong><b data-path-to-node=\"7,2,0\" data-index-in-node=\"0\">:<\/b> Prep\u00e1rate para encontrarte con un \u00abqui\u00e9n es qui\u00e9n\u00bb de la fauna rara, desde el chacal de rayas laterales y el gato serval hasta camaleones de aspecto prehist\u00f3rico y mariposas vibrantes del bosque.<\/p>\n<\/li>\n<\/ul>\n[\/info_list_son][info_list_son style=\u00bbicon\u00bb size=\u00bb20&#8243; width=\u00bb30&#8243; height=\u00bb20&#8243; titleclr=\u00bb#890000&#8243; icon=\u00bbfar fa-check-circle\u00bb iconclr=\u00bb#890000&#8243; iconbg=\u00bb#f8f8f8&#8243; borderclr=\u00bb#f8f8f8&#8243; title=\u00bbResumen de la temporada\u00bb caption_url=\u00bb\u00bb]\n<p data-path-to-node=\"9\">Gishwati-Mukura es un bosque tropical de monta\u00f1a, lo que significa que el clima es siempre una parte vital de la aventura. La experiencia cambia maravillosamente entre dos temporadas principales: <\/p>\n<ul data-path-to-node=\"10\">\n<li>\n<p data-path-to-node=\"10,0,0\"><strong>La temporada ba\u00f1ada por el sol<\/strong><b data-path-to-node=\"10,0,0\" data-index-in-node=\"0\">:<\/b> Cuando las lluvias disminuyen, los senderos del bosque se vuelven mucho m\u00e1s accesibles. Este es el <b data-path-to-node=\"10,0,0\" data-index-in-node=\"108\">momento ideal para hacer senderismo y senderismo<\/b>, ya que el terreno es m\u00e1s firme y las pendientes pronunciadas son m\u00e1s f\u00e1ciles de recorrer. El cielo despejado ofrece vistas incre\u00edbles de los lejanos picos volc\u00e1nicos, y la luz del sol filtr\u00e1ndose a trav\u00e9s del denso bamb\u00fa ofrece una fotograf\u00eda espectacular.  <\/p>\n<\/li>\n<li>\n<p data-path-to-node=\"10,1,0\"><strong>La temporada verde<\/strong> <b data-path-to-node=\"10,1,0\" data-index-in-node=\"0\">brumosa:<\/b> Mientras las lluvias nutren la tierra, el parque se transforma en un profundo santuario esmeralda. Este es el <b data-path-to-node=\"10,1,0\" data-index-in-node=\"120\">para\u00edso de los observadores de aves y so\u00f1adores<\/b>, ya que el bosque se vuelve incre\u00edblemente ruidoso con los cantos de las aves migratorias. Aunque los senderos pueden ser resbaladizos y aventureros, la niebla dram\u00e1tica que se desliza sobre las monta\u00f1as crea una atm\u00f3sfera m\u00edstica que hace que el bosque parezca antiguo y vivo.  <\/p>\n<\/li>\n<\/ul>\n[\/info_list_son][\/info_list_father][\/vc_tta_section][vc_tta_section title=\u00bbAlojamiento\u00bb tab_id=\u00bb1633455601016-f93699bc-5d92&#8243;][vc_row_inner css=\u00bb.vc_custom_1767878786489{padding: 10px !important;}\u00bb][vc_column_inner el_class=\u00bbcustom-height\u00bb offset=\u00bbvc_hidden-md vc_hidden-sm vc_hidden-xs\u00bb][ucaddon_uc_side_carousel_content image=\u00bb45337&#8243; title=\u00bbLogia Comorense\u00bb btn_text=\u00bbView Accomodation\u00bb link=\u00bbhttps:\/\/cormoranlodge.com\/\u00bb uc_init_settings=\u00bb\u00bb uc_fonts_data=\u00bbJTdCJTdE\u00bb]Rm9yJTIwdGhvc2UlMjB3aG8lMjBwcmVmZXIlMjBhJTIwbGFrZXNpZGUlMjByZXRyZWF0JTJDJTIwdGhpcyUyMGxvZGdlJTIwaW4lMjBuZWFyYnklMjBLaWJ1eWUlMjBvZmZlcnMlMjBzdHVubmluZyUyMHdvb2RlbiUyMGNhYmlucyUyMG92ZXJsb29raW5nJTIwdGhlJTIwd2F0ZXIlMkMlMjBqdXN0JTIwYSUyMHNob3J0JTIwZHJpdmUlMjBmcm9tJTIwdGhlJTIwcGFyay4=[\/ucaddon_uc_side_carousel_content][\/vc_column_inner][\/vc_row_inner][vc_row_inner css=\u00bb.vc_custom_1767878786489{padding: 10px !important;}\u00bb][vc_column_inner el_class=\u00bbcustom-height\u00bb offset=\u00bbvc_hidden-md vc_hidden-sm vc_hidden-xs\u00bb][ucaddon_uc_side_carousel_content image=\u00bb45343&#8243; title=\u00bbLake Kivu Serena Hotel\u00bb btn_text=\u00bbView Accomodation\u00bb link=\u00bbhttps:\/\/www.serenahotels.com\/lake-kivu\u00bb uc_init_settings=\u00bb\u00bb uc_fonts_data=\u00bbJTdCJTdE\u00bb]QSUyMHBlcmZlY3QlMjBsdXh1cnklMjBiYXNlJTIwaW4lMjBHaXNlbnlpJTIwZm9yJTIwdHJhdmVsZXJzJTIwd2hvJTIwd2FudCUyMHRvJTIwY29tYmluZSUyMGElMjBtb3JuaW5nJTIwZm9yZXN0JTIwdHJlayUyMHdpdGglMjBhZnRlcm5vb24lMjByZWxheGF0aW9uJTIwb24lMjB0aGUlMjBiZWFjaC4=[\/ucaddon_uc_side_carousel_content][\/vc_column_inner][\/vc_row_inner][vc_row_inner css=\u00bb.vc_custom_1767878786489{padding: 10px !important;}\u00bb][vc_column_inner el_class=\u00bbcustom-height\u00bb offset=\u00bbvc_hidden-lg\u00bb][vc_headings style=\u00bbtheme2&#8243; borderclr=\u00bb#890000&#8243; title=\u00bbComoran Lodge \u00bb align=\u00bbleft\u00bb google_fonts=\u00bbfont_family:Quicksand%3A300%2Cregular%2C700|font_style:400%20regular%3A400%3Anormal\u00bb titleclr=\u00bb#000000&#8243; caption_url=\u00bb\u00bb caption_urls=\u00bb\u00bb caption_urlss=\u00bb\u00bb caption_urldesc=\u00bb\u00bb]For those who prefer a lakeside retreat, this lodge in nearby Kibuye offers stunning wooden cabins overlooking the water, just a short drive from the park.[\/vc_headings][vc_btn title=\u00bbVer alojamiento\u00bb style=\u00bboutline-custom\u00bb outline_custom_color=\u00bb#890000&#8243; outline_custom_hover_background=\u00bb#890000&#8243; outline_custom_hover_text=\u00bb#ffffff\u00bb shape=\u00bbsquare\u00bb size=\u00bbsm\u00bb i_align=\u00bbright\u00bb i_icon_fontawesome=\u00bbfas fa-chevron-right\u00bb add_icon=\u00bbtrue\u00bb link=\u00bburl:https%3A%2F%2Fcormoranlodge.com%2F|\u00bb css=\u00bb.vc_custom_1771490263032{padding-top: 10px !important;padding-right: 10px !important;padding-bottom: 10px !important;}\u00bb][\/vc_column_inner][\/vc_row_inner][vc_row_inner css=\u00bb.vc_custom_1767878786489{padding: 10px !important;}\u00bb][vc_column_inner el_class=\u00bbcustom-height\u00bb offset=\u00bbvc_hidden-lg\u00bb][vc_headings style=\u00bbtheme2&#8243; borderclr=\u00bb#890000&#8243; title=\u00bbLake Kivu Serena Hotel\u00bb align=\u00bbleft\u00bb google_fonts=\u00bbfont_family:Quicksand%3A300%2Cregular%2C700|font_style:400%20regular%3A400%3Anormal\u00bb titleclr=\u00bb#000000&#8243; caption_url=\u00bb\u00bb caption_urls=\u00bb\u00bb caption_urlss=\u00bb\u00bb caption_urldesc=\u00bb\u00bb]A perfect luxury base in Gisenyi for travelers who want to combine a morning forest trek with afternoon relaxation on the beach.[\/vc_headings][vc_btn title=\u00bbVer alojamiento\u00bb style=\u00bboutline-custom\u00bb outline_custom_color=\u00bb#890000&#8243; outline_custom_hover_background=\u00bb#890000&#8243; outline_custom_hover_text=\u00bb#ffffff\u00bb shape=\u00bbsquare\u00bb size=\u00bbsm\u00bb i_align=\u00bbright\u00bb i_icon_fontawesome=\u00bbfas fa-chevron-right\u00bb add_icon=\u00bbtrue\u00bb link=\u00bburl:https%3A%2F%2Fwww.serenahotels.com%2Flake-kivu|\u00bb css=\u00bb.vc_custom_1771490230327{padding-top: 10px !important;padding-right: 10px !important;padding-bottom: 10px !important;}\u00bb][\/vc_column_inner][\/vc_row_inner][\/vc_tta_section][vc_tta_section title=\u00bbActividades\u00bb tab_id=\u00bb1767601538075-7b6924d3-776e\u00bb][info_list_father listclr=\u00bb#f8f8f8&#8243;][info_list_son style=\u00bbicon\u00bb size=\u00bb0&#8243; width=\u00bb0&#8243; height=\u00bb0&#8243; titleclr=\u00bb#f8f8f8&#8243; iconclr=\u00bb#f8f8f8&#8243; borderclr=\u00bb#f8f8f8&#8243; title=\u00bbM\u00e1s all\u00e1 de la tradicional safari\u00bb caption_url=\u00bb\u00bb]\n<p data-path-to-node=\"15\">Gishwati-Mukura es un parque de juegos para viajeros activos y amantes de la naturaleza:<\/p>\n<ul data-path-to-node=\"16\">\n<li>\n<p data-path-to-node=\"16,0,0\"><strong>Senderismo con chimpanc\u00e9s<\/strong><b data-path-to-node=\"16,0,0\" data-index-in-node=\"0\">:<\/b> Emprende una caminata guiada para rastrear a los chimpanc\u00e9s residentes. Como el grupo es peque\u00f1o, el encuentro se siente profundamente personal y aut\u00e9ntico. <\/p>\n<\/li>\n<li>\n<p data-path-to-node=\"16,1,0\"><strong>Rastreo de monos dorados<\/strong><b data-path-to-node=\"16,1,0\" data-index-in-node=\"0\">:<\/b> Sigue a estos acrob\u00e1ticos primates de pelaje naranja mientras buscan alimento en los bosques de bamb\u00fa: una experiencia animada y colorida.<\/p>\n<\/li>\n<li>\n<p data-path-to-node=\"16,2,0\"><strong>Camina hasta la cascada Kazeneza<\/strong><b data-path-to-node=\"16,2,0\" data-index-in-node=\"0\">:<\/b> Recorre el coraz\u00f3n del bosque para encontrar esta cascada oculta y atronadora, un lugar perfecto para meditar y fotografiar.<\/p>\n<\/li>\n<li>\n<p data-path-to-node=\"16,3,0\"><strong>Safaris de observaci\u00f3n de aves<\/strong><b data-path-to-node=\"16,3,0\" data-index-in-node=\"0\">:<\/b> Busca m\u00e1s <b data-path-to-node=\"16,3,0\" data-index-in-node=\"38\">de 230 especies de aves<\/b>, incluyendo 20 end\u00e9micas del Albertine Rift como el Regal Sunbird y el Ruwenzori Turaco.<\/p>\n<\/li>\n<li>\n<p data-path-to-node=\"16,4,0\"><strong>Tours culturales<\/strong> <b data-path-to-node=\"16,4,0\" data-index-in-node=\"0\">comunitarios:<\/b> Visita cooperativas apicultoras locales, aprende artesan\u00edas tradicionales o participa en una experiencia de elaboraci\u00f3n de t\u00e9 con las comunidades que ayudaron a restaurar este bosque.<\/p>\n<\/li>\n<li>\n<p data-path-to-node=\"16,5,0\"><strong>Paseos por la naturaleza y fotograf\u00eda<\/strong><b data-path-to-node=\"16,5,0\" data-index-in-node=\"0\">:<\/b> Explora una red de senderos que van desde paseos f\u00e1ciles hasta escaladas desafiantes, perfectos para capturar la flora y las orqu\u00eddeas \u00fanicas de la regi\u00f3n.<\/p>\n<\/li>\n<\/ul>\n[\/info_list_son][\/info_list_father][\/vc_tta_section][\/vc_tta_tabs][\/vc_column][\/vc_row]\n","protected":false},"excerpt":{"rendered":"<p>[vc_row full_width=\u00bbstretch_row\u00bb gap=\u00bb1&#8243;][vc_column parallax=\u00bbcontent-moving\u00bb parallax_image=\u00bb37810&#8243; parallax_speed_bg=\u00bb1&#8243; css=\u00bb.vc_custom_1771488580651{padding-top: 80px !important;padding-right: 80px !important;padding-bottom: 80px !important;padding-left: 80px !important;}\u00bb][vc_custom_heading text=\u00bbParque Nacional Gishwati-Mukura\u00bb font_container=\u00bbtag:h1|font_size:32|text_align:left|color:%23ffffff\u00bb google_fonts=\u00bbfont_family:Quicksand%3A300%2Cregular%2C700|font_style:400%20regular%3A400%3Anormal\u00bb el_class=\u00bbbanner-txt\u00bb][vc_separator color=\u00bbcustom\u00bb align=\u00bbalign_left\u00bb border_width=\u00bb2&#8243; el_width=\u00bb20&#8243; accent_color=\u00bb#f8f8f8&#8243;][vc_custom_heading text=\u00bbRuanda\u00bb font_container=\u00bbtag:h2|font_size:18|text_align:left|color:%23ffffff\u00bb google_fonts=\u00bbfont_family:Quicksand%3A300%2Cregular%2C700|font_style:400%20regular%3A400%3Anormal\u00bb el_class=\u00bbbanner-txt\u00bb][\/vc_column][\/vc_row][vc_row][vc_column css=\u00bb.vc_custom_1673438873315{border-top-width: 10px !important;border-right-width: 10px !important;border-bottom-width: 10px !important;border-left-width: 10px !important;}\u00bb][vc_tta_tabs shape=\u00bbsquare\u00bb color=\u00bbjuicy-pink\u00bb alignment=\u00bbcenter\u00bb active_section=\u00bb1&#8243; no_fill_content_area=\u00bbtrue\u00bb][vc_tta_section title=\u00bbVisi\u00f3n general\u00bb tab_id=\u00bb1633454673222-3d94f956-010c\u00bb][info_list_father listclr=\u00bb#f8f8f8&#8243;][info_list_son style=\u00bbicon\u00bb size=\u00bb20&#8243; width=\u00bb30&#8243; height=\u00bb20&#8243; titleclr=\u00bb#890000&#8243; icon=\u00bbfas fa-map-marked\u00bb [&hellip;]<\/p>\n","protected":false},"author":2,"featured_media":0,"parent":28078,"menu_order":32,"comment_status":"closed","ping_status":"closed","template":"","meta":{"_themeisle_gutenberg_block_has_review":false,"footnotes":""},"class_list":["post-45355","page","type-page","status-publish","hentry"],"_links":{"self":[{"href":"https:\/\/demo.mufasatoursandtravels.com\/es\/wp-json\/wp\/v2\/pages\/45355","targetHints":{"allow":["GET"]}}],"collection":[{"href":"https:\/\/demo.mufasatoursandtravels.com\/es\/wp-json\/wp\/v2\/pages"}],"about":[{"href":"https:\/\/demo.mufasatoursandtravels.com\/es\/wp-json\/wp\/v2\/types\/page"}],"author":[{"embeddable":true,"href":"https:\/\/demo.mufasatoursandtravels.com\/es\/wp-json\/wp\/v2\/users\/2"}],"replies":[{"embeddable":true,"href":"https:\/\/demo.mufasatoursandtravels.com\/es\/wp-json\/wp\/v2\/comments?post=45355"}],"version-history":[{"count":1,"href":"https:\/\/demo.mufasatoursandtravels.com\/es\/wp-json\/wp\/v2\/pages\/45355\/revisions"}],"predecessor-version":[{"id":45359,"href":"https:\/\/demo.mufasatoursandtravels.com\/es\/wp-json\/wp\/v2\/pages\/45355\/revisions\/45359"}],"up":[{"embeddable":true,"href":"https:\/\/demo.mufasatoursandtravels.com\/es\/wp-json\/wp\/v2\/pages\/28078"}],"wp:attachment":[{"href":"https:\/\/demo.mufasatoursandtravels.com\/es\/wp-json\/wp\/v2\/media?parent=45355"}],"curies":[{"name":"wp","href":"https:\/\/api.w.org\/{rel}","templated":true}]}}