{"id":31922,"date":"2024-04-17T12:28:42","date_gmt":"2024-04-17T09:28:42","guid":{"rendered":"https:\/\/demo.mufasatoursandtravels.com\/safaris-en-tanzanie\/safaris-de-long-sejour-en-tanzanie\/tanzanie-safari-tranquille\/"},"modified":"2025-04-10T15:42:47","modified_gmt":"2025-04-10T12:42:47","slug":"tanzanie-safari-tranquille","status":"publish","type":"page","link":"https:\/\/demo.mufasatoursandtravels.com\/fr\/safaris-en-tanzanie\/safaris-de-long-sejour-en-tanzanie\/tanzanie-safari-tranquille\/","title":{"rendered":"Tanzanie : safari tranquille"},"content":{"rendered":"[vc_row full_width=\u00a0\u00bbstretch_row\u00a0\u00bb gap=\u00a0\u00bb1&Prime; css=\u00a0\u00bb.vc_custom_1678881709947{border: 5px initial !important;}\u00a0\u00bb][vc_column parallax=\u00a0\u00bbcontent-moving\u00a0\u00bb parallax_image=\u00a0\u00bb14777&Prime; parallax_speed_bg=\u00a0\u00bb1.8&Prime; css=\u00a0\u00bb.vc_custom_1713345805986{padding-top: 80px !important;padding-right: 80px !important;padding-bottom: 80px !important;padding-left: 80px !important;}\u00a0\u00bb][vc_headings style=\u00a0\u00bbtheme2&Prime; linewidth=\u00a0\u00bb150&Prime; borderclr=\u00a0\u00bb#ffffff\u00a0\u00bb title=\u00a0\u00bbTanzanie : safari tranquille\u00a0\u00bb use_theme_fonts=\u00a0\u00bbyes\u00a0\u00bb titlesize=\u00a0\u00bb32&Prime; titleclr=\u00a0\u00bb#ffffff\u00a0\u00bb classname=\u00a0\u00bbline-heading\u00a0\u00bb]\n<p style=\"text-align: center; font-size: 14pt; color: #fff;\">8 jours<\/p>\n<p style=\"text-align: center; font-size: 12pt; color: #fff;\">Tanzanie<\/p>\n[\/vc_headings][\/vc_column][\/vc_row][vc_row][vc_column css=\u00a0\u00bb.vc_custom_1673873878049{border-top-width: 10px !important;border-right-width: 10px !important;border-bottom-width: 10px !important;border-left-width: 10px !important;}\u00a0\u00bb][vc_tta_tabs shape=\u00a0\u00bbsquare\u00a0\u00bb color=\u00a0\u00bbjuicy-pink\u00a0\u00bb alignment=\u00a0\u00bbcenter\u00a0\u00bb active_section=\u00a0\u00bb1&Prime; no_fill_content_area=\u00a0\u00bbtrue\u00a0\u00bb][vc_tta_section title=\u00a0\u00bbProgramme\u00a0\u00bb tab_id=\u00a0\u00bb1633454673222-3d94f956-010c\u00a0\u00bb][info_list_father listclr=\u00a0\u00bb#f4f4f4&Prime; css=\u00a0\u00bb.vc_custom_1699449026929{padding-top: 10px !important;}\u00a0\u00bb][info_list_son style=\u00a0\u00bbicon\u00a0\u00bb size=\u00a0\u00bb15&Prime; width=\u00a0\u00bb20&Prime; height=\u00a0\u00bb20&Prime; titleclr=\u00a0\u00bb#890000&Prime; icon=\u00a0\u00bbfas fa-calendar-check\u00a0\u00bb iconclr=\u00a0\u00bb#890000&Prime; iconbg=\u00a0\u00bb#f4f4f4&Prime; borderclr=\u00a0\u00bb#f4f4f4&Prime; title=\u00a0\u00bbJOUR 1 : D\u2019ARUSHA AU PARC NATIONAL DE TARANGIRE\u00a0\u00bb]D\u00e9part pour le parc national de Tarangire en arrivant \u00e0 votre lodge \/ h\u00f4tel respectif pour l\u2019enregistrement et le d\u00e9jeuner. Profitez des safaris de l\u2019apr\u00e8s-midi et retournez plus tard \u00e0 votre lodge\/h\u00f4tel pour le d\u00eener et une nuit\u00e9e [\/info_list_son][info_list_son style=\u00a0\u00bbicon\u00a0\u00bb size=\u00a0\u00bb15&Prime; width=\u00a0\u00bb20&Prime; height=\u00a0\u00bb20&Prime; titleclr=\u00a0\u00bb#890000&Prime; icon=\u00a0\u00bbfas fa-calendar-check\u00a0\u00bb iconclr=\u00a0\u00bb#890000&Prime; iconbg=\u00a0\u00bb#f4f4f4&Prime; borderclr=\u00a0\u00bb#f4f4f4&Prime; title=\u00a0\u00bbJOUR 2 : SAFARI DU PARC NATIONAL DE TARANGIRE\u00a0\u00bb]Profitez d\u2019une journ\u00e9e compl\u00e8te de safaris avec pique-\u00e0 panier, puis retournez au lodge\/h\u00f4tel pour le d\u00eener et la nuit.[\/info_list_son][info_list_son style=\u00a0\u00bbicon\u00a0\u00bb size=\u00a0\u00bb15&Prime; width=\u00a0\u00bb20&Prime; height=\u00a0\u00bb20&Prime; titleclr=\u00a0\u00bb#890000&Prime; icon=\u00a0\u00bbfas fa-calendar-check\u00a0\u00bb iconclr=\u00a0\u00bb#890000&Prime; iconbg=\u00a0\u00bb#f4f4f4&Prime; borderclr=\u00a0\u00bb#f4f4f4&Prime; title=\u00a0\u00bbJOUR 3 : DE TARANGIRE AU LAC MAYARA\u00a0\u00bb]D\u00e9part pour le parc national du lac Manyara en arrivant \u00e0 votre lodge \/ h\u00f4tel respectif pour le d\u00e9jeuner et l\u2019enregistrement. Profitez des safaris de l\u2019apr\u00e8s-midi et retournez plus tard \u00e0 votre h\u00f4tel \/ lodge pour le d\u00eener et une nuit\u00e9e [\/info_list_son][info_list_son style=\u00a0\u00bbicon\u00a0\u00bb size=\u00a0\u00bb15&Prime; width=\u00a0\u00bb20&Prime; height=\u00a0\u00bb20&Prime; titleclr=\u00a0\u00bb#890000&Prime; icon=\u00a0\u00bbfas fa-calendar-check\u00a0\u00bb iconclr=\u00a0\u00bb#890000&Prime; iconbg=\u00a0\u00bb#f4f4f4&Prime; borderclr=\u00a0\u00bb#f4f4f4&Prime; title=\u00a0\u00bbJOUR 4 : DU LAC MANYARA AU PARC NATIONAL DU NGORONGORO\u00a0\u00bb]D\u00e9part pour Ngorongoro o\u00f9 vous arriverez pour l\u2019enregistrement et le d\u00e9jeuner. Plus tard, descendez (600 m) dans le sol du crat\u00e8re du Ngorongoro et profitez de safaris et d\u2019une vue imprenable sur les sources de Ngoitoktok. Plus tard, montez et retournez \u00e0 votre lodge respectif pour le d\u00eener et une nuit.  [\/info_list_son][info_list_son style=\u00a0\u00bbicon\u00a0\u00bb size=\u00a0\u00bb15&Prime; width=\u00a0\u00bb20&Prime; height=\u00a0\u00bb20&Prime; titleclr=\u00a0\u00bb#890000&Prime; icon=\u00a0\u00bbfas fa-calendar-check\u00a0\u00bb iconclr=\u00a0\u00bb#890000&Prime; iconbg=\u00a0\u00bb#f4f4f4&Prime; borderclr=\u00a0\u00bb#f4f4f4&Prime; title=\u00a0\u00bbJOUR 5 : DE NGORONGORO AU PARC NATIONAL DU SERENGETI\u00a0\u00bb]D\u00e9part pour le parc national du Serengeti en arrivant \u00e0 votre lodge respectif pour le d\u00e9jeuner et l\u2019enregistrement. Profitez des safaris de l\u2019apr\u00e8s-midi et retournez plus tard \u00e0 l\u2019h\u00f4tel \/ lodge pour le d\u00eener et la nuit. [\/info_list_son][info_list_son style=\u00a0\u00bbicon\u00a0\u00bb size=\u00a0\u00bb15&Prime; width=\u00a0\u00bb20&Prime; height=\u00a0\u00bb20&Prime; titleclr=\u00a0\u00bb#890000&Prime; icon=\u00a0\u00bbfas fa-calendar-check\u00a0\u00bb iconclr=\u00a0\u00bb#890000&Prime; iconbg=\u00a0\u00bb#f4f4f4&Prime; borderclr=\u00a0\u00bb#f4f4f4&Prime; title=\u00a0\u00bbJOUR 6 : SAFARI DU PARC NATIONAL DU SERENGETI\u00a0\u00bb]Profitez d\u2019une journ\u00e9e compl\u00e8te de safaris avec pique-\u00e0 panier, puis retournez au lodge\/h\u00f4tel pour le d\u00eener et la nuit.[\/info_list_son][info_list_son style=\u00a0\u00bbicon\u00a0\u00bb size=\u00a0\u00bb15&Prime; width=\u00a0\u00bb20&Prime; height=\u00a0\u00bb20&Prime; titleclr=\u00a0\u00bb#890000&Prime; icon=\u00a0\u00bbfas fa-calendar-check\u00a0\u00bb iconclr=\u00a0\u00bb#890000&Prime; iconbg=\u00a0\u00bb#f4f4f4&Prime; borderclr=\u00a0\u00bb#f4f4f4&Prime; title=\u00a0\u00bbJOUR 7 : DU SERENGETI AU LAC NATRON\u00a0\u00bb]D\u00e9part pour le lac Natron o\u00f9 vous arriverez pour le d\u00e9jeuner et l\u2019enregistrement. Plus tard, profitez d\u2019une gamme compl\u00e8te d\u2019activit\u00e9s telles que la natation, l\u2019observation des oiseaux et un safari \u00e0 pied le long du lac pour voir les c\u00e9l\u00e8bres flamants roses. Plus tard, retournez \u00e0 votre h\u00f4tel \/ lodge pour le d\u00eener et une nuit.  [\/info_list_son][info_list_son style=\u00a0\u00bbicon\u00a0\u00bb size=\u00a0\u00bb15&Prime; width=\u00a0\u00bb20&Prime; height=\u00a0\u00bb20&Prime; titleclr=\u00a0\u00bb#890000&Prime; icon=\u00a0\u00bbfas fa-calendar-check\u00a0\u00bb iconclr=\u00a0\u00bb#890000&Prime; iconbg=\u00a0\u00bb#f4f4f4&Prime; borderclr=\u00a0\u00bb#f4f4f4&Prime; title=\u00a0\u00bbJOUR 8 : DU LAC NATRON \u00c0 ARUSHA\u00a0\u00bb]Petit d\u00e9jeuner t\u00f4t et d\u00e9part. Profitez des magnifiques sites de Natron en rentrant \u00e0 Arusha [\/info_list_son][\/info_list_father][\/vc_tta_section][vc_tta_section title=\u00a0\u00bbInclusif\/Exclusif\u00a0\u00bb tab_id=\u00a0\u00bb1633455601016-f93699bc-5d92&Prime;][vc_row_inner][vc_column_inner width=\u00a0\u00bb1\/2&Prime;][info_list_father listclr=\u00a0\u00bb#f4f4f4&Prime;][info_list_son style=\u00a0\u00bbicon\u00a0\u00bb size=\u00a0\u00bb15&Prime; width=\u00a0\u00bb20&Prime; height=\u00a0\u00bb20&Prime; titleclr=\u00a0\u00bb#890000&Prime; icon=\u00a0\u00bbfas fa-user-plus\u00a0\u00bb iconclr=\u00a0\u00bb#890000&Prime; iconbg=\u00a0\u00bb#f4f4f4&Prime; borderclr=\u00a0\u00bb#f4f4f4&Prime; title=\u00a0\u00bbINCLUSIF\u00a0\u00bb caption_url=\u00a0\u00bb\u00a0\u00bb]\n<ul>\n<li>Frais de parc au parc indiqu\u00e9.<\/li>\n<li>Transport priv\u00e9 dans un Land Cruiser \u00e0 toit ouvert.<\/li>\n<li>Service d\u2019un chauffeur guide professionnel.<\/li>\n<li>Repas en pension compl\u00e8te au lodge\/camp.<\/li>\n<li>7 nuits d\u2019h\u00e9bergement \u00e0 l\u2019h\u00f4tel respectif indiqu\u00e9.<\/li>\n<li>Eau \u00e0 volont\u00e9 dans le v\u00e9hicule.<\/li>\n<\/ul>\n<p>&nbsp;[\/info_list_son][\/info_list_father][\/vc_column_inner][vc_column_inner width=\u00a0\u00bb1\/2&Prime;][info_list_father listclr=\u00a0\u00bb#f4f4f4&Prime;][info_list_son style=\u00a0\u00bbicon\u00a0\u00bb size=\u00a0\u00bb15&Prime; width=\u00a0\u00bb20&Prime; height=\u00a0\u00bb20&Prime; titleclr=\u00a0\u00bb#890000&Prime; icon=\u00a0\u00bbfas fa-user-minus\u00a0\u00bb iconclr=\u00a0\u00bb#890000&Prime; iconbg=\u00a0\u00bb#f4f4f4&Prime; borderclr=\u00a0\u00bb#f4f4f4&Prime; title=\u00a0\u00bbEXCLUSIF\u00a0\u00bb caption_url=\u00a0\u00bb\u00a0\u00bb]\n<ul>\n<li>Visite culturelle du village Masa\u00ef @ 20 $ par personne.<\/li>\n<li>Pourboires au chauffeur-guide (<strong>fortement recommand\u00e9<\/strong>).<\/li>\n<li>Objets personnels (Souvenirs, assurance voyage, frais de visa, etc.)<\/li>\n<li>Le gouvernement a impos\u00e9 une augmentation des taxes et\/ou des frais de parc.<\/li>\n<li>Vols en montgolfi\u00e8re @ 505 $ par adulte \/ 380 $ par enfant (<strong>moins de 12 ans<\/strong>).<\/li>\n<li>Vols internationaux et E-visa.<\/li>\n<\/ul>\n<p>&nbsp;[\/info_list_son][\/info_list_father][\/vc_column_inner][\/vc_row_inner][\/vc_tta_section][vc_tta_section title=\u00a0\u00bbListe de contr\u00f4le de voyage\u00a0\u00bb tab_id=\u00a0\u00bb1700212164211-ae5831b4-7968&Prime;][vc_row_inner css=\u00a0\u00bb.vc_custom_1700227496101{padding-top: 10px !important;}\u00a0\u00bb][vc_column_inner width=\u00a0\u00bb1\/2&Prime;][vc_headings style=\u00a0\u00bbtheme2&Prime; linewidth=\u00a0\u00bb150&Prime; borderclr=\u00a0\u00bb#890000&Prime; title=\u00a0\u00bbBefore Traveling\u00a0\u00bb align=\u00a0\u00bbleft\u00a0\u00bb use_theme_fonts=\u00a0\u00bbyes\u00a0\u00bb titleclr=\u00a0\u00bb#890000&Prime;]Before you set off on your journey, make sure to go through our comprehensive travel tips for a seamless experience.[\/vc_headings][vc_empty_space height=\u00a0\u00bb77px\u00a0\u00bb][vc_btn title=\u00a0\u00bbPour en savoir plus\u00a0\u00bb style=\u00a0\u00bboutline-custom\u00a0\u00bb outline_custom_color=\u00a0\u00bb#890000&Prime; outline_custom_hover_background=\u00a0\u00bb#890000&Prime; outline_custom_hover_text=\u00a0\u00bb#ffffff\u00a0\u00bb size=\u00a0\u00bbsm\u00a0\u00bb i_align=\u00a0\u00bbright\u00a0\u00bb i_icon_fontawesome=\u00a0\u00bbfas fa-chevron-right\u00a0\u00bb add_icon=\u00a0\u00bbtrue\u00a0\u00bb link=\u00a0\u00bburl:https%3A%2F%2Fdemo.mufasatoursandtravels.com%2Fpreparing-to-travel%2F|title:Se%20pr%C3%A9parer%20%C3%A0%20voyager|\u00a0\u00bb][\/vc_column_inner][vc_column_inner width=\u00a0\u00bb1\/2&Prime;][vc_headings style=\u00a0\u00bbtheme2&Prime; linewidth=\u00a0\u00bb150&Prime; borderclr=\u00a0\u00bb#890000&Prime; title=\u00a0\u00bbOn Booking\u00a0\u00bb align=\u00a0\u00bbleft\u00a0\u00bb use_theme_fonts=\u00a0\u00bbyes\u00a0\u00bb titleclr=\u00a0\u00bb#890000&Prime;]Enhance your travel planning by downloading valuable destination information, such as passport and visa requirements, recommended vaccinations, baggage restrictions, packing list, and tipping guidelines.[\/vc_headings][vc_empty_space][vc_btn title=\u00a0\u00bbPour en savoir plus\u00a0\u00bb style=\u00a0\u00bboutline-custom\u00a0\u00bb outline_custom_color=\u00a0\u00bb#890000&Prime; outline_custom_hover_background=\u00a0\u00bb#890000&Prime; outline_custom_hover_text=\u00a0\u00bb#ffffff\u00a0\u00bb size=\u00a0\u00bbsm\u00a0\u00bb i_align=\u00a0\u00bbright\u00a0\u00bb i_icon_fontawesome=\u00a0\u00bbfas fa-chevron-right\u00a0\u00bb add_icon=\u00a0\u00bbtrue\u00a0\u00bb link=\u00a0\u00bburl:https%3A%2F%2Fdemo.mufasatoursandtravels.com%2Fwhat-to-know-before-arrival-in-east-africa%2F|title:CE%20QU%E2%80%99IL%20FAUT%20SAVOIR%20AVANT%20D%E2%80%99ARRIVER%20EN%20AFRIQUE%20DE%20L%E2%80%99EST|\u00a0\u00bb][\/vc_column_inner][\/vc_row_inner][vc_row_inner][vc_column_inner width=\u00a0\u00bb1\/2&Prime;][vc_headings style=\u00a0\u00bbtheme2&Prime; linewidth=\u00a0\u00bb150&Prime; borderclr=\u00a0\u00bb#890000&Prime; title=\u00a0\u00bbDuring Tour\u00a0\u00bb align=\u00a0\u00bbleft\u00a0\u00bb use_theme_fonts=\u00a0\u00bbyes\u00a0\u00bb titleclr=\u00a0\u00bb#890000&Prime;]Maximize your trip&rsquo;s success by downloading essential information about your destination(s), including passport and visa requirements, vaccination guidelines, baggage restrictions, packing list, and tipping advice.[\/vc_headings][vc_empty_space][vc_btn title=\u00a0\u00bbPour en savoir plus\u00a0\u00bb style=\u00a0\u00bboutline-custom\u00a0\u00bb outline_custom_color=\u00a0\u00bb#890000&Prime; outline_custom_hover_background=\u00a0\u00bb#890000&Prime; outline_custom_hover_text=\u00a0\u00bb#ffffff\u00a0\u00bb size=\u00a0\u00bbsm\u00a0\u00bb i_align=\u00a0\u00bbright\u00a0\u00bb i_icon_fontawesome=\u00a0\u00bbfas fa-chevron-right\u00a0\u00bb add_icon=\u00a0\u00bbtrue\u00a0\u00bb link=\u00a0\u00bburl:https%3A%2F%2Fdemo.mufasatoursandtravels.com%2Fpassports-and-visas%2F|title:Passeports%20et%20visas|\u00a0\u00bb][\/vc_column_inner][vc_column_inner width=\u00a0\u00bb1\/2&Prime;][vc_headings style=\u00a0\u00bbtheme2&Prime; linewidth=\u00a0\u00bb150&Prime; borderclr=\u00a0\u00bb#890000&Prime; title=\u00a0\u00bbApr\u00e8s la visite\u00a0\u00bb align=\u00a0\u00bbleft\u00a0\u00bb use_theme_fonts=\u00a0\u00bbyes\u00a0\u00bb titleclr=\u00a0\u00bb#890000&Prime;]Alors que vous vous pr\u00e9lassez dans la lueur de votre aventure, nous sommes l\u00e0 pour vous aider avec des conseils essentiels apr\u00e8s le voyage, afin que votre retour \u00e0 la maison soit aussi fluide et confortable que votre voyage lui-m\u00eame.[\/vc_headings][\/vc_column_inner][\/vc_row_inner][\/vc_tta_section][\/vc_tta_tabs][wdo_ult_icon_seperator wdo_seperator_icon=\u00a0\u00bbfas fa-paw\u00a0\u00bb wdo_seperator_color=\u00a0\u00bb#890000&Prime; wdo_seperator_opacity=\u00a0\u00bb.2&Prime;][vc_btn title=\u00a0\u00bbObtenir un devis\u00a0\u00bb style=\u00a0\u00bboutline-custom\u00a0\u00bb outline_custom_color=\u00a0\u00bb#890000&Prime; outline_custom_hover_background=\u00a0\u00bb#890000&Prime; outline_custom_hover_text=\u00a0\u00bb#ffffff\u00a0\u00bb size=\u00a0\u00bbsm\u00a0\u00bb align=\u00a0\u00bbcenter\u00a0\u00bb i_align=\u00a0\u00bbright\u00a0\u00bb i_icon_fontawesome=\u00a0\u00bbfas fa-angle-right\u00a0\u00bb add_icon=\u00a0\u00bbtrue\u00a0\u00bb link=\u00a0\u00bburl:https%3A%2F%2Fdemo.mufasatoursandtravels.com%2Ffr%2Fdemander-un-devis%2F|title:Demander%20un%20devis|\u00a0\u00bb][\/vc_column][\/vc_row]\n","protected":false},"excerpt":{"rendered":"<p>[vc_row full_width=\u00a0\u00bbstretch_row\u00a0\u00bb gap=\u00a0\u00bb1&Prime; css=\u00a0\u00bb.vc_custom_1678881709947{border: 5px initial !important;}\u00a0\u00bb][vc_column parallax=\u00a0\u00bbcontent-moving\u00a0\u00bb parallax_image=\u00a0\u00bb14777&Prime; parallax_speed_bg=\u00a0\u00bb1.8&Prime; css=\u00a0\u00bb.vc_custom_1713345805986{padding-top: 80px !important;padding-right: 80px !important;padding-bottom: 80px !important;padding-left: 80px !important;}\u00a0\u00bb][vc_headings style=\u00a0\u00bbtheme2&Prime; linewidth=\u00a0\u00bb150&Prime; borderclr=\u00a0\u00bb#ffffff\u00a0\u00bb title=\u00a0\u00bbTanzanie : safari tranquille\u00a0\u00bb use_theme_fonts=\u00a0\u00bbyes\u00a0\u00bb titlesize=\u00a0\u00bb32&Prime; titleclr=\u00a0\u00bb#ffffff\u00a0\u00bb classname=\u00a0\u00bbline-heading\u00a0\u00bb] 8 jours Tanzanie [\/vc_headings][\/vc_column][\/vc_row][vc_row][vc_column css=\u00a0\u00bb.vc_custom_1673873878049{border-top-width: 10px !important;border-right-width: 10px !important;border-bottom-width: 10px !important;border-left-width: 10px !important;}\u00a0\u00bb][vc_tta_tabs shape=\u00a0\u00bbsquare\u00a0\u00bb color=\u00a0\u00bbjuicy-pink\u00a0\u00bb alignment=\u00a0\u00bbcenter\u00a0\u00bb active_section=\u00a0\u00bb1&Prime; no_fill_content_area=\u00a0\u00bbtrue\u00a0\u00bb][vc_tta_section title=\u00a0\u00bbProgramme\u00a0\u00bb tab_id=\u00a0\u00bb1633454673222-3d94f956-010c\u00a0\u00bb][info_list_father listclr=\u00a0\u00bb#f4f4f4&Prime; css=\u00a0\u00bb.vc_custom_1699449026929{padding-top: 10px !important;}\u00a0\u00bb][info_list_son style=\u00a0\u00bbicon\u00a0\u00bb [&hellip;]<\/p>\n","protected":false},"author":1,"featured_media":0,"parent":28029,"menu_order":1,"comment_status":"closed","ping_status":"closed","template":"","meta":{"_themeisle_gutenberg_block_has_review":false,"footnotes":""},"class_list":["post-31922","page","type-page","status-publish","hentry"],"_links":{"self":[{"href":"https:\/\/demo.mufasatoursandtravels.com\/fr\/wp-json\/wp\/v2\/pages\/31922","targetHints":{"allow":["GET"]}}],"collection":[{"href":"https:\/\/demo.mufasatoursandtravels.com\/fr\/wp-json\/wp\/v2\/pages"}],"about":[{"href":"https:\/\/demo.mufasatoursandtravels.com\/fr\/wp-json\/wp\/v2\/types\/page"}],"author":[{"embeddable":true,"href":"https:\/\/demo.mufasatoursandtravels.com\/fr\/wp-json\/wp\/v2\/users\/1"}],"replies":[{"embeddable":true,"href":"https:\/\/demo.mufasatoursandtravels.com\/fr\/wp-json\/wp\/v2\/comments?post=31922"}],"version-history":[{"count":1,"href":"https:\/\/demo.mufasatoursandtravels.com\/fr\/wp-json\/wp\/v2\/pages\/31922\/revisions"}],"predecessor-version":[{"id":31925,"href":"https:\/\/demo.mufasatoursandtravels.com\/fr\/wp-json\/wp\/v2\/pages\/31922\/revisions\/31925"}],"up":[{"embeddable":true,"href":"https:\/\/demo.mufasatoursandtravels.com\/fr\/wp-json\/wp\/v2\/pages\/28029"}],"wp:attachment":[{"href":"https:\/\/demo.mufasatoursandtravels.com\/fr\/wp-json\/wp\/v2\/media?parent=31922"}],"curies":[{"name":"wp","href":"https:\/\/api.w.org\/{rel}","templated":true}]}}