{"id":44430,"date":"2026-02-13T16:38:42","date_gmt":"2026-02-13T13:38:42","guid":{"rendered":"https:\/\/demo.mufasatoursandtravels.com\/destinations\/parc-national-de-meru-3\/"},"modified":"2026-02-16T15:13:06","modified_gmt":"2026-02-16T12:13:06","slug":"parc-national-de-meru-3","status":"publish","type":"page","link":"https:\/\/demo.mufasatoursandtravels.com\/fr\/destinations\/parc-national-de-meru-3\/","title":{"rendered":"Parc national du Serengeti"},"content":{"rendered":"[vc_row full_width=\u00a0\u00bbstretch_row\u00a0\u00bb gap=\u00a0\u00bb1&Prime;][vc_column parallax=\u00a0\u00bbcontent-moving\u00a0\u00bb parallax_image=\u00a0\u00bb16837&Prime; css=\u00a0\u00bb.vc_custom_1770990425599{padding-top: 80px !important;padding-right: 80px !important;padding-bottom: 80px !important;padding-left: 80px !important;}\u00a0\u00bb][vc_custom_heading text=\u00a0\u00bbParc national du Serengeti\u00a0\u00bb font_container=\u00a0\u00bbtag:h1|font_size:32|text_align:left|color:%23ffffff\u00a0\u00bb google_fonts=\u00a0\u00bbfont_family:Quicksand%3A300%2Cregular%2C700|font_style:400%20regular%3A400%3Anormal\u00a0\u00bb el_class=\u00a0\u00bbbanner-txt\u00a0\u00bb][vc_separator color=\u00a0\u00bbcustom\u00a0\u00bb align=\u00a0\u00bbalign_left\u00a0\u00bb border_width=\u00a0\u00bb2&Prime; el_width=\u00a0\u00bb20&Prime; accent_color=\u00a0\u00bb#f8f8f8&Prime;][vc_custom_heading text=\u00a0\u00bbTanzanie\u00a0\u00bb font_container=\u00a0\u00bbtag:h2|font_size:18|text_align:left|color:%23ffffff\u00a0\u00bb google_fonts=\u00a0\u00bbfont_family:Quicksand%3A300%2Cregular%2C700|font_style:400%20regular%3A400%3Anormal\u00a0\u00bb el_class=\u00a0\u00bbbanner-txt\u00a0\u00bb][\/vc_column][\/vc_row][vc_row][vc_column css=\u00a0\u00bb.vc_custom_1673438873315{border-top-width: 10px !important;border-right-width: 10px !important;border-bottom-width: 10px !important;border-left-width: 10px !important;}\u00a0\u00bb][vc_tta_tabs shape=\u00a0\u00bbsquare\u00a0\u00bb color=\u00a0\u00bbjuicy-pink\u00a0\u00bb alignment=\u00a0\u00bbcenter\u00a0\u00bb active_section=\u00a0\u00bb1&Prime; no_fill_content_area=\u00a0\u00bbtrue\u00a0\u00bb][vc_tta_section title=\u00a0\u00bbAper\u00e7u\u00a0\u00bb tab_id=\u00a0\u00bb1633454673222-3d94f956-010c\u00a0\u00bb][info_list_father listclr=\u00a0\u00bb#f8f8f8&Prime;][info_list_son style=\u00a0\u00bbicon\u00a0\u00bb size=\u00a0\u00bb20&Prime; width=\u00a0\u00bb30&Prime; height=\u00a0\u00bb20&Prime; titleclr=\u00a0\u00bb#890000&Prime; icon=\u00a0\u00bbfas fa-map-marked\u00a0\u00bb iconclr=\u00a0\u00bb#890000&Prime; iconbg=\u00a0\u00bb#f8f8f8&Prime; borderclr=\u00a0\u00bb#f8f8f8&Prime; title=\u00a0\u00bbAu-del\u00e0 de l\u2019horizon sans fin\u00a0\u00bb]\n<p data-path-to-node=\"5\">Les Maasa\u00efs l\u2019appelaient <i data-path-to-node=\"4\" data-index-in-node=\"21\">Siringet<\/i> \u2014 la terre qui s\u2019\u00e9tend \u00e0 l\u2019infini. S\u2019\u00e9tendant sur pr\u00e8s de 15 000 kilom\u00e8tres carr\u00e9s, le Serengeti est une mer scintillante d\u2019herbes dor\u00e9es, d\u2019anciens affleurements granitiques (kopjes) et de for\u00eats riveraines sinueuses<\/p>\n[\/info_list_son][info_list_son style=\u00a0\u00bbicon\u00a0\u00bb size=\u00a0\u00bb20&Prime; width=\u00a0\u00bb30&Prime; height=\u00a0\u00bb20&Prime; titleclr=\u00a0\u00bb#890000&Prime; icon=\u00a0\u00bbfas fa-route\u00a0\u00bb iconclr=\u00a0\u00bb#890000&Prime; iconbg=\u00a0\u00bb#f8f8f8&Prime; borderclr=\u00a0\u00bb#f8f8f8&Prime; title=\u00a0\u00bb\u00c0 quoi s\u2019attendre\u00a0\u00bb]\n<p data-path-to-node=\"6,0,0\">Vous ne regardez pas seulement des animaux ; Vous assistez \u00e0 un syst\u00e8me vivant immense. Attendez-vous au rugissement profond et vibrant d\u2019un lion qui vous fera vibrer la nuit, au \u00ab hronk-hronk \u00bb des hippopotames dans la rivi\u00e8re, et \u00e0 la vue de mille gnous s\u2019\u00e9tendant d\u2019un horizon \u00e0 l\u2019autre. <\/p>\n<p data-path-to-node=\"6,0,0\">Dans le Serengeti, vous \u00eates l\u2019invit\u00e9, et les Big Five sont les h\u00f4tes.<\/p>\n[\/info_list_son][info_list_son style=\u00a0\u00bbicon\u00a0\u00bb size=\u00a0\u00bb20&Prime; width=\u00a0\u00bb30&Prime; height=\u00a0\u00bb20&Prime; titleclr=\u00a0\u00bb#890000&Prime; icon=\u00a0\u00bbfar fa-check-circle\u00a0\u00bb iconclr=\u00a0\u00bb#890000&Prime; iconbg=\u00a0\u00bb#f8f8f8&Prime; borderclr=\u00a0\u00bb#f8f8f8&Prime; title=\u00a0\u00bbMeilleure p\u00e9riode pour visiter\u00a0\u00bb]\n<p data-path-to-node=\"6\"><b data-path-to-node=\"6\" data-index-in-node=\"0\">La Grande Horloge :<\/b><\/p>\n<ul data-path-to-node=\"7\">\n<li>\n<p data-path-to-node=\"7,0,0\"><strong>La saison de la vie (<\/strong><em>janvier\u2013mars<\/em><strong>)<\/strong> <b data-path-to-node=\"7,0,0\" data-index-in-node=\"0\">:<\/b> Les plaines du Sud se transforment en nurserie. Voyons \u00ab Le V\u00eallage \u00bb, o\u00f9 8 000 gnous naissent chaque jour, suivis de pr\u00e8s par les pr\u00e9dateurs d\u2019\u00e9lite du Serengeti.<\/p>\n<\/li>\n<li>\n<p data-path-to-node=\"7,1,0\"><strong>Le Grand Gantelet (<\/strong><em>juillet\u2013octobre<\/em><strong>)<\/strong> <b data-path-to-node=\"7,1,0\" data-index-in-node=\"0\">:<\/b> Les troupeaux se dirigent vers le nord. C\u2019est l\u2019\u00e9poque des l\u00e9gendaires travers\u00e9es de la rivi\u00e8re Mara \u2014 un drame \u00e0 haute intensit\u00e9 o\u00f9 des sabots tonitruants rencontrent des crocodiles affam\u00e9s.<\/p>\n<\/li>\n<li>\n<p data-path-to-node=\"7,2,0\"><strong>L\u2019\u00c9meraude (<\/strong><em>novembre\u2013d\u00e9cembre<\/em><strong>)<\/strong> <b data-path-to-node=\"7,2,0\" data-index-in-node=\"0\">:<\/b> Les \u00ab pluies courtes \u00bb apportent un tapis vert luxuriant et une oiseau spectaculaire. C\u2019est calme, intime, et parfait pour les photographes.<\/p>\n<\/li>\n<\/ul>\n[\/info_list_son][\/info_list_father][\/vc_tta_section][vc_tta_section title=\u00a0\u00bbH\u00e9bergement\u00a0\u00bb tab_id=\u00a0\u00bb1633455601016-f93699bc-5d92&Prime;][vc_row_inner css=\u00a0\u00bb.vc_custom_1767874197540{padding: 10px !important;}\u00a0\u00bb][vc_column_inner el_class=\u00a0\u00bbcustom-height\u00a0\u00bb offset=\u00a0\u00bbvc_hidden-md vc_hidden-sm vc_hidden-xs\u00a0\u00bb][ucaddon_uc_side_carousel_content image=\u00a0\u00bb44501&Prime; title=\u00a0\u00bbSerengeti Sametu Camp\u00a0\u00bb btn_text=\u00a0\u00bbView Accomodation\u00a0\u00bb link=\u00a0\u00bbhttps:\/\/karibucamps.com\/sametu-camp\/\u00a0\u00bb uc_fonts_data=\u00a0\u00bbJTdCJTdE\u00a0\u00bb]VHVja2VkJTIwYXdheSUyMGluJTIwYSUyMHNlY2x1ZGVkJTIwY29ybmVyJTIwb2YlMjB0aGUlMjBDZW50cmFsJTIwU2VyZW5nZXRpLiUyMEl0JUUyJTgwJTk5cyUyMGZhbW91cyUyMGZvciUyMHRoZSUyMFNhbWV0dSUyMEtvcGplcyVFMiU4MCU5NGdpYW50JTIwcm9jayUyMHBpbGVzJTIwdGhhdCUyMGFjdCUyMGFzJTIwJTIycGVudGhvdXNlJTIwc3VpdGVzJTIyJTIwZm9yJTIwbG9jYWwlMjBsaW9uJTIwcHJpZGVzJTIwYW5kJTIwbGVvcGFyZHMu[\/ucaddon_uc_side_carousel_content][\/vc_column_inner][\/vc_row_inner][vc_row_inner css=\u00a0\u00bb.vc_custom_1767874197540{padding: 10px !important;}\u00a0\u00bb][vc_column_inner el_class=\u00a0\u00bbcustom-height\u00a0\u00bb offset=\u00a0\u00bbvc_hidden-md vc_hidden-sm vc_hidden-xs\u00a0\u00bb][ucaddon_uc_side_carousel_content image=\u00a0\u00bb44507&Prime; title=\u00a0\u00bbSerengeti Serena Safari Lodge\u00a0\u00bb btn_text=\u00a0\u00bbView Accomodation\u00a0\u00bb link=\u00a0\u00bbhttps:\/\/www.serenahotels.com\/serengeti\u00a0\u00bb uc_fonts_data=\u00a0\u00bbJTdCJTdE\u00a0\u00bb]QSUyMG1hc3RlcnBpZWNlJTIwb2YlMjBkb21lZCUyMGFyY2hpdGVjdHVyZSUyMGluc3BpcmVkJTIwYnklMjBhJTIwdHJhZGl0aW9uYWwlMjBNYWFzYWklMjB2aWxsYWdlLiUyMFBlcmNoZWQlMjBvbiUyMGElMjBoaWxsJTJDJTIwaXQlMjBvZmZlcnMlMjBhJTIwJTIyZ29kJUUyJTgwJTk5cyUyMGV5ZSUyMHZpZXclMjIlMjBvZiUyMHRoZSUyMFdlc3Rlcm4lMjBDb3JyaWRvci4=[\/ucaddon_uc_side_carousel_content][\/vc_column_inner][\/vc_row_inner][vc_row_inner css=\u00a0\u00bb.vc_custom_1767874197540{padding: 10px !important;}\u00a0\u00bb][vc_column_inner el_class=\u00a0\u00bbcustom-height\u00a0\u00bb offset=\u00a0\u00bbvc_hidden-md vc_hidden-sm vc_hidden-xs\u00a0\u00bb][ucaddon_uc_side_carousel_content image=\u00a0\u00bb44513&Prime; title=\u00a0\u00bbLoges Baobab du Serengeti\u00a0\u00bb btn_text=\u00a0\u00bbView Accomodation\u00a0\u00bb link=\u00a0\u00bbhttps:\/\/www.baobablodges.com\/\u00a0\u00bb uc_fonts_data=\u00a0\u00bbJTdCJTdE\u00a0\u00bb]Rm9yJTIwdGhlJTIwc291bC1zZWVrZXIuJTIwVGhlc2UlMjBhcmUlMjBoaWdoLWVuZCUyMCUyMnVuZGVyJTIwY2FudmFzJTIyJTIwdGVudHMlMjB0aGF0JTIwYWxsb3clMjB5b3UlMjB0byUyMGhlYXIlMjB0aGUlMjBuaWdodC10aW1lJTIwd2hpc3BlcnMlMjBvZiUyMHRoZSUyMGJ1c2glMkMlMjB3aGlsZSUyMHN0aWxsJTIwZW5qb3lpbmclMjBhJTIwaG90JTIwc2hvd2VyJTIwYW5kJTIwYSUyMHBsdXNoJTIwYmVkLg==[\/ucaddon_uc_side_carousel_content][\/vc_column_inner][\/vc_row_inner][vc_row_inner css=\u00a0\u00bb.vc_custom_1767874197540{padding: 10px !important;}\u00a0\u00bb][vc_column_inner el_class=\u00a0\u00bbcustom-height\u00a0\u00bb offset=\u00a0\u00bbvc_hidden-lg\u00a0\u00bb][vc_headings style=\u00a0\u00bbtheme2&Prime; borderclr=\u00a0\u00bb#890000&Prime; title=\u00a0\u00bbSerengeti Sametu Camp\u00a0\u00bb align=\u00a0\u00bbleft\u00a0\u00bb google_fonts=\u00a0\u00bbfont_family:Quicksand%3A300%2Cregular%2C700|font_style:400%20regular%3A400%3Anormal\u00a0\u00bb titleclr=\u00a0\u00bb#000000&Prime;]Tucked away in a secluded corner of the Central Serengeti. It\u2019s famous for the Sametu Kopjes\u2014giant rock piles that act as \u00ab\u00a0penthouse suites\u00a0\u00bb for local lion prides and leopards.[\/vc_headings][vc_btn title=\u00a0\u00bbVoir l\u2019h\u00e9bergement\u00a0\u00bb style=\u00a0\u00bboutline-custom\u00a0\u00bb outline_custom_color=\u00a0\u00bb#890000&Prime; outline_custom_hover_background=\u00a0\u00bb#890000&Prime; outline_custom_hover_text=\u00a0\u00bb#ffffff\u00a0\u00bb shape=\u00a0\u00bbsquare\u00a0\u00bb size=\u00a0\u00bbsm\u00a0\u00bb i_align=\u00a0\u00bbright\u00a0\u00bb i_icon_fontawesome=\u00a0\u00bbfas fa-angle-right\u00a0\u00bb add_icon=\u00a0\u00bbtrue\u00a0\u00bb css=\u00a0\u00bb.vc_custom_1771225213036{padding-top: 10px !important;padding-right: 10px !important;padding-bottom: 10px !important;}\u00a0\u00bb link=\u00a0\u00bburl:https%3A%2F%2Fkaribucamps.com%2Fsametu-camp%2F|\u00a0\u00bb][\/vc_column_inner][\/vc_row_inner][vc_row_inner css=\u00a0\u00bb.vc_custom_1767874197540{padding: 10px !important;}\u00a0\u00bb][vc_column_inner el_class=\u00a0\u00bbcustom-height\u00a0\u00bb offset=\u00a0\u00bbvc_hidden-lg\u00a0\u00bb][vc_headings style=\u00a0\u00bbtheme2&Prime; borderclr=\u00a0\u00bb#890000&Prime; title=\u00a0\u00bbSerengeti Serena Safari Lodge\u00a0\u00bb align=\u00a0\u00bbleft\u00a0\u00bb google_fonts=\u00a0\u00bbfont_family:Quicksand%3A300%2Cregular%2C700|font_style:400%20regular%3A400%3Anormal\u00a0\u00bb titleclr=\u00a0\u00bb#000000&Prime;]A masterpiece of domed architecture inspired by a traditional Maasai village. Perched on a hill, it offers a \u00ab\u00a0god\u2019s eye view\u00a0\u00bb of the Western Corridor.[\/vc_headings][vc_btn title=\u00a0\u00bbVoir l\u2019h\u00e9bergement\u00a0\u00bb style=\u00a0\u00bboutline-custom\u00a0\u00bb outline_custom_color=\u00a0\u00bb#890000&Prime; outline_custom_hover_background=\u00a0\u00bb#890000&Prime; outline_custom_hover_text=\u00a0\u00bb#ffffff\u00a0\u00bb shape=\u00a0\u00bbsquare\u00a0\u00bb size=\u00a0\u00bbsm\u00a0\u00bb i_align=\u00a0\u00bbright\u00a0\u00bb i_icon_fontawesome=\u00a0\u00bbfas fa-angle-right\u00a0\u00bb add_icon=\u00a0\u00bbtrue\u00a0\u00bb css=\u00a0\u00bb.vc_custom_1771225643993{padding-top: 10px !important;padding-right: 10px !important;padding-bottom: 10px !important;}\u00a0\u00bb link=\u00a0\u00bburl:https%3A%2F%2Fwww.serenahotels.com%2Fserengeti|\u00a0\u00bb][\/vc_column_inner][\/vc_row_inner][vc_row_inner css=\u00a0\u00bb.vc_custom_1767874197540{padding: 10px !important;}\u00a0\u00bb][vc_column_inner el_class=\u00a0\u00bbcustom-height\u00a0\u00bb offset=\u00a0\u00bbvc_hidden-lg\u00a0\u00bb][vc_headings style=\u00a0\u00bbtheme2&Prime; borderclr=\u00a0\u00bb#890000&Prime; title=\u00a0\u00bbIkweta Safari Camp\u00a0\u00bb align=\u00a0\u00bbleft\u00a0\u00bb google_fonts=\u00a0\u00bbfont_family:Quicksand%3A300%2Cregular%2C700|font_style:400%20regular%3A400%3Anormal\u00a0\u00bb titleclr=\u00a0\u00bb#000000&Prime;]\n<p data-path-to-node=\"13,2,1,0,0\">For the soul-seeker. These are high-end \u00ab\u00a0under canvas\u00a0\u00bb tents that allow you to hear the night-time whispers of the bush, while still enjoying a hot shower and a plush bed.<\/p>\n[\/vc_headings][vc_btn title=\u00a0\u00bbVoir l\u2019h\u00e9bergement\u00a0\u00bb style=\u00a0\u00bboutline-custom\u00a0\u00bb outline_custom_color=\u00a0\u00bb#890000&Prime; outline_custom_hover_background=\u00a0\u00bb#890000&Prime; outline_custom_hover_text=\u00a0\u00bb#ffffff\u00a0\u00bb shape=\u00a0\u00bbsquare\u00a0\u00bb size=\u00a0\u00bbsm\u00a0\u00bb i_align=\u00a0\u00bbright\u00a0\u00bb i_icon_fontawesome=\u00a0\u00bbfas fa-angle-right\u00a0\u00bb add_icon=\u00a0\u00bbtrue\u00a0\u00bb css=\u00a0\u00bb.vc_custom_1771226163890{padding-top: 10px !important;padding-right: 10px !important;padding-bottom: 10px !important;}\u00a0\u00bb link=\u00a0\u00bburl:https%3A%2F%2Fwww.baobablodges.com%2F|\u00a0\u00bb][\/vc_column_inner][\/vc_row_inner][\/vc_tta_section][vc_tta_section title=\u00a0\u00bbActivit\u00e9s\u00a0\u00bb tab_id=\u00a0\u00bb1767601538075-7b6924d3-776e\u00a0\u00bb][info_list_father listclr=\u00a0\u00bb#f8f8f8&Prime;][info_list_son style=\u00a0\u00bbicon\u00a0\u00bb size=\u00a0\u00bb0&Prime; width=\u00a0\u00bb0&Prime; height=\u00a0\u00bb0&Prime; titleclr=\u00a0\u00bb#f8f8f8&Prime; iconclr=\u00a0\u00bb#f8f8f8&Prime; borderclr=\u00a0\u00bb#f8f8f8&Prime;]\n<ol>\n<li>\n<p data-path-to-node=\"14\">Dans le Serengeti, les activit\u00e9s sont les chapitres de votre aventure.<\/p>\n<ul data-path-to-node=\"15\">\n<li>\n<p data-path-to-node=\"15,0,0\"><strong>La qu\u00eate de l\u2019heure dor\u00e9e<\/strong> <b data-path-to-node=\"15,0,0\" data-index-in-node=\"0\">:<\/b> votre guide expert Mufasa conna\u00eet les lieux secrets. Dans un Land Cruiser 4&#215;4 personnalis\u00e9, vous suivrez des l\u00e9opards dans les arbres et des lions \u00e0 la chasse. La \u00ab Safari Radio \u00bb bourdonne de nouvelles d\u2019une mise \u00e0 mort ou d\u2019une rare apparition de rhinoc\u00e9ros.<\/p>\n<\/li>\n<li>\n<p data-path-to-node=\"15,1,0\"><strong>L\u2019ascension de l\u2019aube<\/strong> <b data-path-to-node=\"15,1,0\" data-index-in-node=\"0\">:<\/b> Imaginez d\u00e9river silencieusement dans une <b data-path-to-node=\"15,1,0\" data-index-in-node=\"48\">montgolfi\u00e8re<\/b> alors que le soleil per\u00e7oit l\u2019horizon. D\u2019en haut, on voit les sch\u00e9mas de migration comme des veines \u00e0 travers la terre. Il se termine par un petit-d\u00e9jeuner au champagne servi sur les plaines ouvertes.<\/p>\n<\/li>\n<li>\n<p data-path-to-node=\"15,2,0\"><strong>Le langage de la brousse<\/strong> <b data-path-to-node=\"15,2,0\" data-index-in-node=\"0\">:<\/b> Sortez du v\u00e9hicule pour une <b data-path-to-node=\"15,2,0\" data-index-in-node=\"56\">promenade guid\u00e9e en nature<\/b>. Avec un garde forestier \u00e0 vos c\u00f4t\u00e9s, vous apprendrez le \u00ab micro-safari \u00bb \u2014 les usages m\u00e9dicinaux des plantes, l\u2019architecture des termitiers, et les histoires racont\u00e9es par une seule empreinte dans la poussi\u00e8re.<\/p>\n<\/li>\n<li>\n<p data-path-to-node=\"15,3,0\"><strong>Le Symposium<\/strong> <b data-path-to-node=\"15,3,0\" data-index-in-node=\"0\">Firelight :<\/b> Chaque soir se termine par \u00ab Bush TV \u00bb \u2014 le feu de camp. Avec un verre frais \u00e0 la main (le classique <b data-path-to-node=\"15,3,0\" data-index-in-node=\"112\">Sundowner<\/b>), vous partagerez les observations de la journ\u00e9e sous un ciel si \u00e9pais d\u2019\u00e9toiles que vous aurez l\u2019impression de pouvoir les attraper.<\/p>\n<\/li>\n<\/ul>\n<\/li>\n<\/ol>\n[\/info_list_son][\/info_list_father][\/vc_tta_section][\/vc_tta_tabs][\/vc_column][\/vc_row]\n","protected":false},"excerpt":{"rendered":"<p>[vc_row full_width=\u00a0\u00bbstretch_row\u00a0\u00bb gap=\u00a0\u00bb1&Prime;][vc_column parallax=\u00a0\u00bbcontent-moving\u00a0\u00bb parallax_image=\u00a0\u00bb16837&Prime; css=\u00a0\u00bb.vc_custom_1770990425599{padding-top: 80px !important;padding-right: 80px !important;padding-bottom: 80px !important;padding-left: 80px !important;}\u00a0\u00bb][vc_custom_heading text=\u00a0\u00bbParc national du Serengeti\u00a0\u00bb font_container=\u00a0\u00bbtag:h1|font_size:32|text_align:left|color:%23ffffff\u00a0\u00bb google_fonts=\u00a0\u00bbfont_family:Quicksand%3A300%2Cregular%2C700|font_style:400%20regular%3A400%3Anormal\u00a0\u00bb el_class=\u00a0\u00bbbanner-txt\u00a0\u00bb][vc_separator color=\u00a0\u00bbcustom\u00a0\u00bb align=\u00a0\u00bbalign_left\u00a0\u00bb border_width=\u00a0\u00bb2&Prime; el_width=\u00a0\u00bb20&Prime; accent_color=\u00a0\u00bb#f8f8f8&Prime;][vc_custom_heading text=\u00a0\u00bbTanzanie\u00a0\u00bb font_container=\u00a0\u00bbtag:h2|font_size:18|text_align:left|color:%23ffffff\u00a0\u00bb google_fonts=\u00a0\u00bbfont_family:Quicksand%3A300%2Cregular%2C700|font_style:400%20regular%3A400%3Anormal\u00a0\u00bb el_class=\u00a0\u00bbbanner-txt\u00a0\u00bb][\/vc_column][\/vc_row][vc_row][vc_column css=\u00a0\u00bb.vc_custom_1673438873315{border-top-width: 10px !important;border-right-width: 10px !important;border-bottom-width: 10px !important;border-left-width: 10px !important;}\u00a0\u00bb][vc_tta_tabs shape=\u00a0\u00bbsquare\u00a0\u00bb color=\u00a0\u00bbjuicy-pink\u00a0\u00bb alignment=\u00a0\u00bbcenter\u00a0\u00bb active_section=\u00a0\u00bb1&Prime; no_fill_content_area=\u00a0\u00bbtrue\u00a0\u00bb][vc_tta_section title=\u00a0\u00bbAper\u00e7u\u00a0\u00bb tab_id=\u00a0\u00bb1633454673222-3d94f956-010c\u00a0\u00bb][info_list_father listclr=\u00a0\u00bb#f8f8f8&Prime;][info_list_son style=\u00a0\u00bbicon\u00a0\u00bb size=\u00a0\u00bb20&Prime; width=\u00a0\u00bb30&Prime; height=\u00a0\u00bb20&Prime; titleclr=\u00a0\u00bb#890000&Prime; icon=\u00a0\u00bbfas fa-map-marked\u00a0\u00bb iconclr=\u00a0\u00bb#890000&Prime; [&hellip;]<\/p>\n","protected":false},"author":2,"featured_media":0,"parent":27931,"menu_order":15,"comment_status":"closed","ping_status":"closed","template":"","meta":{"_themeisle_gutenberg_block_has_review":false,"footnotes":""},"class_list":["post-44430","page","type-page","status-publish","hentry"],"_links":{"self":[{"href":"https:\/\/demo.mufasatoursandtravels.com\/fr\/wp-json\/wp\/v2\/pages\/44430","targetHints":{"allow":["GET"]}}],"collection":[{"href":"https:\/\/demo.mufasatoursandtravels.com\/fr\/wp-json\/wp\/v2\/pages"}],"about":[{"href":"https:\/\/demo.mufasatoursandtravels.com\/fr\/wp-json\/wp\/v2\/types\/page"}],"author":[{"embeddable":true,"href":"https:\/\/demo.mufasatoursandtravels.com\/fr\/wp-json\/wp\/v2\/users\/2"}],"replies":[{"embeddable":true,"href":"https:\/\/demo.mufasatoursandtravels.com\/fr\/wp-json\/wp\/v2\/comments?post=44430"}],"version-history":[{"count":12,"href":"https:\/\/demo.mufasatoursandtravels.com\/fr\/wp-json\/wp\/v2\/pages\/44430\/revisions"}],"predecessor-version":[{"id":44811,"href":"https:\/\/demo.mufasatoursandtravels.com\/fr\/wp-json\/wp\/v2\/pages\/44430\/revisions\/44811"}],"up":[{"embeddable":true,"href":"https:\/\/demo.mufasatoursandtravels.com\/fr\/wp-json\/wp\/v2\/pages\/27931"}],"wp:attachment":[{"href":"https:\/\/demo.mufasatoursandtravels.com\/fr\/wp-json\/wp\/v2\/media?parent=44430"}],"curies":[{"name":"wp","href":"https:\/\/api.w.org\/{rel}","templated":true}]}}