{"id":44569,"date":"2026-02-16T11:17:08","date_gmt":"2026-02-16T08:17:08","guid":{"rendered":"https:\/\/demo.mufasatoursandtravels.com\/destinations\/zone-de-conservation-de-ngorongoro\/"},"modified":"2026-02-16T15:11:49","modified_gmt":"2026-02-16T12:11:49","slug":"zone-de-conservation-de-ngorongoro","status":"publish","type":"page","link":"https:\/\/demo.mufasatoursandtravels.com\/fr\/destinations\/zone-de-conservation-de-ngorongoro\/","title":{"rendered":"Zone de conservation de Ngorongoro"},"content":{"rendered":"[vc_row full_width=\u00a0\u00bbstretch_row\u00a0\u00bb gap=\u00a0\u00bb1&Prime;][vc_column parallax=\u00a0\u00bbcontent-moving\u00a0\u00bb parallax_image=\u00a0\u00bb14647&Prime; css=\u00a0\u00bb.vc_custom_1771227154929{padding-top: 80px !important;padding-right: 80px !important;padding-bottom: 80px !important;padding-left: 80px !important;}\u00a0\u00bb][vc_custom_heading text=\u00a0\u00bbZone de conservation de Ngorongoro\u00a0\u00bb font_container=\u00a0\u00bbtag:h1|font_size:32|text_align:left|color:%23ffffff\u00a0\u00bb google_fonts=\u00a0\u00bbfont_family:Quicksand%3A300%2Cregular%2C700|font_style:400%20regular%3A400%3Anormal\u00a0\u00bb el_class=\u00a0\u00bbbanner-txt\u00a0\u00bb][vc_separator color=\u00a0\u00bbcustom\u00a0\u00bb align=\u00a0\u00bbalign_left\u00a0\u00bb border_width=\u00a0\u00bb2&Prime; el_width=\u00a0\u00bb20&Prime; accent_color=\u00a0\u00bb#f8f8f8&Prime;][vc_custom_heading text=\u00a0\u00bbTanzanie\u00a0\u00bb font_container=\u00a0\u00bbtag:h2|font_size:18|text_align:left|color:%23ffffff\u00a0\u00bb google_fonts=\u00a0\u00bbfont_family:Quicksand%3A300%2Cregular%2C700|font_style:400%20regular%3A400%3Anormal\u00a0\u00bb el_class=\u00a0\u00bbbanner-txt\u00a0\u00bb][\/vc_column][\/vc_row][vc_row][vc_column css=\u00a0\u00bb.vc_custom_1673438873315{border-top-width: 10px !important;border-right-width: 10px !important;border-bottom-width: 10px !important;border-left-width: 10px !important;}\u00a0\u00bb][vc_tta_tabs shape=\u00a0\u00bbsquare\u00a0\u00bb color=\u00a0\u00bbjuicy-pink\u00a0\u00bb alignment=\u00a0\u00bbcenter\u00a0\u00bb active_section=\u00a0\u00bb1&Prime; no_fill_content_area=\u00a0\u00bbtrue\u00a0\u00bb][vc_tta_section title=\u00a0\u00bbAper\u00e7u\u00a0\u00bb tab_id=\u00a0\u00bb1633454673222-3d94f956-010c\u00a0\u00bb][info_list_father listclr=\u00a0\u00bb#f8f8f8&Prime;][info_list_son style=\u00a0\u00bbicon\u00a0\u00bb size=\u00a0\u00bb20&Prime; width=\u00a0\u00bb30&Prime; height=\u00a0\u00bb20&Prime; titleclr=\u00a0\u00bb#890000&Prime; icon=\u00a0\u00bbfas fa-map-marked\u00a0\u00bb iconclr=\u00a0\u00bb#890000&Prime; iconbg=\u00a0\u00bb#f8f8f8&Prime; borderclr=\u00a0\u00bb#f8f8f8&Prime; title=\u00a0\u00bbUn royaume dans un crat\u00e8re\u00a0\u00bb]\n<p data-path-to-node=\"5\">Imaginez une montagne autrefois aussi haute que le Kilimandjaro qui s\u2019est effondr\u00e9e sur elle-m\u00eame, laissant derri\u00e8re elle un amphith\u00e9\u00e2tre naturel de 600 m\u00e8tres de profondeur s\u2019\u00e9tendant sur 260 kilom\u00e8tres carr\u00e9s.  <span class=\"citation-51 citation-end-51\">Ce site du patrimoine mondial de l\u2019UNESCO est un \u00e9cosyst\u00e8me autonome o\u00f9 plus de 25 000 grands mammif\u00e8res vivent dans un th\u00e9\u00e2tre de survie \u00e0 enjeux \u00e9lev\u00e9s.<\/span> <span class=\"citation-50 citation-end-50\">Mais le Ngorongoro est plus qu\u2019un simple crat\u00e8re ; c\u2019est un paysage \u00ab polyvalent \u00bb, le seul endroit sur Terre o\u00f9 l\u2019on verra un guerrier masa\u00ef rassembler du b\u00e9tail aux c\u00f4t\u00e9s d\u2019une troupe de lions.<\/span><\/p>\n[\/info_list_son][info_list_son style=\u00a0\u00bbicon\u00a0\u00bb size=\u00a0\u00bb20&Prime; width=\u00a0\u00bb30&Prime; height=\u00a0\u00bb20&Prime; titleclr=\u00a0\u00bb#890000&Prime; icon=\u00a0\u00bbfas fa-route\u00a0\u00bb iconclr=\u00a0\u00bb#890000&Prime; iconbg=\u00a0\u00bb#f8f8f8&Prime; borderclr=\u00a0\u00bb#f8f8f8&Prime; title=\u00a0\u00bb\u00c0 quoi s\u2019attendre\u00a0\u00bb]\n<ul>\n<li>\n<p data-path-to-node=\"5,0,0\"><strong>La descente<\/strong> <b data-path-to-node=\"5,0,0\" data-index-in-node=\"0\">:<\/b> Votre voyage commence par une descente envelopp\u00e9e de brume le long des parois abruptes du crat\u00e8re. \u00c0 mesure que les nuages se dissipent, le sol dor\u00e9 de la caldeira se r\u00e9v\u00e8le, parsem\u00e9 de lacs de soda scintillants et de for\u00eats d\u2019acacias \u00e0 fi\u00e8vre jaune.<\/p>\n<\/li>\n<li>\n<p data-path-to-node=\"5,1,0\"><strong><span class=\"citation-49\">Le drame \u00e0 haute densit\u00e9<\/span><\/strong> <b data-path-to-node=\"5,1,0\" data-index-in-node=\"0\"><span class=\"citation-49\">:<\/span><\/b><span class=\"citation-49 citation-end-49\"> Comme les animaux quittent rarement le crat\u00e8re, la densit\u00e9 de la faune est stup\u00e9fiante.<\/span> Attendez-vous \u00e0 voir les \u00ab Big Five \u00bb en un seul apr\u00e8s-midi. <span class=\"citation-48\">Vous \u00eates presque assur\u00e9 d\u2019avoir l\u2019apparition du <\/span><b data-path-to-node=\"5,1,0\" data-index-in-node=\"211\"><span class=\"citation-48\">rhinoc\u00e9ros<\/span><\/b> noir en voie de <span class=\"citation-48 citation-end-48\">disparition, des \u00e9normes \u00ab Tuskers \u00bb (\u00e9l\u00e9phants) et de la population de lions la plus dense au monde.<\/span><\/p>\n<\/li>\n<li>\n<p id=\"p-rc_aeb8302fbac598b5-27\" data-path-to-node=\"5,2,0\"><strong>Un p\u00e8lerinage pal\u00e9olithique<\/strong> <b data-path-to-node=\"5,2,0\" data-index-in-node=\"0\">:<\/b> Au-del\u00e0 de la faune, vous vous tenez dans le \u00ab Berceau de l\u2019Humanit\u00e9 \u00bb. <span class=\"citation-47 citation-end-47\">\u00c0 proximit\u00e9 se trouve la gorge d\u2019Olduvai, o\u00f9 les empreintes de nos anc\u00eatres restent grav\u00e9es dans des cendres volcaniques datant de 3,6 millions d\u2019ann\u00e9es<\/span><\/p>\n<\/li>\n<\/ul>\n[\/info_list_son][info_list_son style=\u00a0\u00bbicon\u00a0\u00bb size=\u00a0\u00bb20&Prime; width=\u00a0\u00bb30&Prime; height=\u00a0\u00bb20&Prime; titleclr=\u00a0\u00bb#890000&Prime; icon=\u00a0\u00bbfar fa-check-circle\u00a0\u00bb iconclr=\u00a0\u00bb#890000&Prime; iconbg=\u00a0\u00bb#f8f8f8&Prime; borderclr=\u00a0\u00bb#f8f8f8&Prime; title=\u00a0\u00bbMeilleure p\u00e9riode pour visiter\u00a0\u00bb]\n<ul>\n<li>\n<p data-path-to-node=\"7,0,0\"><strong><span class=\"citation-46\">Le Golden Dry<\/span><\/strong><b data-path-to-node=\"7,0,0\" data-index-in-node=\"0\"><span class=\"citation-46\"> :<\/span><\/b><span class=\"citation-46 citation-end-46\"> L\u2019herbe est courte, l\u2019air est vif et les animaux se rassemblent autour des sources d\u2019eau permanentes.<\/span> C\u2019est le sommet des moments \u00ab National Geographic \u00bb.<\/p>\n<\/li>\n<li>\n<p id=\"p-rc_aeb8302fbac598b5-29\" data-path-to-node=\"7,1,0\"><strong><span class=\"citation-45\">L\u2019\u00c9meraude Humide<\/span><\/strong><b data-path-to-node=\"7,1,0\" data-index-in-node=\"0\"><span class=\"citation-45\"> :<\/span><\/b><span class=\"citation-45 citation-end-45\"> Le sol du crat\u00e8re se transforme en un tapis vert luxuriant et vibrant, parsem\u00e9 de fleurs sauvages.<\/span> <span class=\"citation-44\">C\u2019est la saison du <\/span><b data-path-to-node=\"7,1,0\" data-index-in-node=\"145\"><span class=\"citation-44\">V\u00eatement<\/span><\/b><span class=\"citation-44 citation-end-44\"> dans les plaines voisines de Ndutu, attirant les pr\u00e9dateurs dans un spectacle fr\u00e9n\u00e9tique de vie et de mort.<\/span> C\u2019est aussi un paradis pour les ornithologues, alors que des milliers de flamants roses peignent les lacs de soda<\/p>\n<\/li>\n<\/ul>\n[\/info_list_son][\/info_list_father][\/vc_tta_section][vc_tta_section title=\u00a0\u00bbH\u00e9bergement\u00a0\u00bb tab_id=\u00a0\u00bb1633455601016-f93699bc-5d92&Prime;][vc_row_inner css=\u00a0\u00bb.vc_custom_1767874197540{padding: 10px !important;}\u00a0\u00bb][vc_column_inner el_class=\u00a0\u00bbcustom-height\u00a0\u00bb offset=\u00a0\u00bbvc_hidden-md vc_hidden-sm vc_hidden-xs\u00a0\u00bb][ucaddon_uc_side_carousel_content image=\u00a0\u00bb44560&Prime; title=\u00a0\u00bbNgorongoro Serena Safari Lodge\u00a0\u00bb btn_text=\u00a0\u00bbView Accomodation\u00a0\u00bb link=\u00a0\u00bbhttps:\/\/www.serenahotels.com\/ngorongoro\u00a0\u00bb uc_fonts_data=\u00a0\u00bbJTdCJTdE\u00a0\u00bb]bWFzdGVyY2xhc3MlMjBpbiUyMG9yZ2FuaWMlMjBhcmNoaXRlY3R1cmUlMkMlMjBjb25zdHJ1Y3RlZCUyMGZyb20lMjBsb2NhbCUyMHJpdmVyJTIwc3RvbmUlMjBhbmQlMjBjb3ZlcmVkJTIwaW4lMjBzcHJhd2xpbmclMjB2aW5lcyUyMHRvJTIwYmxlbmQlMjBzZWFtbGVzc2x5JTIwaW50byUyMHRoZSUyMHByZWhpc3RvcmljJTIwbGFuZHNjYXBlLiUyMEl0JTIwb2ZmZXJzJTIwYW4lMjBpbW1lcnNpdmUlMjBleHBlcmllbmNlJTIwd2hlcmUlMjB0aGUlMjBoaXN0b3J5JTIwb2YlMjB0aGUlMjAlMjJDcmFkbGUlMjBvZiUyME1hbmtpbmQlMjIlMjBpcyUyMHJlZmxlY3RlZCUyMGluJTIwZXZlcnklMjBoYW5kLWNhcnZlZCUyMGRldGFpbCUyMGFuZCUyMGNhdmUtcGFpbnRpbmctaW5zcGlyZWQlMjBtdXJhbC4=[\/ucaddon_uc_side_carousel_content][\/vc_column_inner][\/vc_row_inner][vc_row_inner css=\u00a0\u00bb.vc_custom_1767874197540{padding: 10px !important;}\u00a0\u00bb][vc_column_inner el_class=\u00a0\u00bbcustom-height\u00a0\u00bb offset=\u00a0\u00bbvc_hidden-md vc_hidden-sm vc_hidden-xs\u00a0\u00bb][ucaddon_uc_side_carousel_content image=\u00a0\u00bb44554&Prime; title=\u00a0\u00bbNgorongoro Tortilis Camp\u00a0\u00bb btn_text=\u00a0\u00bbView Accomodation\u00a0\u00bb link=\u00a0\u00bbhttps:\/\/www.tortiliscamps.com\/ngorongoro-tortilis-camp\/\u00a0\u00bb uc_fonts_data=\u00a0\u00bbJTdCJTdE\u00a0\u00bb]QSUyMGJvdXRpcXVlJTJDJTIwZWNvLWZyaWVuZGx5JTIwdGVudGVkJTIwY2FtcCUyMGxvY2F0ZWQlMjB3aXRoaW4lMjB0aGUlMjBOZ29yb25nb3JvJTIwQ29uc2VydmF0aW9uJTIwQXJlYSUyMGluJTIwVGFuemFuaWEuJTIwSXQlMjBpcyUyMGRlc2lnbmVkJTIwdG8lMjBvZmZlciUyMGElMjAlMjJnbGFtcGluZyUyMiUyMGV4cGVyaWVuY2UlMjB0aGF0JTIwYmFsYW5jZXMlMjByYXclMjB3aWxkZXJuZXNzJTIwd2l0aCUyMG1vZGVybiUyMGNvbWZvcnRzLg==[\/ucaddon_uc_side_carousel_content][\/vc_column_inner][\/vc_row_inner][vc_row_inner css=\u00a0\u00bb.vc_custom_1767874197540{padding: 10px !important;}\u00a0\u00bb][vc_column_inner el_class=\u00a0\u00bbcustom-height\u00a0\u00bb offset=\u00a0\u00bbvc_hidden-md vc_hidden-sm vc_hidden-xs\u00a0\u00bb][ucaddon_uc_side_carousel_content image=\u00a0\u00bb44548&Prime; title=\u00a0\u00bbPatte de lion de Ngorongoro\u00a0\u00bb btn_text=\u00a0\u00bbView Accomodation\u00a0\u00bb link=\u00a0\u00bbhttps:\/\/karibucamps.com\/lions-paw\/\u00a0\u00bb uc_fonts_data=\u00a0\u00bbJTdCJTdE\u00a0\u00bb]QW4lMjBleHBsaWNpdCUyMHZpZXclMjBvZiUyMHRoZSUyMGNyYWRsZWQlMjBMYWtlJTIwTWFnYWRpJTIwYXdhaXRzJTIweW91JTIwYXQlMjB0aGUlMjBMaW9uJUUyJTgwJTk5cyUyMFBhdyUyMGVhc3QlMjBvZiUyME5nb3Jvbmdvcm8lRTIlODAlOTlzJTIwY2FsZGVyYS4lMjBDcmVhdGUlMjB1bmZvcmdldHRhYmxlJTIwbWVtb3JpZXMlMjB3aXRoJTIwdmlld3MlMjBvZiUyMGxhcmdlJTIwdHVza2VkJTIwZWxlcGhhbnRzJTIwYW5kJTIwdGhlJTIwZW5kYW5nZXJlZCUyMGJsYWNrJTIwcmhpbm9zJTIwdXNpbmclMjB5b3VyJTIwYmlub2N1bGFycyUyMGZyb20lMjB0aGUlMjBiYXIlMjBhbmQlMjBsb3VuZ2UlMjBhcmVhLiUyMC4=[\/ucaddon_uc_side_carousel_content][\/vc_column_inner][\/vc_row_inner][vc_row_inner css=\u00a0\u00bb.vc_custom_1767874197540{padding: 10px !important;}\u00a0\u00bb][vc_column_inner el_class=\u00a0\u00bbcustom-height\u00a0\u00bb offset=\u00a0\u00bbvc_hidden-md vc_hidden-sm vc_hidden-xs\u00a0\u00bb][ucaddon_uc_side_carousel_content image=\u00a0\u00bb44782&Prime; title=\u00a0\u00bbPavillon du Bord de Ngorongoro\u00a0\u00bb btn_text=\u00a0\u00bbView Accomodation\u00a0\u00bb link=\u00a0\u00bbhttps:\/\/tnshospitality.co.tz\/ngorongoro-rim-lodge\/\u00a0\u00bb uc_init_settings=\u00a0\u00bb\u00a0\u00bb uc_fonts_data=\u00a0\u00bbJTdCJTdE\u00a0\u00bb]QSUyMGNvbnRlbXBvcmFyeSUyMHNhZmFyaSUyMHN0YXklMjB0aGF0JTIwZW1waGFzaXplcyUyMGJvdGglMjBjb21mb3J0JTIwYW5kJTIwYSUyMGRpcmVjdCUyMGNvbm5lY3Rpb24lMjB0byUyMHRoZSUyMHN1cnJvdW5kaW5nJTIwd2lsZGVybmVzcy4lMjBJdHMlMjBwb3NpdGlvbiUyMG5lYXIlMjB0aGUlMjBMZW1hbGElMjBHYXRlJTIwYWxsb3dzJTIwZm9yJTIwcXVpY2slMjBhY2Nlc3MlMjB0byUyMHRoZSUyMGNyYXRlciUyMGZsb29yJTJDJTIwbWFraW5nJTIwaXQlMjBhJTIwc3RyYXRlZ2ljJTIwY2hvaWNlJTIwZm9yJTIwZWFybHktbW9ybmluZyUyMGdhbWUlMjBkcml2ZXMu[\/ucaddon_uc_side_carousel_content][\/vc_column_inner][\/vc_row_inner][vc_row_inner css=\u00a0\u00bb.vc_custom_1767874197540{padding: 10px !important;}\u00a0\u00bb][vc_column_inner el_class=\u00a0\u00bbcustom-height\u00a0\u00bb offset=\u00a0\u00bbvc_hidden-lg\u00a0\u00bb][vc_headings style=\u00a0\u00bbtheme2&Prime; borderclr=\u00a0\u00bb#890000&Prime; title=\u00a0\u00bbNgorongoro Serena Safari Lodge\u00a0\u00bb align=\u00a0\u00bbleft\u00a0\u00bb google_fonts=\u00a0\u00bbfont_family:Quicksand%3A300%2Cregular%2C700|font_style:400%20regular%3A400%3Anormal\u00a0\u00bb titleclr=\u00a0\u00bb#000000&Prime;]masterclass in organic architecture, constructed from local river stone and covered in sprawling vines to blend seamlessly into the prehistoric landscape. It offers an immersive experience where the history of the \u00ab\u00a0Cradle of Mankind\u00a0\u00bb is reflected in every hand-carved detail and cave-painting-inspired mural.[\/vc_headings][vc_btn title=\u00a0\u00bbVoir l\u2019h\u00e9bergement\u00a0\u00bb style=\u00a0\u00bboutline-custom\u00a0\u00bb outline_custom_color=\u00a0\u00bb#890000&Prime; outline_custom_hover_background=\u00a0\u00bb#890000&Prime; outline_custom_hover_text=\u00a0\u00bb#ffffff\u00a0\u00bb shape=\u00a0\u00bbsquare\u00a0\u00bb size=\u00a0\u00bbsm\u00a0\u00bb i_align=\u00a0\u00bbright\u00a0\u00bb i_icon_fontawesome=\u00a0\u00bbfas fa-angle-right\u00a0\u00bb add_icon=\u00a0\u00bbtrue\u00a0\u00bb css=\u00a0\u00bb.vc_custom_1771229720362{padding-top: 10px !important;padding-right: 10px !important;padding-bottom: 10px !important;}\u00a0\u00bb link=\u00a0\u00bburl:https%3A%2F%2Fwww.serenahotels.com%2Fngorongoro|\u00a0\u00bb][\/vc_column_inner][\/vc_row_inner][vc_row_inner css=\u00a0\u00bb.vc_custom_1767874197540{padding: 10px !important;}\u00a0\u00bb][vc_column_inner el_class=\u00a0\u00bbcustom-height\u00a0\u00bb offset=\u00a0\u00bbvc_hidden-lg\u00a0\u00bb][vc_headings style=\u00a0\u00bbtheme2&Prime; borderclr=\u00a0\u00bb#890000&Prime; title=\u00a0\u00bbNgorongoro Tortilis Camp\u00a0\u00bb align=\u00a0\u00bbleft\u00a0\u00bb google_fonts=\u00a0\u00bbfont_family:Quicksand%3A300%2Cregular%2C700|font_style:400%20regular%3A400%3Anormal\u00a0\u00bb titleclr=\u00a0\u00bb#000000&Prime;]A <span class=\"citation-53 citation-end-53\"> boutique, eco-friendly tented camp located within the Ngorongoro Conservation Area in Tanzania.<\/span> <span class=\"citation-52 citation-end-52\">It is designed to offer a \u00ab\u00a0glamping\u00a0\u00bb experience that balances raw wilderness with modern comforts.<\/span>[\/vc_headings][vc_btn title=\u00a0\u00bbVoir l\u2019h\u00e9bergement\u00a0\u00bb style=\u00a0\u00bboutline-custom\u00a0\u00bb outline_custom_color=\u00a0\u00bb#890000&Prime; outline_custom_hover_background=\u00a0\u00bb#890000&Prime; outline_custom_hover_text=\u00a0\u00bb#ffffff\u00a0\u00bb shape=\u00a0\u00bbsquare\u00a0\u00bb size=\u00a0\u00bbsm\u00a0\u00bb i_align=\u00a0\u00bbright\u00a0\u00bb i_icon_fontawesome=\u00a0\u00bbfas fa-angle-right\u00a0\u00bb add_icon=\u00a0\u00bbtrue\u00a0\u00bb css=\u00a0\u00bb.vc_custom_1771229798680{padding-top: 10px !important;padding-right: 10px !important;padding-bottom: 10px !important;}\u00a0\u00bb link=\u00a0\u00bburl:https%3A%2F%2Fwww.tortiliscamps.com%2Fngorongoro-tortilis-camp%2F|\u00a0\u00bb][\/vc_column_inner][\/vc_row_inner][vc_row_inner css=\u00a0\u00bb.vc_custom_1767874197540{padding: 10px !important;}\u00a0\u00bb][vc_column_inner el_class=\u00a0\u00bbcustom-height\u00a0\u00bb offset=\u00a0\u00bbvc_hidden-lg\u00a0\u00bb][vc_headings style=\u00a0\u00bbtheme2&Prime; borderclr=\u00a0\u00bb#890000&Prime; title=\u00a0\u00bbNgorongoro Lion&rsquo;s Paw\u00a0\u00bb align=\u00a0\u00bbleft\u00a0\u00bb google_fonts=\u00a0\u00bbfont_family:Quicksand%3A300%2Cregular%2C700|font_style:400%20regular%3A400%3Anormal\u00a0\u00bb titleclr=\u00a0\u00bb#000000&Prime;]\n<p data-path-to-node=\"13,2,1,0,0\">An explicit view of the cradled Lake Magadi awaits you at the Lion\u2019s Paw east of Ngorongoro\u2019s caldera. Create unforgettable memories with views of large tusked elephants and the endangered black rhinos using your binoculars from the bar and lounge area. .<\/p>\n[\/vc_headings][vc_btn title=\u00a0\u00bbVoir l\u2019h\u00e9bergement\u00a0\u00bb style=\u00a0\u00bboutline-custom\u00a0\u00bb outline_custom_color=\u00a0\u00bb#890000&Prime; outline_custom_hover_background=\u00a0\u00bb#890000&Prime; outline_custom_hover_text=\u00a0\u00bb#ffffff\u00a0\u00bb shape=\u00a0\u00bbsquare\u00a0\u00bb size=\u00a0\u00bbsm\u00a0\u00bb i_align=\u00a0\u00bbright\u00a0\u00bb i_icon_fontawesome=\u00a0\u00bbfas fa-angle-right\u00a0\u00bb add_icon=\u00a0\u00bbtrue\u00a0\u00bb css=\u00a0\u00bb.vc_custom_1771230002737{padding-top: 10px !important;padding-right: 10px !important;padding-bottom: 10px !important;}\u00a0\u00bb link=\u00a0\u00bburl:https%3A%2F%2Fkaribucamps.com%2Flions-paw%2F|\u00a0\u00bb][\/vc_column_inner][\/vc_row_inner][vc_row_inner css=\u00a0\u00bb.vc_custom_1767874197540{padding: 10px !important;}\u00a0\u00bb][vc_column_inner el_class=\u00a0\u00bbcustom-height\u00a0\u00bb offset=\u00a0\u00bbvc_hidden-lg\u00a0\u00bb][vc_headings style=\u00a0\u00bbtheme2&Prime; borderclr=\u00a0\u00bb#890000&Prime; title=\u00a0\u00bbNgorongoro Rim Lodge\u00a0\u00bb align=\u00a0\u00bbleft\u00a0\u00bb google_fonts=\u00a0\u00bbfont_family:Quicksand%3A300%2Cregular%2C700|font_style:400%20regular%3A400%3Anormal\u00a0\u00bb titleclr=\u00a0\u00bb#000000&Prime; caption_url=\u00a0\u00bb\u00a0\u00bb caption_urls=\u00a0\u00bb\u00a0\u00bb caption_urlss=\u00a0\u00bb\u00a0\u00bb caption_urldesc=\u00a0\u00bb\u00a0\u00bb]\n<p data-path-to-node=\"13,2,1,0,0\">A contemporary safari stay that emphasizes both comfort and a direct connection to the surrounding wilderness. Its position near the Lemala Gate allows for quick access to the crater floor, making it a strategic choice for early-morning game drives.<\/p>\n[\/vc_headings][vc_btn title=\u00a0\u00bbVoir l\u2019h\u00e9bergement\u00a0\u00bb style=\u00a0\u00bboutline-custom\u00a0\u00bb outline_custom_color=\u00a0\u00bb#890000&Prime; outline_custom_hover_background=\u00a0\u00bb#890000&Prime; outline_custom_hover_text=\u00a0\u00bb#ffffff\u00a0\u00bb shape=\u00a0\u00bbsquare\u00a0\u00bb size=\u00a0\u00bbsm\u00a0\u00bb i_align=\u00a0\u00bbright\u00a0\u00bb i_icon_fontawesome=\u00a0\u00bbfas fa-angle-right\u00a0\u00bb add_icon=\u00a0\u00bbtrue\u00a0\u00bb css=\u00a0\u00bb.vc_custom_1771243987724{padding-top: 10px !important;padding-right: 10px !important;padding-bottom: 10px !important;}\u00a0\u00bb link=\u00a0\u00bburl:https%3A%2F%2Ftnshospitality.co.tz%2Fngorongoro-rim-lodge%2F|\u00a0\u00bb][\/vc_column_inner][\/vc_row_inner][\/vc_tta_section][vc_tta_section title=\u00a0\u00bbActivit\u00e9s\u00a0\u00bb tab_id=\u00a0\u00bb1767601538075-7b6924d3-776e\u00a0\u00bb][info_list_father listclr=\u00a0\u00bb#f8f8f8&Prime;][info_list_son style=\u00a0\u00bbicon\u00a0\u00bb size=\u00a0\u00bb0&Prime; width=\u00a0\u00bb0&Prime; height=\u00a0\u00bb0&Prime; titleclr=\u00a0\u00bb#f8f8f8&Prime; iconclr=\u00a0\u00bb#f8f8f8&Prime; borderclr=\u00a0\u00bb#f8f8f8&Prime;]\n<p data-path-to-node=\"12,0,0\"><strong>La marche du Crater Rim<\/strong> <b data-path-to-node=\"12,0,0\" data-index-in-node=\"0\">:<\/b> Sortez du 4&#215;4 et sentez la terre sous vos bottes. Men\u00e9 par un r\u00f4deur arm\u00e9, vous suivrez la \u00ab micro-faune \u00bb et les plantes m\u00e9dicinales utilis\u00e9es par les Maas\u00ef, tout en gardant un \u0153il attentif sur l\u2019horizon.<\/p>\n<p data-path-to-node=\"12,1,0\"><strong>La randonn\u00e9e Empakaai<\/strong> <b data-path-to-node=\"12,1,0\" data-index-in-node=\"0\">:<\/b> Un joyau cach\u00e9. <span class=\"citation-40 citation-end-40\">Descendez dans le crat\u00e8re Empakaai pour trouver un lac alcalin bleu profond o\u00f9 des milliers de flamants roses se rassemblent dans un sanctuaire isol\u00e9 bord\u00e9 de for\u00eat.<\/span><\/p>\n<p data-path-to-node=\"12,2,0\"><strong><span class=\"citation-39\">Symbiose culturelle<\/span><\/strong> <b data-path-to-node=\"12,2,0\" data-index-in-node=\"0\"><span class=\"citation-39\">:<\/span><\/b><span class=\"citation-39\"> visitez un <\/span><b data-path-to-node=\"12,2,0\" data-index-in-node=\"28\"><span class=\"citation-39\">Maasai Boma<\/span><\/b><span class=\"citation-39 citation-end-39\">.<\/span> Ce n\u2019est pas un mus\u00e9e ; C\u2019est un village vivant. Apprenez l\u2019art du travail des perles, la signification de l&rsquo;\u00ab Adumu \u00bb (danse du saut), et comment cette tribu ancienne a prot\u00e9g\u00e9 cette terre pendant des si\u00e8cles.<\/p>\n<p data-path-to-node=\"12,3,0\"><strong>Visite des gorges d\u2019Olduvai<\/strong> <b data-path-to-node=\"12,3,0\" data-index-in-node=\"0\">:<\/b> Tenez-vous sur le site des d\u00e9couvertes arch\u00e9ologiques les plus importantes au monde et visitez le mus\u00e9e pour voir le cr\u00e2ne \u00ab Zinj \u00bb \u2014 le visage de notre parent \u00e2g\u00e9 de 1,8 million d\u2019ann\u00e9es.<\/p>\n[\/info_list_son][\/info_list_father][\/vc_tta_section][\/vc_tta_tabs][\/vc_column][\/vc_row]\n","protected":false},"excerpt":{"rendered":"<p>[vc_row full_width=\u00a0\u00bbstretch_row\u00a0\u00bb gap=\u00a0\u00bb1&Prime;][vc_column parallax=\u00a0\u00bbcontent-moving\u00a0\u00bb parallax_image=\u00a0\u00bb14647&Prime; css=\u00a0\u00bb.vc_custom_1771227154929{padding-top: 80px !important;padding-right: 80px !important;padding-bottom: 80px !important;padding-left: 80px !important;}\u00a0\u00bb][vc_custom_heading text=\u00a0\u00bbZone de conservation de Ngorongoro\u00a0\u00bb font_container=\u00a0\u00bbtag:h1|font_size:32|text_align:left|color:%23ffffff\u00a0\u00bb google_fonts=\u00a0\u00bbfont_family:Quicksand%3A300%2Cregular%2C700|font_style:400%20regular%3A400%3Anormal\u00a0\u00bb el_class=\u00a0\u00bbbanner-txt\u00a0\u00bb][vc_separator color=\u00a0\u00bbcustom\u00a0\u00bb align=\u00a0\u00bbalign_left\u00a0\u00bb border_width=\u00a0\u00bb2&Prime; el_width=\u00a0\u00bb20&Prime; accent_color=\u00a0\u00bb#f8f8f8&Prime;][vc_custom_heading text=\u00a0\u00bbTanzanie\u00a0\u00bb font_container=\u00a0\u00bbtag:h2|font_size:18|text_align:left|color:%23ffffff\u00a0\u00bb google_fonts=\u00a0\u00bbfont_family:Quicksand%3A300%2Cregular%2C700|font_style:400%20regular%3A400%3Anormal\u00a0\u00bb el_class=\u00a0\u00bbbanner-txt\u00a0\u00bb][\/vc_column][\/vc_row][vc_row][vc_column css=\u00a0\u00bb.vc_custom_1673438873315{border-top-width: 10px !important;border-right-width: 10px !important;border-bottom-width: 10px !important;border-left-width: 10px !important;}\u00a0\u00bb][vc_tta_tabs shape=\u00a0\u00bbsquare\u00a0\u00bb color=\u00a0\u00bbjuicy-pink\u00a0\u00bb alignment=\u00a0\u00bbcenter\u00a0\u00bb active_section=\u00a0\u00bb1&Prime; no_fill_content_area=\u00a0\u00bbtrue\u00a0\u00bb][vc_tta_section title=\u00a0\u00bbAper\u00e7u\u00a0\u00bb tab_id=\u00a0\u00bb1633454673222-3d94f956-010c\u00a0\u00bb][info_list_father listclr=\u00a0\u00bb#f8f8f8&Prime;][info_list_son style=\u00a0\u00bbicon\u00a0\u00bb size=\u00a0\u00bb20&Prime; width=\u00a0\u00bb30&Prime; height=\u00a0\u00bb20&Prime; titleclr=\u00a0\u00bb#890000&Prime; icon=\u00a0\u00bbfas fa-map-marked\u00a0\u00bb [&hellip;]<\/p>\n","protected":false},"author":2,"featured_media":0,"parent":27931,"menu_order":16,"comment_status":"closed","ping_status":"closed","template":"","meta":{"_themeisle_gutenberg_block_has_review":false,"footnotes":""},"class_list":["post-44569","page","type-page","status-publish","hentry"],"_links":{"self":[{"href":"https:\/\/demo.mufasatoursandtravels.com\/fr\/wp-json\/wp\/v2\/pages\/44569","targetHints":{"allow":["GET"]}}],"collection":[{"href":"https:\/\/demo.mufasatoursandtravels.com\/fr\/wp-json\/wp\/v2\/pages"}],"about":[{"href":"https:\/\/demo.mufasatoursandtravels.com\/fr\/wp-json\/wp\/v2\/types\/page"}],"author":[{"embeddable":true,"href":"https:\/\/demo.mufasatoursandtravels.com\/fr\/wp-json\/wp\/v2\/users\/2"}],"replies":[{"embeddable":true,"href":"https:\/\/demo.mufasatoursandtravels.com\/fr\/wp-json\/wp\/v2\/comments?post=44569"}],"version-history":[{"count":6,"href":"https:\/\/demo.mufasatoursandtravels.com\/fr\/wp-json\/wp\/v2\/pages\/44569\/revisions"}],"predecessor-version":[{"id":44789,"href":"https:\/\/demo.mufasatoursandtravels.com\/fr\/wp-json\/wp\/v2\/pages\/44569\/revisions\/44789"}],"up":[{"embeddable":true,"href":"https:\/\/demo.mufasatoursandtravels.com\/fr\/wp-json\/wp\/v2\/pages\/27931"}],"wp:attachment":[{"href":"https:\/\/demo.mufasatoursandtravels.com\/fr\/wp-json\/wp\/v2\/media?parent=44569"}],"curies":[{"name":"wp","href":"https:\/\/api.w.org\/{rel}","templated":true}]}}