{"id":44877,"date":"2026-02-17T09:36:16","date_gmt":"2026-02-17T06:36:16","guid":{"rendered":"https:\/\/demo.mufasatoursandtravels.com\/destinations\/parc-national-de-murchison-falls\/"},"modified":"2026-02-17T12:39:20","modified_gmt":"2026-02-17T09:39:20","slug":"parc-national-de-murchison-falls","status":"publish","type":"page","link":"https:\/\/demo.mufasatoursandtravels.com\/fr\/destinations\/parc-national-de-murchison-falls\/","title":{"rendered":"Parc national de Murchison Falls"},"content":{"rendered":"[vc_row full_width=\u00a0\u00bbstretch_row\u00a0\u00bb gap=\u00a0\u00bb1&Prime;][vc_column parallax=\u00a0\u00bbcontent-moving\u00a0\u00bb parallax_image=\u00a0\u00bb7699&Prime; css=\u00a0\u00bb.vc_custom_1771310447395{padding-top: 80px !important;padding-right: 80px !important;padding-bottom: 80px !important;padding-left: 80px !important;}\u00a0\u00bb][vc_custom_heading text=\u00a0\u00bbParc national de Murchison Falls\u00a0\u00bb font_container=\u00a0\u00bbtag:h1|font_size:32|text_align:left|color:%23ffffff\u00a0\u00bb google_fonts=\u00a0\u00bbfont_family:Quicksand%3A300%2Cregular%2C700|font_style:400%20regular%3A400%3Anormal\u00a0\u00bb el_class=\u00a0\u00bbbanner-txt\u00a0\u00bb][vc_separator color=\u00a0\u00bbcustom\u00a0\u00bb align=\u00a0\u00bbalign_left\u00a0\u00bb border_width=\u00a0\u00bb2&Prime; el_width=\u00a0\u00bb20&Prime; accent_color=\u00a0\u00bb#f8f8f8&Prime;][vc_custom_heading text=\u00a0\u00bbOuganda\u00a0\u00bb font_container=\u00a0\u00bbtag:h2|font_size:18|text_align:left|color:%23ffffff\u00a0\u00bb google_fonts=\u00a0\u00bbfont_family:Quicksand%3A300%2Cregular%2C700|font_style:400%20regular%3A400%3Anormal\u00a0\u00bb el_class=\u00a0\u00bbbanner-txt\u00a0\u00bb][\/vc_column][\/vc_row][vc_row][vc_column css=\u00a0\u00bb.vc_custom_1673438873315{border-top-width: 10px !important;border-right-width: 10px !important;border-bottom-width: 10px !important;border-left-width: 10px !important;}\u00a0\u00bb][vc_tta_tabs shape=\u00a0\u00bbsquare\u00a0\u00bb color=\u00a0\u00bbjuicy-pink\u00a0\u00bb alignment=\u00a0\u00bbcenter\u00a0\u00bb active_section=\u00a0\u00bb1&Prime; no_fill_content_area=\u00a0\u00bbtrue\u00a0\u00bb][vc_tta_section title=\u00a0\u00bbAper\u00e7u\u00a0\u00bb tab_id=\u00a0\u00bb1633454673222-3d94f956-010c\u00a0\u00bb][info_list_father listclr=\u00a0\u00bb#f8f8f8&Prime;][info_list_son style=\u00a0\u00bbicon\u00a0\u00bb size=\u00a0\u00bb20&Prime; width=\u00a0\u00bb30&Prime; height=\u00a0\u00bb20&Prime; titleclr=\u00a0\u00bb#890000&Prime; icon=\u00a0\u00bbfas fa-map-marked\u00a0\u00bb iconclr=\u00a0\u00bb#890000&Prime; iconbg=\u00a0\u00bb#f8f8f8&Prime; borderclr=\u00a0\u00bb#f8f8f8&Prime; title=\u00a0\u00bbUn paysage de puissance brute et de beaut\u00e9\u00a0\u00bb]\n<p data-path-to-node=\"5\">La plus ancienne et la plus grande zone de conservation d\u2019Ouganda. S\u2019\u00e9tendant sur pr\u00e8s de 3 900 kilom\u00e8tres carr\u00e9s, le <b data-path-to-node=\"4\" data-index-in-node=\"99\">parc national des chutes Murchison<\/b> est l\u2019endroit o\u00f9 le puissant Nil \u2014 le plus long du monde \u2014 est serr\u00e9 \u00e0 travers une gorge \u00e9troite de 7 m\u00e8tres avant de plonger de 43 m\u00e8tres dans le \u00ab Chaudron du Diable \u00bb. Le r\u00e9sultat est un rugissement tonitruant et un arc-en-ciel permanent qui d\u00e9finit la majest\u00e9 du parc. Des savanes parsem\u00e9es de palmiers du nord aux ombres denses et verdoyantes de la <b data-path-to-node=\"4\" data-index-in-node=\"446\">for\u00eat de Budongo<\/b> au sud, ce parc offre une transition spectaculaire de paysages qui captive des explorateurs comme Samuel Baker et Ernest Hemingway depuis des d\u00e9cennies.   <\/p>\n[\/info_list_son][info_list_son style=\u00a0\u00bbicon\u00a0\u00bb size=\u00a0\u00bb20&Prime; width=\u00a0\u00bb30&Prime; height=\u00a0\u00bb20&Prime; titleclr=\u00a0\u00bb#890000&Prime; icon=\u00a0\u00bbfas fa-route\u00a0\u00bb iconclr=\u00a0\u00bb#890000&Prime; iconbg=\u00a0\u00bb#f8f8f8&Prime; borderclr=\u00a0\u00bb#f8f8f8&Prime; title=\u00a0\u00bb\u00c0 quoi s\u2019attendre\u00a0\u00bb]\n<p data-path-to-node=\"6\">Pr\u00e9parez-vous \u00e0 un voyage immersif au c\u0153ur de la nature sauvage africaine. \u00c0 Murchison Falls, les \u00ab Big Five \u00bb (<em>\u00e0 l\u2019exception du rhinoc\u00e9ros, que vous pouvez visiter \u00e0 proximit\u00e9 \u00e0 Ziwa<\/em>) parcourent librement de vastes plaines. <\/p>\n<ul>\n<li style=\"list-style-type: none;\">\n<ul data-path-to-node=\"7\">\n<li>\n<p data-path-to-node=\"7,0,0\"><strong>Faune \u00e9pique<\/strong> <b data-path-to-node=\"7,0,0\" data-index-in-node=\"0\">:<\/b> Attendez-vous \u00e0 voir la plus grande population mondiale de <b data-path-to-node=\"7,0,0\" data-index-in-node=\"63\">girafes Rothschild<\/b>, d\u2019immenses troupeaux d\u2019\u00e9l\u00e9phants et des troupes de lions se pr\u00e9lassant sous des acacias.<\/p>\n<\/li>\n<li>\n<p data-path-to-node=\"7,1,0\"><strong>La magie du Nil<\/strong> <b data-path-to-node=\"7,1,0\" data-index-in-node=\"0\">:<\/b> Un safari ici est unique car il combine terre et eau. Attendez-vous \u00e0 s\u2019\u00e9loigner \u00e0 quelques centim\u00e8tres des crocodiles g\u00e9ants du Nil et de groupes d\u2019hippopotames b\u00e2illants, tandis que des martins-p\u00eacheurs et des pygargues p\u00eacheurs filent au-dessus de vous.<\/p>\n<\/li>\n<li>\n<p data-path-to-node=\"7,2,0\"><strong>Primates &amp; Plus<\/strong> <b data-path-to-node=\"7,2,0\" data-index-in-node=\"0\">:<\/b> Dans le secteur sud, attendez-vous \u00e0 un changement complet de d\u00e9cor en entrant dans la jungle pour voir des chimpanz\u00e9s se balancer entre les vieux acajous.<\/p>\n<\/li>\n<\/ul>\n<\/li>\n<\/ul>\n[\/info_list_son][info_list_son style=\u00a0\u00bbicon\u00a0\u00bb size=\u00a0\u00bb20&Prime; width=\u00a0\u00bb30&Prime; height=\u00a0\u00bb20&Prime; titleclr=\u00a0\u00bb#890000&Prime; icon=\u00a0\u00bbfar fa-check-circle\u00a0\u00bb iconclr=\u00a0\u00bb#890000&Prime; iconbg=\u00a0\u00bb#f8f8f8&Prime; borderclr=\u00a0\u00bb#f8f8f8&Prime; title=\u00a0\u00bbAper\u00e7u des saisons\u00a0\u00bb]\n<p data-path-to-node=\"9\">Murchison Falls est une destination ouverte toute l\u2019ann\u00e9e, mais les saisons offrent des exp\u00e9riences distinctes :<\/p>\n<ul data-path-to-node=\"10\">\n<li>\n<p data-path-to-node=\"10,0,0\"><strong>La saison s\u00e8che<\/strong><b data-path-to-node=\"10,0,0\" data-index-in-node=\"0\"> :<\/b> C\u2019est le <b data-path-to-node=\"10,0,0\" data-index-in-node=\"71\">moment optimal pour observer un match<\/b>. \u00c0 mesure que la savane ass\u00e8te, les animaux se rassemblent en forte concentration le long des rives du Nil pour boire, ce qui les rend faciles \u00e0 rep\u00e9rer. Les traces sont s\u00e8ches et le ciel est d\u00e9gag\u00e9 \u2014 parfait pour cette photo embl\u00e9matique du coucher de verre africain.<\/p>\n<\/li>\n<li>\n<p data-path-to-node=\"10,1,0\"><strong>La saison des pluies<\/strong><b data-path-to-node=\"10,1,0\" data-index-in-node=\"0\"> :<\/b> Connue sous le nom de <b data-path-to-node=\"10,1,0\" data-index-in-node=\"66\">\u00ab saison verte \u00bb,<\/b> le parc se transforme en un paradis \u00e9meraude luxuriant. Bien que la faune soit plus dispers\u00e9e, c\u2019est la <b data-path-to-node=\"10,1,0\" data-index-in-node=\"177\">p\u00e9riode de pointe pour les ornithologues<\/b> avec l\u2019arriv\u00e9e des esp\u00e8ces migratrices. Les chutes sont \u00e0 leur apog\u00e9e \u00e0 cette p\u00e9riode, et vous profiterez souvent de tarifs plus bas dans les lodges ainsi que d\u2019une exp\u00e9rience plus priv\u00e9e et sans foule.<\/p>\n<\/li>\n<\/ul>\n[\/info_list_son][\/info_list_father][\/vc_tta_section][vc_tta_section title=\u00a0\u00bbH\u00e9bergement\u00a0\u00bb tab_id=\u00a0\u00bb1633455601016-f93699bc-5d92&Prime;][vc_row_inner css=\u00a0\u00bb.vc_custom_1767878786489{padding: 10px !important;}\u00a0\u00bb][vc_column_inner el_class=\u00a0\u00bbcustom-height\u00a0\u00bb offset=\u00a0\u00bbvc_hidden-md vc_hidden-sm vc_hidden-xs\u00a0\u00bb][ucaddon_uc_side_carousel_content image=\u00a0\u00bb44856&Prime; title=\u00a0\u00bbPavillon Safari de Paraa\u00a0\u00bb btn_text=\u00a0\u00bbView Accomodation\u00a0\u00bb link=\u00a0\u00bbhttps:\/\/paraalodge.com\/\u00a0\u00bb uc_fonts_data=\u00a0\u00bbJTdCJTdE\u00a0\u00bb]TG9jYXRlZCUyMGluJTIwdGhlJTIwbm9ydGglMjB3ZXN0JTIwb2YlMjBVZ2FuZGElMjBvdmVyJTIwbG9va2luZyUyMG9uZSUyMG9mJTIwbmF0dXJlJTI3cyUyMGJlc3QlMjBrZXB0JTIwc2VjcmV0cyUyQyUyMHRoZSUyMFJpdmVyJTIwTmlsZSUyQyUyMG9uJTIwaXRzJTIwam91cm5leSUyMGZyb20lMjBpdHMlMjBzb3VyY2UlMjBhdCUyMExha2UlMjBWaWN0b3JpYSUyMHRvJTIwam9pbiUyMExha2UlMjBBbGJlcnQlMjAlRTIlODAlOTMlMjBoZXJlJTIwaXQlMjBpcyUyMHN1ZGRlbmx5JTIwY2hhbm5lbGVkJTIwaW50byUyMGElMjBnb3JnZSUyMG9ubHklMjBzaXglMjBtZXRlcnMlMjB3aWRlJTJDJTIwYW5kJTIwY2FzY2FkZXMlMjA0MyUyMG1ldGVycyUyMGJlbG93LiUyMFRoZSUyMGVhcnRoJTIwbGl0ZXJhbGx5JTIwdHJlbWJsZXMlMjBhdCUyME11cmNoaXNvbiUyMEZhbGxzJTIwLSUyMG9uZSUyMG9mJTIwdGhlJTIwd29ybGQlMjdzJTIwbW9zdCUyMHBvd2VyZnVsJTIwZmxvd3MlMjBvZiUyMG5hdHVyYWwlMjB3YXRlci4=[\/ucaddon_uc_side_carousel_content][\/vc_column_inner][\/vc_row_inner][vc_row_inner css=\u00a0\u00bb.vc_custom_1767878786489{padding: 10px !important;}\u00a0\u00bb][vc_column_inner el_class=\u00a0\u00bbcustom-height\u00a0\u00bb offset=\u00a0\u00bbvc_hidden-md vc_hidden-sm vc_hidden-xs\u00a0\u00bb][ucaddon_uc_side_carousel_content image=\u00a0\u00bb44862&Prime; title=\u00a0\u00bbPakuba Safari Lodge\u00a0\u00bb btn_text=\u00a0\u00bbView Accomodation\u00a0\u00bb link=\u00a0\u00bbhttps:\/\/pakubasafarilodge.com\/\u00a0\u00bb uc_fonts_data=\u00a0\u00bbJTdCJTdE\u00a0\u00bb]RmVlbCUyMG5vdCUyMG9ubHklMjB0aGUlMjB3YXJtJTIwZW1icmFjZSUyMG9mJTIwdGhlJTIwbmF0dXJhbCUyMHdpbGRlcm5lc3MlMkMlMjBidXQlMjBhbHNvJTIwdG8lMjByZWNhbGwlMjB0aGUlMjBsb2RnZXMlMjB0aG91Z2h0ZnVsJTIwY29tZm9ydHMlMjBhbmQlMjB0aGUlMjBwbGVhc3VyZXMlMjBvZiUyMGV4Y2VsbGVudCUyMGN1aXNpbmUlMjBhbmQlMjBnZW51aW5lJTIwaGVhcnRmZWx0JTIwaG9zcGl0YWxpdHku[\/ucaddon_uc_side_carousel_content][\/vc_column_inner][\/vc_row_inner][vc_row_inner css=\u00a0\u00bb.vc_custom_1767878786489{padding: 10px !important;}\u00a0\u00bb][vc_column_inner el_class=\u00a0\u00bbcustom-height\u00a0\u00bb offset=\u00a0\u00bbvc_hidden-md vc_hidden-sm vc_hidden-xs\u00a0\u00bb][ucaddon_uc_side_carousel_content image=\u00a0\u00bb44868&Prime; title=\u00a0\u00bbLoge de la rivi\u00e8re Murchison\u00a0\u00bb btn_text=\u00a0\u00bbView Accomodation\u00a0\u00bb link=\u00a0\u00bbhttps:\/\/www.murchisonriverlodge.com\/\u00a0\u00bb uc_fonts_data=\u00a0\u00bbJTdCJTdE\u00a0\u00bb]QSUyMGZhbnRhc3RpYyUyMG1pZC1yYW5nZSUyMG9wdGlvbiUyMHdpdGglMjBjb21mb3J0YWJsZSUyMHRlbnRzJTIwYW5kJTIwY290dGFnZXMlMjBvdmVybG9va2luZyUyMHRoZSUyMHJpdmVyLg==[\/ucaddon_uc_side_carousel_content][\/vc_column_inner][\/vc_row_inner][vc_row_inner css=\u00a0\u00bb.vc_custom_1767878786489{padding: 10px !important;}\u00a0\u00bb][vc_column_inner el_class=\u00a0\u00bbcustom-height\u00a0\u00bb offset=\u00a0\u00bbvc_hidden-lg\u00a0\u00bb][vc_headings style=\u00a0\u00bbtheme2&Prime; borderclr=\u00a0\u00bb#890000&Prime; title=\u00a0\u00bbParaa Safari Lodge\u00a0\u00bb align=\u00a0\u00bbleft\u00a0\u00bb google_fonts=\u00a0\u00bbfont_family:Quicksand%3A300%2Cregular%2C700|font_style:400%20regular%3A400%3Anormal\u00a0\u00bb titleclr=\u00a0\u00bb#000000&Prime;]Located in the north west of Uganda over looking one of nature&rsquo;s best kept secrets, the River Nile, on its journey from its source at Lake Victoria to join Lake Albert \u2013 here it is suddenly channeled into a gorge only six meters wide, and cascades 43 meters below. The earth literally trembles at Murchison Falls &#8211; one of the world&rsquo;s most powerful flows of natural water.[\/vc_headings][vc_btn title=\u00a0\u00bbVoir l\u2019h\u00e9bergement\u00a0\u00bb style=\u00a0\u00bboutline-custom\u00a0\u00bb outline_custom_color=\u00a0\u00bb#890000&Prime; outline_custom_hover_background=\u00a0\u00bb#890000&Prime; outline_custom_hover_text=\u00a0\u00bb#ffffff\u00a0\u00bb shape=\u00a0\u00bbsquare\u00a0\u00bb size=\u00a0\u00bbsm\u00a0\u00bb i_align=\u00a0\u00bbright\u00a0\u00bb i_icon_fontawesome=\u00a0\u00bbfas fa-chevron-right\u00a0\u00bb add_icon=\u00a0\u00bbtrue\u00a0\u00bb link=\u00a0\u00bburl:https%3A%2F%2Fparaalodge.com%2F|\u00a0\u00bb css=\u00a0\u00bb.vc_custom_1771309874175{padding-top: 10px !important;padding-right: 10px !important;padding-bottom: 10px !important;}\u00a0\u00bb][\/vc_column_inner][\/vc_row_inner][vc_row_inner css=\u00a0\u00bb.vc_custom_1767878786489{padding: 10px !important;}\u00a0\u00bb][vc_column_inner el_class=\u00a0\u00bbcustom-height\u00a0\u00bb offset=\u00a0\u00bbvc_hidden-lg\u00a0\u00bb][vc_headings style=\u00a0\u00bbtheme2&Prime; borderclr=\u00a0\u00bb#890000&Prime; title=\u00a0\u00bbPakuba Safari Lodge\u00a0\u00bb align=\u00a0\u00bbleft\u00a0\u00bb google_fonts=\u00a0\u00bbfont_family:Quicksand%3A300%2Cregular%2C700|font_style:400%20regular%3A400%3Anormal\u00a0\u00bb titleclr=\u00a0\u00bb#000000&Prime;]Feel not only the warm embrace of the natural wilderness, but also to recall the lodges thoughtful comforts and the pleasures of excellent cuisine and genuine heartfelt hospitality.[\/vc_headings][vc_btn title=\u00a0\u00bbVoir l\u2019h\u00e9bergement\u00a0\u00bb style=\u00a0\u00bboutline-custom\u00a0\u00bb outline_custom_color=\u00a0\u00bb#890000&Prime; outline_custom_hover_background=\u00a0\u00bb#890000&Prime; outline_custom_hover_text=\u00a0\u00bb#ffffff\u00a0\u00bb shape=\u00a0\u00bbsquare\u00a0\u00bb size=\u00a0\u00bbsm\u00a0\u00bb i_align=\u00a0\u00bbright\u00a0\u00bb i_icon_fontawesome=\u00a0\u00bbfas fa-chevron-right\u00a0\u00bb add_icon=\u00a0\u00bbtrue\u00a0\u00bb link=\u00a0\u00bburl:https%3A%2F%2Fpakubasafarilodge.com%2F|\u00a0\u00bb css=\u00a0\u00bb.vc_custom_1771309929870{padding-top: 10px !important;padding-right: 10px !important;padding-bottom: 10px !important;}\u00a0\u00bb][\/vc_column_inner][\/vc_row_inner][vc_row_inner css=\u00a0\u00bb.vc_custom_1767878786489{padding: 10px !important;}\u00a0\u00bb][vc_column_inner el_class=\u00a0\u00bbcustom-height\u00a0\u00bb offset=\u00a0\u00bbvc_hidden-lg\u00a0\u00bb][vc_headings style=\u00a0\u00bbtheme2&Prime; borderclr=\u00a0\u00bb#890000&Prime; title=\u00a0\u00bbMurchison River Lodge\u00a0\u00bb align=\u00a0\u00bbleft\u00a0\u00bb google_fonts=\u00a0\u00bbfont_family:Quicksand%3A300%2Cregular%2C700|font_style:400%20regular%3A400%3Anormal\u00a0\u00bb titleclr=\u00a0\u00bb#000000&Prime;]A fantastic mid-range option with comfortable tents and cottages overlooking the river.[\/vc_headings][vc_btn title=\u00a0\u00bbVoir l\u2019h\u00e9bergement\u00a0\u00bb style=\u00a0\u00bboutline-custom\u00a0\u00bb outline_custom_color=\u00a0\u00bb#890000&Prime; outline_custom_hover_background=\u00a0\u00bb#890000&Prime; outline_custom_hover_text=\u00a0\u00bb#ffffff\u00a0\u00bb shape=\u00a0\u00bbsquare\u00a0\u00bb size=\u00a0\u00bbsm\u00a0\u00bb i_align=\u00a0\u00bbright\u00a0\u00bb i_icon_fontawesome=\u00a0\u00bbfas fa-chevron-right\u00a0\u00bb add_icon=\u00a0\u00bbtrue\u00a0\u00bb link=\u00a0\u00bburl:https%3A%2F%2Fwww.murchisonriverlodge.com%2F|\u00a0\u00bb css=\u00a0\u00bb.vc_custom_1771309969648{padding-top: 10px !important;padding-right: 10px !important;padding-bottom: 10px !important;}\u00a0\u00bb][\/vc_column_inner][\/vc_row_inner][vc_row_inner css=\u00a0\u00bb.vc_custom_1767878786489{padding: 10px !important;}\u00a0\u00bb][vc_column_inner el_class=\u00a0\u00bbcustom-height\u00a0\u00bb offset=\u00a0\u00bbvc_hidden-lg\u00a0\u00bb][vc_headings style=\u00a0\u00bbtheme2&Prime; borderclr=\u00a0\u00bb#890000&Prime; title=\u00a0\u00bbBudongo Eco Lodge\u00a0\u00bb align=\u00a0\u00bbleft\u00a0\u00bb google_fonts=\u00a0\u00bbfont_family:Quicksand%3A300%2Cregular%2C700|font_style:400%20regular%3A400%3Anormal\u00a0\u00bb titleclr=\u00a0\u00bb#000000&Prime;]The perfect base for those looking to trek chimpanzees and immerse themselves in the deep forest.[\/vc_headings][vc_btn title=\u00a0\u00bbVoir l\u2019h\u00e9bergement\u00a0\u00bb style=\u00a0\u00bboutline-custom\u00a0\u00bb outline_custom_color=\u00a0\u00bb#890000&Prime; outline_custom_hover_background=\u00a0\u00bb#890000&Prime; outline_custom_hover_text=\u00a0\u00bb#ffffff\u00a0\u00bb shape=\u00a0\u00bbsquare\u00a0\u00bb size=\u00a0\u00bbsm\u00a0\u00bb i_align=\u00a0\u00bbright\u00a0\u00bb i_icon_fontawesome=\u00a0\u00bbfas fa-chevron-right\u00a0\u00bb add_icon=\u00a0\u00bbtrue\u00a0\u00bb link=\u00a0\u00bburl:http%3A%2F%2Fsafari-uganda.com%2Fuganda-lodges%2Fbudongo-eco-lodge%2F|\u00a0\u00bb css=\u00a0\u00bb.vc_custom_1771310126856{padding-top: 10px !important;padding-right: 10px !important;padding-bottom: 10px !important;}\u00a0\u00bb][\/vc_column_inner][\/vc_row_inner][\/vc_tta_section][vc_tta_section title=\u00a0\u00bbActivit\u00e9s\u00a0\u00bb tab_id=\u00a0\u00bb1767601538075-7b6924d3-776e\u00a0\u00bb][info_list_father listclr=\u00a0\u00bb#f8f8f8&Prime;][info_list_son style=\u00a0\u00bbicon\u00a0\u00bb size=\u00a0\u00bb0&Prime; width=\u00a0\u00bb0&Prime; height=\u00a0\u00bb0&Prime; titleclr=\u00a0\u00bb#f8f8f8&Prime; iconclr=\u00a0\u00bb#f8f8f8&Prime; borderclr=\u00a0\u00bb#f8f8f8&Prime;]\n<ul>\n<li>\n<p data-path-to-node=\"16,0,0\"><strong>Croisi\u00e8re en bateau sur le Nil<\/strong> : le point fort du parc. Un trajet de mise \u00e0 l\u2019eau de trois heures jusqu\u2019\u00e0 la base des chutes pour observer la faune se rassembler au bord de l\u2019eau. <\/p>\n<\/li>\n<li>\n<p data-path-to-node=\"16,1,0\"><strong>Randonn\u00e9e jusqu\u2019au sommet des chutes<\/strong> : Une randonn\u00e9e gratifiante qui vous m\u00e8ne jusqu\u2019au bord m\u00eame des chutes, o\u00f9 l\u2019on sent le sol vibrer sous la force de l\u2019eau.<\/p>\n<\/li>\n<li>\n<p data-path-to-node=\"16,2,0\"><strong>Randonn\u00e9e de chimpanz\u00e9s dans la for\u00eat de Budongo<\/strong> : P\u00e9n\u00e9trez dans la for\u00eat d\u2019acajou pour suivre les chimpanz\u00e9s habitu\u00e9s dans leur habitat naturel.<\/p>\n<\/li>\n<li>\n<p data-path-to-node=\"16,3,0\"><strong>Safaris en montgolfi\u00e8re<\/strong> : Vivez le \u00ab Grand Gibier \u00bb depuis une vue a\u00e9rienne en planant au-dessus de la savane au lever du soleil.<\/p>\n<\/li>\n<li>\n<p data-path-to-node=\"16,4,0\"><strong>Croisi\u00e8re en bateau Delta<\/strong> : Un incontournable pour les ornithologues ! Descendez en direction du lac Albert pour chercher la cigogne \u00e0 bec pr\u00e9historique. <\/p>\n<\/li>\n<li>\n<p data-path-to-node=\"16,5,0\"><strong>Sorties :<\/strong> Explorez les traces de Buligi \u00e0 l\u2019aube ou au cr\u00e9puscule pour trouver des l\u00e9opards, des lions et des hy\u00e8nes \u00e0 la chasse.<\/p>\n<\/li>\n<\/ul>\n[\/info_list_son][\/info_list_father][\/vc_tta_section][\/vc_tta_tabs][\/vc_column][\/vc_row]\n","protected":false},"excerpt":{"rendered":"<p>[vc_row full_width=\u00a0\u00bbstretch_row\u00a0\u00bb gap=\u00a0\u00bb1&Prime;][vc_column parallax=\u00a0\u00bbcontent-moving\u00a0\u00bb parallax_image=\u00a0\u00bb7699&Prime; css=\u00a0\u00bb.vc_custom_1771310447395{padding-top: 80px !important;padding-right: 80px !important;padding-bottom: 80px !important;padding-left: 80px !important;}\u00a0\u00bb][vc_custom_heading text=\u00a0\u00bbParc national de Murchison Falls\u00a0\u00bb font_container=\u00a0\u00bbtag:h1|font_size:32|text_align:left|color:%23ffffff\u00a0\u00bb google_fonts=\u00a0\u00bbfont_family:Quicksand%3A300%2Cregular%2C700|font_style:400%20regular%3A400%3Anormal\u00a0\u00bb el_class=\u00a0\u00bbbanner-txt\u00a0\u00bb][vc_separator color=\u00a0\u00bbcustom\u00a0\u00bb align=\u00a0\u00bbalign_left\u00a0\u00bb border_width=\u00a0\u00bb2&Prime; el_width=\u00a0\u00bb20&Prime; accent_color=\u00a0\u00bb#f8f8f8&Prime;][vc_custom_heading text=\u00a0\u00bbOuganda\u00a0\u00bb font_container=\u00a0\u00bbtag:h2|font_size:18|text_align:left|color:%23ffffff\u00a0\u00bb google_fonts=\u00a0\u00bbfont_family:Quicksand%3A300%2Cregular%2C700|font_style:400%20regular%3A400%3Anormal\u00a0\u00bb el_class=\u00a0\u00bbbanner-txt\u00a0\u00bb][\/vc_column][\/vc_row][vc_row][vc_column css=\u00a0\u00bb.vc_custom_1673438873315{border-top-width: 10px !important;border-right-width: 10px !important;border-bottom-width: 10px !important;border-left-width: 10px !important;}\u00a0\u00bb][vc_tta_tabs shape=\u00a0\u00bbsquare\u00a0\u00bb color=\u00a0\u00bbjuicy-pink\u00a0\u00bb alignment=\u00a0\u00bbcenter\u00a0\u00bb active_section=\u00a0\u00bb1&Prime; no_fill_content_area=\u00a0\u00bbtrue\u00a0\u00bb][vc_tta_section title=\u00a0\u00bbAper\u00e7u\u00a0\u00bb tab_id=\u00a0\u00bb1633454673222-3d94f956-010c\u00a0\u00bb][info_list_father listclr=\u00a0\u00bb#f8f8f8&Prime;][info_list_son style=\u00a0\u00bbicon\u00a0\u00bb size=\u00a0\u00bb20&Prime; width=\u00a0\u00bb30&Prime; height=\u00a0\u00bb20&Prime; titleclr=\u00a0\u00bb#890000&Prime; icon=\u00a0\u00bbfas fa-map-marked\u00a0\u00bb [&hellip;]<\/p>\n","protected":false},"author":2,"featured_media":0,"parent":27931,"menu_order":24,"comment_status":"closed","ping_status":"closed","template":"","meta":{"_themeisle_gutenberg_block_has_review":false,"footnotes":""},"class_list":["post-44877","page","type-page","status-publish","hentry"],"_links":{"self":[{"href":"https:\/\/demo.mufasatoursandtravels.com\/fr\/wp-json\/wp\/v2\/pages\/44877","targetHints":{"allow":["GET"]}}],"collection":[{"href":"https:\/\/demo.mufasatoursandtravels.com\/fr\/wp-json\/wp\/v2\/pages"}],"about":[{"href":"https:\/\/demo.mufasatoursandtravels.com\/fr\/wp-json\/wp\/v2\/types\/page"}],"author":[{"embeddable":true,"href":"https:\/\/demo.mufasatoursandtravels.com\/fr\/wp-json\/wp\/v2\/users\/2"}],"replies":[{"embeddable":true,"href":"https:\/\/demo.mufasatoursandtravels.com\/fr\/wp-json\/wp\/v2\/comments?post=44877"}],"version-history":[{"count":3,"href":"https:\/\/demo.mufasatoursandtravels.com\/fr\/wp-json\/wp\/v2\/pages\/44877\/revisions"}],"predecessor-version":[{"id":44897,"href":"https:\/\/demo.mufasatoursandtravels.com\/fr\/wp-json\/wp\/v2\/pages\/44877\/revisions\/44897"}],"up":[{"embeddable":true,"href":"https:\/\/demo.mufasatoursandtravels.com\/fr\/wp-json\/wp\/v2\/pages\/27931"}],"wp:attachment":[{"href":"https:\/\/demo.mufasatoursandtravels.com\/fr\/wp-json\/wp\/v2\/media?parent=44877"}],"curies":[{"name":"wp","href":"https:\/\/api.w.org\/{rel}","templated":true}]}}