{"id":44926,"date":"2026-02-17T10:29:24","date_gmt":"2026-02-17T07:29:24","guid":{"rendered":"https:\/\/demo.mufasatoursandtravels.com\/destinations\/parc-national-de-la-foret-impenetrable-de-bwindi\/"},"modified":"2026-02-17T12:39:42","modified_gmt":"2026-02-17T09:39:42","slug":"parc-national-de-la-foret-impenetrable-de-bwindi","status":"publish","type":"page","link":"https:\/\/demo.mufasatoursandtravels.com\/fr\/destinations\/parc-national-de-la-foret-impenetrable-de-bwindi\/","title":{"rendered":"Parc national de la for\u00eat imp\u00e9n\u00e9trable de Bwindi"},"content":{"rendered":"[vc_row full_width=\u00a0\u00bbstretch_row\u00a0\u00bb gap=\u00a0\u00bb1&Prime;][vc_column parallax=\u00a0\u00bbcontent-moving\u00a0\u00bb parallax_image=\u00a0\u00bb7662&Prime; css=\u00a0\u00bb.vc_custom_1771310849092{padding-top: 80px !important;padding-right: 80px !important;padding-bottom: 80px !important;padding-left: 80px !important;}\u00a0\u00bb][vc_custom_heading text=\u00a0\u00bbParc national de la for\u00eat imp\u00e9n\u00e9trable de Bwindi\u00a0\u00bb font_container=\u00a0\u00bbtag:h1|font_size:32|text_align:left|color:%23ffffff\u00a0\u00bb google_fonts=\u00a0\u00bbfont_family:Quicksand%3A300%2Cregular%2C700|font_style:400%20regular%3A400%3Anormal\u00a0\u00bb el_class=\u00a0\u00bbbanner-txt\u00a0\u00bb][vc_separator color=\u00a0\u00bbcustom\u00a0\u00bb align=\u00a0\u00bbalign_left\u00a0\u00bb border_width=\u00a0\u00bb2&Prime; el_width=\u00a0\u00bb20&Prime; accent_color=\u00a0\u00bb#f8f8f8&Prime;][vc_custom_heading text=\u00a0\u00bbOuganda\u00a0\u00bb font_container=\u00a0\u00bbtag:h2|font_size:18|text_align:left|color:%23ffffff\u00a0\u00bb google_fonts=\u00a0\u00bbfont_family:Quicksand%3A300%2Cregular%2C700|font_style:400%20regular%3A400%3Anormal\u00a0\u00bb el_class=\u00a0\u00bbbanner-txt\u00a0\u00bb][\/vc_column][\/vc_row][vc_row][vc_column css=\u00a0\u00bb.vc_custom_1673438873315{border-top-width: 10px !important;border-right-width: 10px !important;border-bottom-width: 10px !important;border-left-width: 10px !important;}\u00a0\u00bb][vc_tta_tabs shape=\u00a0\u00bbsquare\u00a0\u00bb color=\u00a0\u00bbjuicy-pink\u00a0\u00bb alignment=\u00a0\u00bbcenter\u00a0\u00bb active_section=\u00a0\u00bb1&Prime; no_fill_content_area=\u00a0\u00bbtrue\u00a0\u00bb][vc_tta_section title=\u00a0\u00bbAper\u00e7u\u00a0\u00bb tab_id=\u00a0\u00bb1633454673222-3d94f956-010c\u00a0\u00bb][info_list_father listclr=\u00a0\u00bb#f8f8f8&Prime;][info_list_son style=\u00a0\u00bbicon\u00a0\u00bb size=\u00a0\u00bb20&Prime; width=\u00a0\u00bb30&Prime; height=\u00a0\u00bb20&Prime; titleclr=\u00a0\u00bb#890000&Prime; icon=\u00a0\u00bbfas fa-map-marked\u00a0\u00bb iconclr=\u00a0\u00bb#890000&Prime; iconbg=\u00a0\u00bb#f8f8f8&Prime; borderclr=\u00a0\u00bb#f8f8f8&Prime; title=\u00a0\u00bbUn ancien royaume de g\u00e9ants et de brume\u00a0\u00bb]\n<p data-path-to-node=\"5\">Au c\u0153ur du coin sud-ouest de l\u2019Ouganda se trouve un endroit o\u00f9 le temps semble s\u2019\u00eatre arr\u00eat\u00e9 pendant plus de 25 000 ans. <b>Site<\/b> du patrimoine mondial de l\u2019UNESCO, une vaste for\u00eat tropicale pr\u00e9historique drap\u00e9e sur les cr\u00eates escarp\u00e9es de la vall\u00e9e du Rift Albertin. Fid\u00e8le \u00e0 son nom, la for\u00eat est un labyrinthe dense et \u00e9meraude de foug\u00e8res g\u00e9antes, d\u2019anciens acajou et de lianes emm\u00eal\u00e9es, souvent envelopp\u00e9es d\u2019une brume matinale mystique. <\/p>\n<p data-path-to-node=\"5\">Ce n\u2019est pas qu\u2019un parc ; c\u2019est l\u2019un des \u00e9cosyst\u00e8mes les plus diversifi\u00e9s biologiquement sur Terre \u2014 une \u00eele verte qui sert de dernier bastion pour les primates les plus magnifiques du monde.<\/p>\n[\/info_list_son][info_list_son style=\u00a0\u00bbicon\u00a0\u00bb size=\u00a0\u00bb20&Prime; width=\u00a0\u00bb30&Prime; height=\u00a0\u00bb20&Prime; titleclr=\u00a0\u00bb#890000&Prime; icon=\u00a0\u00bbfas fa-route\u00a0\u00bb iconclr=\u00a0\u00bb#890000&Prime; iconbg=\u00a0\u00bb#f8f8f8&Prime; borderclr=\u00a0\u00bb#f8f8f8&Prime; title=\u00a0\u00bb\u00c0 quoi s\u2019attendre\u00a0\u00bb]Immergez-vous en parcourant des pentes raides couvertes de vignes guid\u00e9s par des gardes experts ; L\u2019air est frais et parfum\u00e9 de terre humide et d\u2019orchid\u00e9es sauvages, rempli de chants m\u00e9lodieux d\u2019oiseaux exotiques.<br \/>Attendez-vous \u00e0 l\u2019inattendu lorsque vous traversez les derniers fourr\u00e9s pour vous retrouver face \u00e0 face avec l\u2019une des nombreuses familles de Gorilles des Montagnes ; une connexion bouleversante alors que vous voyez ces g\u00e9ants doux se toiletter, jouer et vous regarder. C\u2019est une exp\u00e9rience intime, brute et qui change la vie. [\/info_list_son][info_list_son style=\u00a0\u00bbicon\u00a0\u00bb size=\u00a0\u00bb20&Prime; width=\u00a0\u00bb30&Prime; height=\u00a0\u00bb20&Prime; titleclr=\u00a0\u00bb#890000&Prime; icon=\u00a0\u00bbfar fa-check-circle\u00a0\u00bb iconclr=\u00a0\u00bb#890000&Prime; iconbg=\u00a0\u00bb#f8f8f8&Prime; borderclr=\u00a0\u00bb#f8f8f8&Prime; title=\u00a0\u00bbAper\u00e7u des saisons\u00a0\u00bb]\n<p data-path-to-node=\"8\">Bwindi est une for\u00eat tropicale, ce qui signifie que sa beaut\u00e9 est nourrie par l\u2019eau, mais l\u2019exp\u00e9rience \u00e9volue avec le ciel changeant :<\/p>\n<ul data-path-to-node=\"9\">\n<li>\n<p data-path-to-node=\"9,0,0\"><strong>La saison de l\u2019\u00e9meraude<\/strong> <b data-path-to-node=\"9,0,0\" data-index-in-node=\"0\">:<\/b> Pendant les p\u00e9riodes de fortes pr\u00e9cipitations, la for\u00eat est \u00e0 son apog\u00e9e. La v\u00e9g\u00e9tation est luxuriante, l\u2019air vif, et les sommets des montagnes sont d\u2019une clart\u00e9 spectaculaire. Bien que les sentiers de randonn\u00e9e puissent \u00eatre glissants et difficiles, la for\u00eat para\u00eet incroyablement vivante, et la avifaune est \u00e0 son apog\u00e9e.  <\/p>\n<\/li>\n<li>\n<p data-path-to-node=\"9,1,0\"><strong>La saison baign\u00e9e de soleil<\/strong> <b data-path-to-node=\"9,1,0\" data-index-in-node=\"0\">:<\/b> C\u2019est la p\u00e9riode pr\u00e9f\u00e9r\u00e9e de nombreux randonneurs. Pendant les cycles plus secs, le sol forestier est plus ferme, et la canop\u00e9e au-dessus laisse la lumi\u00e8re tachet\u00e9e \u00e9clairer les sentiers. Ces saisons rendent la mont\u00e9e raide plus facile \u00e0 g\u00e9rer et offrent les meilleures conditions pour la photographie sous le soleil dor\u00e9 africain.  <\/p>\n<\/li>\n<\/ul>\n[\/info_list_son][\/info_list_father][\/vc_tta_section][vc_tta_section title=\u00a0\u00bbH\u00e9bergement\u00a0\u00bb tab_id=\u00a0\u00bb1633455601016-f93699bc-5d92&Prime;][vc_row_inner css=\u00a0\u00bb.vc_custom_1767878786489{padding: 10px !important;}\u00a0\u00bb][vc_column_inner el_class=\u00a0\u00bbcustom-height\u00a0\u00bb offset=\u00a0\u00bbvc_hidden-md vc_hidden-sm vc_hidden-xs\u00a0\u00bb][ucaddon_uc_side_carousel_content image=\u00a0\u00bb44905&Prime; title=\u00a0\u00bbLoge Buhoma\u00a0\u00bb btn_text=\u00a0\u00bbView Accomodation\u00a0\u00bb link=\u00a0\u00bbhttps:\/\/buhoma.ugandaexclusivecamps.com\/\u00a0\u00bb uc_fonts_data=\u00a0\u00bbJTdCJTdE\u00a0\u00bb]QW4lMjBpbnRpbWF0ZSUyMGFuZCUyMGNoYXJtaW5nJTIwcHJvcGVydHklMjB0aGF0JTIwY29tbWFuZHMlMjBzcGVjdGFjdWxhciUyMGFuZCUyMHVuaW50ZXJydXB0ZWQlMjB2aWV3cyUyMG9mJTIwdGhlJTIwQndpbmRpJTIwSW1wZW5ldHJhYmxlJTIwRm9yZXN0JTIwTmF0aW9uYWwlMjBQYXJrJTJDJTIwaG9tZSUyMHRvJTIwdGhlJTIwcmFyZSUyMGFuZCUyMGVsdXNpdmUlMjBNb3VudGFpbiUyMEdvcmlsbGEuJTIwT25lJTIwb2YlMjBvbmx5JTIwdHdvJTIwbG9kZ2VzJTIwc2l0dWF0ZWQlMjB3aXRoaW4lMjB0aGUlMjBOYXRpb25hbCUyMFBhcmslMkMlMjB3aXRoaW4lMjBhJTIwc2hvcnQlMjB3YWxraW5nJTIwZGlzdGFuY2UlMjBmcm9tJTIwdGhlJTIwbWVldGluZyUyMHBvaW50JTIwZm9yJTIwZ29yaWxsYSUyMHRyYWNraW5nJTIwYW5kJTIwb3RoZXIlMjBhY3Rpdml0aWVzJTIwaW4lMjB0aGUlMjBCdWhvbWElMjBhcmVhLg==[\/ucaddon_uc_side_carousel_content][\/vc_column_inner][\/vc_row_inner][vc_row_inner css=\u00a0\u00bb.vc_custom_1767878786489{padding: 10px !important;}\u00a0\u00bb][vc_column_inner el_class=\u00a0\u00bbcustom-height\u00a0\u00bb offset=\u00a0\u00bbvc_hidden-md vc_hidden-sm vc_hidden-xs\u00a0\u00bb][ucaddon_uc_side_carousel_content image=\u00a0\u00bb44911&Prime; title=\u00a0\u00bbRuhija Gorilla Lodge\u00a0\u00bb btn_text=\u00a0\u00bbView Accomodation\u00a0\u00bb link=\u00a0\u00bbhttps:\/\/ruhijagorillalodge.com\/\u00a0\u00bb uc_fonts_data=\u00a0\u00bbJTdCJTdE\u00a0\u00bb]TmVzdGxlZCUyMGluJTIwdGhlJTIwaGVhcnQlMjBvZiUyMHRoZSUyMFJ1aGlqYSUyMHNlY3RvciUyMG9mJTIwQndpbmRpJTIwSW1wZW5ldHJhYmxlJTIwTmF0aW9uYWwlMjBQYXJrJTJDJTIwVWdhbmRhLiUyMFRoZSUyMGxvZGdlJTIwZmVhdHVyZXMlMjBlaWdodCUyMGJlYXV0aWZ1bGx5JTIwZGVzaWduZWQlMjBlbi1zdWl0ZSUyMGNvdHRhZ2VzJTJDJTIwZWFjaCUyMHN0cmF0ZWdpY2FsbHklMjBwb3NpdGlvbmVkJTIwdG8lMjBvZmZlciUyMGJyZWF0aHRha2luZyUyMHZpZXdzJTIwb2YlMjB0aGUlMjBsdXNoJTIwZm9yZXN0JTIwY2Fub3B5JTIwYW5kJTIwdGhlJTIwbWFqZXN0aWMlMjBWaXJ1bmdhJTIwTW91bnRhaW4lMjByYW5nZXMuJTIwRWFjaCUyMHJvb20lMjBpcyUyMHRob3VnaHRmdWxseSUyMGZ1cm5pc2hlZCUyMHdpdGglMjBjb21mb3J0YWJsZSUyMHR3aW4lMjBiZWRzJTJDJTIwYW4lMjBlbi1zdWl0ZSUyMGJhdGhyb29tJTIwY29tcGxldGUlMjB3aXRoJTIwYSUyMGZsdXNoJTIwdG9pbGV0JTIwYW5kJTIwYW4lMjBvdmVyaGVhZCUyMHNob3dlciUyMHByb3ZpZGluZyUyMGJvdGglMjBob3QlMjBhbmQlMjBjb2xkJTIwd2F0ZXIu[\/ucaddon_uc_side_carousel_content][\/vc_column_inner][\/vc_row_inner][vc_row_inner css=\u00a0\u00bb.vc_custom_1767878786489{padding: 10px !important;}\u00a0\u00bb][vc_column_inner el_class=\u00a0\u00bbcustom-height\u00a0\u00bb offset=\u00a0\u00bbvc_hidden-md vc_hidden-sm vc_hidden-xs\u00a0\u00bb][ucaddon_uc_side_carousel_content image=\u00a0\u00bb44917&Prime; title=\u00a0\u00bbLodge de loisirs Gorilla\u00a0\u00bb btn_text=\u00a0\u00bbView Accomodation\u00a0\u00bb link=\u00a0\u00bbhttps:\/\/gorillaleisurelodge.com\/\u00a0\u00bb uc_fonts_data=\u00a0\u00bbJTdCJTdE\u00a0\u00bb]U3RyaWtpbmclMjBhJTIwYmFsYW5jZSUyMGJldHdlZW4lMjAlMjJzYWZhcmklMjBhZHZlbnR1cmUlMjIlMjBhbmQlMjAlMjJib3V0aXF1ZSUyMHJldHJlYXQuJTIyJTIwSXQlRTIlODAlOTlzJTIwYnVpbHQlMjBpbnRvJTIwdGhlJTIwaGlsbHNpZGUlMkMlMjBvZmZlcmluZyUyMHN3ZWVwaW5nJTJDJTIwbWlzdHklMjB2aWV3cyUyMG9mJTIwdGhlJTIwYW5jaWVudCUyMGZvcmVzdCUyMGNhbm9weS4lMjBZb3UlMjBhcmVuJTI3dCUyMGp1c3QlMjBuZWFyJTIwdGhlJTIwanVuZ2xlJTNCJTIweW91JTIwYXJlJTIwZXNzZW50aWFsbHklMjBwYXJ0JTIwb2YlMjBpdC4=[\/ucaddon_uc_side_carousel_content][\/vc_column_inner][\/vc_row_inner][vc_row_inner css=\u00a0\u00bb.vc_custom_1767878786489{padding: 10px !important;}\u00a0\u00bb][vc_column_inner el_class=\u00a0\u00bbcustom-height\u00a0\u00bb offset=\u00a0\u00bbvc_hidden-lg\u00a0\u00bb][vc_headings style=\u00a0\u00bbtheme2&Prime; borderclr=\u00a0\u00bb#890000&Prime; title=\u00a0\u00bbBuhoma Lodge\u00a0\u00bb align=\u00a0\u00bbleft\u00a0\u00bb google_fonts=\u00a0\u00bbfont_family:Quicksand%3A300%2Cregular%2C700|font_style:400%20regular%3A400%3Anormal\u00a0\u00bb titleclr=\u00a0\u00bb#000000&Prime;]An intimate and charming property that commands spectacular and uninterrupted views of the Bwindi Impenetrable Forest National Park, home to the rare and elusive Mountain Gorilla. One of only two lodges situated within the National Park, within a short walking distance from the meeting point for gorilla tracking and other activities in the Buhoma area.[\/vc_headings][vc_btn title=\u00a0\u00bbVoir l\u2019h\u00e9bergement\u00a0\u00bb style=\u00a0\u00bboutline-custom\u00a0\u00bb outline_custom_color=\u00a0\u00bb#890000&Prime; outline_custom_hover_background=\u00a0\u00bb#890000&Prime; outline_custom_hover_text=\u00a0\u00bb#ffffff\u00a0\u00bb shape=\u00a0\u00bbsquare\u00a0\u00bb size=\u00a0\u00bbsm\u00a0\u00bb i_align=\u00a0\u00bbright\u00a0\u00bb i_icon_fontawesome=\u00a0\u00bbfas fa-chevron-right\u00a0\u00bb add_icon=\u00a0\u00bbtrue\u00a0\u00bb link=\u00a0\u00bburl:https%3A%2F%2Fbuhoma.ugandaexclusivecamps.com%2F|\u00a0\u00bb css=\u00a0\u00bb.vc_custom_1771313459020{padding-top: 10px !important;padding-right: 10px !important;padding-bottom: 10px !important;}\u00a0\u00bb][\/vc_column_inner][\/vc_row_inner][vc_row_inner css=\u00a0\u00bb.vc_custom_1767878786489{padding: 10px !important;}\u00a0\u00bb][vc_column_inner el_class=\u00a0\u00bbcustom-height\u00a0\u00bb offset=\u00a0\u00bbvc_hidden-lg\u00a0\u00bb][vc_headings style=\u00a0\u00bbtheme2&Prime; borderclr=\u00a0\u00bb#890000&Prime; title=\u00a0\u00bbRuhija Gorilla Lodge\u00a0\u00bb align=\u00a0\u00bbleft\u00a0\u00bb google_fonts=\u00a0\u00bbfont_family:Quicksand%3A300%2Cregular%2C700|font_style:400%20regular%3A400%3Anormal\u00a0\u00bb titleclr=\u00a0\u00bb#000000&Prime;]Nestled in the heart of the Ruhija sector of Bwindi Impenetrable National Park, Uganda. The lodge features eight beautifully designed en-suite cottages, each strategically positioned to offer breathtaking views of the lush forest canopy and the majestic Virunga Mountain ranges. Each room is thoughtfully furnished with comfortable twin beds, an en-suite bathroom complete with a flush toilet and an overhead shower providing both hot and cold water.[\/vc_headings][vc_btn title=\u00a0\u00bbVoir l\u2019h\u00e9bergement\u00a0\u00bb style=\u00a0\u00bboutline-custom\u00a0\u00bb outline_custom_color=\u00a0\u00bb#890000&Prime; outline_custom_hover_background=\u00a0\u00bb#890000&Prime; outline_custom_hover_text=\u00a0\u00bb#ffffff\u00a0\u00bb shape=\u00a0\u00bbsquare\u00a0\u00bb size=\u00a0\u00bbsm\u00a0\u00bb i_align=\u00a0\u00bbright\u00a0\u00bb i_icon_fontawesome=\u00a0\u00bbfas fa-chevron-right\u00a0\u00bb add_icon=\u00a0\u00bbtrue\u00a0\u00bb link=\u00a0\u00bburl:https%3A%2F%2Fruhijagorillalodge.com%2F|\u00a0\u00bb css=\u00a0\u00bb.vc_custom_1771313418004{padding-top: 10px !important;padding-right: 10px !important;padding-bottom: 10px !important;}\u00a0\u00bb][\/vc_column_inner][\/vc_row_inner][vc_row_inner css=\u00a0\u00bb.vc_custom_1767878786489{padding: 10px !important;}\u00a0\u00bb][vc_column_inner el_class=\u00a0\u00bbcustom-height\u00a0\u00bb offset=\u00a0\u00bbvc_hidden-lg\u00a0\u00bb][vc_headings style=\u00a0\u00bbtheme2&Prime; borderclr=\u00a0\u00bb#890000&Prime; title=\u00a0\u00bbGorilla Leisure Lodge\u00a0\u00bb align=\u00a0\u00bbleft\u00a0\u00bb google_fonts=\u00a0\u00bbfont_family:Quicksand%3A300%2Cregular%2C700|font_style:400%20regular%3A400%3Anormal\u00a0\u00bb titleclr=\u00a0\u00bb#000000&Prime;]Striking a balance between \u00ab\u00a0safari adventure\u00a0\u00bb and \u00ab\u00a0boutique retreat.\u00a0\u00bb It\u2019s built into the hillside, offering sweeping, misty views of the ancient forest canopy. You aren&rsquo;t just near the jungle; you are essentially part of it.[\/vc_headings][vc_btn title=\u00a0\u00bbVoir l\u2019h\u00e9bergement\u00a0\u00bb style=\u00a0\u00bboutline-custom\u00a0\u00bb outline_custom_color=\u00a0\u00bb#890000&Prime; outline_custom_hover_background=\u00a0\u00bb#890000&Prime; outline_custom_hover_text=\u00a0\u00bb#ffffff\u00a0\u00bb shape=\u00a0\u00bbsquare\u00a0\u00bb size=\u00a0\u00bbsm\u00a0\u00bb i_align=\u00a0\u00bbright\u00a0\u00bb i_icon_fontawesome=\u00a0\u00bbfas fa-chevron-right\u00a0\u00bb add_icon=\u00a0\u00bbtrue\u00a0\u00bb link=\u00a0\u00bburl:https%3A%2F%2Fgorillaleisurelodge.com%2F|\u00a0\u00bb css=\u00a0\u00bb.vc_custom_1771313373863{padding-top: 10px !important;padding-right: 10px !important;padding-bottom: 10px !important;}\u00a0\u00bb][\/vc_column_inner][\/vc_row_inner][vc_row_inner css=\u00a0\u00bb.vc_custom_1767878786489{padding: 10px !important;}\u00a0\u00bb][vc_column_inner el_class=\u00a0\u00bbcustom-height\u00a0\u00bb offset=\u00a0\u00bbvc_hidden-lg\u00a0\u00bb][vc_headings style=\u00a0\u00bbtheme2&Prime; borderclr=\u00a0\u00bb#890000&Prime; title=\u00a0\u00bbClouds Mountain Gorilla Lodge\u00a0\u00bb align=\u00a0\u00bbleft\u00a0\u00bb google_fonts=\u00a0\u00bbfont_family:Quicksand%3A300%2Cregular%2C700|font_style:400%20regular%3A400%3Anormal\u00a0\u00bb titleclr=\u00a0\u00bb#000000&Prime;]Perched high on a ridge, this lodge offers a heavenly experience with private stone cottages and views stretching to the Virunga Volcanoes.[\/vc_headings][vc_btn title=\u00a0\u00bbVoir l\u2019h\u00e9bergement\u00a0\u00bb style=\u00a0\u00bboutline-custom\u00a0\u00bb outline_custom_color=\u00a0\u00bb#890000&Prime; outline_custom_hover_background=\u00a0\u00bb#890000&Prime; outline_custom_hover_text=\u00a0\u00bb#ffffff\u00a0\u00bb shape=\u00a0\u00bbsquare\u00a0\u00bb size=\u00a0\u00bbsm\u00a0\u00bb i_align=\u00a0\u00bbright\u00a0\u00bb i_icon_fontawesome=\u00a0\u00bbfas fa-chevron-right\u00a0\u00bb add_icon=\u00a0\u00bbtrue\u00a0\u00bb link=\u00a0\u00bburl:https%3A%2F%2Fwildplacesafrica.com%2Fclouds-mountain-gorilla-lodge%2F|\u00a0\u00bb css=\u00a0\u00bb.vc_custom_1771313338354{padding-top: 10px !important;padding-right: 10px !important;padding-bottom: 10px !important;}\u00a0\u00bb][\/vc_column_inner][\/vc_row_inner][vc_row_inner css=\u00a0\u00bb.vc_custom_1767878786489{padding: 10px !important;}\u00a0\u00bb][vc_column_inner el_class=\u00a0\u00bbcustom-height\u00a0\u00bb offset=\u00a0\u00bbvc_hidden-lg\u00a0\u00bb][vc_headings style=\u00a0\u00bbtheme2&Prime; borderclr=\u00a0\u00bb#890000&Prime; title=\u00a0\u00bbSanctuary Gorilla forest Camp\u00a0\u00bb align=\u00a0\u00bbleft\u00a0\u00bb google_fonts=\u00a0\u00bbfont_family:Quicksand%3A300%2Cregular%2C700|font_style:400%20regular%3A400%3Anormal\u00a0\u00bb titleclr=\u00a0\u00bb#000000&Prime;]An intimate camp located inside the park boundaries, offering luxury tents and frequent visits from the gorillas themselves.[\/vc_headings][vc_btn title=\u00a0\u00bbVoir l\u2019h\u00e9bergement\u00a0\u00bb style=\u00a0\u00bboutline-custom\u00a0\u00bb outline_custom_color=\u00a0\u00bb#890000&Prime; outline_custom_hover_background=\u00a0\u00bb#890000&Prime; outline_custom_hover_text=\u00a0\u00bb#ffffff\u00a0\u00bb shape=\u00a0\u00bbsquare\u00a0\u00bb size=\u00a0\u00bbsm\u00a0\u00bb i_align=\u00a0\u00bbright\u00a0\u00bb i_icon_fontawesome=\u00a0\u00bbfas fa-chevron-right\u00a0\u00bb add_icon=\u00a0\u00bbtrue\u00a0\u00bb link=\u00a0\u00bburl:https%3A%2F%2Fwww.abercrombiekent.com%2Fstays%2Fsafari-lodges%2Fgorilla-forest-lodge|\u00a0\u00bb css=\u00a0\u00bb.vc_custom_1771313271418{padding-top: 10px !important;padding-right: 10px !important;padding-bottom: 10px !important;}\u00a0\u00bb][\/vc_column_inner][\/vc_row_inner][\/vc_tta_section][vc_tta_section title=\u00a0\u00bbActivit\u00e9s\u00a0\u00bb tab_id=\u00a0\u00bb1767601538075-7b6924d3-776e\u00a0\u00bb][info_list_father listclr=\u00a0\u00bb#f8f8f8&Prime;][info_list_son style=\u00a0\u00bbicon\u00a0\u00bb size=\u00a0\u00bb0&Prime; width=\u00a0\u00bb0&Prime; height=\u00a0\u00bb0&Prime; titleclr=\u00a0\u00bb#f8f8f8&Prime; iconclr=\u00a0\u00bb#f8f8f8&Prime; borderclr=\u00a0\u00bb#f8f8f8&Prime;]\n<p data-path-to-node=\"14\">Alors que les gorilles sont les joyaux de la couronne, Bwindi offre une multitude d\u2019activit\u00e9s pour les voyageurs curieux :<\/p>\n<ul data-path-to-node=\"15\">\n<li>\n<p data-path-to-node=\"15,0,0\"><strong>Exp\u00e9rience d\u2019habituation des gorilles<\/strong> <b data-path-to-node=\"15,0,0\" data-index-in-node=\"0\">:<\/b> Passez quatre heures \u2014 plut\u00f4t que la normale \u2014 avec une famille de gorilles, participant au fascinant processus de leur int\u00e9gration avec les humains.<\/p>\n<\/li>\n<li>\n<p data-path-to-node=\"15,1,0\"><strong>Observation des oiseaux<\/strong> <b data-path-to-node=\"15,1,0\" data-index-in-node=\"0\">:<\/b> Recherchez plus de 350 esp\u00e8ces, dont 23 end\u00e9miques du rift Albertin comme le Broadbill vert d\u2019Afrique.<\/p>\n<\/li>\n<li>\n<p data-path-to-node=\"15,2,0\"><strong>Le sentier culturel Batwa<\/strong> <b data-path-to-node=\"15,2,0\" data-index-in-node=\"0\">:<\/b> Rejoignez les \u00ab Gardiens de la For\u00eat \u00bb, les pygm\u00e9es Batwa, pour d\u00e9couvrir leur ancien mode de vie de chasseurs-cueilleurs, leur m\u00e9decine traditionnelle et leurs chansons folkloriques envo\u00fbtantes.<\/p>\n<\/li>\n<li>\n<p data-path-to-node=\"15,3,0\"><strong>Promenades en<\/strong> <b data-path-to-node=\"15,3,0\" data-index-in-node=\"0\">cascade :<\/b> Empruntez le sentier de la rivi\u00e8re Munyaga pour d\u00e9couvrir trois cascades cach\u00e9es et spectaculaires, enfouies au c\u0153ur de la jungle.<\/p>\n<\/li>\n<li>\n<p data-path-to-node=\"15,4,0\"><strong>Promenades communautaires<\/strong> <b data-path-to-node=\"15,4,0\" data-index-in-node=\"0\">dans le village :<\/b> Visitez les plantations de th\u00e9 locales, les gu\u00e9risseurs traditionnels et les centres d\u2019artisanat pour voir comment les habitants de Bwindi vivent en harmonie avec la for\u00eat.<\/p>\n<\/li>\n<\/ul>\n[\/info_list_son][\/info_list_father][\/vc_tta_section][\/vc_tta_tabs][\/vc_column][\/vc_row]\n","protected":false},"excerpt":{"rendered":"<p>[vc_row full_width=\u00a0\u00bbstretch_row\u00a0\u00bb gap=\u00a0\u00bb1&Prime;][vc_column parallax=\u00a0\u00bbcontent-moving\u00a0\u00bb parallax_image=\u00a0\u00bb7662&Prime; css=\u00a0\u00bb.vc_custom_1771310849092{padding-top: 80px !important;padding-right: 80px !important;padding-bottom: 80px !important;padding-left: 80px !important;}\u00a0\u00bb][vc_custom_heading text=\u00a0\u00bbParc national de la for\u00eat imp\u00e9n\u00e9trable de Bwindi\u00a0\u00bb font_container=\u00a0\u00bbtag:h1|font_size:32|text_align:left|color:%23ffffff\u00a0\u00bb google_fonts=\u00a0\u00bbfont_family:Quicksand%3A300%2Cregular%2C700|font_style:400%20regular%3A400%3Anormal\u00a0\u00bb el_class=\u00a0\u00bbbanner-txt\u00a0\u00bb][vc_separator color=\u00a0\u00bbcustom\u00a0\u00bb align=\u00a0\u00bbalign_left\u00a0\u00bb border_width=\u00a0\u00bb2&Prime; el_width=\u00a0\u00bb20&Prime; accent_color=\u00a0\u00bb#f8f8f8&Prime;][vc_custom_heading text=\u00a0\u00bbOuganda\u00a0\u00bb font_container=\u00a0\u00bbtag:h2|font_size:18|text_align:left|color:%23ffffff\u00a0\u00bb google_fonts=\u00a0\u00bbfont_family:Quicksand%3A300%2Cregular%2C700|font_style:400%20regular%3A400%3Anormal\u00a0\u00bb el_class=\u00a0\u00bbbanner-txt\u00a0\u00bb][\/vc_column][\/vc_row][vc_row][vc_column css=\u00a0\u00bb.vc_custom_1673438873315{border-top-width: 10px !important;border-right-width: 10px !important;border-bottom-width: 10px !important;border-left-width: 10px !important;}\u00a0\u00bb][vc_tta_tabs shape=\u00a0\u00bbsquare\u00a0\u00bb color=\u00a0\u00bbjuicy-pink\u00a0\u00bb alignment=\u00a0\u00bbcenter\u00a0\u00bb active_section=\u00a0\u00bb1&Prime; no_fill_content_area=\u00a0\u00bbtrue\u00a0\u00bb][vc_tta_section title=\u00a0\u00bbAper\u00e7u\u00a0\u00bb tab_id=\u00a0\u00bb1633454673222-3d94f956-010c\u00a0\u00bb][info_list_father listclr=\u00a0\u00bb#f8f8f8&Prime;][info_list_son style=\u00a0\u00bbicon\u00a0\u00bb size=\u00a0\u00bb20&Prime; width=\u00a0\u00bb30&Prime; height=\u00a0\u00bb20&Prime; [&hellip;]<\/p>\n","protected":false},"author":2,"featured_media":0,"parent":27931,"menu_order":25,"comment_status":"closed","ping_status":"closed","template":"","meta":{"_themeisle_gutenberg_block_has_review":false,"footnotes":""},"class_list":["post-44926","page","type-page","status-publish","hentry"],"_links":{"self":[{"href":"https:\/\/demo.mufasatoursandtravels.com\/fr\/wp-json\/wp\/v2\/pages\/44926","targetHints":{"allow":["GET"]}}],"collection":[{"href":"https:\/\/demo.mufasatoursandtravels.com\/fr\/wp-json\/wp\/v2\/pages"}],"about":[{"href":"https:\/\/demo.mufasatoursandtravels.com\/fr\/wp-json\/wp\/v2\/types\/page"}],"author":[{"embeddable":true,"href":"https:\/\/demo.mufasatoursandtravels.com\/fr\/wp-json\/wp\/v2\/users\/2"}],"replies":[{"embeddable":true,"href":"https:\/\/demo.mufasatoursandtravels.com\/fr\/wp-json\/wp\/v2\/comments?post=44926"}],"version-history":[{"count":4,"href":"https:\/\/demo.mufasatoursandtravels.com\/fr\/wp-json\/wp\/v2\/pages\/44926\/revisions"}],"predecessor-version":[{"id":45104,"href":"https:\/\/demo.mufasatoursandtravels.com\/fr\/wp-json\/wp\/v2\/pages\/44926\/revisions\/45104"}],"up":[{"embeddable":true,"href":"https:\/\/demo.mufasatoursandtravels.com\/fr\/wp-json\/wp\/v2\/pages\/27931"}],"wp:attachment":[{"href":"https:\/\/demo.mufasatoursandtravels.com\/fr\/wp-json\/wp\/v2\/media?parent=44926"}],"curies":[{"name":"wp","href":"https:\/\/api.w.org\/{rel}","templated":true}]}}