{"id":45005,"date":"2026-02-17T11:43:03","date_gmt":"2026-02-17T08:43:03","guid":{"rendered":"https:\/\/demo.mufasatoursandtravels.com\/destinations\/parc-national-de-kidepo\/"},"modified":"2026-02-17T14:35:33","modified_gmt":"2026-02-17T11:35:33","slug":"parc-national-de-kidepo","status":"publish","type":"page","link":"https:\/\/demo.mufasatoursandtravels.com\/fr\/destinations\/parc-national-de-kidepo\/","title":{"rendered":"Parc national de Kidepo"},"content":{"rendered":"[vc_row full_width=\u00a0\u00bbstretch_row\u00a0\u00bb gap=\u00a0\u00bb1&Prime;][vc_column parallax=\u00a0\u00bbcontent-moving\u00a0\u00bb parallax_image=\u00a0\u00bb44978&Prime; css=\u00a0\u00bb.vc_custom_1771316339325{padding-top: 80px !important;padding-right: 80px !important;padding-bottom: 80px !important;padding-left: 80px !important;}\u00a0\u00bb][vc_custom_heading text=\u00a0\u00bbParc national de la vall\u00e9e de Kidepo\u00a0\u00bb font_container=\u00a0\u00bbtag:h1|font_size:32|text_align:left|color:%23ffffff\u00a0\u00bb google_fonts=\u00a0\u00bbfont_family:Quicksand%3A300%2Cregular%2C700|font_style:400%20regular%3A400%3Anormal\u00a0\u00bb el_class=\u00a0\u00bbbanner-txt\u00a0\u00bb][vc_separator color=\u00a0\u00bbcustom\u00a0\u00bb align=\u00a0\u00bbalign_left\u00a0\u00bb border_width=\u00a0\u00bb2&Prime; el_width=\u00a0\u00bb20&Prime; accent_color=\u00a0\u00bb#f8f8f8&Prime;][vc_custom_heading text=\u00a0\u00bbOuganda\u00a0\u00bb font_container=\u00a0\u00bbtag:h2|font_size:18|text_align:left|color:%23ffffff\u00a0\u00bb google_fonts=\u00a0\u00bbfont_family:Quicksand%3A300%2Cregular%2C700|font_style:400%20regular%3A400%3Anormal\u00a0\u00bb el_class=\u00a0\u00bbbanner-txt\u00a0\u00bb][\/vc_column][\/vc_row][vc_row][vc_column css=\u00a0\u00bb.vc_custom_1673438873315{border-top-width: 10px !important;border-right-width: 10px !important;border-bottom-width: 10px !important;border-left-width: 10px !important;}\u00a0\u00bb][vc_tta_tabs shape=\u00a0\u00bbsquare\u00a0\u00bb color=\u00a0\u00bbjuicy-pink\u00a0\u00bb alignment=\u00a0\u00bbcenter\u00a0\u00bb active_section=\u00a0\u00bb1&Prime; no_fill_content_area=\u00a0\u00bbtrue\u00a0\u00bb][vc_tta_section title=\u00a0\u00bbAper\u00e7u\u00a0\u00bb tab_id=\u00a0\u00bb1633454673222-3d94f956-010c\u00a0\u00bb][info_list_father listclr=\u00a0\u00bb#f8f8f8&Prime;][info_list_son style=\u00a0\u00bbicon\u00a0\u00bb size=\u00a0\u00bb20&Prime; width=\u00a0\u00bb30&Prime; height=\u00a0\u00bb20&Prime; titleclr=\u00a0\u00bb#890000&Prime; icon=\u00a0\u00bbfas fa-map-marked\u00a0\u00bb iconclr=\u00a0\u00bb#890000&Prime; iconbg=\u00a0\u00bb#f8f8f8&Prime; borderclr=\u00a0\u00bb#f8f8f8&Prime; title=\u00a0\u00bbUn monde perdu de splendeur sauvage\u00a0\u00bb]\n<p data-path-to-node=\"5\">Nich\u00e9 dans l\u2019extr\u00eame nord-est de l\u2019Ouganda, pr\u00e8s des fronti\u00e8res du Soudan du Sud et du Kenya, Kidepo est souvent class\u00e9 par CNN et les experts du voyage comme le plus beau parc d\u2019Afrique. C\u2019est un pays de contraste spectaculaire : les vastes plaines dor\u00e9es de la <b data-path-to-node=\"4\" data-index-in-node=\"378\">vall\u00e9e de la Narus<\/b> sont encadr\u00e9es par les <b data-path-to-node=\"4\" data-index-in-node=\"416\">montagnes escarp\u00e9es de Morungole<\/b>, tandis que la <b data-path-to-node=\"4\" data-index-in-node=\"456\">rivi\u00e8re saisonni\u00e8re Kidepo<\/b> laisse derri\u00e8re elle un magnifique lit de sable blanc bord\u00e9 de palmiers Borassus. Ce n\u2019est pas seulement une destination ; c\u2019est une fronti\u00e8re de beaut\u00e9 brute et intacte.  <\/p>\n[\/info_list_son][info_list_son style=\u00a0\u00bbicon\u00a0\u00bb size=\u00a0\u00bb20&Prime; width=\u00a0\u00bb30&Prime; height=\u00a0\u00bb20&Prime; titleclr=\u00a0\u00bb#890000&Prime; icon=\u00a0\u00bbfas fa-route\u00a0\u00bb iconclr=\u00a0\u00bb#890000&Prime; iconbg=\u00a0\u00bb#f8f8f8&Prime; borderclr=\u00a0\u00bb#f8f8f8&Prime; title=\u00a0\u00bb\u00c0 quoi s\u2019attendre\u00a0\u00bb]\n<ul>\n<li>\n<p data-path-to-node=\"7,0,0\"><strong>Paradis des pr\u00e9dateurs<\/strong> <b data-path-to-node=\"7,0,0\" data-index-in-node=\"0\">:<\/b> Attendez-vous \u00e0 certaines des meilleures observations de lions en Afrique de l\u2019Est, avec le \u00ab Roi de la jungle \u00bb souvent aper\u00e7u allong\u00e9 sur les embl\u00e9matiques affleurements granitiques (kopjes) du parc.<\/p>\n<\/li>\n<li>\n<p data-path-to-node=\"7,1,0\"><strong>Esp\u00e8ces<\/strong> <b data-path-to-node=\"7,1,0\" data-index-in-node=\"0\">rares :<\/b> C\u2019est le seul endroit en Ouganda o\u00f9 l\u2019on peut voir le <b data-path-to-node=\"7,1,0\" data-index-in-node=\"69\">gu\u00e9pard<\/b>, l\u2019autruche incapable de voler et le renard \u00e0 oreilles de chauve-souris.<b data-path-to-node=\"7,1,0\" data-index-in-node=\"93\"><\/b><\/p>\n<\/li>\n<li>\n<p data-path-to-node=\"7,2,0\"><strong>L\u2019oasis de la vall\u00e9e de la Narus<\/strong> <b data-path-to-node=\"7,2,0\" data-index-in-node=\"0\">:<\/b> Pendant la chaleur de la journ\u00e9e, attendez-vous \u00e0 un th\u00e9\u00e2tre de faune aux sources d\u2019eau permanentes du parc, o\u00f9 girafes, z\u00e8bres et elands se rassemblent en nombre impressionnant.<\/p>\n<\/li>\n<\/ul>\n[\/info_list_son][info_list_son style=\u00a0\u00bbicon\u00a0\u00bb size=\u00a0\u00bb20&Prime; width=\u00a0\u00bb30&Prime; height=\u00a0\u00bb20&Prime; titleclr=\u00a0\u00bb#890000&Prime; icon=\u00a0\u00bbfar fa-check-circle\u00a0\u00bb iconclr=\u00a0\u00bb#890000&Prime; iconbg=\u00a0\u00bb#f8f8f8&Prime; borderclr=\u00a0\u00bb#f8f8f8&Prime; title=\u00a0\u00bbAper\u00e7u des saisons\u00a0\u00bb]\n<p data-path-to-node=\"9\">Le climat semi-aride de Kidepo cr\u00e9e deux \u00ab humeurs \u00bb distinctes pour le voyageur :<\/p>\n<ul data-path-to-node=\"10\">\n<li>\n<p data-path-to-node=\"10,0,0\"><strong>La haute saison br\u00fbl\u00e9e par le soleil<\/strong> <b data-path-to-node=\"10,0,0\" data-index-in-node=\"0\">:<\/b> Lorsque le soleil r\u00e8gne sur le ciel, le paysage se transforme en savane dor\u00e9e. C\u2019est le <b data-path-to-node=\"10,0,0\" data-index-in-node=\"110\">moment ultime pour observer la faune<\/b>, car les animaux sont forc\u00e9s de se rassembler autour des points d\u2019eau de la vall\u00e9e de la Narus. La v\u00e9g\u00e9tation fine et dess\u00e9ch\u00e9e rend les pr\u00e9dateurs comme les l\u00e9opards et les lions beaucoup plus faciles \u00e0 traquer. Le ciel est incroyablement clair, offrant des photographies de lever et de couchers de soleil de classe mondiale.   <\/p>\n<\/li>\n<li>\n<p data-path-to-node=\"10,1,0\"><strong>La saison verdoyante<\/strong> <b data-path-to-node=\"10,1,0\" data-index-in-node=\"0\">:<\/b> Lorsque les pluies arrivent, Kidepo subit une transformation miraculeuse. La terre dess\u00e9ch\u00e9e explose en un tapis vert vibrant, et l\u2019air devient frais et incroyablement frais. Alors que la faune se d\u00e9place vers les hauteurs, c\u2019est la <b data-path-to-node=\"10,1,0\" data-index-in-node=\"255\">haute saison pour les ornithologues<\/b> et ceux qui recherchent la solitude. Le paysage est \u00e0 son apog\u00e9e, avec des orages qui d\u00e9valent les montagnes au loin.   <\/p>\n<\/li>\n<\/ul>\n[\/info_list_son][\/info_list_father][\/vc_tta_section][vc_tta_section title=\u00a0\u00bbH\u00e9bergement\u00a0\u00bb tab_id=\u00a0\u00bb1633455601016-f93699bc-5d92&Prime;][vc_row_inner css=\u00a0\u00bb.vc_custom_1767878786489{padding: 10px !important;}\u00a0\u00bb][vc_column_inner el_class=\u00a0\u00bbcustom-height\u00a0\u00bb offset=\u00a0\u00bbvc_hidden-md vc_hidden-sm vc_hidden-xs\u00a0\u00bb][ucaddon_uc_side_carousel_content image=\u00a0\u00bb44984&Prime; title=\u00a0\u00bbApoka Safari Lodge\u00a0\u00bb btn_text=\u00a0\u00bbView Accomodation\u00a0\u00bb link=\u00a0\u00bbhttps:\/\/wildplacesafrica.com\/our-lodges-camps\/apoka-safari-lodge\/\u00a0\u00bb uc_fonts_data=\u00a0\u00bbJTdCJTdE\u00a0\u00bb]VGhlJTIwcGlubmFjbGUlMjBvZiUyMGx1eHVyeSUyQyUyMGJ1aWx0JTIwaW50byUyMHRoZSUyMGxhcmdlJTIwZ3Jhbml0ZSUyMGJvdWxkZXJzLiUyMEl0JTIwZmVhdHVyZXMlMjBhbiUyMGljb25pYyUyMHN0b25lJTIwYmF0aHR1YiUyMG91dHNpZGUlMjB5b3VyJTIwcm9vbSUyMGFuZCUyMGElMjBzd2ltbWluZyUyMHBvb2wlMjBjYXJ2ZWQlMjBpbnRvJTIwdGhlJTIwcm9jay4=[\/ucaddon_uc_side_carousel_content][\/vc_column_inner][\/vc_row_inner][vc_row_inner css=\u00a0\u00bb.vc_custom_1767878786489{padding: 10px !important;}\u00a0\u00bb][vc_column_inner el_class=\u00a0\u00bbcustom-height\u00a0\u00bb offset=\u00a0\u00bbvc_hidden-md vc_hidden-sm vc_hidden-xs\u00a0\u00bb][ucaddon_uc_side_carousel_content image=\u00a0\u00bb44990&Prime; title=\u00a0\u00bbPavillon Safari Zebra\u00a0\u00bb btn_text=\u00a0\u00bbView Accomodation\u00a0\u00bb link=\u00a0\u00bbhttps:\/\/www.kenturegyelodges.com\/zebra\u00a0\u00bb uc_fonts_data=\u00a0\u00bbJTdCJTdE\u00a0\u00bb]SnVzdCUyMGElMjBzdG9uZSVFMiU4MCU5OXMlMjB0aHJvdyUyMGF3YXklMjBmcm9tJTIwdGhlJTIwZmFtb3VzJTIwS2Fsb2t1ZG8lMjBHYXRlJTIwaW4lMjBLaWRlcG8lMjBWYWxsZXklMjBOYXRpb25hbCUyMFBhcmsuJTIwVGhlJTIwTG9kZ2UlMjBzaGFyZXMlMjBhJTIwYm91bmRhcnklMjBhcyUyMHdlbGwlMjBvdmVybG9va3MlMjB0aGUlMjBtYWduaWZpY2VudCUyMGFuZCUyMG9mZmVycyUyMGElMjBicmVhdGh0YWtpbmclMjB2aWV3JTIwb2YlMjB0aGUlMjBzYXZhbm5hJTIwZ3Jhc3NsYW5kcyUyMG9mJTIwS2lkZXBvJTIwVmFsbGV5JTIwTmF0aW9uYWwlMjBQYXJrJTIwJTI4S05WUCUyOSUyQyUyMEtWTlAlMjBpcyUyMGElMjB2YXN0JTIwYW5kJTIwdW5zcG9pbGVkJTIwd2lsZGVybmVzcyUyQyUyMENOTiUyMFRyYXZlbCUyMHJlY2VudGx5JTIwcmFua2VkJTIwaXQlMjBhcyUyMHRoZSUyMDNyZCUyMCUyOHRoaXJkJTI5JTIwYmVzdCUyMG5hdGlvbmFsJTIwcGFyayUyMGluJTIwQWZyaWNhJTJDJTIwd2l0aCUyMGl0JUUyJTgwJTk5cyUyMHNwZWN0YWN1bGFyJTIwbGFuZHNjYXBlcyUyQyUyMHNhdmFubmFoJTIwdmVnZXRhdGlvbiUyQyUyMHRoZSUyMGJpZyUyMDUlMjBhbmQlMjBncmVhdCUyMGJ1ZmZhbG8lMjBoZXJkcy4=[\/ucaddon_uc_side_carousel_content][\/vc_column_inner][\/vc_row_inner][vc_row_inner css=\u00a0\u00bb.vc_custom_1767878786489{padding: 10px !important;}\u00a0\u00bb][vc_column_inner el_class=\u00a0\u00bbcustom-height\u00a0\u00bb offset=\u00a0\u00bbvc_hidden-md vc_hidden-sm vc_hidden-xs\u00a0\u00bb][ucaddon_uc_side_carousel_content image=\u00a0\u00bb44996&Prime; title=\u00a0\u00bbLoge Kidepo Savannah\u00a0\u00bb btn_text=\u00a0\u00bbView Accomodation\u00a0\u00bb link=\u00a0\u00bbhttps:\/\/naturelodgesuganda.com\/kidepo-savannah-lodge\/\u00a0\u00bb uc_fonts_data=\u00a0\u00bbJTdCJTdE\u00a0\u00bb]U2l0dWF0ZWQlMjBqdXN0JTIwb3V0c2lkZSUyMHRoZSUyMHBhcmslMjBnYXRlcyUyQyUyMHRoaXMlMjBsb2RnZSUyMG9mZmVycyUyMGNvbWZvcnRhYmxlJTIwc2FmYXJpJTIwdGVudHMlMjB3aXRoJTIwdmlld3MlMjBzdHJldGNoaW5nJTIwaW50byUyMFNvdXRoJTIwU3VkYW4u[\/ucaddon_uc_side_carousel_content][\/vc_column_inner][\/vc_row_inner][vc_row_inner css=\u00a0\u00bb.vc_custom_1767878786489{padding: 10px !important;}\u00a0\u00bb][vc_column_inner el_class=\u00a0\u00bbcustom-height\u00a0\u00bb offset=\u00a0\u00bbvc_hidden-lg\u00a0\u00bb][vc_headings style=\u00a0\u00bbtheme2&Prime; borderclr=\u00a0\u00bb#890000&Prime; title=\u00a0\u00bbApoka Safari Lodge\u00a0\u00bb align=\u00a0\u00bbleft\u00a0\u00bb google_fonts=\u00a0\u00bbfont_family:Quicksand%3A300%2Cregular%2C700|font_style:400%20regular%3A400%3Anormal\u00a0\u00bb titleclr=\u00a0\u00bb#000000&Prime;]The pinnacle of luxury, built into the large granite boulders. It features an iconic stone bathtub outside your room and a swimming pool carved into the rock.[\/vc_headings][vc_btn title=\u00a0\u00bbVoir l\u2019h\u00e9bergement\u00a0\u00bb style=\u00a0\u00bboutline-custom\u00a0\u00bb outline_custom_color=\u00a0\u00bb#890000&Prime; outline_custom_hover_background=\u00a0\u00bb#890000&Prime; outline_custom_hover_text=\u00a0\u00bb#ffffff\u00a0\u00bb shape=\u00a0\u00bbsquare\u00a0\u00bb size=\u00a0\u00bbsm\u00a0\u00bb i_align=\u00a0\u00bbright\u00a0\u00bb i_icon_fontawesome=\u00a0\u00bbfas fa-chevron-right\u00a0\u00bb add_icon=\u00a0\u00bbtrue\u00a0\u00bb link=\u00a0\u00bburl:https%3A%2F%2Fwildplacesafrica.com%2Four-lodges-camps%2Fapoka-safari-lodge%2F|\u00a0\u00bb css=\u00a0\u00bb.vc_custom_1771317729333{padding-top: 10px !important;padding-right: 10px !important;padding-bottom: 10px !important;}\u00a0\u00bb][\/vc_column_inner][\/vc_row_inner][vc_row_inner css=\u00a0\u00bb.vc_custom_1767878786489{padding: 10px !important;}\u00a0\u00bb][vc_column_inner el_class=\u00a0\u00bbcustom-height\u00a0\u00bb offset=\u00a0\u00bbvc_hidden-lg\u00a0\u00bb][vc_headings style=\u00a0\u00bbtheme2&Prime; borderclr=\u00a0\u00bb#890000&Prime; title=\u00a0\u00bbZebra Safari Lodge\u00a0\u00bb align=\u00a0\u00bbleft\u00a0\u00bb google_fonts=\u00a0\u00bbfont_family:Quicksand%3A300%2Cregular%2C700|font_style:400%20regular%3A400%3Anormal\u00a0\u00bb titleclr=\u00a0\u00bb#000000&Prime;]Just a stone\u2019s throw away from the famous Kalokudo Gate in Kidepo Valley National Park. The Lodge shares a boundary as well overlooks the magnificent and offers a breathtaking view of the savanna grasslands of Kidepo Valley National Park (KNVP), KVNP is a vast and unspoiled wilderness, CNN Travel recently ranked it as the 3rd (third) best national park in Africa, with it\u2019s spectacular landscapes, savannah vegetation, the big 5 and great buffalo herds.[\/vc_headings][vc_btn title=\u00a0\u00bbVoir l\u2019h\u00e9bergement\u00a0\u00bb style=\u00a0\u00bboutline-custom\u00a0\u00bb outline_custom_color=\u00a0\u00bb#890000&Prime; outline_custom_hover_background=\u00a0\u00bb#890000&Prime; outline_custom_hover_text=\u00a0\u00bb#ffffff\u00a0\u00bb shape=\u00a0\u00bbsquare\u00a0\u00bb size=\u00a0\u00bbsm\u00a0\u00bb i_align=\u00a0\u00bbright\u00a0\u00bb i_icon_fontawesome=\u00a0\u00bbfas fa-chevron-right\u00a0\u00bb add_icon=\u00a0\u00bbtrue\u00a0\u00bb link=\u00a0\u00bburl:https%3A%2F%2Fwww.kenturegyelodges.com%2Fzebra|\u00a0\u00bb css=\u00a0\u00bb.vc_custom_1771317823095{padding-top: 10px !important;padding-right: 10px !important;padding-bottom: 10px !important;}\u00a0\u00bb][\/vc_column_inner][\/vc_row_inner][vc_row_inner css=\u00a0\u00bb.vc_custom_1767878786489{padding: 10px !important;}\u00a0\u00bb][vc_column_inner el_class=\u00a0\u00bbcustom-height\u00a0\u00bb offset=\u00a0\u00bbvc_hidden-lg\u00a0\u00bb][vc_headings style=\u00a0\u00bbtheme2&Prime; borderclr=\u00a0\u00bb#890000&Prime; title=\u00a0\u00bbKidepo Savannah Lodge\u00a0\u00bb align=\u00a0\u00bbleft\u00a0\u00bb google_fonts=\u00a0\u00bbfont_family:Quicksand%3A300%2Cregular%2C700|font_style:400%20regular%3A400%3Anormal\u00a0\u00bb titleclr=\u00a0\u00bb#000000&Prime;]Situated just outside the park gates, this lodge offers comfortable safari tents with views stretching into South Sudan.[\/vc_headings][vc_btn title=\u00a0\u00bbVoir l\u2019h\u00e9bergement\u00a0\u00bb style=\u00a0\u00bboutline-custom\u00a0\u00bb outline_custom_color=\u00a0\u00bb#890000&Prime; outline_custom_hover_background=\u00a0\u00bb#890000&Prime; outline_custom_hover_text=\u00a0\u00bb#ffffff\u00a0\u00bb shape=\u00a0\u00bbsquare\u00a0\u00bb size=\u00a0\u00bbsm\u00a0\u00bb i_align=\u00a0\u00bbright\u00a0\u00bb i_icon_fontawesome=\u00a0\u00bbfas fa-chevron-right\u00a0\u00bb add_icon=\u00a0\u00bbtrue\u00a0\u00bb link=\u00a0\u00bburl:https%3A%2F%2Fnaturelodgesuganda.com%2Fkidepo-savannah-lodge%2F|\u00a0\u00bb css=\u00a0\u00bb.vc_custom_1771317899798{padding-top: 10px !important;padding-right: 10px !important;padding-bottom: 10px !important;}\u00a0\u00bb][\/vc_column_inner][\/vc_row_inner][\/vc_tta_section][vc_tta_section title=\u00a0\u00bbActivit\u00e9s\u00a0\u00bb tab_id=\u00a0\u00bb1767601538075-7b6924d3-776e\u00a0\u00bb][info_list_father listclr=\u00a0\u00bb#f8f8f8&Prime;][info_list_son style=\u00a0\u00bbicon\u00a0\u00bb size=\u00a0\u00bb0&Prime; width=\u00a0\u00bb0&Prime; height=\u00a0\u00bb0&Prime; titleclr=\u00a0\u00bb#f8f8f8&Prime; iconclr=\u00a0\u00bb#f8f8f8&Prime; borderclr=\u00a0\u00bb#f8f8f8&Prime;]\n<p data-path-to-node=\"17\"><b data-path-to-node=\"17\" data-index-in-node=\"0\">D\u00e9couvrez la chaleur de la faille<\/b> Le lac Bogoria propose des activit\u00e9s qui stimulent tous les sens.<\/p>\n<ol start=\"1\" data-path-to-node=\"18\">\n<li>\n<p data-path-to-node=\"18,0,0\"><strong>\u00ab Faire bouillir un \u0153uf \u00bb au Geyser<\/strong> <b data-path-to-node=\"18,0,0\" data-index-in-node=\"0\">:<\/b> une tradition locale ! Achetez des \u0153ufs crus \u00e0 la porte du parc et d\u00e9posez-les dans l\u2019eau bouillante des sources. En quelques minutes seulement, ils sont parfaitement cuisin\u00e9s par l\u2019\u00e9nergie naturelle de la terre \u2014 un succ\u00e8s pour les familles et les amateurs de photographie.<\/p>\n<\/li>\n<li>\n<p data-path-to-node=\"18,1,0\"><strong>Safaris photographiques de flamants verts<\/strong> <b data-path-to-node=\"18,1,0\" data-index-in-node=\"0\">:<\/b> Marchez le long des rives plates de l\u2019ouest pour vous approcher des immenses vol\u00e9es de flamants roses. Le reflet des oiseaux roses sur l\u2019eau alcaline bleue et la roche volcanique noire est une occasion photo de classe mondiale.<\/p>\n<\/li>\n<li>\n<p data-path-to-node=\"18,2,0\"><strong>Randonn\u00e9e sur l\u2019escarpement de Siracho<\/strong> <b data-path-to-node=\"18,2,0\" data-index-in-node=\"0\">:<\/b> Pour ceux qui recherchent un d\u00e9fi, une randonn\u00e9e guid\u00e9e sur l\u2019escarpement offre une \u00ab vue d\u2019oiseau \u00bb sur l\u2019ensemble du lac et les \u00e9vents fumants en contrebas.<\/p>\n<\/li>\n<li>\n<p data-path-to-node=\"18,3,0\"><strong>Suivre le Grand<\/strong> <b data-path-to-node=\"18,3,0\" data-index-in-node=\"0\">Kudou :<\/b> Rejoignez nos guides dans les bois d\u2019acacias pour rechercher le rare Grand Kudou. Ces majestueuses antilopes aux cornes en spirale sont les habitants les plus timides du parc.<\/p>\n<\/li>\n<li>\n<p data-path-to-node=\"18,4,0\"><strong>Safaris \u00e0 v\u00e9lo<\/strong> <b data-path-to-node=\"18,4,0\" data-index-in-node=\"0\">:<\/b> Louez un v\u00e9lo et longez le bord du lac \u00e0 v\u00e9lo. Le terrain relativement plat pr\u00e8s des sources en fait un moyen id\u00e9al d\u2019observer les geysers et la faune \u00e0 son propre rythme.<\/p>\n<\/li>\n<li>\n<p data-path-to-node=\"18,5,0\"><strong>Bains th\u00e9rapeutiques au spa<\/strong> <b data-path-to-node=\"18,5,0\" data-index-in-node=\"0\">:<\/b> Passez un apr\u00e8s-midi au Spa Resort, profitant des propri\u00e9t\u00e9s m\u00e9dicinales des sources chaudes, r\u00e9put\u00e9es aider \u00e0 soulager les probl\u00e8mes de peau et \u00e0 la relaxation musculaire.<\/p>\n<\/li>\n<\/ol>\n[\/info_list_son][\/info_list_father][\/vc_tta_section][\/vc_tta_tabs][\/vc_column][\/vc_row]\n","protected":false},"excerpt":{"rendered":"<p>[vc_row full_width=\u00a0\u00bbstretch_row\u00a0\u00bb gap=\u00a0\u00bb1&Prime;][vc_column parallax=\u00a0\u00bbcontent-moving\u00a0\u00bb parallax_image=\u00a0\u00bb44978&Prime; css=\u00a0\u00bb.vc_custom_1771316339325{padding-top: 80px !important;padding-right: 80px !important;padding-bottom: 80px !important;padding-left: 80px !important;}\u00a0\u00bb][vc_custom_heading text=\u00a0\u00bbParc national de la vall\u00e9e de Kidepo\u00a0\u00bb font_container=\u00a0\u00bbtag:h1|font_size:32|text_align:left|color:%23ffffff\u00a0\u00bb google_fonts=\u00a0\u00bbfont_family:Quicksand%3A300%2Cregular%2C700|font_style:400%20regular%3A400%3Anormal\u00a0\u00bb el_class=\u00a0\u00bbbanner-txt\u00a0\u00bb][vc_separator color=\u00a0\u00bbcustom\u00a0\u00bb align=\u00a0\u00bbalign_left\u00a0\u00bb border_width=\u00a0\u00bb2&Prime; el_width=\u00a0\u00bb20&Prime; accent_color=\u00a0\u00bb#f8f8f8&Prime;][vc_custom_heading text=\u00a0\u00bbOuganda\u00a0\u00bb font_container=\u00a0\u00bbtag:h2|font_size:18|text_align:left|color:%23ffffff\u00a0\u00bb google_fonts=\u00a0\u00bbfont_family:Quicksand%3A300%2Cregular%2C700|font_style:400%20regular%3A400%3Anormal\u00a0\u00bb el_class=\u00a0\u00bbbanner-txt\u00a0\u00bb][\/vc_column][\/vc_row][vc_row][vc_column css=\u00a0\u00bb.vc_custom_1673438873315{border-top-width: 10px !important;border-right-width: 10px !important;border-bottom-width: 10px !important;border-left-width: 10px !important;}\u00a0\u00bb][vc_tta_tabs shape=\u00a0\u00bbsquare\u00a0\u00bb color=\u00a0\u00bbjuicy-pink\u00a0\u00bb alignment=\u00a0\u00bbcenter\u00a0\u00bb active_section=\u00a0\u00bb1&Prime; no_fill_content_area=\u00a0\u00bbtrue\u00a0\u00bb][vc_tta_section title=\u00a0\u00bbAper\u00e7u\u00a0\u00bb tab_id=\u00a0\u00bb1633454673222-3d94f956-010c\u00a0\u00bb][info_list_father listclr=\u00a0\u00bb#f8f8f8&Prime;][info_list_son style=\u00a0\u00bbicon\u00a0\u00bb size=\u00a0\u00bb20&Prime; width=\u00a0\u00bb30&Prime; height=\u00a0\u00bb20&Prime; titleclr=\u00a0\u00bb#890000&Prime; [&hellip;]<\/p>\n","protected":false},"author":2,"featured_media":0,"parent":27931,"menu_order":28,"comment_status":"closed","ping_status":"closed","template":"","meta":{"_themeisle_gutenberg_block_has_review":false,"footnotes":""},"class_list":["post-45005","page","type-page","status-publish","hentry"],"_links":{"self":[{"href":"https:\/\/demo.mufasatoursandtravels.com\/fr\/wp-json\/wp\/v2\/pages\/45005","targetHints":{"allow":["GET"]}}],"collection":[{"href":"https:\/\/demo.mufasatoursandtravels.com\/fr\/wp-json\/wp\/v2\/pages"}],"about":[{"href":"https:\/\/demo.mufasatoursandtravels.com\/fr\/wp-json\/wp\/v2\/types\/page"}],"author":[{"embeddable":true,"href":"https:\/\/demo.mufasatoursandtravels.com\/fr\/wp-json\/wp\/v2\/users\/2"}],"replies":[{"embeddable":true,"href":"https:\/\/demo.mufasatoursandtravels.com\/fr\/wp-json\/wp\/v2\/comments?post=45005"}],"version-history":[{"count":4,"href":"https:\/\/demo.mufasatoursandtravels.com\/fr\/wp-json\/wp\/v2\/pages\/45005\/revisions"}],"predecessor-version":[{"id":45146,"href":"https:\/\/demo.mufasatoursandtravels.com\/fr\/wp-json\/wp\/v2\/pages\/45005\/revisions\/45146"}],"up":[{"embeddable":true,"href":"https:\/\/demo.mufasatoursandtravels.com\/fr\/wp-json\/wp\/v2\/pages\/27931"}],"wp:attachment":[{"href":"https:\/\/demo.mufasatoursandtravels.com\/fr\/wp-json\/wp\/v2\/media?parent=45005"}],"curies":[{"name":"wp","href":"https:\/\/api.w.org\/{rel}","templated":true}]}}