{"id":45234,"date":"2026-02-19T10:03:46","date_gmt":"2026-02-19T07:03:46","guid":{"rendered":"https:\/\/demo.mufasatoursandtravels.com\/destinations\/parc-national-dakagera\/"},"modified":"2026-02-19T10:06:05","modified_gmt":"2026-02-19T07:06:05","slug":"parc-national-dakagera","status":"publish","type":"page","link":"https:\/\/demo.mufasatoursandtravels.com\/fr\/destinations\/parc-national-dakagera\/","title":{"rendered":"Parc national d\u2019Akagera"},"content":{"rendered":"[vc_row full_width=\u00a0\u00bbstretch_row\u00a0\u00bb gap=\u00a0\u00bb1&Prime;][vc_column parallax=\u00a0\u00bbcontent-moving\u00a0\u00bb parallax_image=\u00a0\u00bb45207&Prime; parallax_speed_bg=\u00a0\u00bb1&Prime; css=\u00a0\u00bb.vc_custom_1771483173668{padding-top: 80px !important;padding-right: 80px !important;padding-bottom: 80px !important;padding-left: 80px !important;}\u00a0\u00bb][vc_custom_heading text=\u00a0\u00bbParc national d\u2019Akagera\u00a0\u00bb font_container=\u00a0\u00bbtag:h1|font_size:32|text_align:left|color:%23ffffff\u00a0\u00bb google_fonts=\u00a0\u00bbfont_family:Quicksand%3A300%2Cregular%2C700|font_style:400%20regular%3A400%3Anormal\u00a0\u00bb el_class=\u00a0\u00bbbanner-txt\u00a0\u00bb][vc_separator color=\u00a0\u00bbcustom\u00a0\u00bb align=\u00a0\u00bbalign_left\u00a0\u00bb border_width=\u00a0\u00bb2&Prime; el_width=\u00a0\u00bb20&Prime; accent_color=\u00a0\u00bb#f8f8f8&Prime;][vc_custom_heading text=\u00a0\u00bbRwanda\u00a0\u00bb font_container=\u00a0\u00bbtag:h2|font_size:18|text_align:left|color:%23ffffff\u00a0\u00bb google_fonts=\u00a0\u00bbfont_family:Quicksand%3A300%2Cregular%2C700|font_style:400%20regular%3A400%3Anormal\u00a0\u00bb el_class=\u00a0\u00bbbanner-txt\u00a0\u00bb][\/vc_column][\/vc_row][vc_row][vc_column css=\u00a0\u00bb.vc_custom_1673438873315{border-top-width: 10px !important;border-right-width: 10px !important;border-bottom-width: 10px !important;border-left-width: 10px !important;}\u00a0\u00bb][vc_tta_tabs shape=\u00a0\u00bbsquare\u00a0\u00bb color=\u00a0\u00bbjuicy-pink\u00a0\u00bb alignment=\u00a0\u00bbcenter\u00a0\u00bb active_section=\u00a0\u00bb1&Prime; no_fill_content_area=\u00a0\u00bbtrue\u00a0\u00bb][vc_tta_section title=\u00a0\u00bbAper\u00e7u\u00a0\u00bb tab_id=\u00a0\u00bb1633454673222-3d94f956-010c\u00a0\u00bb][info_list_father listclr=\u00a0\u00bb#f8f8f8&Prime;][info_list_son style=\u00a0\u00bbicon\u00a0\u00bb size=\u00a0\u00bb20&Prime; width=\u00a0\u00bb30&Prime; height=\u00a0\u00bb20&Prime; titleclr=\u00a0\u00bb#890000&Prime; icon=\u00a0\u00bbfas fa-map-marked\u00a0\u00bb iconclr=\u00a0\u00bb#890000&Prime; iconbg=\u00a0\u00bb#f8f8f8&Prime; borderclr=\u00a0\u00bb#f8f8f8&Prime; title=\u00a0\u00bbUne Symphonie des lacs et des terres\u00a0\u00bb]Autrefois un d\u00e9sert oubli\u00e9, <b data-path-to-node=\"4\" data-index-in-node=\"29\">le parc national d\u2019Akagera<\/b> s\u2019est impos\u00e9 comme l\u2019une des r\u00e9ussites de conservation les plus inspirantes d\u2019Afrique. Situ\u00e9 dans l\u2019est du Rwanda, \u00e0 la fronti\u00e8re avec la Tanzanie, ce parc de 1 122 kilom\u00e8tres carr\u00e9s est une tapisserie \u00e0 couper le souffle de hautes terres ondulantes, de prairies dor\u00e9es et d\u2019un r\u00e9seau complexe de mar\u00e9cages en papyrus et de lacs scintillants. <\/p>\n<p>En tant que plus grande zone humide prot\u00e9g\u00e9e d\u2019Afrique centrale, Akagera offre un paysage tr\u00e8s diff\u00e9rent des for\u00eats brumeuses des gorilles \u2014 c\u2019est une savane classique et vaste o\u00f9 le soleil africain peint la terre de teintes vibrantes d\u2019ambre et d\u2019\u00e9meraude.[\/info_list_son][info_list_son style=\u00a0\u00bbicon\u00a0\u00bb size=\u00a0\u00bb20&Prime; width=\u00a0\u00bb30&Prime; height=\u00a0\u00bb20&Prime; titleclr=\u00a0\u00bb#890000&Prime; icon=\u00a0\u00bbfas fa-route\u00a0\u00bb iconclr=\u00a0\u00bb#890000&Prime; iconbg=\u00a0\u00bb#f8f8f8&Prime; borderclr=\u00a0\u00bb#f8f8f8&Prime; title=\u00a0\u00bb\u00c0 quoi s\u2019attendre\u00a0\u00bb]\n<p data-path-to-node=\"6\">Apr\u00e8s des r\u00e9introductions r\u00e9ussies, le parc accueille \u00e0 nouveau les <b data-path-to-node=\"6\" data-index-in-node=\"134\">Big Five<\/b>, ce qui en fait une destination compl\u00e8te pour les safaris.<\/p>\n<ul data-path-to-node=\"7\">\n<li>\n<p data-path-to-node=\"7,0,0\"><strong>Les G\u00e9ants<\/strong> <b data-path-to-node=\"7,0,0\" data-index-in-node=\"0\">:<\/b> Attendez-vous \u00e0 rencontrer d\u2019immenses troupeaux d\u2019\u00e9l\u00e9phants et de buffles parcourant les plaines, tandis que le secteur nord grouille de majestueuses <b data-path-to-node=\"7,0,0\" data-index-in-node=\"139\">girafes et z\u00e8bres de Rothschild<\/b>.<\/p>\n<\/li>\n<li>\n<p data-path-to-node=\"7,1,0\"><strong>Les pr\u00e9dateurs<\/strong> <b data-path-to-node=\"7,1,0\" data-index-in-node=\"0\">:<\/b> Attendez-vous au frisson de traquer des troupes de lions et du l\u00e9opard insaisissable, tous deux prosp\u00e9rant dans les habitats vari\u00e9s du parc.<\/p>\n<\/li>\n<li>\n<p data-path-to-node=\"7,2,0\"><strong>Observations de rhinoc\u00e9ros<\/strong> <b data-path-to-node=\"7,2,0\" data-index-in-node=\"0\">:<\/b> Akagera est l\u2019un des rares endroits en Afrique de l\u2019Est o\u00f9 l\u2019on peut voir \u00e0 la fois le <b data-path-to-node=\"7,2,0\" data-index-in-node=\"92\">rhinoc\u00e9ros noir et le rhinoc\u00e9ros blanc<\/b>, un v\u00e9ritable t\u00e9moignage des efforts de protection du parc.<\/p>\n<\/li>\n<li>\n<p data-path-to-node=\"7,3,0\"><strong>La vie au lac<\/strong> <b data-path-to-node=\"7,3,0\" data-index-in-node=\"0\">:<\/b> Attendez-vous \u00e0 une exp\u00e9rience aquatique sans pr\u00e9c\u00e9dent, o\u00f9 les hippopotames b\u00e2illent dans les eaux peu profondes et les crocodiles se pr\u00e9lassent sur les rives du lac Ihema.<\/p>\n<\/li>\n<\/ul>\n[\/info_list_son][info_list_son style=\u00a0\u00bbicon\u00a0\u00bb size=\u00a0\u00bb20&Prime; width=\u00a0\u00bb30&Prime; height=\u00a0\u00bb20&Prime; titleclr=\u00a0\u00bb#890000&Prime; icon=\u00a0\u00bbfar fa-check-circle\u00a0\u00bb iconclr=\u00a0\u00bb#890000&Prime; iconbg=\u00a0\u00bb#f8f8f8&Prime; borderclr=\u00a0\u00bb#f8f8f8&Prime; title=\u00a0\u00bbAper\u00e7u des saisons\u00a0\u00bb]\n<p data-path-to-node=\"9\">La beaut\u00e9 d\u2019Akagera \u00e9volue au rythme des pluies, offrant deux safaris distincts :<\/p>\n<ul data-path-to-node=\"10\">\n<li>\n<p data-path-to-node=\"10,0,0\"><strong>La saison s\u00e8che<\/strong> <b data-path-to-node=\"10,0,0\" data-index-in-node=\"0\">dor\u00e9e :<\/b> \u00c0 mesure que le paysage s\u2019ass\u00e8che, la savane s\u2019\u00e9tend en nuances dor\u00e9es sans fin. C\u2019est le <b data-path-to-node=\"10,0,0\" data-index-in-node=\"114\">moment id\u00e9al pour observer la faune<\/b>, car les animaux se rassemblent autour des lacs et des points d\u2019eau permanents. La v\u00e9g\u00e9tation qui s\u2019\u00e9claircit facilite la d\u00e9tection des pr\u00e9dateurs, et les traces fermes et poussi\u00e9reuses permettent une exploration fluide des plaines nordiques recul\u00e9es. C\u2019est la saison des \u00ab affiches \u00bb pour les levers de soleil africains clairs et les safaris intenses.   <\/p>\n<\/li>\n<li>\n<p data-path-to-node=\"10,1,0\"><strong>La saison verte vibrante<\/strong> <b data-path-to-node=\"10,1,0\" data-index-in-node=\"0\">:<\/b> Lorsque les pluies arrivent, Akagera rena\u00eet. La terre dess\u00e9ch\u00e9e explose en un paradis luxuriant d\u2019\u00e9meraude, et l\u2019air devient cristallin. C\u2019est la <b data-path-to-node=\"10,1,0\" data-index-in-node=\"173\">saison de r\u00eave pour les ornithologues et les<\/b> photographes, alors que des milliers d\u2019oiseaux migrateurs arrivent et que des faons nouveau-n\u00e9s pars\u00e8ment les plaines. Bien que l\u2019herbe soit plus haute, le paysage est le plus spectaculaire, et le parc ressemble \u00e0 un jardin priv\u00e9 et secret \u2014 parfait pour les voyageurs en qu\u00eate d\u2019intimit\u00e9 et de solitude.   <\/p>\n<\/li>\n<\/ul>\n[\/info_list_son][\/info_list_father][\/vc_tta_section][vc_tta_section title=\u00a0\u00bbH\u00e9bergement\u00a0\u00bb tab_id=\u00a0\u00bb1633455601016-f93699bc-5d92&Prime;][vc_row_inner css=\u00a0\u00bb.vc_custom_1767878786489{padding: 10px !important;}\u00a0\u00bb][vc_column_inner el_class=\u00a0\u00bbcustom-height\u00a0\u00bb offset=\u00a0\u00bbvc_hidden-md vc_hidden-sm vc_hidden-xs\u00a0\u00bb][ucaddon_uc_side_carousel_content image=\u00a0\u00bb45214&Prime; title=\u00a0\u00bbMagashi Camp\u00a0\u00bb btn_text=\u00a0\u00bbView Accomodation\u00a0\u00bb link=\u00a0\u00bbhttps:\/\/www.wildernessdestinations.com\/africa\/rwanda\/akagera-national-park\/magashi-camp?utm_source=google&amp;utm_medium=organic&amp;utm_campaign=gmb&amp;utm_content=camp_profile\u00a0\u00bb uc_init_settings=\u00a0\u00bb\u00a0\u00bb uc_fonts_data=\u00a0\u00bbJTdCJTdE\u00a0\u00bb]VGhlJTIwcGlubmFjbGUlMjBvZiUyMGx1eHVyeSUyMGluJTIwdGhlJTIwcGFyayVFMiU4MCU5OXMlMjBub3J0aGVybiUyMHNlY3RvciUyQyUyMG9mZmVyaW5nJTIwc3R1bm5pbmclMjB2aWV3cyUyMG92ZXIlMjBMYWtlJTIwUndhbnlha2F6aW5nYSUyMGFuZCUyMGFuJTIwZXhjbHVzaXZlJTJDJTIwcHJpdmF0ZS1jb25jZXNzaW9uJTIwZmVlbC4=[\/ucaddon_uc_side_carousel_content][\/vc_column_inner][\/vc_row_inner][vc_row_inner css=\u00a0\u00bb.vc_custom_1767878786489{padding: 10px !important;}\u00a0\u00bb][vc_column_inner el_class=\u00a0\u00bbcustom-height\u00a0\u00bb offset=\u00a0\u00bbvc_hidden-md vc_hidden-sm vc_hidden-xs\u00a0\u00bb][ucaddon_uc_side_carousel_content image=\u00a0\u00bb45220&Prime; title=\u00a0\u00bbLodge sous tente Ruzizi\u00a0\u00bb btn_text=\u00a0\u00bbView Accomodation\u00a0\u00bb link=\u00a0\u00bbhttps:\/\/visitakagera.org\/ruzizi-tented-lodge\/\u00a0\u00bb uc_init_settings=\u00a0\u00bb\u00a0\u00bb uc_fonts_data=\u00a0\u00bbJTdCJTdE\u00a0\u00bb]QSUyMGdvcmdlb3VzJTJDJTIwZWNvLWZyaWVuZGx5JTIwY2FtcCUyMGhpZGRlbiUyMGFtb25nJTIwdGhlJTIwcGFsbXMlMjBvbiUyMHRoZSUyMHNob3JlcyUyMG9mJTIwTGFrZSUyMEloZW1hJTJDJTIwY29ubmVjdGVkJTIwYnklMjB3b29kZW4lMjBib2FyZHdhbGtzLg==[\/ucaddon_uc_side_carousel_content][\/vc_column_inner][\/vc_row_inner][vc_row_inner css=\u00a0\u00bb.vc_custom_1767878786489{padding: 10px !important;}\u00a0\u00bb][vc_column_inner el_class=\u00a0\u00bbcustom-height\u00a0\u00bb offset=\u00a0\u00bbvc_hidden-md vc_hidden-sm vc_hidden-xs\u00a0\u00bb][ucaddon_uc_side_carousel_content image=\u00a0\u00bb45226&Prime; title=\u00a0\u00bbCamp de la brousse de Karenge\u00a0\u00bb btn_text=\u00a0\u00bbView Accomodation\u00a0\u00bb link=\u00a0\u00bbhttps:\/\/visitakagera.org\/karenge-bush-camp\/\u00a0\u00bb uc_init_settings=\u00a0\u00bb\u00a0\u00bb uc_fonts_data=\u00a0\u00bbJTdCJTdE\u00a0\u00bb]QSUyMHNlYXNvbmFsJTJDJTIwZWNvLWNvbnNjaW91cyUyMGNhbXAlMjBpbiUyMHRoZSUyMG5vcnRoJTIwdGhhdCUyMG9mZmVycyUyMGElMjByYXclMkMlMjAlMjJiYWNrLXRvLWJhc2ljcyUyMiUyMGx1eHVyeSUyMGV4cGVyaWVuY2UlMjB3aXRoJTIwYSUyMG1pbmltYWwlMjBmb290cHJpbnQu[\/ucaddon_uc_side_carousel_content][\/vc_column_inner][\/vc_row_inner][vc_row_inner css=\u00a0\u00bb.vc_custom_1767878786489{padding: 10px !important;}\u00a0\u00bb][vc_column_inner el_class=\u00a0\u00bbcustom-height\u00a0\u00bb offset=\u00a0\u00bbvc_hidden-lg\u00a0\u00bb][vc_headings style=\u00a0\u00bbtheme2&Prime; borderclr=\u00a0\u00bb#890000&Prime; title=\u00a0\u00bbMagashi Camp\u00a0\u00bb align=\u00a0\u00bbleft\u00a0\u00bb google_fonts=\u00a0\u00bbfont_family:Quicksand%3A300%2Cregular%2C700|font_style:400%20regular%3A400%3Anormal\u00a0\u00bb titleclr=\u00a0\u00bb#000000&Prime; caption_url=\u00a0\u00bb\u00a0\u00bb caption_urls=\u00a0\u00bb\u00a0\u00bb caption_urlss=\u00a0\u00bb\u00a0\u00bb caption_urldesc=\u00a0\u00bb\u00a0\u00bb]The pinnacle of luxury in the park\u2019s northern sector, offering stunning views over Lake Rwanyakazinga and an exclusive, private-concession feel.[\/vc_headings][vc_btn title=\u00a0\u00bbVoir l\u2019h\u00e9bergement\u00a0\u00bb style=\u00a0\u00bboutline-custom\u00a0\u00bb outline_custom_color=\u00a0\u00bb#890000&Prime; outline_custom_hover_background=\u00a0\u00bb#890000&Prime; outline_custom_hover_text=\u00a0\u00bb#ffffff\u00a0\u00bb shape=\u00a0\u00bbsquare\u00a0\u00bb size=\u00a0\u00bbsm\u00a0\u00bb i_align=\u00a0\u00bbright\u00a0\u00bb i_icon_fontawesome=\u00a0\u00bbfas fa-chevron-right\u00a0\u00bb add_icon=\u00a0\u00bbtrue\u00a0\u00bb link=\u00a0\u00bburl:https%3A%2F%2Fwww.wildernessdestinations.com%2Fafrica%2Frwanda%2Fakagera-national-park%2Fmagashi-camp%3Futm_source%3Dgoogle%26utm_medium%3Dorganic%26utm_campaign%3Dgmb%26utm_content%3Dcamp_profile|\u00a0\u00bb css=\u00a0\u00bb.vc_custom_1771484696454{padding-top: 10px !important;padding-right: 10px !important;padding-bottom: 10px !important;}\u00a0\u00bb][\/vc_column_inner][\/vc_row_inner][vc_row_inner css=\u00a0\u00bb.vc_custom_1767878786489{padding: 10px !important;}\u00a0\u00bb][vc_column_inner el_class=\u00a0\u00bbcustom-height\u00a0\u00bb offset=\u00a0\u00bbvc_hidden-lg\u00a0\u00bb][vc_headings style=\u00a0\u00bbtheme2&Prime; borderclr=\u00a0\u00bb#890000&Prime; title=\u00a0\u00bbRuzizi Tented Lodge\u00a0\u00bb align=\u00a0\u00bbleft\u00a0\u00bb google_fonts=\u00a0\u00bbfont_family:Quicksand%3A300%2Cregular%2C700|font_style:400%20regular%3A400%3Anormal\u00a0\u00bb titleclr=\u00a0\u00bb#000000&Prime; caption_url=\u00a0\u00bb\u00a0\u00bb caption_urls=\u00a0\u00bb\u00a0\u00bb caption_urlss=\u00a0\u00bb\u00a0\u00bb caption_urldesc=\u00a0\u00bb\u00a0\u00bb]A gorgeous, eco-friendly camp hidden among the palms on the shores of Lake Ihema, connected by wooden boardwalks[\/vc_headings][vc_btn title=\u00a0\u00bbVoir l\u2019h\u00e9bergement\u00a0\u00bb style=\u00a0\u00bboutline-custom\u00a0\u00bb outline_custom_color=\u00a0\u00bb#890000&Prime; outline_custom_hover_background=\u00a0\u00bb#890000&Prime; outline_custom_hover_text=\u00a0\u00bb#ffffff\u00a0\u00bb shape=\u00a0\u00bbsquare\u00a0\u00bb size=\u00a0\u00bbsm\u00a0\u00bb i_align=\u00a0\u00bbright\u00a0\u00bb i_icon_fontawesome=\u00a0\u00bbfas fa-chevron-right\u00a0\u00bb add_icon=\u00a0\u00bbtrue\u00a0\u00bb link=\u00a0\u00bburl:https%3A%2F%2Fvisitakagera.org%2Fruzizi-tented-lodge%2F|\u00a0\u00bb css=\u00a0\u00bb.vc_custom_1771484742686{padding-top: 10px !important;padding-right: 10px !important;padding-bottom: 10px !important;}\u00a0\u00bb][\/vc_column_inner][\/vc_row_inner][vc_row_inner css=\u00a0\u00bb.vc_custom_1767878786489{padding: 10px !important;}\u00a0\u00bb][vc_column_inner el_class=\u00a0\u00bbcustom-height\u00a0\u00bb offset=\u00a0\u00bbvc_hidden-lg\u00a0\u00bb][vc_headings style=\u00a0\u00bbtheme2&Prime; borderclr=\u00a0\u00bb#890000&Prime; title=\u00a0\u00bbKarenge Bush Camp\u00a0\u00bb align=\u00a0\u00bbleft\u00a0\u00bb google_fonts=\u00a0\u00bbfont_family:Quicksand%3A300%2Cregular%2C700|font_style:400%20regular%3A400%3Anormal\u00a0\u00bb titleclr=\u00a0\u00bb#000000&Prime; caption_url=\u00a0\u00bb\u00a0\u00bb caption_urls=\u00a0\u00bb\u00a0\u00bb caption_urlss=\u00a0\u00bb\u00a0\u00bb caption_urldesc=\u00a0\u00bb\u00a0\u00bb]A seasonal, eco-conscious camp in the north that offers a raw, \u00ab\u00a0back-to-basics\u00a0\u00bb luxury experience with a minimal footprint.[\/vc_headings][vc_btn title=\u00a0\u00bbVoir l\u2019h\u00e9bergement\u00a0\u00bb style=\u00a0\u00bboutline-custom\u00a0\u00bb outline_custom_color=\u00a0\u00bb#890000&Prime; outline_custom_hover_background=\u00a0\u00bb#890000&Prime; outline_custom_hover_text=\u00a0\u00bb#ffffff\u00a0\u00bb shape=\u00a0\u00bbsquare\u00a0\u00bb size=\u00a0\u00bbsm\u00a0\u00bb i_align=\u00a0\u00bbright\u00a0\u00bb i_icon_fontawesome=\u00a0\u00bbfas fa-chevron-right\u00a0\u00bb add_icon=\u00a0\u00bbtrue\u00a0\u00bb link=\u00a0\u00bburl:https%3A%2F%2Fvisitakagera.org%2Fkarenge-bush-camp%2F|\u00a0\u00bb css=\u00a0\u00bb.vc_custom_1771484800085{padding-top: 10px !important;padding-right: 10px !important;padding-bottom: 10px !important;}\u00a0\u00bb][\/vc_column_inner][\/vc_row_inner][\/vc_tta_section][vc_tta_section title=\u00a0\u00bbActivit\u00e9s\u00a0\u00bb tab_id=\u00a0\u00bb1767601538075-7b6924d3-776e\u00a0\u00bb][info_list_father listclr=\u00a0\u00bb#f8f8f8&Prime;][info_list_son style=\u00a0\u00bbicon\u00a0\u00bb size=\u00a0\u00bb0&Prime; width=\u00a0\u00bb0&Prime; height=\u00a0\u00bb0&Prime; titleclr=\u00a0\u00bb#f8f8f8&Prime; iconclr=\u00a0\u00bb#f8f8f8&Prime; borderclr=\u00a0\u00bb#f8f8f8&Prime; title=\u00a0\u00bbAu-del\u00e0 de la traditionnelle campagne\u00a0\u00bb]\n<p data-path-to-node=\"15\">Akagera est un terrain de jeu pour les sens, offrant des moyens uniques de se connecter \u00e0 la brousse africaine :<\/p>\n<ul data-path-to-node=\"16\">\n<li>\n<p data-path-to-node=\"16,0,0\"><strong>Safaris en bateau au lac Ihema<\/strong> <b data-path-to-node=\"16,0,0\" data-index-in-node=\"0\">:<\/b> D\u00e9rivez devant d\u2019immenses groupes d\u2019hippopotames et de crocodiles g\u00e9ants du Nil tout en observant des oiseaux aquatiques rares comme le papyrus gonolek.<\/p>\n<\/li>\n<li>\n<p data-path-to-node=\"16,1,0\"><strong>Safaris<\/strong> <b data-path-to-node=\"16,1,0\" data-index-in-node=\"0\">de nuit :<\/b> Sortez apr\u00e8s le coucher du soleil avec des projecteurs pour trouver le \u00ab quart de nuit \u00bb, incluant des l\u00e9opards \u00e0 la chasse, des hy\u00e8nes et de minuscules b\u00e9b\u00e9s des buissons.<\/p>\n<\/li>\n<li>\n<p data-path-to-node=\"16,2,0\"><strong>Balades en montgolfi\u00e8re<\/strong> <b data-path-to-node=\"16,2,0\" data-index-in-node=\"0\">:<\/b> Assistez au lever du soleil au-dessus de la savane, planant au-dessus des troupeaux d\u2019\u00e9l\u00e9phants et des voies navigables sinueuses de la rivi\u00e8re Kagera.<\/p>\n<\/li>\n<li>\n<p data-path-to-node=\"16,3,0\"><strong>Marchez la ligne<\/strong> <b data-path-to-node=\"16,3,0\" data-index-in-node=\"0\">:<\/b> Rejoignez les gardes du parc pour une randonn\u00e9e guid\u00e9e le long de la cl\u00f4ture p\u00e9riph\u00e9rique afin d\u2019en apprendre davantage sur les passionnantes actions de conservation et de lutte contre le braconnage en coulisses.<\/p>\n<\/li>\n<li>\n<p data-path-to-node=\"16,4,0\"><strong>Visites de communaut\u00e9s<\/strong> <b data-path-to-node=\"16,4,0\" data-index-in-node=\"0\">culturelles :<\/b> C\u00f4toyez les \u00e9leveurs locaux pour apprendre l\u2019art de la traite traditionnelle et la culture rwandaise profond\u00e9ment enracin\u00e9e des plaines orientales.<\/p>\n<\/li>\n<li>\n<p data-path-to-node=\"16,5,0\"><strong>P\u00eache sportive<\/strong> <b data-path-to-node=\"16,5,0\" data-index-in-node=\"0\">:<\/b> Passez un apr\u00e8s-midi paisible sur le lac Shakani, tentant votre chance avec le tilapia et le poisson-chat dans un v\u00e9ritable environnement sauvage.<\/p>\n<\/li>\n<\/ul>\n[\/info_list_son][\/info_list_father][\/vc_tta_section][\/vc_tta_tabs][\/vc_column][\/vc_row]\n","protected":false},"excerpt":{"rendered":"<p>[vc_row full_width=\u00a0\u00bbstretch_row\u00a0\u00bb gap=\u00a0\u00bb1&Prime;][vc_column parallax=\u00a0\u00bbcontent-moving\u00a0\u00bb parallax_image=\u00a0\u00bb45207&Prime; parallax_speed_bg=\u00a0\u00bb1&Prime; css=\u00a0\u00bb.vc_custom_1771483173668{padding-top: 80px !important;padding-right: 80px !important;padding-bottom: 80px !important;padding-left: 80px !important;}\u00a0\u00bb][vc_custom_heading text=\u00a0\u00bbParc national d\u2019Akagera\u00a0\u00bb font_container=\u00a0\u00bbtag:h1|font_size:32|text_align:left|color:%23ffffff\u00a0\u00bb google_fonts=\u00a0\u00bbfont_family:Quicksand%3A300%2Cregular%2C700|font_style:400%20regular%3A400%3Anormal\u00a0\u00bb el_class=\u00a0\u00bbbanner-txt\u00a0\u00bb][vc_separator color=\u00a0\u00bbcustom\u00a0\u00bb align=\u00a0\u00bbalign_left\u00a0\u00bb border_width=\u00a0\u00bb2&Prime; el_width=\u00a0\u00bb20&Prime; accent_color=\u00a0\u00bb#f8f8f8&Prime;][vc_custom_heading text=\u00a0\u00bbRwanda\u00a0\u00bb font_container=\u00a0\u00bbtag:h2|font_size:18|text_align:left|color:%23ffffff\u00a0\u00bb google_fonts=\u00a0\u00bbfont_family:Quicksand%3A300%2Cregular%2C700|font_style:400%20regular%3A400%3Anormal\u00a0\u00bb el_class=\u00a0\u00bbbanner-txt\u00a0\u00bb][\/vc_column][\/vc_row][vc_row][vc_column css=\u00a0\u00bb.vc_custom_1673438873315{border-top-width: 10px !important;border-right-width: 10px !important;border-bottom-width: 10px !important;border-left-width: 10px !important;}\u00a0\u00bb][vc_tta_tabs shape=\u00a0\u00bbsquare\u00a0\u00bb color=\u00a0\u00bbjuicy-pink\u00a0\u00bb alignment=\u00a0\u00bbcenter\u00a0\u00bb active_section=\u00a0\u00bb1&Prime; no_fill_content_area=\u00a0\u00bbtrue\u00a0\u00bb][vc_tta_section title=\u00a0\u00bbAper\u00e7u\u00a0\u00bb tab_id=\u00a0\u00bb1633454673222-3d94f956-010c\u00a0\u00bb][info_list_father listclr=\u00a0\u00bb#f8f8f8&Prime;][info_list_son style=\u00a0\u00bbicon\u00a0\u00bb size=\u00a0\u00bb20&Prime; width=\u00a0\u00bb30&Prime; height=\u00a0\u00bb20&Prime; titleclr=\u00a0\u00bb#890000&Prime; icon=\u00a0\u00bbfas fa-map-marked\u00a0\u00bb iconclr=\u00a0\u00bb#890000&Prime; [&hellip;]<\/p>\n","protected":false},"author":2,"featured_media":0,"parent":27931,"menu_order":29,"comment_status":"closed","ping_status":"closed","template":"","meta":{"_themeisle_gutenberg_block_has_review":false,"footnotes":""},"class_list":["post-45234","page","type-page","status-publish","hentry"],"_links":{"self":[{"href":"https:\/\/demo.mufasatoursandtravels.com\/fr\/wp-json\/wp\/v2\/pages\/45234","targetHints":{"allow":["GET"]}}],"collection":[{"href":"https:\/\/demo.mufasatoursandtravels.com\/fr\/wp-json\/wp\/v2\/pages"}],"about":[{"href":"https:\/\/demo.mufasatoursandtravels.com\/fr\/wp-json\/wp\/v2\/types\/page"}],"author":[{"embeddable":true,"href":"https:\/\/demo.mufasatoursandtravels.com\/fr\/wp-json\/wp\/v2\/users\/2"}],"replies":[{"embeddable":true,"href":"https:\/\/demo.mufasatoursandtravels.com\/fr\/wp-json\/wp\/v2\/comments?post=45234"}],"version-history":[{"count":1,"href":"https:\/\/demo.mufasatoursandtravels.com\/fr\/wp-json\/wp\/v2\/pages\/45234\/revisions"}],"predecessor-version":[{"id":45238,"href":"https:\/\/demo.mufasatoursandtravels.com\/fr\/wp-json\/wp\/v2\/pages\/45234\/revisions\/45238"}],"up":[{"embeddable":true,"href":"https:\/\/demo.mufasatoursandtravels.com\/fr\/wp-json\/wp\/v2\/pages\/27931"}],"wp:attachment":[{"href":"https:\/\/demo.mufasatoursandtravels.com\/fr\/wp-json\/wp\/v2\/media?parent=45234"}],"curies":[{"name":"wp","href":"https:\/\/api.w.org\/{rel}","templated":true}]}}